{"id":3634,"date":"2024-05-24T09:38:52","date_gmt":"2024-05-24T09:38:52","guid":{"rendered":"https:\/\/hyflexpack.com\/?post_type=product&#038;p=3634"},"modified":"2024-05-24T09:38:54","modified_gmt":"2024-05-24T09:38:54","slug":"custom-cookies-packaging-bag","status":"publish","type":"product","link":"https:\/\/www.hyflexpack.com\/tr\/product\/custom-cookies-packaging-bag\/","title":{"rendered":"\u00d6zel \u00c7erezler Paketleme \u00c7antas\u0131 Otomatik Al\u00fcminyum Folyo Ambalaj Malzemesi Lamine Film Rulolar\u0131"},"content":{"rendered":"<div class=\"wp-block-columns is-layout-flex wp-container-core-columns-is-layout-9d6595d7 wp-block-columns-is-layout-flex\">\n<div class=\"wp-block-column is-layout-flow wp-block-column-is-layout-flow\">\n<h3 class=\"wp-block-heading\">Features of High Quality Cookies Packaging Bag<\/h3>\n\n\n\n<ul class=\"wp-block-list\">\n<li>Automated Packaging Technology: the cookies packaging bag adopt advanced automation technology to ensure efficient and fast packaging production process, providing convenient packaging solutions for cookies.<\/li>\n<\/ul>\n\n\n\n<p><\/p>\n\n\n\n<ul class=\"wp-block-list\">\n<li>Aluminum Foil Layer for Freshness: With excellent aluminum foil layer, it effectively isolates oxygen, moisture and light, keeping the cookies&#8217; fresh taste and long-lasting quality.<\/li>\n<\/ul>\n\n\n\n<p><\/p>\n\n\n\n<ul class=\"wp-block-list\">\n<li>Superior Performance of Laminated Film: Using multi-layer lamination technology, combining the properties of different materials, it provides excellent moisture, oxidation and tear resistance, ensuring the integrity and safety of the package.<\/li>\n<\/ul>\n\n\n\n<p><\/p>\n\n\n\n<ul class=\"wp-block-list\">\n<li>Marka Konumland\u0131rma: \u00d6zel tasar\u0131m ve bask\u0131, daha fazla t\u00fcketiciyi \u00e7ekmek i\u00e7in marka imaj\u0131n\u0131 ve mesaj\u0131n\u0131 vurgulamak i\u00e7in kullan\u0131labilir.<\/li>\n<\/ul>\n\n\n\n<p><\/p>\n\n\n\n<ul class=\"wp-block-list\">\n<li>S\u00fcrd\u00fcr\u00fclebilirlik: \u00c7evre dostu \u00fcr\u00fcnlere y\u00f6nelik t\u00fcketici tercihleri do\u011frultusunda biyolojik olarak par\u00e7alanabilen malzemeler kullanmay\u0131 veya geri d\u00f6n\u00fc\u015ft\u00fcr\u00fclebilir po\u015fetler piyasaya s\u00fcrmeyi d\u00fc\u015f\u00fcn\u00fcn.<\/li>\n<\/ul>\n<\/div>\n\n\n\n<div class=\"wp-block-column is-layout-flow wp-block-column-is-layout-flow\">\n<figure class=\"wp-block-image size-full\"><img fetchpriority=\"high\" decoding=\"async\" width=\"750\" height=\"750\" src=\"https:\/\/hyflexpack.com\/wp-content\/uploads\/2024\/05\/Custom-Cookies-Packaging-Bag14.webp\" alt=\"\u00d6zel Kurabiye Paketleme \u00c7antas\u0131\" class=\"wp-image-3655\" srcset=\"https:\/\/www.hyflexpack.com\/wp-content\/uploads\/2024\/05\/Custom-Cookies-Packaging-Bag14.webp 750w, https:\/\/www.hyflexpack.com\/wp-content\/uploads\/2024\/05\/Custom-Cookies-Packaging-Bag14-300x300.webp 300w, https:\/\/www.hyflexpack.com\/wp-content\/uploads\/2024\/05\/Custom-Cookies-Packaging-Bag14-150x150.webp 150w, https:\/\/www.hyflexpack.com\/wp-content\/uploads\/2024\/05\/Custom-Cookies-Packaging-Bag14-285x285.webp 285w, https:\/\/www.hyflexpack.com\/wp-content\/uploads\/2024\/05\/Custom-Cookies-Packaging-Bag14-270x270.webp 270w, https:\/\/www.hyflexpack.com\/wp-content\/uploads\/2024\/05\/Custom-Cookies-Packaging-Bag14-540x540.webp 540w, https:\/\/www.hyflexpack.com\/wp-content\/uploads\/2024\/05\/Custom-Cookies-Packaging-Bag14-660x660.webp 660w\" sizes=\"(max-width: 750px) 100vw, 750px\" \/><\/figure>\n<\/div>\n<\/div>","protected":false},"excerpt":{"rendered":"<p>Explore our cookies packaging bag roll film, offering automated aluminum foil packaging material with laminated film technology to safeguard the fresh taste and quality of cookies. , meet customized design, quality assurance and professional technical support. Contact now for details.<\/p>\n<h3>Advantages of Cookies Packaging Bag<\/h3>\n<ul>\n<li><strong>\u00d6zel Tasar\u0131m<\/strong>: M\u00fc\u015fteri ihtiya\u00e7lar\u0131na g\u00f6re farkl\u0131 \u00f6zellikleri, boyutlar\u0131 ve 10 renge kadar bask\u0131 gereksinimlerini kar\u015f\u0131lamak i\u00e7in ki\u015fiselle\u015ftirilmi\u015f tasar\u0131m \u00e7\u00f6z\u00fcmleri sa\u011flay\u0131n, OEM ve ODM \u00f6zelle\u015ftirmesini destekleyin.<\/li>\n<li><strong>Kalite G\u00fcvence<\/strong>: \u0130stikrarl\u0131 ve g\u00fcvenilir \u00fcr\u00fcn kalitesi sa\u011flamak i\u00e7in y\u00fcksek kaliteli hammaddeler ve geli\u015fmi\u015f \u00fcretim ekipmanlar\u0131 kullanarak \u00fcretim s\u00fcrecini s\u0131k\u0131 bir \u015fekilde kontrol edin.<\/li>\n<li><strong>Profesyonel Teknik Destek<\/strong>: With experienced technical team, we provide professional technical support and after-sales service to ensure that customers&#8217; needs are promptly responded to and solved.<\/li>\n<li><strong>\u00dccretsiz \u00d6rnek<\/strong>: \u00dcr\u00fcnleri de\u011ferlendirmeniz i\u00e7in \u00fccretsiz numune hizmeti sa\u011flay\u0131n.<\/li>\n<\/ul>\n<p>Huiyang Packaging is committed to providing customers with high-quality, customized cookies packaging bag to help customers improve product image and enhance market competitiveness.<\/p>","protected":false},"featured_media":3649,"comment_status":"open","ping_status":"closed","template":"","meta":[],"product_brand":[],"product_cat":[53],"product_tag":[],"class_list":{"0":"post-3634","1":"product","2":"type-product","3":"status-publish","4":"has-post-thumbnail","6":"product_cat-packaging-film-supplier","8":"first","9":"instock","10":"shipping-taxable","11":"product-type-simple"},"_links":{"self":[{"href":"https:\/\/www.hyflexpack.com\/tr\/wp-json\/wp\/v2\/product\/3634","targetHints":{"allow":["GET"]}}],"collection":[{"href":"https:\/\/www.hyflexpack.com\/tr\/wp-json\/wp\/v2\/product"}],"about":[{"href":"https:\/\/www.hyflexpack.com\/tr\/wp-json\/wp\/v2\/types\/product"}],"replies":[{"embeddable":true,"href":"https:\/\/www.hyflexpack.com\/tr\/wp-json\/wp\/v2\/comments?post=3634"}],"wp:featuredmedia":[{"embeddable":true,"href":"https:\/\/www.hyflexpack.com\/tr\/wp-json\/wp\/v2\/media\/3649"}],"wp:attachment":[{"href":"https:\/\/www.hyflexpack.com\/tr\/wp-json\/wp\/v2\/media?parent=3634"}],"wp:term":[{"taxonomy":"product_brand","embeddable":true,"href":"https:\/\/www.hyflexpack.com\/tr\/wp-json\/wp\/v2\/product_brand?post=3634"},{"taxonomy":"product_cat","embeddable":true,"href":"https:\/\/www.hyflexpack.com\/tr\/wp-json\/wp\/v2\/product_cat?post=3634"},{"taxonomy":"product_tag","embeddable":true,"href":"https:\/\/www.hyflexpack.com\/tr\/wp-json\/wp\/v2\/product_tag?post=3634"}],"curies":[{"name":"wp","href":"https:\/\/api.w.org\/{rel}","templated":true}]}}