{"id":3605,"date":"2024-05-24T09:04:55","date_gmt":"2024-05-24T09:04:55","guid":{"rendered":"https:\/\/hyflexpack.com\/?post_type=product&#038;p=3605"},"modified":"2024-05-25T04:03:48","modified_gmt":"2024-05-25T04:03:48","slug":"custom-biscuit-packaging-bags","status":"publish","type":"product","link":"https:\/\/www.hyflexpack.com\/tr\/product\/custom-biscuit-packaging-bags\/","title":{"rendered":"\u00d6zel Plastik Bisk\u00fcvi Ambalaj Torbalar\u0131 Otomatik Paketleme Rulo Film G\u0131da Ambalaj\u0131"},"content":{"rendered":"<div class=\"wp-block-columns is-layout-flex wp-container-core-columns-is-layout-9d6595d7 wp-block-columns-is-layout-flex\">\n<div class=\"wp-block-column is-layout-flow wp-block-column-is-layout-flow\">\n<h3 class=\"wp-block-heading\">Y\u00fcksek Kaliteli Plastik Bisk\u00fcvi Ambalaj Torbalar\u0131n\u0131n \u00d6zellikleri<\/h3>\n\n\n\n<ul class=\"wp-block-list\">\n<li>Geli\u015fmi\u015f Otomatik Film Paketleme: Bisk\u00fcvi ambalaj po\u015fetlerimiz, h\u0131zl\u0131 ve verimli bir \u00fcretim i\u015f ak\u0131\u015f\u0131n\u0131 kolayla\u015ft\u0131rmak i\u00e7in en son otomasyon teknolojilerinden yararlan\u0131r.<\/li>\n<\/ul>\n\n\n\n<p><\/p>\n\n\n\n<ul class=\"wp-block-list\">\n<li>G\u0131daya Uygun Malzeme Se\u00e7imi: \u00dcr\u00fcn temizli\u011fini ve g\u00fcvenli\u011fini garanti etmek ve \u00e7erezlerle m\u00fckemmel uyumluluk sa\u011flamak i\u00e7in titiz g\u0131da g\u00fcvenli\u011fi standartlar\u0131na uygun malzemeleri titizlikle se\u00e7iyoruz.<\/li>\n<\/ul>\n\n\n\n<p><\/p>\n\n\n\n<ul class=\"wp-block-list\">\n<li>\u00dcst\u00fcn M\u00fch\u00fcr B\u00fct\u00fcnl\u00fc\u011f\u00fc: \u00dcst\u00fcn s\u0131zd\u0131rmazl\u0131k \u00f6zellikleri sunan ambalajlar\u0131m\u0131z, \u00e7erezleri d\u0131\u015f nem ve kirleticilere kar\u015f\u0131 koruyarak \u00fcr\u00fcn\u00fcn tazeli\u011fini ve raf \u00f6mr\u00fcn\u00fc uzat\u0131r.<\/li>\n<\/ul>\n\n\n\n<p><\/p>\n\n\n\n<ul class=\"wp-block-list\">\n<li>Marka Konumland\u0131rma: \u00d6zel tasar\u0131m ve bask\u0131, daha fazla t\u00fcketiciyi \u00e7ekmek i\u00e7in marka imaj\u0131n\u0131 ve mesaj\u0131n\u0131 vurgulamak i\u00e7in kullan\u0131labilir.<\/li>\n<\/ul>\n\n\n\n<p><\/p>\n\n\n\n<ul class=\"wp-block-list\">\n<li>S\u00fcrd\u00fcr\u00fclebilirlik: \u00c7evre dostu \u00fcr\u00fcnlere y\u00f6nelik t\u00fcketici tercihleri do\u011frultusunda biyolojik olarak par\u00e7alanabilen malzemeler kullanmay\u0131 veya geri d\u00f6n\u00fc\u015ft\u00fcr\u00fclebilir po\u015fetler piyasaya s\u00fcrmeyi d\u00fc\u015f\u00fcn\u00fcn.<\/li>\n<\/ul>\n<\/div>\n\n\n\n<div class=\"wp-block-column is-layout-flow wp-block-column-is-layout-flow\">\n<figure class=\"wp-block-image size-full\"><img fetchpriority=\"high\" decoding=\"async\" width=\"750\" height=\"750\" src=\"https:\/\/hyflexpack.com\/wp-content\/uploads\/2024\/05\/Custom-Biscuit-Packaging-2.webp\" alt=\"\u00d6zel Bisk\u00fcvi Ambalajlar\u0131\" class=\"wp-image-3625\" srcset=\"https:\/\/www.hyflexpack.com\/wp-content\/uploads\/2024\/05\/Custom-Biscuit-Packaging-2.webp 750w, https:\/\/www.hyflexpack.com\/wp-content\/uploads\/2024\/05\/Custom-Biscuit-Packaging-2-300x300.webp 300w, https:\/\/www.hyflexpack.com\/wp-content\/uploads\/2024\/05\/Custom-Biscuit-Packaging-2-150x150.webp 150w, https:\/\/www.hyflexpack.com\/wp-content\/uploads\/2024\/05\/Custom-Biscuit-Packaging-2-285x285.webp 285w, https:\/\/www.hyflexpack.com\/wp-content\/uploads\/2024\/05\/Custom-Biscuit-Packaging-2-270x270.webp 270w, https:\/\/www.hyflexpack.com\/wp-content\/uploads\/2024\/05\/Custom-Biscuit-Packaging-2-540x540.webp 540w, https:\/\/www.hyflexpack.com\/wp-content\/uploads\/2024\/05\/Custom-Biscuit-Packaging-2-660x660.webp 660w\" sizes=\"(max-width: 750px) 100vw, 750px\" \/><\/figure>\n<\/div>\n<\/div>","protected":false},"excerpt":{"rendered":"<p>M\u00fckemmel s\u0131zd\u0131rmazl\u0131k performans\u0131 sa\u011flamak i\u00e7in g\u0131da s\u0131n\u0131f\u0131 malzemelerden yap\u0131lm\u0131\u015f, \u00e7erezler ve di\u011fer g\u0131da \u00fcr\u00fcnleri i\u00e7in y\u00fcksek kaliteli ambalaj \u00e7\u00f6z\u00fcmleri sa\u011flayan \u00e7erez ambalaj\u0131 i\u00e7in otomatik ambalaj rulo filmi sunuyoruz. daha fazla ambalaj \u00e7\u00f6z\u00fcm\u00fc i\u00e7in bizimle ileti\u015fime ge\u00e7mekten memnuniyet duyar\u0131z!<\/p>\n<h3>Plastik Bisk\u00fcvi Ambalaj Po\u015fetlerinin Avantajlar\u0131<\/h3>\n<ul>\n<li>\u00d6zelle\u015ftirilmi\u015f Hizmet: M\u00fc\u015fterilerin ihtiya\u00e7lar\u0131na g\u00f6re farkl\u0131 \u00f6zelliklerde, \u015fekillerde ve tasar\u0131mlarda ambalaj ihtiya\u00e7lar\u0131n\u0131 kar\u015f\u0131lamak i\u00e7in ki\u015fiselle\u015ftirilmi\u015f ve \u00f6zelle\u015ftirilmi\u015f \u00e7\u00f6z\u00fcmler sunmak.<\/li>\n<li>Kalite G\u00fcvencesi: \u00dcretim s\u00fcrecini s\u0131k\u0131 bir \u015fekilde kontrol edin, istikrarl\u0131 ve g\u00fcvenilir \u00fcr\u00fcn kalitesi sa\u011flamak i\u00e7in y\u00fcksek kaliteli malzemeler ve geli\u015fmi\u015f ekipman kullan\u0131n.<\/li>\n<li>Zaman\u0131nda teslimat: M\u00fc\u015fteri sipari\u015flerinin zaman\u0131nda teslim edilmesini sa\u011flamak ve acil m\u00fc\u015fteri ihtiya\u00e7lar\u0131n\u0131 kar\u015f\u0131lamak i\u00e7in \u00fcretim s\u00fcrecini optimize edin ve \u00fcretim verimlili\u011fini art\u0131r\u0131n.<\/li>\n<li>M\u00fc\u015fteri Hizmetleri: G\u00fcn\u00fcn 24 saati h\u0131zl\u0131 yan\u0131t ve d\u00fc\u015f\u00fcnceli m\u00fc\u015fteri hizmetleri deste\u011fi sa\u011flay\u0131n.<\/li>\n<li>\u00dccretsiz \u00d6rnek: \u00dcr\u00fcnleri de\u011ferlendirmeniz i\u00e7in \u00fccretsiz numune hizmeti sa\u011flay\u0131n.<\/li>\n<\/ul>\n<p>Huiyang Packaging, m\u00fc\u015fterilerin \u00fcr\u00fcn imajlar\u0131n\u0131 ve pazar rekabet g\u00fc\u00e7lerini art\u0131rmalar\u0131na yard\u0131mc\u0131 olmak i\u00e7in m\u00fc\u015fterilere y\u00fcksek kaliteli, \u00f6zel bisk\u00fcvi ambalaj po\u015fetleri sa\u011flamay\u0131 taahh\u00fct eder. \u00fcr\u00fcnlerine olan talep.<\/p>","protected":false},"featured_media":3626,"comment_status":"open","ping_status":"closed","template":"","meta":[],"product_brand":[],"product_cat":[53],"product_tag":[],"class_list":{"0":"post-3605","1":"product","2":"type-product","3":"status-publish","4":"has-post-thumbnail","6":"product_cat-packaging-film-supplier","8":"first","9":"instock","10":"shipping-taxable","11":"product-type-simple"},"_links":{"self":[{"href":"https:\/\/www.hyflexpack.com\/tr\/wp-json\/wp\/v2\/product\/3605","targetHints":{"allow":["GET"]}}],"collection":[{"href":"https:\/\/www.hyflexpack.com\/tr\/wp-json\/wp\/v2\/product"}],"about":[{"href":"https:\/\/www.hyflexpack.com\/tr\/wp-json\/wp\/v2\/types\/product"}],"replies":[{"embeddable":true,"href":"https:\/\/www.hyflexpack.com\/tr\/wp-json\/wp\/v2\/comments?post=3605"}],"wp:featuredmedia":[{"embeddable":true,"href":"https:\/\/www.hyflexpack.com\/tr\/wp-json\/wp\/v2\/media\/3626"}],"wp:attachment":[{"href":"https:\/\/www.hyflexpack.com\/tr\/wp-json\/wp\/v2\/media?parent=3605"}],"wp:term":[{"taxonomy":"product_brand","embeddable":true,"href":"https:\/\/www.hyflexpack.com\/tr\/wp-json\/wp\/v2\/product_brand?post=3605"},{"taxonomy":"product_cat","embeddable":true,"href":"https:\/\/www.hyflexpack.com\/tr\/wp-json\/wp\/v2\/product_cat?post=3605"},{"taxonomy":"product_tag","embeddable":true,"href":"https:\/\/www.hyflexpack.com\/tr\/wp-json\/wp\/v2\/product_tag?post=3605"}],"curies":[{"name":"wp","href":"https:\/\/api.w.org\/{rel}","templated":true}]}}