{"id":3293,"date":"2024-05-22T07:49:56","date_gmt":"2024-05-22T07:49:56","guid":{"rendered":"https:\/\/hyflexpack.com\/?post_type=product&#038;p=3293"},"modified":"2024-05-22T07:49:57","modified_gmt":"2024-05-22T07:49:57","slug":"china-supply-washing-powder-pouches","status":"publish","type":"product","link":"https:\/\/www.hyflexpack.com\/tr\/product\/china-supply-washing-powder-pouches\/","title":{"rendered":"\u00c7in Tedarik \u00c7ama\u015f\u0131r Tozu Torbalar\u0131 Asma Delik Kolay G\u00f6zya\u015f\u0131 Tasar\u0131m Fermuarl\u0131 \u00c7antalar"},"content":{"rendered":"<div class=\"wp-block-columns is-layout-flex wp-container-core-columns-is-layout-9d6595d7 wp-block-columns-is-layout-flex\">\n<div class=\"wp-block-column is-layout-flow wp-block-column-is-layout-flow\">\n<h3 class=\"wp-block-heading\">Y\u00fcksek Kaliteli \u00c7ama\u015f\u0131r Tozu Torbalar\u0131n\u0131n \u00d6zellikleri<\/h3>\n\n\n\n<ul class=\"wp-block-list\">\n<li>Asma Delikli Tasar\u0131m: \u00c7ama\u015f\u0131r tozu torbalar\u0131m\u0131z, raflarda kolay te\u015fhir i\u00e7in asma delikleriyle donat\u0131lm\u0131\u015ft\u0131r ve \u00fcr\u00fcn\u00fcn g\u00f6r\u00fcn\u00fcrl\u00fc\u011f\u00fcn\u00fc ve \u00e7ekicili\u011fini art\u0131r\u0131r.<\/li>\n\n\n\n<li>Kullan\u0131\u015fl\u0131 Y\u0131rtma T\u0131rna\u011f\u0131: \u00c7ama\u015f\u0131r tozu torbalar\u0131, kullan\u0131c\u0131lar\u0131n makas veya ba\u015fka bir alet kullanmaya gerek kalmadan \u00e7ama\u015f\u0131r tozuna rahat\u00e7a eri\u015febilmeleri i\u00e7in paketi kolayca a\u00e7abilmelerini sa\u011flayan kolay y\u0131rtma t\u0131rnaklar\u0131 ile tasarlanm\u0131\u015ft\u0131r.<\/li>\n\n\n\n<li>Kendinden s\u0131zd\u0131rmaz Fermuar: \u00c7ama\u015f\u0131r deterjan\u0131n\u0131 taze ve neme dayan\u0131kl\u0131 tutmak i\u00e7in torban\u0131n birden fazla kez kapat\u0131labilmesini sa\u011flamak i\u00e7in kendinden s\u0131zd\u0131rmaz bir fermuar ile donat\u0131lm\u0131\u015ft\u0131r.<\/li>\n\n\n\n<li>Geri D\u00f6n\u00fc\u015ft\u00fcr\u00fclebilir Malzeme: \u00c7evre dostu geri d\u00f6n\u00fc\u015ft\u00fcr\u00fclebilir malzeme kullan\u0131m\u0131 \u00e7evre \u00fczerindeki y\u00fck\u00fc azalt\u0131r ve ye\u015fil konsepte uygundur.<\/li>\n\n\n\n<li>Y\u00fcksek Kaliteli Bask\u0131: markalar\u0131n pazarda \u00f6ne \u00e7\u0131kmas\u0131na yard\u0131mc\u0131 olan, birden fazla renk ve deseni destekleyen y\u00fcksek \u00e7\u00f6z\u00fcn\u00fcrl\u00fckl\u00fc \u00f6zel bask\u0131 hizmeti ile sa\u011flan\u0131r.<\/li>\n\n\n\n<li>\u00c7e\u015fitli Se\u00e7enekler: \u00c7e\u015fitli marka ve pazar ihtiya\u00e7lar\u0131n\u0131 kar\u015f\u0131lamak i\u00e7in farkl\u0131 boyutlar, \u015fekiller ve bask\u0131 tasar\u0131mlar\u0131 ile \u00f6zelle\u015ftirilmi\u015f hizmetler sunar.<\/li>\n<\/ul>\n<\/div>\n\n\n\n<div class=\"wp-block-column is-layout-flow wp-block-column-is-layout-flow\">\n<figure class=\"wp-block-image size-full\"><img fetchpriority=\"high\" decoding=\"async\" width=\"750\" height=\"750\" src=\"https:\/\/hyflexpack.com\/wp-content\/uploads\/2024\/05\/China-Supply-Washing-Powder-Pouches-1.webp\" alt=\"\u00c7in Tedarik \u00c7ama\u015f\u0131r Tozu Torbalar\u0131\" class=\"wp-image-3294\" srcset=\"https:\/\/www.hyflexpack.com\/wp-content\/uploads\/2024\/05\/China-Supply-Washing-Powder-Pouches-1.webp 750w, https:\/\/www.hyflexpack.com\/wp-content\/uploads\/2024\/05\/China-Supply-Washing-Powder-Pouches-1-300x300.webp 300w, https:\/\/www.hyflexpack.com\/wp-content\/uploads\/2024\/05\/China-Supply-Washing-Powder-Pouches-1-150x150.webp 150w, https:\/\/www.hyflexpack.com\/wp-content\/uploads\/2024\/05\/China-Supply-Washing-Powder-Pouches-1-285x285.webp 285w, https:\/\/www.hyflexpack.com\/wp-content\/uploads\/2024\/05\/China-Supply-Washing-Powder-Pouches-1-270x270.webp 270w, https:\/\/www.hyflexpack.com\/wp-content\/uploads\/2024\/05\/China-Supply-Washing-Powder-Pouches-1-540x540.webp 540w, https:\/\/www.hyflexpack.com\/wp-content\/uploads\/2024\/05\/China-Supply-Washing-Powder-Pouches-1-660x660.webp 660w\" sizes=\"(max-width: 750px) 100vw, 750px\" \/><\/figure>\n<\/div>\n<\/div>","protected":false},"excerpt":{"rendered":"<p>\u00c7ama\u015f\u0131r tozunun taze ve neme dayan\u0131kl\u0131 olmas\u0131n\u0131 sa\u011flamak i\u00e7in \u00e7evre dostu geri d\u00f6n\u00fc\u015ft\u00fcr\u00fclebilir malzemelerden yap\u0131lm\u0131\u015f, asma delikleri, kullan\u0131\u015fl\u0131 y\u0131rtma ve kendinden s\u0131zd\u0131rmaz fermuar tasar\u0131m\u0131na sahip \u00e7ama\u015f\u0131r tozu torbalar\u0131m\u0131z hakk\u0131nda daha fazla bilgi edinin. \u00d6zelle\u015ftirme se\u00e7enekleri hakk\u0131nda daha fazla bilgi edinmek i\u00e7in bug\u00fcn bize ula\u015f\u0131n.<\/p>\n<h3>\u00c7ama\u015f\u0131r Tozu Torbalar\u0131n\u0131n Avantajlar\u0131<\/h3>\n<ul>\n<li><strong>\u00d6zelle\u015ftirme<\/strong>: Profesyonel ekibimiz, markan\u0131z\u0131n ihtiya\u00e7lar\u0131na g\u00f6re \u00f6zel ambalaj \u00e7\u00f6z\u00fcmleri sunarak marka imaj\u0131n\u0131zla m\u00fckemmel bir uyum sa\u011flayabilir.<\/li>\n<li><strong>H\u0131zl\u0131 M\u00fcdahale<\/strong>: Verimli \u00fcretim s\u00fcreci ve h\u0131zl\u0131 m\u00fcdahale ekibi, tasar\u0131mdan teslimata kadar her ad\u0131m\u0131n h\u0131zl\u0131 bir \u015fekilde tamamlanmas\u0131n\u0131 sa\u011flar.<\/li>\n<li><strong>T\u00fcm S\u00fcre\u00e7 \u0130zleme<\/strong>: \u00dcr\u00fcn kalitesinin en y\u00fcksek standartlar\u0131 kar\u015f\u0131lad\u0131\u011f\u0131ndan emin olmak i\u00e7in hammadde tedarikinden bitmi\u015f \u00fcr\u00fcn teslimat\u0131na kadar her a\u015famada s\u0131k\u0131 kalite testleri yap\u0131lmaktad\u0131r.<\/li>\n<li><strong>Kaliteli M\u00fc\u015fteri Hizmetleri<\/strong>:M\u00fc\u015fterilerin marka hedeflerine ula\u015fmak i\u00e7in en uygun ambalaj \u00e7\u00f6z\u00fcmlerini se\u00e7melerine yard\u0131mc\u0131 olmak i\u00e7in profesyonel ambalaj tasar\u0131m\u0131 ve pazarlama dan\u0131\u015fmanl\u0131\u011f\u0131 hizmetleri sunmak.<\/li>\n<li><strong>\u00dccretsiz \u00d6rnek<\/strong>:\u00dcr\u00fcnlerinizi de\u011ferlendirmeniz i\u00e7in \u00fccretsiz numune hizmeti veriyoruz.<\/li>\n<\/ul>\n<p>Huiyang Packaging, m\u00fc\u015fterilerin \u00fcr\u00fcn imaj\u0131n\u0131 iyile\u015ftirmelerine ve pazar rekabet g\u00fcc\u00fcn\u00fc art\u0131rmalar\u0131na yard\u0131mc\u0131 olmak i\u00e7in m\u00fc\u015fterilere y\u00fcksek kaliteli, \u00f6zelle\u015ftirilmi\u015f \u00e7ama\u015f\u0131r tozu torbalar\u0131 sa\u011flamay\u0131 taahh\u00fct eder.<\/p>","protected":false},"featured_media":3294,"comment_status":"open","ping_status":"closed","template":"","meta":[],"product_brand":[],"product_cat":[52],"product_tag":[],"class_list":{"0":"post-3293","1":"product","2":"type-product","3":"status-publish","4":"has-post-thumbnail","6":"product_cat-custom-daily-chemical-packaging","8":"first","9":"instock","10":"shipping-taxable","11":"product-type-simple"},"_links":{"self":[{"href":"https:\/\/www.hyflexpack.com\/tr\/wp-json\/wp\/v2\/product\/3293","targetHints":{"allow":["GET"]}}],"collection":[{"href":"https:\/\/www.hyflexpack.com\/tr\/wp-json\/wp\/v2\/product"}],"about":[{"href":"https:\/\/www.hyflexpack.com\/tr\/wp-json\/wp\/v2\/types\/product"}],"replies":[{"embeddable":true,"href":"https:\/\/www.hyflexpack.com\/tr\/wp-json\/wp\/v2\/comments?post=3293"}],"wp:featuredmedia":[{"embeddable":true,"href":"https:\/\/www.hyflexpack.com\/tr\/wp-json\/wp\/v2\/media\/3294"}],"wp:attachment":[{"href":"https:\/\/www.hyflexpack.com\/tr\/wp-json\/wp\/v2\/media?parent=3293"}],"wp:term":[{"taxonomy":"product_brand","embeddable":true,"href":"https:\/\/www.hyflexpack.com\/tr\/wp-json\/wp\/v2\/product_brand?post=3293"},{"taxonomy":"product_cat","embeddable":true,"href":"https:\/\/www.hyflexpack.com\/tr\/wp-json\/wp\/v2\/product_cat?post=3293"},{"taxonomy":"product_tag","embeddable":true,"href":"https:\/\/www.hyflexpack.com\/tr\/wp-json\/wp\/v2\/product_tag?post=3293"}],"curies":[{"name":"wp","href":"https:\/\/api.w.org\/{rel}","templated":true}]}}