{"id":3119,"date":"2024-05-22T01:29:17","date_gmt":"2024-05-22T01:29:17","guid":{"rendered":"https:\/\/hyflexpack.com\/?post_type=product&#038;p=3119"},"modified":"2024-05-22T01:29:18","modified_gmt":"2024-05-22T01:29:18","slug":"custom-washing-powder-bags","status":"publish","type":"product","link":"https:\/\/www.hyflexpack.com\/tr\/product\/custom-washing-powder-bags\/","title":{"rendered":"\u00d6zel \u00c7ama\u015f\u0131r Tozu Torbalar\u0131 Fermuarl\u0131 Torbalar Ayakta Geri D\u00f6n\u00fc\u015ft\u00fcr\u00fclebilir Ambalaj"},"content":{"rendered":"<div class=\"wp-block-columns is-layout-flex wp-container-core-columns-is-layout-9d6595d7 wp-block-columns-is-layout-flex\">\n<div class=\"wp-block-column is-layout-flow wp-block-column-is-layout-flow\">\n<h3 class=\"wp-block-heading\">Y\u00fcksek Kaliteli \u00c7ama\u015f\u0131r Tozu Torbalar\u0131n\u0131n \u00d6zellikleri<\/h3>\n\n\n\n<ul class=\"wp-block-list\">\n<li>Stand-up Tasar\u0131m: \u00c7ama\u015f\u0131r tozu torbalar\u0131, sergileme ve depolama i\u00e7in uygun olan stand-up tasar\u0131mla tasarlanm\u0131\u015ft\u0131r ve \u00fcr\u00fcnlerin raflarda sergilendi\u011finde daha g\u00fczel ve sa\u011flam olmas\u0131n\u0131 sa\u011flar.<\/li>\n<\/ul>\n\n\n\n<p><\/p>\n\n\n\n<ul class=\"wp-block-list\">\n<li>Fermuarl\u0131 Torba Kapatma: Kullan\u0131\u015fl\u0131 fermuar kapatma ile donat\u0131lm\u0131\u015ft\u0131r, kullan\u0131m\u0131 kolayd\u0131r ve \u00e7ama\u015f\u0131r deterjan\u0131 torbas\u0131n\u0131n s\u0131zd\u0131rmazl\u0131\u011f\u0131n\u0131 ve tazeli\u011fini sa\u011flamak i\u00e7in bir\u00e7ok kez a\u00e7\u0131l\u0131p kapat\u0131labilir.<\/li>\n<\/ul>\n\n\n\n<p><\/p>\n\n\n\n<ul class=\"wp-block-list\">\n<li>Y\u00fcksek Kaliteli Dayan\u0131kl\u0131 Malzeme: \u0130\u00e7eri\u011fi d\u0131\u015f ortamdan korumak i\u00e7in y\u0131rt\u0131lmaya ve neme dayan\u0131kl\u0131 \u00f6zelliklere sahip y\u00fcksek mukavemetli malzemeden yap\u0131lm\u0131\u015ft\u0131r.<\/li>\n<\/ul>\n\n\n\n<p><\/p>\n\n\n\n<ul class=\"wp-block-list\">\n<li>\u00c7evresel Olarak S\u00fcrd\u00fcr\u00fclebilir: \u00c7evre dostu geri d\u00f6n\u00fc\u015ft\u00fcr\u00fclebilir malzemeler kullanarak \u00e7evre standartlar\u0131n\u0131 kar\u015f\u0131lar ve ye\u015fil \u00e7evre koruma kavram\u0131na yan\u0131t verir. Hafif tasar\u0131m, nakliye maliyetlerini ve karbon emisyonlar\u0131n\u0131 etkili bir \u015fekilde azalt\u0131r.<\/li>\n<\/ul>\n\n\n\n<p><\/p>\n\n\n\n<ul class=\"wp-block-list\">\n<li>B\u00fcy\u00fck Kapasiteli Tasar\u0131m: Ailelerin ve i\u015fletmelerin farkl\u0131 ihtiya\u00e7lar\u0131n\u0131 kar\u015f\u0131lamak i\u00e7in \u00e7e\u015fitli kapasite se\u00e7enekleri mevcuttur.<\/li>\n<\/ul>\n<\/div>\n\n\n\n<div class=\"wp-block-column is-layout-flow wp-block-column-is-layout-flow\">\n<h2 class=\"wp-block-heading\"><\/h2>\n\n\n\n<figure class=\"wp-block-image size-full\"><img fetchpriority=\"high\" decoding=\"async\" width=\"750\" height=\"750\" src=\"https:\/\/hyflexpack.com\/wp-content\/uploads\/2024\/05\/Custom-Washing-Powder-Bags-1.webp\" alt=\"\u00d6zel \u00c7ama\u015f\u0131r Tozu Torbalar\u0131\" class=\"wp-image-3280\" srcset=\"https:\/\/www.hyflexpack.com\/wp-content\/uploads\/2024\/05\/Custom-Washing-Powder-Bags-1.webp 750w, https:\/\/www.hyflexpack.com\/wp-content\/uploads\/2024\/05\/Custom-Washing-Powder-Bags-1-300x300.webp 300w, https:\/\/www.hyflexpack.com\/wp-content\/uploads\/2024\/05\/Custom-Washing-Powder-Bags-1-150x150.webp 150w, https:\/\/www.hyflexpack.com\/wp-content\/uploads\/2024\/05\/Custom-Washing-Powder-Bags-1-285x285.webp 285w, https:\/\/www.hyflexpack.com\/wp-content\/uploads\/2024\/05\/Custom-Washing-Powder-Bags-1-270x270.webp 270w, https:\/\/www.hyflexpack.com\/wp-content\/uploads\/2024\/05\/Custom-Washing-Powder-Bags-1-540x540.webp 540w, https:\/\/www.hyflexpack.com\/wp-content\/uploads\/2024\/05\/Custom-Washing-Powder-Bags-1-660x660.webp 660w\" sizes=\"(max-width: 750px) 100vw, 750px\" \/><\/figure>\n<\/div>\n<\/div>","protected":false},"excerpt":{"rendered":"<p>\u00c7ama\u015f\u0131r deterjan\u0131n\u0131 taze ve dayan\u0131kl\u0131 tutmak i\u00e7in uygun fermuarl\u0131 kapatma ile donat\u0131lm\u0131\u015f, dik tasar\u0131ml\u0131, \u00e7evre dostu geri d\u00f6n\u00fc\u015ft\u00fcr\u00fclebilir malzemelere sahip fermuarl\u0131 \u00e7ama\u015f\u0131r tozu torbalar\u0131m\u0131z hakk\u0131nda daha fazla bilgi edinin. Ki\u015fiselle\u015ftirilmi\u015f \u00f6zelle\u015ftirme hizmeti ve s\u0131k\u0131 kalite kontrol\u00fc ile markan\u0131z\u0131 \u00e7evre koruma konseptiyle birle\u015ftirmeniz i\u00e7in ideal se\u00e7im biziz.<\/p>\n<h3>Toz Torba Y\u0131kaman\u0131n Avantajlar\u0131<\/h3>\n<ul>\n<li><strong>Ki\u015fiselle\u015ftirilmi\u015f \u00d6zelle\u015ftirme<\/strong>: Markan\u0131n ki\u015fiselle\u015ftirilmi\u015f g\u00f6sterimini kar\u015f\u0131lamak i\u00e7in m\u00fc\u015fterilerin ihtiya\u00e7lar\u0131na g\u00f6re \u00e7e\u015fitli boyutlarda, \u015fekillerde ve bask\u0131 desenlerinde \u00f6zelle\u015ftirilmi\u015f hizmetler sunmak.<\/li>\n<li><strong>Profesyonel Ekip<\/strong>: Profesyonel bir ekip, m\u00fc\u015fteri ihtiya\u00e7lar\u0131na h\u0131zl\u0131 bir \u015fekilde yan\u0131t verir ve zaman\u0131nda teslimat\u0131 sa\u011flamak i\u00e7in tasar\u0131mdan \u00fcretime kadar olan s\u00fcreci verimli bir \u015fekilde tamamlar.<\/li>\n<li><strong>Kalite Kontrol<\/strong>: Her a\u015famada s\u0131k\u0131 kalite kontrol\u00fc, hepsi y\u00fcksek standartlara uygun olarak ve g\u00fcvenilir kaliteyi sa\u011flamak i\u00e7in bir dizi uluslararas\u0131 kalite sertifikas\u0131 arac\u0131l\u0131\u011f\u0131yla \u00fcr\u00fcnler.<\/li>\n<li><strong>M\u00fc\u015fteri Hizmetleri<\/strong>: M\u00fc\u015fterilerin en iyi ambalaj \u00e7\u00f6z\u00fcmlerini se\u00e7melerine yard\u0131mc\u0131 olmak i\u00e7in profesyonel \u00fcr\u00fcn ve pazar dan\u0131\u015fmanl\u0131\u011f\u0131 hizmetleri sunmak ve m\u00fc\u015fteri geri bildirimlerine ve sorular\u0131na h\u0131zl\u0131 bir \u015fekilde yan\u0131t vermek.<\/li>\n<li><strong>\u00dccretsiz \u00d6rnek<\/strong>:\u00dcr\u00fcnleri de\u011ferlendirmeniz i\u00e7in \u00fccretsiz numune hizmeti veriyoruz.<\/li>\n<\/ul>\n<p>Huiyang Packaging, m\u00fc\u015fterilerin \u00fcr\u00fcn imajlar\u0131n\u0131 iyile\u015ftirmelerine ve pazar rekabet g\u00fcc\u00fcn\u00fc art\u0131rmalar\u0131na yard\u0131mc\u0131 olmak i\u00e7in m\u00fc\u015fterilere y\u00fcksek kaliteli ve \u00f6zelle\u015ftirilmi\u015f \u00e7ama\u015f\u0131r tozu torbalar\u0131 sa\u011flamay\u0131 taahh\u00fct eder.<\/p>","protected":false},"featured_media":3284,"comment_status":"open","ping_status":"closed","template":"","meta":[],"product_brand":[],"product_cat":[52],"product_tag":[],"class_list":{"0":"post-3119","1":"product","2":"type-product","3":"status-publish","4":"has-post-thumbnail","6":"product_cat-custom-daily-chemical-packaging","8":"first","9":"instock","10":"shipping-taxable","11":"product-type-simple"},"_links":{"self":[{"href":"https:\/\/www.hyflexpack.com\/tr\/wp-json\/wp\/v2\/product\/3119","targetHints":{"allow":["GET"]}}],"collection":[{"href":"https:\/\/www.hyflexpack.com\/tr\/wp-json\/wp\/v2\/product"}],"about":[{"href":"https:\/\/www.hyflexpack.com\/tr\/wp-json\/wp\/v2\/types\/product"}],"replies":[{"embeddable":true,"href":"https:\/\/www.hyflexpack.com\/tr\/wp-json\/wp\/v2\/comments?post=3119"}],"wp:featuredmedia":[{"embeddable":true,"href":"https:\/\/www.hyflexpack.com\/tr\/wp-json\/wp\/v2\/media\/3284"}],"wp:attachment":[{"href":"https:\/\/www.hyflexpack.com\/tr\/wp-json\/wp\/v2\/media?parent=3119"}],"wp:term":[{"taxonomy":"product_brand","embeddable":true,"href":"https:\/\/www.hyflexpack.com\/tr\/wp-json\/wp\/v2\/product_brand?post=3119"},{"taxonomy":"product_cat","embeddable":true,"href":"https:\/\/www.hyflexpack.com\/tr\/wp-json\/wp\/v2\/product_cat?post=3119"},{"taxonomy":"product_tag","embeddable":true,"href":"https:\/\/www.hyflexpack.com\/tr\/wp-json\/wp\/v2\/product_tag?post=3119"}],"curies":[{"name":"wp","href":"https:\/\/api.w.org\/{rel}","templated":true}]}}