{"id":3052,"date":"2024-05-20T09:23:17","date_gmt":"2024-05-20T09:23:17","guid":{"rendered":"https:\/\/hyflexpack.com\/?post_type=product&#038;p=3052"},"modified":"2024-05-20T09:23:18","modified_gmt":"2024-05-20T09:23:18","slug":"stand-up-posetler-toptan","status":"publish","type":"product","link":"https:\/\/www.hyflexpack.com\/tr\/product\/stand-up-pouches-wholesale\/","title":{"rendered":"Biyobozunur Stand Up Torbalar Toptan \u015eampuan Torbas\u0131 S\u0131v\u0131 Ambalaj Bask\u0131l\u0131 Emzik Doldurulabilir S\u0131k\u0131\u015ft\u0131rmal\u0131 Torbalar"},"content":{"rendered":"<div class=\"wp-block-columns is-layout-flex wp-container-core-columns-is-layout-9d6595d7 wp-block-columns-is-layout-flex\">\n<div class=\"wp-block-column is-layout-flow wp-block-column-is-layout-flow\">\n<h3 class=\"wp-block-heading\">Features of High Quality Stand Up Pouches<\/h3>\n\n\n\n<ul class=\"wp-block-list\">\n<li>Environmental Certification:Our stand up pouches are made of environmentally friendly biodegradable materials to help reduce plastic waste and promote sustainability. All materials have passed strict environmental certification to ensure that they are friendly to the environment.<\/li>\n<\/ul>\n\n\n\n<p><\/p>\n\n\n\n<ul class=\"wp-block-list\">\n<li>Superior Design:Adopting the shampoo bag design ensures stability and aesthetics during display and use, while saving storage space.Each bag is equipped with a nozzle for easy pouring and removing to minimize spillage and waste.<\/li>\n<\/ul>\n\n\n\n<p><\/p>\n\n\n\n<ul class=\"wp-block-list\">\n<li>Premium Material: Using high quality plastic material ensures that the bags are durable, leak-proof, tear-proof and protects the contents. The multi-layer composite material provides superior moisture and oxygen resistance, extending product shelf life.<\/li>\n<\/ul>\n\n\n\n<p><\/p>\n\n\n\n<ul class=\"wp-block-list\">\n<li>Reusable: the stand up pouches are designed to be refillable, extending the service life and reducing user costs while minimizing resource waste.<\/li>\n<\/ul>\n<\/div>\n\n\n\n<div class=\"wp-block-column is-layout-flow wp-block-column-is-layout-flow\">\n<h2 class=\"wp-block-heading\"><\/h2>\n\n\n\n<figure class=\"wp-block-image size-full\"><img fetchpriority=\"high\" decoding=\"async\" width=\"750\" height=\"750\" src=\"https:\/\/hyflexpack.com\/wp-content\/uploads\/2024\/05\/Stand-Up-Pouches-Wholesale-3.webp\" alt=\"Stand Up Torbalar Toptan Sat\u0131\u015f\" class=\"wp-image-3055\" srcset=\"https:\/\/www.hyflexpack.com\/wp-content\/uploads\/2024\/05\/Stand-Up-Pouches-Wholesale-3.webp 750w, https:\/\/www.hyflexpack.com\/wp-content\/uploads\/2024\/05\/Stand-Up-Pouches-Wholesale-3-300x300.webp 300w, https:\/\/www.hyflexpack.com\/wp-content\/uploads\/2024\/05\/Stand-Up-Pouches-Wholesale-3-150x150.webp 150w, https:\/\/www.hyflexpack.com\/wp-content\/uploads\/2024\/05\/Stand-Up-Pouches-Wholesale-3-285x285.webp 285w, https:\/\/www.hyflexpack.com\/wp-content\/uploads\/2024\/05\/Stand-Up-Pouches-Wholesale-3-270x270.webp 270w, https:\/\/www.hyflexpack.com\/wp-content\/uploads\/2024\/05\/Stand-Up-Pouches-Wholesale-3-540x540.webp 540w, https:\/\/www.hyflexpack.com\/wp-content\/uploads\/2024\/05\/Stand-Up-Pouches-Wholesale-3-660x660.webp 660w\" sizes=\"(max-width: 750px) 100vw, 750px\" \/><\/figure>\n<\/div>\n<\/div>","protected":false},"excerpt":{"rendered":"<p>Learn about our biodegradable shampoo bag stand up pouches made from eco-friendly materials with spouts and handles that are elegantly designed, easy to use and durable. Offering personalized customization services and strict quality control, they are an ideal sourcing option to help make your brand more environmentally friendly and efficient.Welcome to consult us anytime!<\/p>\n<h3>Advantages of Stand Up Pouches<\/h3>\n<ul>\n<li><strong>\u00d6zel Tasar\u0131m<\/strong>M\u00fc\u015fterinin markala\u015fma ihtiya\u00e7lar\u0131n\u0131 kar\u015f\u0131lamak, OEM ve ODM'yi desteklemek i\u00e7in malzeme, boyut ve bask\u0131 deseni \u00f6zelle\u015ftirmesi dahil olmak \u00fczere \u00f6zelle\u015ftirilmi\u015f tasar\u0131m i\u00e7ecek paketleme \u00e7antas\u0131 hizmeti sunuyoruz.<\/li>\n<li><strong>\u00dcretim<\/strong>:Geli\u015fmi\u015f ekipman ve teknoloji ile sipari\u015f \u00fcretimini y\u00fcksek verimlilik ve y\u00fcksek kalite ile tamamlayabiliyor ve zaman\u0131nda teslim edebiliyoruz.<\/li>\n<li><strong>Kalite Kontrol<\/strong>:Strictly follow the quality standards and food safety requirements for production, through a number of international quality certification, to ensure reliable quality, so that customers can rest assured.<\/li>\n<li><strong>Quality Consulting Services<\/strong>M\u00fc\u015fterilerin en uygun ambalaj \u00e7\u00f6z\u00fcmlerini se\u00e7melerine yard\u0131mc\u0131 olmak i\u00e7in profesyonel \u00fcr\u00fcn ve pazar dan\u0131\u015fmanl\u0131\u011f\u0131 hizmetleri sunmak. M\u00fckemmel sat\u0131\u015f sonras\u0131 hizmet sistemi, m\u00fc\u015fterilerin her t\u00fcrl\u00fc sorununu ve endi\u015fesini h\u0131zla \u00e7\u00f6zer.<\/li>\n<li><strong>\u00dccretsiz \u00d6rnek<\/strong>\u00dcr\u00fcnleri de\u011ferlendirmeniz i\u00e7in \u00fccretsiz numune hizmeti sa\u011flay\u0131n.<\/li>\n<\/ul>\n<p>Huiyang Packaging is committed to providing customers with high-quality, customized stand up pouches and bags to help customers enhance their product image and market competitiveness.<\/p>","protected":false},"featured_media":3056,"comment_status":"open","ping_status":"closed","template":"","meta":[],"product_brand":[],"product_cat":[52],"product_tag":[],"class_list":{"0":"post-3052","1":"product","2":"type-product","3":"status-publish","4":"has-post-thumbnail","6":"product_cat-custom-daily-chemical-packaging","8":"first","9":"instock","10":"shipping-taxable","11":"product-type-simple"},"_links":{"self":[{"href":"https:\/\/www.hyflexpack.com\/tr\/wp-json\/wp\/v2\/product\/3052","targetHints":{"allow":["GET"]}}],"collection":[{"href":"https:\/\/www.hyflexpack.com\/tr\/wp-json\/wp\/v2\/product"}],"about":[{"href":"https:\/\/www.hyflexpack.com\/tr\/wp-json\/wp\/v2\/types\/product"}],"replies":[{"embeddable":true,"href":"https:\/\/www.hyflexpack.com\/tr\/wp-json\/wp\/v2\/comments?post=3052"}],"wp:featuredmedia":[{"embeddable":true,"href":"https:\/\/www.hyflexpack.com\/tr\/wp-json\/wp\/v2\/media\/3056"}],"wp:attachment":[{"href":"https:\/\/www.hyflexpack.com\/tr\/wp-json\/wp\/v2\/media?parent=3052"}],"wp:term":[{"taxonomy":"product_brand","embeddable":true,"href":"https:\/\/www.hyflexpack.com\/tr\/wp-json\/wp\/v2\/product_brand?post=3052"},{"taxonomy":"product_cat","embeddable":true,"href":"https:\/\/www.hyflexpack.com\/tr\/wp-json\/wp\/v2\/product_cat?post=3052"},{"taxonomy":"product_tag","embeddable":true,"href":"https:\/\/www.hyflexpack.com\/tr\/wp-json\/wp\/v2\/product_tag?post=3052"}],"curies":[{"name":"wp","href":"https:\/\/api.w.org\/{rel}","templated":true}]}}