{"id":3045,"date":"2024-05-20T08:06:25","date_gmt":"2024-05-20T08:06:25","guid":{"rendered":"https:\/\/hyflexpack.com\/?post_type=product&#038;p=3045"},"modified":"2024-05-20T08:06:27","modified_gmt":"2024-05-20T08:06:27","slug":"custom-stand-up-pouch-with-spout","status":"publish","type":"product","link":"https:\/\/www.hyflexpack.com\/tr\/product\/custom-stand-up-pouch-with-spout\/","title":{"rendered":"\u00d6zel A\u011f\u0131zl\u0131 Stand Up Kese Sapl\u0131 Plastik El Y\u0131kama S\u0131v\u0131 Sabun Torbas\u0131"},"content":{"rendered":"<div class=\"wp-block-columns is-layout-flex wp-container-core-columns-is-layout-9d6595d7 wp-block-columns-is-layout-flex\">\n<div class=\"wp-block-column is-layout-flow wp-block-column-is-layout-flow\">\n<h3 class=\"wp-block-heading\">Y\u00fcksek Kaliteli A\u011f\u0131zl\u0131 Stand Up Po\u015fetin \u00d6zellikleri<\/h3>\n\n\n\n<ul class=\"wp-block-list\">\n<li>\u00dcst\u00fcn Tasar\u0131m: El dezenfektan\u0131 po\u015fetlerimiz, sergilendi\u011finde ve kullan\u0131ld\u0131\u011f\u0131nda dengeyi sa\u011flamak i\u00e7in dik duracak \u015fekilde tasarlanm\u0131\u015ft\u0131r. Ayr\u0131ca kullan\u0131c\u0131 dostu kullan\u0131m i\u00e7in kolay d\u00f6kme a\u011fz\u0131 ve kulplarla donat\u0131lm\u0131\u015ft\u0131r, d\u00f6k\u00fclmeleri ve israf\u0131 azalt\u0131r.<\/li>\n<\/ul>\n\n\n\n<p><\/p>\n\n\n\n<ul class=\"wp-block-list\">\n<li>Dayan\u0131kl\u0131 Malzeme: Ta\u015f\u0131ma ve kullan\u0131m s\u0131ras\u0131nda bozulmadan kalmalar\u0131n\u0131 sa\u011flamak i\u00e7in dayan\u0131kl\u0131, s\u0131zd\u0131rmaz ve y\u0131rt\u0131lmaz \u00f6zelliklere sahip y\u00fcksek kaliteli plastik malzemeden yap\u0131lm\u0131\u015ft\u0131r.<\/li>\n<\/ul>\n\n\n\n<p><\/p>\n\n\n\n<ul class=\"wp-block-list\">\n<li>\u00dcst\u00fcn S\u0131zd\u0131rmazl\u0131k Performans\u0131: Geli\u015fmi\u015f s\u0131zd\u0131rmazl\u0131k teknolojisi, s\u0131v\u0131lar\u0131n s\u0131zmamas\u0131n\u0131 sa\u011flayarak \u00fcr\u00fcn g\u00fcvenli\u011fini garanti eder. \u00c7ok katmanl\u0131 kompozit malzeme neme ve oksijene kar\u015f\u0131 etkili bir koruma sa\u011flayarak el y\u0131kama s\u0131v\u0131s\u0131n\u0131n raf \u00f6mr\u00fcn\u00fc uzat\u0131r.<\/li>\n<\/ul>\n\n\n\n<p><\/p>\n\n\n\n<ul class=\"wp-block-list\">\n<li>\u00c7evre Dostu ve S\u00fcrd\u00fcr\u00fclebilir: \u00c7evre \u00fczerindeki etkiyi en aza indirmek ve s\u00fcrd\u00fcr\u00fclebilir kalk\u0131nmay\u0131 te\u015fvik etmek i\u00e7in geri d\u00f6n\u00fc\u015ft\u00fcr\u00fclebilir ve \u00e7evre dostu plastik malzemeler kullan\u0131yoruz.<\/li>\n<\/ul>\n\n\n\n<p><\/p>\n\n\n\n<ul class=\"wp-block-list\">\n<li>D\u00fc\u015f\u00fck Karbon Ayak \u0130zi: Hafif tasar\u0131m sadece nakliye maliyetlerini d\u00fc\u015f\u00fcrmekle kalmaz, ayn\u0131 zamanda karbon emisyonlar\u0131n\u0131 azalt\u0131r ve \u00e7evresel faydalar\u0131 art\u0131r\u0131r.<\/li>\n<\/ul>\n<\/div>\n\n\n\n<div class=\"wp-block-column is-layout-flow wp-block-column-is-layout-flow\">\n<h2 class=\"wp-block-heading\"><\/h2>\n\n\n\n<figure class=\"wp-block-image size-full\"><img fetchpriority=\"high\" decoding=\"async\" width=\"750\" height=\"750\" src=\"https:\/\/hyflexpack.com\/wp-content\/uploads\/2024\/05\/Custom-Stand-Up-Pouch-with-Spout-1.webp\" alt=\"A\u011f\u0131zl\u0131 \u00d6zel Stand Up Po\u015fet\" class=\"wp-image-3046\" srcset=\"https:\/\/www.hyflexpack.com\/wp-content\/uploads\/2024\/05\/Custom-Stand-Up-Pouch-with-Spout-1.webp 750w, https:\/\/www.hyflexpack.com\/wp-content\/uploads\/2024\/05\/Custom-Stand-Up-Pouch-with-Spout-1-300x300.webp 300w, https:\/\/www.hyflexpack.com\/wp-content\/uploads\/2024\/05\/Custom-Stand-Up-Pouch-with-Spout-1-150x150.webp 150w, https:\/\/www.hyflexpack.com\/wp-content\/uploads\/2024\/05\/Custom-Stand-Up-Pouch-with-Spout-1-285x285.webp 285w, https:\/\/www.hyflexpack.com\/wp-content\/uploads\/2024\/05\/Custom-Stand-Up-Pouch-with-Spout-1-270x270.webp 270w, https:\/\/www.hyflexpack.com\/wp-content\/uploads\/2024\/05\/Custom-Stand-Up-Pouch-with-Spout-1-540x540.webp 540w, https:\/\/www.hyflexpack.com\/wp-content\/uploads\/2024\/05\/Custom-Stand-Up-Pouch-with-Spout-1-660x660.webp 660w\" sizes=\"(max-width: 750px) 100vw, 750px\" \/><\/figure>\n<\/div>\n<\/div>","protected":false},"excerpt":{"rendered":"<p>A\u011f\u0131zl\u0131 el dezenfektan\u0131 po\u015fetini ke\u015ffedin, kullan\u0131m kolayl\u0131\u011f\u0131 i\u00e7in kulplarla birlikte gelir, s\u0131zd\u0131rmaz ve neme dayan\u0131kl\u0131d\u0131r. S\u00fcrd\u00fcr\u00fclebilir kalk\u0131nman\u0131n ihtiya\u00e7lar\u0131 do\u011frultusunda y\u00fcksek kaliteli geri d\u00f6n\u00fc\u015ft\u00fcr\u00fclebilir malzemelerden yap\u0131lm\u0131\u015f \u00e7evre dostu ve dayan\u0131kl\u0131d\u0131r. Ki\u015fiselle\u015ftirilmi\u015f \u00f6zelle\u015ftirme hizmeti sunuyoruz ve ideal sat\u0131n alma se\u00e7iminiz olan \u00fcr\u00fcn\u00fcn kalitesini sa\u011flamak i\u00e7in s\u0131k\u0131 kalite kontrol\u00fcne sahibiz.<\/p>\n<h3>A\u011f\u0131zl\u0131 Stand Up Po\u015fetin Avantajlar\u0131<\/h3>\n<ul>\n<li><strong>\u00d6zelle\u015ftirilmi\u015f Hizmet<\/strong>:M\u00fc\u015fterinin markala\u015fma ihtiya\u00e7lar\u0131n\u0131 kar\u015f\u0131lamak i\u00e7in malzeme, boyut ve bask\u0131 deseni \u00f6zelle\u015ftirmesi dahil olmak \u00fczere OEM ve ODM'yi destekleyen \u00f6zelle\u015ftirilmi\u015f tasar\u0131m i\u00e7ecek paketleme \u00e7antas\u0131 hizmeti sunuyoruz.<\/li>\n<li><strong>\u00dcretim<\/strong>:Geli\u015fmi\u015f ekipman ve teknoloji ile sipari\u015f \u00fcretimini y\u00fcksek verimlilik ve y\u00fcksek kalite ile tamamlayabiliyor ve zaman\u0131nda teslim edebiliyoruz.<\/li>\n<li><strong>Kalite Denetimi<\/strong>Kalite standartlar\u0131n\u0131 ve g\u0131da g\u00fcvenli\u011fi gereksinimlerini s\u0131k\u0131 bir \u015fekilde takip ederek, g\u00fcvenilir kaliteyi sa\u011flamak ve m\u00fc\u015fterilerin zihnini rahatlatmak i\u00e7in bir dizi uluslararas\u0131 kalite sertifikas\u0131n\u0131 ge\u00e7tik.<\/li>\n<li><strong>Y\u00fcksek Kaliteli Profesyonel Dan\u0131\u015fmanl\u0131k<\/strong>M\u00fc\u015fterilerin en uygun ambalaj \u00e7\u00f6z\u00fcmlerini se\u00e7melerine yard\u0131mc\u0131 olmak i\u00e7in profesyonel \u00fcr\u00fcn ve pazar dan\u0131\u015fmanl\u0131\u011f\u0131 hizmetleri sunmak. M\u00fckemmel sat\u0131\u015f sonras\u0131 hizmet sistemi, m\u00fc\u015fterilerin her t\u00fcrl\u00fc sorununu ve endi\u015fesini h\u0131zla \u00e7\u00f6zer.<\/li>\n<li><strong>\u00dccretsiz \u00d6rnek<\/strong>\u00dcr\u00fcnleri de\u011ferlendirmeniz i\u00e7in \u00fccretsiz numune hizmeti sa\u011flay\u0131n.<\/li>\n<\/ul>\n<p>Huiyang Packaging, m\u00fc\u015fterilerin \u00fcr\u00fcn imajlar\u0131n\u0131 iyile\u015ftirmelerine ve pazar rekabet g\u00fcc\u00fcn\u00fc art\u0131rmalar\u0131na yard\u0131mc\u0131 olmak i\u00e7in m\u00fc\u015fterilere y\u00fcksek kaliteli, \u00f6zelle\u015ftirilmi\u015f emzikli ambalaj po\u015fetleri sunmay\u0131 taahh\u00fct eder.<\/p>","protected":false},"featured_media":3046,"comment_status":"open","ping_status":"closed","template":"","meta":[],"product_brand":[],"product_cat":[52],"product_tag":[],"class_list":{"0":"post-3045","1":"product","2":"type-product","3":"status-publish","4":"has-post-thumbnail","6":"product_cat-custom-daily-chemical-packaging","8":"first","9":"instock","10":"shipping-taxable","11":"product-type-simple"},"_links":{"self":[{"href":"https:\/\/www.hyflexpack.com\/tr\/wp-json\/wp\/v2\/product\/3045","targetHints":{"allow":["GET"]}}],"collection":[{"href":"https:\/\/www.hyflexpack.com\/tr\/wp-json\/wp\/v2\/product"}],"about":[{"href":"https:\/\/www.hyflexpack.com\/tr\/wp-json\/wp\/v2\/types\/product"}],"replies":[{"embeddable":true,"href":"https:\/\/www.hyflexpack.com\/tr\/wp-json\/wp\/v2\/comments?post=3045"}],"wp:featuredmedia":[{"embeddable":true,"href":"https:\/\/www.hyflexpack.com\/tr\/wp-json\/wp\/v2\/media\/3046"}],"wp:attachment":[{"href":"https:\/\/www.hyflexpack.com\/tr\/wp-json\/wp\/v2\/media?parent=3045"}],"wp:term":[{"taxonomy":"product_brand","embeddable":true,"href":"https:\/\/www.hyflexpack.com\/tr\/wp-json\/wp\/v2\/product_brand?post=3045"},{"taxonomy":"product_cat","embeddable":true,"href":"https:\/\/www.hyflexpack.com\/tr\/wp-json\/wp\/v2\/product_cat?post=3045"},{"taxonomy":"product_tag","embeddable":true,"href":"https:\/\/www.hyflexpack.com\/tr\/wp-json\/wp\/v2\/product_tag?post=3045"}],"curies":[{"name":"wp","href":"https:\/\/api.w.org\/{rel}","templated":true}]}}