{"id":3026,"date":"2024-05-18T10:16:54","date_gmt":"2024-05-18T10:16:54","guid":{"rendered":"https:\/\/hyflexpack.com\/?post_type=product&#038;p=3026"},"modified":"2024-05-18T10:16:55","modified_gmt":"2024-05-18T10:16:55","slug":"factory-direct-printing-refillable-pouches","status":"publish","type":"product","link":"https:\/\/www.hyflexpack.com\/tr\/product\/factory-direct-printing-refillable-pouches\/","title":{"rendered":"Fabrika Do\u011frudan Bask\u0131 Doldurulabilir Torbalar \u00c7ama\u015f\u0131r Tozu S\u0131v\u0131 Deterjan Ambalaj\u0131"},"content":{"rendered":"<div class=\"wp-block-columns is-layout-flex wp-container-core-columns-is-layout-9d6595d7 wp-block-columns-is-layout-flex\">\n<div class=\"wp-block-column is-layout-flow wp-block-column-is-layout-flow\">\n<h3 class=\"wp-block-heading\">Y\u00fcksek Kaliteli Doldurulabilir Torbalar\u0131n \u00d6zellikleri<\/h3>\n\n\n\n<ul class=\"wp-block-list\">\n<li>Yeniden Doldurulabilir Tasar\u0131m: S\u00fcrd\u00fcr\u00fclebilir kalk\u0131nma konseptine uygun olarak yeniden doldurulabilir, kaynak tasarrufu sa\u011flar ve ambalaj at\u0131klar\u0131n\u0131 azalt\u0131r.<\/li>\n\n\n\n<li>Bask\u0131 \u00d6zelle\u015ftirme: Doldurulabilir po\u015fetler, marka tan\u0131n\u0131rl\u0131\u011f\u0131n\u0131 art\u0131rmak i\u00e7in marka logolar\u0131n\u0131, \u00fcr\u00fcn bilgilerini ve g\u00f6z al\u0131c\u0131 tasar\u0131mlar\u0131 g\u00f6r\u00fcnt\u00fclemek i\u00e7in bask\u0131 \u00f6zelle\u015ftirme hizmetleri sunar.<\/li>\n\n\n\n<li>\u00c7ok Katmanl\u0131 Yap\u0131: \u00c7ok katmanl\u0131 ambalaj yap\u0131s\u0131, \u00fcr\u00fcn tazeli\u011fini korumak i\u00e7in m\u00fckemmel nem, oksijen ve lezzet tutma \u00f6zellikleri sa\u011flar.<\/li>\n\n\n\n<li>Kolay Kullan\u0131m: Kullan\u0131\u015fl\u0131 yeniden doldurma portu tasar\u0131m\u0131, kullan\u0131c\u0131lar\u0131n deterjan\u0131 yeniden doldurmas\u0131n\u0131 kolayla\u015ft\u0131rarak israf\u0131 azalt\u0131r ve kullan\u0131c\u0131 deneyimini geli\u015ftirir.<\/li>\n\n\n\n<li>Dayan\u0131kl\u0131l\u0131k: Bas\u0131nca ve y\u0131rt\u0131lmaya kar\u015f\u0131 dayan\u0131kl\u0131 malzeme, \u00fcr\u00fcn\u00fc hasardan korur ve uzun mesafeli nakliye ve depolama s\u0131ras\u0131nda b\u00fct\u00fcnl\u00fc\u011f\u00fcn\u00fc sa\u011flar.<\/li>\n\n\n\n<li>\u00c7evre Dostu Malzeme: Yeniden doldurulabilir po\u015fetler \u00e7evre dostu malzemelerden \u00fcretilmi\u015ftir, \u00e7evre \u00fczerindeki etkiyi azalt\u0131r ve modern t\u00fcketicilerin \u00e7evre dostu \u00fcr\u00fcnlere y\u00f6nelik ihtiya\u00e7lar\u0131n\u0131 kar\u015f\u0131lar.<\/li>\n<\/ul>\n<\/div>\n\n\n\n<div class=\"wp-block-column is-layout-flow wp-block-column-is-layout-flow\">\n<h2 class=\"wp-block-heading\"><\/h2>\n\n\n\n<figure class=\"wp-block-image size-full\"><img fetchpriority=\"high\" decoding=\"async\" width=\"750\" height=\"750\" src=\"https:\/\/hyflexpack.com\/wp-content\/uploads\/2024\/05\/Factory-Direct-Refillable-Pouches-9.jpg\" alt=\"Fabrika Do\u011frudan Doldurulabilir Torbalar\" class=\"wp-image-3035\" srcset=\"https:\/\/www.hyflexpack.com\/wp-content\/uploads\/2024\/05\/Factory-Direct-Refillable-Pouches-9.jpg 750w, https:\/\/www.hyflexpack.com\/wp-content\/uploads\/2024\/05\/Factory-Direct-Refillable-Pouches-9-300x300.jpg 300w, https:\/\/www.hyflexpack.com\/wp-content\/uploads\/2024\/05\/Factory-Direct-Refillable-Pouches-9-150x150.jpg 150w, https:\/\/www.hyflexpack.com\/wp-content\/uploads\/2024\/05\/Factory-Direct-Refillable-Pouches-9-285x285.jpg 285w, https:\/\/www.hyflexpack.com\/wp-content\/uploads\/2024\/05\/Factory-Direct-Refillable-Pouches-9-270x270.jpg 270w, https:\/\/www.hyflexpack.com\/wp-content\/uploads\/2024\/05\/Factory-Direct-Refillable-Pouches-9-540x540.jpg 540w, https:\/\/www.hyflexpack.com\/wp-content\/uploads\/2024\/05\/Factory-Direct-Refillable-Pouches-9-660x660.jpg 660w\" sizes=\"(max-width: 750px) 100vw, 750px\" \/><\/figure>\n<\/div>\n<\/div>","protected":false},"excerpt":{"rendered":"<p>Ev ve seyahat kullan\u0131m\u0131 i\u00e7in bask\u0131 \u00f6zelle\u015ftirme ve \u00e7ok katmanl\u0131 yap\u0131 ile \u00e7ama\u015f\u0131r tozu s\u0131v\u0131 deterjan ambalaj\u0131 i\u00e7in bu yeniden doldurulabilir po\u015fetleri ke\u015ffetmeye ho\u015f geldiniz. Garantili kalite ve m\u00fc\u015fteri memnuniyeti ile \u00f6zelle\u015ftirme ve h\u0131zl\u0131 teslimat sunarak, \u00fcr\u00fcnleriniz i\u00e7in s\u00fcrd\u00fcr\u00fclebilir ve kullan\u0131\u015fl\u0131 bir paketleme \u00e7\u00f6z\u00fcm\u00fc sunuyoruz.<\/p>\n<h3>Yeniden Doldurulabilir Torbalar\u0131n Avantajlar\u0131<\/h3>\n<ul>\n<li>\u00d6zelle\u015ftirilmi\u015f Hizmet: Kapsaml\u0131 \u00f6zelle\u015ftirilmi\u015f hizmet sa\u011flay\u0131n, boyutu, bask\u0131y\u0131 ve malzemeyi m\u00fc\u015fterinin ihtiya\u00e7lar\u0131na g\u00f6re \u00f6zelle\u015ftirin.<\/li>\n<li>H\u0131zl\u0131 Teslimat: M\u00fc\u015fterilerin acil ihtiya\u00e7lar\u0131n\u0131 kar\u015f\u0131lamak \u00fczere sipari\u015flerin zaman\u0131nda teslim edilmesini sa\u011flamak i\u00e7in verimli \u00fcretim s\u00fcreci ve tedarik zinciri y\u00f6netimi.<\/li>\n<li>Kalite G\u00fcvencesi: S\u0131k\u0131 kalite kontrol sistemi, her \u00fcr\u00fcn\u00fcn m\u00fc\u015fterilerin gereksinimlerini ve standartlar\u0131n\u0131 kar\u015f\u0131lamas\u0131n\u0131 sa\u011flar.<\/li>\n<li>Maliyet etkinli\u011fi: \u00dcretim s\u00fcre\u00e7lerini ve maliyet y\u00f6netimini optimize ederek rekabet\u00e7i fiyatlar sa\u011flay\u0131n ve m\u00fc\u015fterilerin sat\u0131n alma maliyetlerini azalt\u0131n.<\/li>\n<li>\u00dccretsiz Numune: \u00dcr\u00fcnlerinizi de\u011ferlendirmek i\u00e7in \u00fccretsiz numune hizmeti veriyoruz.<\/li>\n<\/ul>\n<p>Huiyang Packaging, m\u00fc\u015fterilerine \u00fcr\u00fcn imajlar\u0131n\u0131 ve pazar rekabet g\u00fc\u00e7lerini geli\u015ftirmelerine yard\u0131mc\u0131 olmak i\u00e7in y\u00fcksek kaliteli \u00f6zelle\u015ftirilmi\u015f yeniden doldurulabilir po\u015fetler sa\u011flamay\u0131 taahh\u00fct eder.<\/p>","protected":false},"featured_media":3027,"comment_status":"open","ping_status":"closed","template":"","meta":[],"product_brand":[],"product_cat":[52],"product_tag":[],"class_list":{"0":"post-3026","1":"product","2":"type-product","3":"status-publish","4":"has-post-thumbnail","6":"product_cat-custom-daily-chemical-packaging","8":"first","9":"instock","10":"shipping-taxable","11":"product-type-simple"},"_links":{"self":[{"href":"https:\/\/www.hyflexpack.com\/tr\/wp-json\/wp\/v2\/product\/3026","targetHints":{"allow":["GET"]}}],"collection":[{"href":"https:\/\/www.hyflexpack.com\/tr\/wp-json\/wp\/v2\/product"}],"about":[{"href":"https:\/\/www.hyflexpack.com\/tr\/wp-json\/wp\/v2\/types\/product"}],"replies":[{"embeddable":true,"href":"https:\/\/www.hyflexpack.com\/tr\/wp-json\/wp\/v2\/comments?post=3026"}],"wp:featuredmedia":[{"embeddable":true,"href":"https:\/\/www.hyflexpack.com\/tr\/wp-json\/wp\/v2\/media\/3027"}],"wp:attachment":[{"href":"https:\/\/www.hyflexpack.com\/tr\/wp-json\/wp\/v2\/media?parent=3026"}],"wp:term":[{"taxonomy":"product_brand","embeddable":true,"href":"https:\/\/www.hyflexpack.com\/tr\/wp-json\/wp\/v2\/product_brand?post=3026"},{"taxonomy":"product_cat","embeddable":true,"href":"https:\/\/www.hyflexpack.com\/tr\/wp-json\/wp\/v2\/product_cat?post=3026"},{"taxonomy":"product_tag","embeddable":true,"href":"https:\/\/www.hyflexpack.com\/tr\/wp-json\/wp\/v2\/product_tag?post=3026"}],"curies":[{"name":"wp","href":"https:\/\/api.w.org\/{rel}","templated":true}]}}