{"id":3009,"date":"2024-05-18T08:25:55","date_gmt":"2024-05-18T08:25:55","guid":{"rendered":"https:\/\/hyflexpack.com\/?post_type=product&#038;p=3009"},"modified":"2024-05-18T08:25:56","modified_gmt":"2024-05-18T08:25:56","slug":"ozellestirilmis-sivi-posetleri","status":"publish","type":"product","link":"https:\/\/www.hyflexpack.com\/tr\/product\/customized-liquid-pouches\/","title":{"rendered":"\u00d6zelle\u015ftirilmi\u015f S\u0131v\u0131 Torbalar\u0131 Plastik Stand-Up Torbalar Bask\u0131l\u0131 Bula\u015f\u0131k Y\u0131kama S\u0131v\u0131s\u0131 Emzik K\u0131l\u0131f\u0131"},"content":{"rendered":"<p><\/p>\n\n\n\n<div class=\"wp-block-columns is-layout-flex wp-container-core-columns-is-layout-9d6595d7 wp-block-columns-is-layout-flex\">\n<div class=\"wp-block-column is-layout-flow wp-block-column-is-layout-flow\">\n<h3 class=\"wp-block-heading\">Y\u00fcksek Kaliteli S\u0131v\u0131 Torbalar\u0131n\u0131n \u00d6zellikleri<\/h3>\n\n\n\n<ul class=\"wp-block-list\">\n<li>Ta\u015f\u0131nabilirlik ve Yerden Tasarruf: Bu s\u0131v\u0131 torbas\u0131 tasar\u0131m\u0131 kompakt ve hafiftir, saklamas\u0131 ve ta\u015f\u0131mas\u0131 kolayd\u0131r, ev ve d\u0131\u015f mekan kullan\u0131m\u0131 i\u00e7in uygundur.<\/li>\n\n\n\n<li>Kendi kendine duran Tasar\u0131m: Kendi kendine duran po\u015fet yap\u0131s\u0131, sa\u011flam bir \u015fekilde durmas\u0131n\u0131 sa\u011flayarak kullan\u0131m s\u0131ras\u0131nda yerle\u015ftirilmesini kolayla\u015ft\u0131r\u0131r ve devrilme olas\u0131l\u0131\u011f\u0131n\u0131 azalt\u0131r.<\/li>\n\n\n\n<li>A\u011f\u0131z Tasar\u0131m\u0131: D\u00f6kme hacminin kolay kontrol\u00fc, israf\u0131n \u00f6nlenmesi ve s\u0131v\u0131 s\u0131z\u0131nt\u0131s\u0131 olas\u0131l\u0131\u011f\u0131n\u0131n azalt\u0131lmas\u0131 i\u00e7in bir a\u011f\u0131zl\u0131k ile tasarlanm\u0131\u015ft\u0131r.<\/li>\n\n\n\n<li>\u00c7evre dostu malzemeler: \u00c7evre dostu bir ya\u015fam tarz\u0131n\u0131 desteklerken \u00e7evre \u00fczerindeki etkiyi en aza indirmek i\u00e7in genellikle geri d\u00f6n\u00fc\u015ft\u00fcr\u00fclebilir plastik malzemeler kullan\u0131l\u0131r.<\/li>\n\n\n\n<li>\u00c7ok Katmanl\u0131 Yap\u0131: \u00c7ok katmanl\u0131 plastik yap\u0131, neme, oksijene ve kokuya kar\u015f\u0131 m\u00fckemmel diren\u00e7 sa\u011flayarak bula\u015f\u0131k deterjan\u0131n\u0131n uzun s\u00fcre en iyi durumda kalmas\u0131n\u0131 sa\u011flar.<\/li>\n\n\n\n<li>Kullan\u0131m\u0131 ve Saklamas\u0131 Kolay: Nozul tasar\u0131m\u0131 hassas d\u00f6kme sa\u011flar ve kullan\u0131mdan sonra temiz ve s\u0131v\u0131y\u0131 hijyenik tutmak i\u00e7in kolayca kapat\u0131labilir.<\/li>\n\n\n\n<li>\u00c7ok y\u00f6nl\u00fcl\u00fck: Bula\u015f\u0131k deterjan\u0131n\u0131n yan\u0131 s\u0131ra el dezenfektan\u0131, \u00e7ama\u015f\u0131r deterjan\u0131 gibi di\u011fer s\u0131v\u0131 \u00fcr\u00fcnlerin ambalajlanmas\u0131nda da kullan\u0131labilir ve geni\u015f bir uygulama alan\u0131na sahiptir.<\/li>\n<\/ul>\n<\/div>\n\n\n\n<div class=\"wp-block-column is-layout-flow wp-block-column-is-layout-flow\">\n<h2 class=\"wp-block-heading\"><\/h2>\n\n\n\n<figure class=\"wp-block-image size-full\"><img fetchpriority=\"high\" decoding=\"async\" width=\"750\" height=\"750\" src=\"https:\/\/hyflexpack.com\/wp-content\/uploads\/2024\/05\/Customized-Liquid-Pouches-7.webp\" alt=\"\u00d6zelle\u015ftirilmi\u015f S\u0131v\u0131 Torbalar\u0131 (\" class=\"wp-image-3016\" srcset=\"https:\/\/www.hyflexpack.com\/wp-content\/uploads\/2024\/05\/Customized-Liquid-Pouches-7.webp 750w, https:\/\/www.hyflexpack.com\/wp-content\/uploads\/2024\/05\/Customized-Liquid-Pouches-7-300x300.webp 300w, https:\/\/www.hyflexpack.com\/wp-content\/uploads\/2024\/05\/Customized-Liquid-Pouches-7-150x150.webp 150w, https:\/\/www.hyflexpack.com\/wp-content\/uploads\/2024\/05\/Customized-Liquid-Pouches-7-285x285.webp 285w, https:\/\/www.hyflexpack.com\/wp-content\/uploads\/2024\/05\/Customized-Liquid-Pouches-7-270x270.webp 270w, https:\/\/www.hyflexpack.com\/wp-content\/uploads\/2024\/05\/Customized-Liquid-Pouches-7-540x540.webp 540w, https:\/\/www.hyflexpack.com\/wp-content\/uploads\/2024\/05\/Customized-Liquid-Pouches-7-660x660.webp 660w\" sizes=\"(max-width: 750px) 100vw, 750px\" \/><\/figure>\n<\/div>\n<\/div>","protected":false},"excerpt":{"rendered":"<p>Bu s\u0131v\u0131 po\u015fetleri plastik dik duran po\u015fet, bula\u015f\u0131k y\u0131kama s\u0131v\u0131s\u0131n\u0131 paketlemek i\u00e7in idealdir, kolay ve hassas d\u00f6kme i\u00e7in nozul ile tasarlanm\u0131\u015ft\u0131r ve s\u0131zd\u0131rmaz, \u00e7evre dostu malzeme geri d\u00f6n\u00fc\u015ft\u00fcr\u00fclebilir. \u00c7ok katmanl\u0131 yap\u0131 \u00fcr\u00fcn tazeli\u011fini sa\u011flar, g\u00fczel bask\u0131 marka imaj\u0131n\u0131 geli\u015ftirir, hafiftir ve saklamas\u0131 kolayd\u0131r, ev ve d\u0131\u015f mekan kullan\u0131m\u0131 i\u00e7in uygundur, ekonomiktir. Size \u00f6zel \u00e7\u00f6z\u00fcmler i\u00e7in bug\u00fcn bize ula\u015f\u0131n!<\/p>\n<h3>\u0130\u00e7ecek S\u0131v\u0131 Torbalar\u0131n\u0131n Avantajlar\u0131<\/h3>\n<ul>\n<li><strong>\u00d6zel Tasar\u0131m<\/strong>S\u0131v\u0131 torbalar\u0131 i\u00e7in \u00f6zelle\u015ftirilmi\u015f tasar\u0131m hizmeti sunuyoruz, OEM ve ODM'yi destekliyoruz, marka bilinirli\u011fini ve pazar \u00e7ekicili\u011fini art\u0131rmak i\u00e7in marka logosu ve \u00fcr\u00fcn bilgilerini g\u00f6steriyoruz.<\/li>\n<li><strong>\u00c7e\u015fitli Tasar\u0131mlar<\/strong>:Farkl\u0131 m\u00fc\u015fterilerin ihtiya\u00e7lar\u0131n\u0131 kar\u015f\u0131lamak i\u00e7in \u00e7e\u015fitli tasar\u0131mlar ve boyutlar mevcuttur ve \u00e7e\u015fitli bula\u015f\u0131k deterjan\u0131 \u00fcr\u00fcnleri i\u00e7in uygun ambalaj \u00e7\u00f6z\u00fcmleri sa\u011flar.<\/li>\n<li><strong>M\u00fc\u015fteri Hizmetleri<\/strong>:G\u00fcn\u00fcn 24 saati h\u0131zl\u0131 yan\u0131t ve d\u00fc\u015f\u00fcnceli m\u00fc\u015fteri hizmetleri deste\u011fi sa\u011flay\u0131n.<\/li>\n<li><strong>Kalite G\u00fcvence<\/strong>Her torban\u0131n y\u00fcksek kalitesini ve tutarl\u0131l\u0131\u011f\u0131n\u0131 sa\u011flamak i\u00e7in s\u0131k\u0131 kalite kontrol sistemi.<\/li>\n<li><strong>Uygun maliyetli<\/strong>: Geleneksel ambalaj formlar\u0131yla kar\u015f\u0131la\u015ft\u0131r\u0131ld\u0131\u011f\u0131nda, po\u015fet tasar\u0131m\u0131 daha uygun maliyetlidir, ambalajlama, nakliye ve depolama maliyetlerini azalt\u0131r ve karl\u0131l\u0131\u011f\u0131 art\u0131r\u0131r.<\/li>\n<li><strong>\u00dccretsiz \u00d6rnek<\/strong>\u00dcr\u00fcn\u00fcn\u00fcz\u00fc de\u011ferlendirmeniz i\u00e7in \u00fccretsiz numune hizmeti veriyoruz.<\/li>\n<\/ul>\n<p>Huiyang Packaging, m\u00fc\u015fterilerin \u00fcr\u00fcn imajlar\u0131n\u0131 geli\u015ftirmelerine ve pazar rekabet g\u00fcc\u00fcn\u00fc art\u0131rmalar\u0131na yard\u0131mc\u0131 olmak i\u00e7in m\u00fc\u015fterilere y\u00fcksek kaliteli \u00f6zelle\u015ftirilmi\u015f s\u0131v\u0131 po\u015fetler sa\u011flamay\u0131 taahh\u00fct eder.<\/p>","protected":false},"featured_media":3011,"comment_status":"open","ping_status":"closed","template":"","meta":[],"product_brand":[],"product_cat":[52],"product_tag":[],"class_list":{"0":"post-3009","1":"product","2":"type-product","3":"status-publish","4":"has-post-thumbnail","6":"product_cat-custom-daily-chemical-packaging","8":"first","9":"instock","10":"shipping-taxable","11":"product-type-simple"},"_links":{"self":[{"href":"https:\/\/www.hyflexpack.com\/tr\/wp-json\/wp\/v2\/product\/3009","targetHints":{"allow":["GET"]}}],"collection":[{"href":"https:\/\/www.hyflexpack.com\/tr\/wp-json\/wp\/v2\/product"}],"about":[{"href":"https:\/\/www.hyflexpack.com\/tr\/wp-json\/wp\/v2\/types\/product"}],"replies":[{"embeddable":true,"href":"https:\/\/www.hyflexpack.com\/tr\/wp-json\/wp\/v2\/comments?post=3009"}],"wp:featuredmedia":[{"embeddable":true,"href":"https:\/\/www.hyflexpack.com\/tr\/wp-json\/wp\/v2\/media\/3011"}],"wp:attachment":[{"href":"https:\/\/www.hyflexpack.com\/tr\/wp-json\/wp\/v2\/media?parent=3009"}],"wp:term":[{"taxonomy":"product_brand","embeddable":true,"href":"https:\/\/www.hyflexpack.com\/tr\/wp-json\/wp\/v2\/product_brand?post=3009"},{"taxonomy":"product_cat","embeddable":true,"href":"https:\/\/www.hyflexpack.com\/tr\/wp-json\/wp\/v2\/product_cat?post=3009"},{"taxonomy":"product_tag","embeddable":true,"href":"https:\/\/www.hyflexpack.com\/tr\/wp-json\/wp\/v2\/product_tag?post=3009"}],"curies":[{"name":"wp","href":"https:\/\/api.w.org\/{rel}","templated":true}]}}