{"id":3002,"date":"2024-05-17T08:52:29","date_gmt":"2024-05-17T08:52:29","guid":{"rendered":"https:\/\/hyflexpack.com\/?post_type=product&#038;p=3002"},"modified":"2025-03-14T06:48:59","modified_gmt":"2025-03-14T06:48:59","slug":"custom-tea-bag-packaging","status":"publish","type":"product","link":"https:\/\/www.hyflexpack.com\/tr\/product\/custom-tea-bag-packaging\/","title":{"rendered":"\u00d6zel \u00c7ay Po\u015feti Ambalaj\u0131 Fermuarl\u0131 \u00c7anta Kolay Y\u0131rt\u0131labilir Stand Up K\u0131l\u0131f\u0131"},"content":{"rendered":"<div class=\"wp-block-columns is-layout-flex wp-container-core-columns-is-layout-9d6595d7 wp-block-columns-is-layout-flex\">\n<div class=\"wp-block-column is-layout-flow wp-block-column-is-layout-flow\">\n<h3 class=\"wp-block-heading\">Y\u00fcksek Kaliteli Po\u015fet \u00c7ay Ambalaj\u0131n\u0131n \u00d6zellikleri<\/h3>\n\n\n\n<ul class=\"wp-block-list\">\n<li>Y\u00fcksek Bariyer Malzemesi: \u00c7ay po\u015feti ambalajlar\u0131 genellikle oksijen, nem ve \u0131\u015f\u0131k giri\u015fini \u00f6nlemek i\u00e7in m\u00fckemmel bariyer \u00f6zellikleri, y\u00fcksek bariyer, anti-statik ve anti-penetrasyon sa\u011flayan ve b\u00f6ylece \u00e7ay\u0131n raf \u00f6mr\u00fcn\u00fc uzatan \u00e7ok katmanl\u0131 kompozit malzemelerden (\u00f6rne\u011fin PET\/AL\/PE) yap\u0131l\u0131r.<\/li>\n<\/ul>\n\n\n\n<p><\/p>\n\n\n\n<ul class=\"wp-block-list\">\n<li>Kendinden Ayakl\u0131 Tasar\u0131m: Kendili\u011finden duran po\u015fet tasar\u0131m\u0131, \u00e7ay po\u015fetlerinin doldurulduktan sonra kendi ba\u015flar\u0131na durmas\u0131n\u0131 sa\u011flayarak raf g\u00f6r\u00fcn\u00fcm\u00fcn\u00fc iyile\u015ftirirken t\u00fcketicilerin bunlar\u0131 saklamas\u0131n\u0131 kolayla\u015ft\u0131r\u0131r.<\/li>\n<\/ul>\n\n\n\n<p><\/p>\n\n\n\n<ul class=\"wp-block-list\">\n<li>Fermuar Kapatma: \u00c7ay po\u015feti paketi yeniden kullan\u0131labilir bir fermuar kapatma ile birlikte gelir ve t\u00fcketicilerin \u00e7ay\u0131n tazeli\u011fini korumak i\u00e7in po\u015feti birden \u00e7ok kez a\u00e7\u0131p kapatmas\u0131n\u0131 kolayla\u015ft\u0131r\u0131r.<\/li>\n<\/ul>\n\n\n\n<p><\/p>\n\n\n\n<ul class=\"wp-block-list\">\n<li>Y\u00fcksek Kaliteli Bask\u0131: D\u0131\u015f malzeme, \u00fcr\u00fcn\u00fcn g\u00f6rsel \u00e7ekicili\u011fini art\u0131rmak i\u00e7in desenlerin ve marka bilgilerinin y\u00fcksek kaliteli bask\u0131s\u0131n\u0131 ger\u00e7ekle\u015ftirebilen iyi bir bask\u0131 uyarlanabilirli\u011fine sahiptir.<\/li>\n<\/ul>\n\n\n\n<p><\/p>\n\n\n\n<ul class=\"wp-block-list\">\n<li>S\u00fcrd\u00fcr\u00fclebilirlik: \u00c7evre dostu \u00fcr\u00fcnlere y\u00f6nelik t\u00fcketici tercihini kar\u015f\u0131lamak i\u00e7in biyolojik olarak par\u00e7alanabilen malzemeler kullanmay\u0131 veya geri d\u00f6n\u00fc\u015ft\u00fcr\u00fclebilir po\u015fetler piyasaya s\u00fcrmeyi d\u00fc\u015f\u00fcn\u00fcn.<\/li>\n<\/ul>\n<\/div>\n\n\n\n<div class=\"wp-block-column is-layout-flow wp-block-column-is-layout-flow\">\n<h2 class=\"wp-block-heading\"><\/h2>\n\n\n\n<figure class=\"wp-block-image size-full\"><img fetchpriority=\"high\" decoding=\"async\" width=\"750\" height=\"750\" src=\"https:\/\/hyflexpack.com\/wp-content\/uploads\/2024\/05\/Custom-Tea-Bag-Packaging-5.webp\" alt=\"\u00d6zel Po\u015fet \u00c7ay Ambalajlar\u0131\" class=\"wp-image-3007\" srcset=\"https:\/\/www.hyflexpack.com\/wp-content\/uploads\/2024\/05\/Custom-Tea-Bag-Packaging-5.webp 750w, https:\/\/www.hyflexpack.com\/wp-content\/uploads\/2024\/05\/Custom-Tea-Bag-Packaging-5-300x300.webp 300w, https:\/\/www.hyflexpack.com\/wp-content\/uploads\/2024\/05\/Custom-Tea-Bag-Packaging-5-150x150.webp 150w, https:\/\/www.hyflexpack.com\/wp-content\/uploads\/2024\/05\/Custom-Tea-Bag-Packaging-5-285x285.webp 285w, https:\/\/www.hyflexpack.com\/wp-content\/uploads\/2024\/05\/Custom-Tea-Bag-Packaging-5-270x270.webp 270w, https:\/\/www.hyflexpack.com\/wp-content\/uploads\/2024\/05\/Custom-Tea-Bag-Packaging-5-540x540.webp 540w, https:\/\/www.hyflexpack.com\/wp-content\/uploads\/2024\/05\/Custom-Tea-Bag-Packaging-5-660x660.webp 660w\" sizes=\"(max-width: 750px) 100vw, 750px\" \/><\/figure>\n<\/div>\n<\/div>","protected":false},"excerpt":{"rendered":"<p>\u00d6zelle\u015ftirilmi\u015f esnek ambalajlar\u0131n lider \u00fcreticisi olarak, y\u00fcksek bariyer malzemeleri, kullan\u0131\u015fl\u0131 fermuar kapatma ve kolay y\u0131rt\u0131lma tasar\u0131m\u0131n\u0131 birle\u015ftiren \u00e7ay po\u015feti ambalajlar\u0131m\u0131zla, size y\u00fcksek kaliteli \u00e7ay po\u015feti ambalaj \u00e7\u00f6z\u00fcmleri sunmak i\u00e7in ileri teknolojimiz, s\u0131k\u0131 kalite kontrol\u00fcm\u00fcz ve profesyonel m\u00fc\u015fteri hizmetlerimizle markan\u0131z\u0131n \u00f6ne \u00e7\u0131kmas\u0131na yard\u0131mc\u0131 oluyoruz.<\/p>\n<h3>Po\u015fet \u00c7ay Ambalaj\u0131n\u0131n Avantajlar\u0131<\/h3>\n<ul>\n<li><strong>Ki\u015fiselle\u015ftirilmi\u015f Tasar\u0131m<\/strong>: M\u00fc\u015fterilerin bireysel ihtiya\u00e7lar\u0131n\u0131 kar\u015f\u0131lamak i\u00e7in malzeme se\u00e7imi, bask\u0131 tasar\u0131m\u0131 ve paketleme formu dahil olmak \u00fczere kapsaml\u0131 \u00f6zelle\u015ftirme hizmetleri sa\u011flay\u0131n. OEM ve ODM deste\u011fi.<\/li>\n<li><strong>Esnek \u00dcretim<\/strong>Geli\u015fmi\u015f ekipman ve teknoloji ile sipari\u015flerin \u00fcretimini y\u00fcksek verimlilik ve y\u00fcksek kalite ile tamamlayabiliyor ve zaman\u0131nda teslim edebiliyoruz.<\/li>\n<li><strong>S\u0131k\u0131 Kalite Kontrol<\/strong>: \u00dcr\u00fcnlerin uluslararas\u0131 standartlar\u0131 kar\u015f\u0131lamas\u0131n\u0131 sa\u011flamak i\u00e7in hammadde tedarikinden \u00fcretim s\u00fcrecinin her a\u015famas\u0131na kadar s\u0131k\u0131 kalite kontrol\u00fc.<\/li>\n<li><strong>Profesyonel Ekip<\/strong>: M\u00fc\u015fterilere dan\u0131\u015fmanl\u0131k, tasar\u0131mdan sat\u0131\u015f sonras\u0131na kadar tek elden hizmet sunan profesyonel bir m\u00fc\u015fteri hizmetleri ekibi.<\/li>\n<li><strong>Pazar Kapsam\u0131<\/strong>: Kapsaml\u0131 pazar kapsama yetenekleri, \u00fcr\u00fcnler yurti\u00e7inde ve yurtd\u0131\u015f\u0131nda bir\u00e7ok pazara sat\u0131lmaktad\u0131r ve iyi bir \u00fcn kazanm\u0131\u015ft\u0131r.<\/li>\n<li><strong>\u00dccretsiz \u00d6rnek<\/strong>: \u00dcr\u00fcnleri de\u011ferlendirmeniz i\u00e7in \u00fccretsiz numune hizmeti sa\u011flay\u0131n.<\/li>\n<\/ul>\n<p>Huiyang Packaging, m\u00fc\u015fterilerin \u00fcr\u00fcn imaj\u0131n\u0131 ve \u00e7evre koruma ihtiya\u00e7lar\u0131n\u0131 geli\u015ftirmelerine ve pazar rekabet g\u00fcc\u00fcn\u00fc art\u0131rmalar\u0131na yard\u0131mc\u0131 olmak i\u00e7in m\u00fc\u015fterilere y\u00fcksek kaliteli, \u00f6zelle\u015ftirilmi\u015f \u00e7ay po\u015feti ambalaj\u0131 sa\u011flamay\u0131 taahh\u00fct eder.<\/p>","protected":false},"featured_media":3007,"comment_status":"open","ping_status":"closed","template":"","meta":[],"product_brand":[],"product_cat":[58],"product_tag":[],"class_list":{"0":"post-3002","1":"product","2":"type-product","3":"status-publish","4":"has-post-thumbnail","6":"product_cat-tea-bag-packaging","8":"first","9":"instock","10":"shipping-taxable","11":"product-type-simple"},"_links":{"self":[{"href":"https:\/\/www.hyflexpack.com\/tr\/wp-json\/wp\/v2\/product\/3002","targetHints":{"allow":["GET"]}}],"collection":[{"href":"https:\/\/www.hyflexpack.com\/tr\/wp-json\/wp\/v2\/product"}],"about":[{"href":"https:\/\/www.hyflexpack.com\/tr\/wp-json\/wp\/v2\/types\/product"}],"replies":[{"embeddable":true,"href":"https:\/\/www.hyflexpack.com\/tr\/wp-json\/wp\/v2\/comments?post=3002"}],"wp:featuredmedia":[{"embeddable":true,"href":"https:\/\/www.hyflexpack.com\/tr\/wp-json\/wp\/v2\/media\/3007"}],"wp:attachment":[{"href":"https:\/\/www.hyflexpack.com\/tr\/wp-json\/wp\/v2\/media?parent=3002"}],"wp:term":[{"taxonomy":"product_brand","embeddable":true,"href":"https:\/\/www.hyflexpack.com\/tr\/wp-json\/wp\/v2\/product_brand?post=3002"},{"taxonomy":"product_cat","embeddable":true,"href":"https:\/\/www.hyflexpack.com\/tr\/wp-json\/wp\/v2\/product_cat?post=3002"},{"taxonomy":"product_tag","embeddable":true,"href":"https:\/\/www.hyflexpack.com\/tr\/wp-json\/wp\/v2\/product_tag?post=3002"}],"curies":[{"name":"wp","href":"https:\/\/api.w.org\/{rel}","templated":true}]}}