{"id":2994,"date":"2024-05-17T08:11:22","date_gmt":"2024-05-17T08:11:22","guid":{"rendered":"https:\/\/hyflexpack.com\/?post_type=product&#038;p=2994"},"modified":"2025-03-14T06:49:07","modified_gmt":"2025-03-14T06:49:07","slug":"custom-tea-pouch","status":"publish","type":"product","link":"https:\/\/www.hyflexpack.com\/tr\/product\/custom-tea-pouch\/","title":{"rendered":"\u00d6zel \u00c7ay Po\u015feti Bask\u0131 Tel Rulo Kendinden S\u0131zd\u0131rmaz Po\u015fetler D\u00fcz Tabanl\u0131 Po\u015fet"},"content":{"rendered":"<div class=\"wp-block-columns is-layout-flex wp-container-core-columns-is-layout-9d6595d7 wp-block-columns-is-layout-flex\">\n<div class=\"wp-block-column is-layout-flow wp-block-column-is-layout-flow\">\n<h3 class=\"wp-block-heading\">Y\u00fcksek Kaliteli \u00c7ay Po\u015fetinin \u00d6zellikleri<\/h3>\n\n\n\n<ul class=\"wp-block-list\">\n<li>Lamine Malzeme: Bu \u00e7ay po\u015fetleri genellikle \u00e7ok katmanl\u0131 kompozit malzemelerden (\u00f6rne\u011fin PET\/AL\/PE veya PET\/PE) yap\u0131l\u0131r ve bu malzemeler oksijen, nem ve \u0131\u015f\u0131\u011fa kar\u015f\u0131 m\u00fckemmel bariyer \u00f6zellikleri sa\u011flayarak \u00e7ay\u0131n raf \u00f6mr\u00fcn\u00fc uzat\u0131r.<\/li>\n<\/ul>\n\n\n\n<p><\/p>\n\n\n\n<ul class=\"wp-block-list\">\n<li>D\u00fcz Tabanl\u0131 Tasar\u0131m: D\u00fcz tabanl\u0131 tasar\u0131m, torbalar\u0131n doldurulduktan sonra kendi ba\u015flar\u0131na durmas\u0131n\u0131 sa\u011flayarak rafta sergilenmesini ve t\u00fcketicilerin bunlar\u0131 saklamas\u0131n\u0131 kolayla\u015ft\u0131r\u0131r.<\/li>\n<\/ul>\n\n\n\n<p><\/p>\n\n\n\n<ul class=\"wp-block-list\">\n<li>Kendinden s\u0131zd\u0131rmazl\u0131k Fonksiyonu: Kendinden s\u0131zd\u0131rmaz tasar\u0131m, po\u015fetin birden \u00e7ok kez a\u00e7\u0131l\u0131p kapat\u0131lmas\u0131na olanak tan\u0131yarak \u00e7ay\u0131 taze ve t\u00fcketiciler i\u00e7in uygun tutar.<\/li>\n<\/ul>\n\n\n\n<p><\/p>\n\n\n\n<ul class=\"wp-block-list\">\n<li>Y\u00fcksek Kaliteli Bask\u0131: \u00c7ay po\u015fetinin d\u0131\u015f malzemesi genellikle grafiklerin ve marka bilgilerinin y\u00fcksek kalitede bas\u0131lmas\u0131na olanak tan\u0131yan iyi bir bask\u0131 adaptasyonuna sahiptir.<\/li>\n<\/ul>\n\n\n\n<p><\/p>\n\n\n\n<ul class=\"wp-block-list\">\n<li>\u00c7e\u015fitli Tasar\u0131mlar: \u00d6zelle\u015ftirilmi\u015f bask\u0131, marka logolar\u0131, \u00fcr\u00fcn bilgileri ve yarat\u0131c\u0131 desenler dahil olmak \u00fczere m\u00fc\u015fteri ihtiya\u00e7lar\u0131na g\u00f6re \u00e7e\u015fitli tasar\u0131mlara olanak tan\u0131r.<\/li>\n<\/ul>\n<\/div>\n\n\n\n<div class=\"wp-block-column is-layout-flow wp-block-column-is-layout-flow\">\n<h2 class=\"wp-block-heading\"><\/h2>\n\n\n\n<figure class=\"wp-block-image size-full\"><img decoding=\"async\" src=\"https:\/\/hyflexpack.com\/wp-content\/uploads\/2024\/05\/Custom-Tea-Pouch-5.webp\" alt=\"\u00d6zel \u00c7ay Po\u015feti\" class=\"wp-image-2999\" \/><\/figure>\n<\/div>\n<\/div>","protected":false},"excerpt":{"rendered":"<p>Modern \u00e7ay pazar\u0131nda rekabet\u00e7i bir ambalaj \u00e7\u00f6z\u00fcm\u00fc i\u00e7in i\u015flevselli\u011fi, g\u00f6rsel \u00e7ekicili\u011fi ve \u00e7evresel faydalar\u0131 bir araya getiren bu \u00e7ay po\u015fetleri kare d\u00fcz tabanl\u0131 po\u015fet hakk\u0131nda daha fazla bilgi edinin. Sorgulamaya ho\u015f geldiniz!<\/p>\n<h3>\u00c7ay Po\u015fetinin Avantajlar\u0131<\/h3>\n<ul>\n<li><strong>\u00d6zel Tasar\u0131m<\/strong>: M\u00fc\u015fterilerin ihtiya\u00e7lar\u0131n\u0131 kar\u015f\u0131lamak i\u00e7in OEM ve ODM'yi destekleyen malzeme, boyut ve bask\u0131 deseni \u00f6zelle\u015ftirmesi dahil olmak \u00fczere \u00f6zelle\u015ftirilmi\u015f tasar\u0131m \u00e7ay po\u015fetleri hizmeti sunuyoruz.<\/li>\n<li><strong>Rekabet Avantaj\u0131<\/strong>: Bu \u00e7ay po\u015fetleri, \u00e7ok i\u015flevli tasar\u0131mlar\u0131 (kendinden s\u0131zd\u0131rmaz ve metal telli kapatma gibi) ve y\u00fcksek kaliteli bask\u0131lar\u0131 sayesinde \u00fcr\u00fcnlerin pazardaki rekabet g\u00fcc\u00fcn\u00fc \u00f6nemli \u00f6l\u00e7\u00fcde art\u0131rabilir.<\/li>\n<li><strong>\u00c7evre Dostu Malzemeler<\/strong>: Biyolojik olarak par\u00e7alanabilen veya geri d\u00f6n\u00fc\u015ft\u00fcr\u00fclebilen kompozit malzemeler gibi \u00e7evre dostu malzemelerin kullan\u0131lmas\u0131. Bu, t\u00fcketicilerin \u00e7evresel ihtiya\u00e7lar\u0131n\u0131 kar\u015f\u0131lar ve \u015firketlerin ye\u015fil bir marka imaj\u0131 olu\u015fturmas\u0131na yard\u0131mc\u0131 olur.<\/li>\n<li><strong>\u00dcretim Verimlili\u011fi<\/strong>: Modern \u00fcretim ekipmanlar\u0131 ve teknikleri \u00fcretim verimlili\u011fini art\u0131rabilir, birim maliyetleri azaltabilir ve y\u00fcksek kaliteli \u00fcr\u00fcnlerin tutarl\u0131 bir \u015fekilde tedarik edilmesini sa\u011flayabilir.<\/li>\n<li><strong>\u00dccretsiz \u00d6rnek<\/strong>: \u00dcr\u00fcnleri de\u011ferlendirebilmeniz i\u00e7in \u00fccretsiz numune hizmeti verilmektedir.<\/li>\n<\/ul>\n<p>Huiyang Packaging, m\u00fc\u015fterilerin \u00fcr\u00fcn imajlar\u0131n\u0131 ve \u00e7evre koruma ihtiya\u00e7lar\u0131n\u0131 iyile\u015ftirmelerine ve pazar rekabet g\u00fcc\u00fcn\u00fc art\u0131rmalar\u0131na yard\u0131mc\u0131 olmak i\u00e7in m\u00fc\u015fterilere y\u00fcksek kaliteli, \u00f6zelle\u015ftirilmi\u015f \u00e7ay po\u015fetleri sa\u011flamay\u0131 taahh\u00fct eder.<\/p>\n<p>&nbsp;<\/p>","protected":false},"featured_media":2995,"comment_status":"open","ping_status":"closed","template":"","meta":[],"product_brand":[],"product_cat":[58],"product_tag":[],"class_list":{"0":"post-2994","1":"product","2":"type-product","3":"status-publish","4":"has-post-thumbnail","6":"product_cat-tea-bag-packaging","8":"first","9":"instock","10":"shipping-taxable","11":"product-type-simple"},"_links":{"self":[{"href":"https:\/\/www.hyflexpack.com\/tr\/wp-json\/wp\/v2\/product\/2994","targetHints":{"allow":["GET"]}}],"collection":[{"href":"https:\/\/www.hyflexpack.com\/tr\/wp-json\/wp\/v2\/product"}],"about":[{"href":"https:\/\/www.hyflexpack.com\/tr\/wp-json\/wp\/v2\/types\/product"}],"replies":[{"embeddable":true,"href":"https:\/\/www.hyflexpack.com\/tr\/wp-json\/wp\/v2\/comments?post=2994"}],"wp:featuredmedia":[{"embeddable":true,"href":"https:\/\/www.hyflexpack.com\/tr\/wp-json\/wp\/v2\/media\/2995"}],"wp:attachment":[{"href":"https:\/\/www.hyflexpack.com\/tr\/wp-json\/wp\/v2\/media?parent=2994"}],"wp:term":[{"taxonomy":"product_brand","embeddable":true,"href":"https:\/\/www.hyflexpack.com\/tr\/wp-json\/wp\/v2\/product_brand?post=2994"},{"taxonomy":"product_cat","embeddable":true,"href":"https:\/\/www.hyflexpack.com\/tr\/wp-json\/wp\/v2\/product_cat?post=2994"},{"taxonomy":"product_tag","embeddable":true,"href":"https:\/\/www.hyflexpack.com\/tr\/wp-json\/wp\/v2\/product_tag?post=2994"}],"curies":[{"name":"wp","href":"https:\/\/api.w.org\/{rel}","templated":true}]}}