{"id":2988,"date":"2024-05-17T03:27:44","date_gmt":"2024-05-17T03:27:44","guid":{"rendered":"https:\/\/hyflexpack.com\/?post_type=product&#038;p=2988"},"modified":"2025-03-14T06:49:19","modified_gmt":"2025-03-14T06:49:19","slug":"custom-coffee-bag","status":"publish","type":"product","link":"https:\/\/www.hyflexpack.com\/tr\/product\/custom-coffee-bag\/","title":{"rendered":"\u00d6zel Kahve Torbas\u0131 Etiketleri Gaz Giderme Valfli Kolay Y\u0131rt\u0131labilir Stand Up K\u0131l\u0131f\u0131"},"content":{"rendered":"<div class=\"wp-block-columns is-layout-flex wp-container-core-columns-is-layout-9d6595d7 wp-block-columns-is-layout-flex\">\n<div class=\"wp-block-column is-layout-flow wp-block-column-is-layout-flow\">\n<h3 class=\"wp-block-heading\">Y\u00fcksek Kaliteli Kahve Po\u015fetinin \u00d6zellikleri<\/h3>\n\n\n\n<ul class=\"wp-block-list\">\n<li>Kolay Y\u0131rt\u0131labilir Tasar\u0131m: \u00d6zel kahve po\u015feti, t\u00fcketicilerin kahveye kolay eri\u015fim i\u00e7in po\u015feti a\u00e7mas\u0131n\u0131 kolayla\u015ft\u0131ran ve kullan\u0131c\u0131 deneyimini geli\u015ftiren kolay y\u0131rtma tasar\u0131m\u0131yla tasarlanm\u0131\u015ft\u0131r.<\/li>\n<\/ul>\n\n\n\n<p><\/p>\n\n\n\n<ul class=\"wp-block-list\">\n<li>Gaz Giderme Valfi Teknolojisi: Gaz giderme valfi teknolojisi ile donat\u0131lm\u0131\u015f olup, kahvenin tazeli\u011fini ve tad\u0131n\u0131 korumak ve raf \u00f6mr\u00fcn\u00fc uzatmak i\u00e7in torban\u0131n i\u00e7indeki gaz\u0131 etkili bir \u015fekilde serbest b\u0131rakabilir.<\/li>\n<\/ul>\n\n\n\n<p><\/p>\n\n\n\n<ul class=\"wp-block-list\">\n<li>Aya\u011fa Kalkan Po\u015fet Tasar\u0131m\u0131: Dik duran po\u015fet tasar\u0131m\u0131 ile sabit bir \u015fekilde ayakta durabilir, po\u015fetin raftaki sergileme etkisini art\u0131r\u0131r, t\u00fcketicilerin dikkatini \u00e7eker ve sat\u0131\u015flar\u0131 art\u0131r\u0131r.<\/li>\n<\/ul>\n\n\n\n<p><\/p>\n\n\n\n<ul class=\"wp-block-list\">\n<li>Y\u00fcksek Kaliteli G\u0131da Malzemeleri: \u00dcr\u00fcn\u00fcn sa\u011fl\u0131k ve g\u00fcvenlik standartlar\u0131n\u0131 kar\u015f\u0131lad\u0131\u011f\u0131ndan emin olmak i\u00e7in g\u0131da s\u0131n\u0131f\u0131 malzemelerle \u00fcretilmi\u015ftir ve kahve i\u00e7in g\u00fcvenilir koruma sa\u011flar.<\/li>\n<\/ul>\n\n\n\n<p><\/p>\n\n\n\n<ul class=\"wp-block-list\">\n<li>Marka Konumland\u0131rma: Daha fazla t\u00fcketici \u00e7ekmek i\u00e7in ki\u015fiselle\u015ftirilmi\u015f tasar\u0131m ve bask\u0131 yoluyla marka imaj\u0131n\u0131 ve mesaj\u0131n\u0131 vurgulay\u0131n.<\/li>\n<\/ul>\n\n\n\n<p><\/p>\n\n\n\n<ul class=\"wp-block-list\">\n<li>S\u00fcrd\u00fcr\u00fclebilirlik: \u00c7evre dostu \u00fcr\u00fcnlere y\u00f6nelik t\u00fcketici tercihleri do\u011frultusunda biyolojik olarak par\u00e7alanabilen malzemeler kullanmay\u0131 veya geri d\u00f6n\u00fc\u015ft\u00fcr\u00fclebilir po\u015fetler piyasaya s\u00fcrmeyi d\u00fc\u015f\u00fcn\u00fcn.<\/li>\n<\/ul>\n<\/div>\n\n\n\n<div class=\"wp-block-column is-layout-flow wp-block-column-is-layout-flow\">\n<h3 class=\"wp-block-heading\"><\/h3>\n\n\n\n<figure class=\"wp-block-image size-full\"><img fetchpriority=\"high\" decoding=\"async\" width=\"750\" height=\"750\" src=\"https:\/\/hyflexpack.com\/wp-content\/uploads\/2024\/05\/Custom-Coffee-Bag-1.webp\" alt=\"\u00d6zel Kahve Po\u015feti\" class=\"wp-image-2989\" srcset=\"https:\/\/www.hyflexpack.com\/wp-content\/uploads\/2024\/05\/Custom-Coffee-Bag-1.webp 750w, https:\/\/www.hyflexpack.com\/wp-content\/uploads\/2024\/05\/Custom-Coffee-Bag-1-300x300.webp 300w, https:\/\/www.hyflexpack.com\/wp-content\/uploads\/2024\/05\/Custom-Coffee-Bag-1-150x150.webp 150w, https:\/\/www.hyflexpack.com\/wp-content\/uploads\/2024\/05\/Custom-Coffee-Bag-1-285x285.webp 285w, https:\/\/www.hyflexpack.com\/wp-content\/uploads\/2024\/05\/Custom-Coffee-Bag-1-270x270.webp 270w, https:\/\/www.hyflexpack.com\/wp-content\/uploads\/2024\/05\/Custom-Coffee-Bag-1-540x540.webp 540w, https:\/\/www.hyflexpack.com\/wp-content\/uploads\/2024\/05\/Custom-Coffee-Bag-1-660x660.webp 660w\" sizes=\"(max-width: 750px) 100vw, 750px\" \/><\/figure>\n<\/div>\n<\/div>","protected":false},"excerpt":{"rendered":"<p>Kahvenize rahat bir deneyim ve uzun s\u00fcreli taze bir tat vermek i\u00e7in tasarlanm\u0131\u015f, y\u0131rt\u0131lmas\u0131 kolay tasar\u0131m, gaz giderme valfi teknolojisi ve dik duran po\u015fet tasar\u0131m\u0131n\u0131 bir araya getiren kahve po\u015fetlerimiz hakk\u0131nda daha fazla bilgi edinin. Kahve markan\u0131za kolayl\u0131k ve kalite g\u00fcvencesi katmak i\u00e7in \u00fcr\u00fcnlerimizi se\u00e7in.<\/p>\n<h3>Kahve Po\u015fetinin Avantajlar\u0131<\/h3>\n<ul>\n<li><strong>\u00d6zel Tasar\u0131m<\/strong>: Huiyang, ki\u015fiselle\u015ftirilmi\u015f esnek ambalaj tasar\u0131m hizmetleri sunmaktad\u0131r. \u0130ster \u00f6zelle\u015ftirilmi\u015f bir etikete, ister paket \u015fekline veya renge ihtiyac\u0131n\u0131z olsun, ihtiya\u00e7lar\u0131n\u0131z\u0131 kar\u015f\u0131layabiliriz.<\/li>\n<li><strong>\u00dcretim<\/strong>: Geli\u015fmi\u015f ekipman ve teknoloji ile sipari\u015flerin \u00fcretimini y\u00fcksek verimlilik ve y\u00fcksek kalite ile tamamlayabiliyor ve zaman\u0131nda teslim edebiliyoruz.<\/li>\n<li><strong>Kalite Denetimi<\/strong>: \u00dcr\u00fcnlerimizin standartlar\u0131 kar\u015f\u0131lad\u0131\u011f\u0131ndan emin olmak i\u00e7in kalite standartlar\u0131n\u0131 ve g\u0131da g\u00fcvenli\u011fi gereksinimlerini s\u0131k\u0131 bir \u015fekilde takip ediyoruz.<\/li>\n<li><strong>Tam hizmet<\/strong>: Tasar\u0131mdan \u00fcretime ve teslimata kadar tek elden hizmet, m\u00fc\u015fterilerin y\u00fcksek kaliteli \u00f6zelle\u015ftirilmi\u015f esnek ambalajlar\u0131 kolayca elde edebilmelerini sa\u011flayarak zaman ve enerji tasarrufu sa\u011flar.<\/li>\n<li><strong>\u00dccretsiz \u00d6rnek<\/strong>: \u00dcr\u00fcnleri de\u011ferlendirebilmeniz i\u00e7in \u00fccretsiz numune hizmeti veriyoruz.<\/li>\n<\/ul>\n<p>Huiyang Packaging, i\u015fletmenizin pazardaki rekabette \u00f6ne \u00e7\u0131kmas\u0131na ve m\u00fc\u015fterilerin y\u00fcksek kalite, kolayl\u0131k ve \u00e7evre koruma ihtiya\u00e7lar\u0131n\u0131 kar\u015f\u0131lamas\u0131na yard\u0131mc\u0131 olabilir. \u00a0<\/p>","protected":false},"featured_media":2990,"comment_status":"open","ping_status":"closed","template":"","meta":[],"product_brand":[],"product_cat":[55],"product_tag":[],"class_list":{"0":"post-2988","1":"product","2":"type-product","3":"status-publish","4":"has-post-thumbnail","6":"product_cat-custom-coffee-packaging","8":"first","9":"instock","10":"shipping-taxable","11":"product-type-simple"},"_links":{"self":[{"href":"https:\/\/www.hyflexpack.com\/tr\/wp-json\/wp\/v2\/product\/2988","targetHints":{"allow":["GET"]}}],"collection":[{"href":"https:\/\/www.hyflexpack.com\/tr\/wp-json\/wp\/v2\/product"}],"about":[{"href":"https:\/\/www.hyflexpack.com\/tr\/wp-json\/wp\/v2\/types\/product"}],"replies":[{"embeddable":true,"href":"https:\/\/www.hyflexpack.com\/tr\/wp-json\/wp\/v2\/comments?post=2988"}],"wp:featuredmedia":[{"embeddable":true,"href":"https:\/\/www.hyflexpack.com\/tr\/wp-json\/wp\/v2\/media\/2990"}],"wp:attachment":[{"href":"https:\/\/www.hyflexpack.com\/tr\/wp-json\/wp\/v2\/media?parent=2988"}],"wp:term":[{"taxonomy":"product_brand","embeddable":true,"href":"https:\/\/www.hyflexpack.com\/tr\/wp-json\/wp\/v2\/product_brand?post=2988"},{"taxonomy":"product_cat","embeddable":true,"href":"https:\/\/www.hyflexpack.com\/tr\/wp-json\/wp\/v2\/product_cat?post=2988"},{"taxonomy":"product_tag","embeddable":true,"href":"https:\/\/www.hyflexpack.com\/tr\/wp-json\/wp\/v2\/product_tag?post=2988"}],"curies":[{"name":"wp","href":"https:\/\/api.w.org\/{rel}","templated":true}]}}