{"id":2978,"date":"2024-05-16T10:38:12","date_gmt":"2024-05-16T10:38:12","guid":{"rendered":"https:\/\/hyflexpack.com\/?post_type=product&#038;p=2978"},"modified":"2025-11-04T09:11:15","modified_gmt":"2025-11-04T09:11:15","slug":"wholesale-coffee-bags","status":"publish","type":"product","link":"https:\/\/www.hyflexpack.com\/tr\/product\/wholesale-coffee-bags\/","title":{"rendered":"Toptan Kahve Torbalar\u0131 Fermuarl\u0131 \u00c7antalar OEM Y\u00fcksek Kaliteli Stand Up K\u0131l\u0131f\u0131"},"content":{"rendered":"<div class=\"wp-block-columns is-layout-flex wp-container-core-columns-is-layout-9d6595d7 wp-block-columns-is-layout-flex\">\n<div class=\"wp-block-column is-layout-flow wp-block-column-is-layout-flow\">\n<h3 class=\"wp-block-heading\">Features of High Quality Coffee Bags<\/h3>\n\n\n\n<ul class=\"wp-block-list\">\n<li>High Quality Food Material: we use high quality materials to produce the coffee bags, ensuring the product has excellent durability and food safety, providing reliable protection for your coffee.<\/li>\n<\/ul>\n\n\n\n<p><\/p>\n\n\n\n<ul class=\"wp-block-list\">\n<li>Convenient Zipper Design: Equipped with a convenient zipper closure, which makes the opening and closing of the bag easy and convenient, users can enjoy their coffee conveniently at any time and keep the fresh taste of coffee.<\/li>\n<\/ul>\n\n\n\n<p><\/p>\n\n\n\n<ul class=\"wp-block-list\">\n<li>Stand-up Pouch Design: Adopting a three-dimensional pouch design, it can stand up stably, making the pouch more eye-catching to display on shelves and increasing product sales and brand exposure.<\/li>\n<\/ul>\n\n\n\n<p><\/p>\n\n\n\n<ul class=\"wp-block-list\">\n<li>Multi-functionality: In addition to coffee, these bags are also suitable for packaging a variety of food and non-food products, such as snacks, nuts, dried fruits, etc., with a wide range of applications.<\/li>\n<\/ul>\n\n\n\n<p><\/p>\n\n\n\n<ul class=\"wp-block-list\">\n<li>Superior Printing Quality: We use advanced printing technology and high-quality inks to ensure clear and vibrant print patterns, enhancing brand image and product appeal.<\/li>\n<\/ul>\n\n\n\n<p><\/p>\n\n\n\n<ul class=\"wp-block-list\">\n<li>S\u00fcrd\u00fcr\u00fclebilirlik: \u00c7evre dostu \u00fcr\u00fcnlere y\u00f6nelik t\u00fcketici tercihleri do\u011frultusunda biyolojik olarak par\u00e7alanabilen malzemeler kullanmay\u0131 veya geri d\u00f6n\u00fc\u015ft\u00fcr\u00fclebilir po\u015fetler piyasaya s\u00fcrmeyi d\u00fc\u015f\u00fcn\u00fcn.<\/li>\n<\/ul>\n<\/div>\n\n\n\n<div class=\"wp-block-column is-layout-flow wp-block-column-is-layout-flow\">\n<h3 class=\"wp-block-heading\"><\/h3>\n\n\n\n<figure class=\"wp-block-image size-full\"><img fetchpriority=\"high\" decoding=\"async\" width=\"750\" height=\"750\" src=\"https:\/\/hyflexpack.com\/wp-content\/uploads\/2024\/05\/Wholesale-Coffee-Bags-1.webp\" alt=\"Toptan Kahve Po\u015fetleri\" class=\"wp-image-2979\" srcset=\"https:\/\/www.hyflexpack.com\/wp-content\/uploads\/2024\/05\/Wholesale-Coffee-Bags-1.webp 750w, https:\/\/www.hyflexpack.com\/wp-content\/uploads\/2024\/05\/Wholesale-Coffee-Bags-1-300x300.webp 300w, https:\/\/www.hyflexpack.com\/wp-content\/uploads\/2024\/05\/Wholesale-Coffee-Bags-1-150x150.webp 150w, https:\/\/www.hyflexpack.com\/wp-content\/uploads\/2024\/05\/Wholesale-Coffee-Bags-1-285x285.webp 285w, https:\/\/www.hyflexpack.com\/wp-content\/uploads\/2024\/05\/Wholesale-Coffee-Bags-1-270x270.webp 270w, https:\/\/www.hyflexpack.com\/wp-content\/uploads\/2024\/05\/Wholesale-Coffee-Bags-1-540x540.webp 540w, https:\/\/www.hyflexpack.com\/wp-content\/uploads\/2024\/05\/Wholesale-Coffee-Bags-1-660x660.webp 660w\" sizes=\"(max-width: 750px) 100vw, 750px\" \/><\/figure>\n<\/div>\n<\/div>","protected":false},"excerpt":{"rendered":"<p>Our coffee bags zipper bags have the advantage of appearance, the stand up pouch design ensures that the coffee is not deformed during the packaging process and maintains the original aroma and taste. The OEM and ODM services offered by Huiyang Packaging mean that you can personalize your packaging, infusing brand image and story into each bag. Get in touch with us today!<\/p>\n<h3>Advantages of Coffee Bags<\/h3>\n<ul>\n<li><strong>\u00d6zel Tasar\u0131m<\/strong>: We provide customized design coffee bags service, customized size, color, design and printing according to customer&#8217;s needs, ensure the product is different and highlight the brand image, support OEM and ODM.<\/li>\n<li><strong>Professional Design Team<\/strong>: We have an experienced R&amp;D and design team to provide customers with innovative and practical design solutions.<\/li>\n<li><strong>H\u0131zl\u0131 M\u00fcdahale<\/strong>: Efficient operation, quick response to customer needs, ensuring timely delivery of satisfactory solutions.<\/li>\n<li><strong>Kalite G\u00fcvence<\/strong>: Strictly follow the international quality management standards, high-quality materials and advanced technology to ensure stable and reliable product quality.<\/li>\n<li><strong>Comprehensive After-sales Service<\/strong>: We actively listen to customers&#8217; feedback, continuously improve our products and services, and establish long-term and stable cooperative relationships.<\/li>\n<\/ul>\n<p>Huiyang Packaging is committed to providing customers with high quality and customized coffee bags to help customers improve their product image and enhance market competitiveness.<\/p>","protected":false},"featured_media":2984,"comment_status":"open","ping_status":"closed","template":"","meta":[],"product_brand":[],"product_cat":[51,55],"product_tag":[],"class_list":{"0":"post-2978","1":"product","2":"type-product","3":"status-publish","4":"has-post-thumbnail","6":"product_cat-custom-food-packaging-bags","7":"product_cat-custom-coffee-packaging","9":"first","10":"instock","11":"shipping-taxable","12":"product-type-simple"},"_links":{"self":[{"href":"https:\/\/www.hyflexpack.com\/tr\/wp-json\/wp\/v2\/product\/2978","targetHints":{"allow":["GET"]}}],"collection":[{"href":"https:\/\/www.hyflexpack.com\/tr\/wp-json\/wp\/v2\/product"}],"about":[{"href":"https:\/\/www.hyflexpack.com\/tr\/wp-json\/wp\/v2\/types\/product"}],"replies":[{"embeddable":true,"href":"https:\/\/www.hyflexpack.com\/tr\/wp-json\/wp\/v2\/comments?post=2978"}],"wp:featuredmedia":[{"embeddable":true,"href":"https:\/\/www.hyflexpack.com\/tr\/wp-json\/wp\/v2\/media\/2984"}],"wp:attachment":[{"href":"https:\/\/www.hyflexpack.com\/tr\/wp-json\/wp\/v2\/media?parent=2978"}],"wp:term":[{"taxonomy":"product_brand","embeddable":true,"href":"https:\/\/www.hyflexpack.com\/tr\/wp-json\/wp\/v2\/product_brand?post=2978"},{"taxonomy":"product_cat","embeddable":true,"href":"https:\/\/www.hyflexpack.com\/tr\/wp-json\/wp\/v2\/product_cat?post=2978"},{"taxonomy":"product_tag","embeddable":true,"href":"https:\/\/www.hyflexpack.com\/tr\/wp-json\/wp\/v2\/product_tag?post=2978"}],"curies":[{"name":"wp","href":"https:\/\/api.w.org\/{rel}","templated":true}]}}