{"id":2971,"date":"2024-05-16T10:01:07","date_gmt":"2024-05-16T10:01:07","guid":{"rendered":"https:\/\/hyflexpack.com\/?post_type=product&#038;p=2971"},"modified":"2025-03-14T06:49:44","modified_gmt":"2025-03-14T06:49:44","slug":"ozellestirilmis-kahve-paketleri-fermuarli-canta","status":"publish","type":"product","link":"https:\/\/www.hyflexpack.com\/tr\/product\/customized-coffee-packages-zipper-bag\/","title":{"rendered":"\u00d6zelle\u015ftirilmi\u015f Kahve Paketleri Fermuarl\u0131 \u00c7anta \u00c7ek Valfli Stand-up Torbalar G\u0131da Ambalaj\u0131"},"content":{"rendered":"<div class=\"wp-block-columns is-layout-flex wp-container-core-columns-is-layout-9d6595d7 wp-block-columns-is-layout-flex\">\n<div class=\"wp-block-column is-layout-flow wp-block-column-is-layout-flow\">\n<h3 class=\"wp-block-heading\">Y\u00fcksek Kaliteli Kahve Paketlerinin \u00d6zellikleri<\/h3>\n\n\n\n<ul class=\"wp-block-list\">\n<li>Fermuarl\u0131 \u00c7anta Tasar\u0131m\u0131: Kahve paketleri kullan\u0131\u015fl\u0131 bir fermuar ve kolay y\u0131rt\u0131labilir tasar\u0131ma sahiptir, bu da kullan\u0131c\u0131lar\u0131n kahveyi taze ve lezzetli tutmak i\u00e7in \u00e7antay\u0131 a\u00e7\u0131p kapatmas\u0131n\u0131 kolayla\u015ft\u0131r\u0131r.<\/li>\n<\/ul>\n\n\n\n<p><\/p>\n\n\n\n<ul class=\"wp-block-list\">\n<li>Dik Duran Po\u015fet Tasar\u0131m\u0131: Geleneksel d\u00fcz po\u015fetlerin aksine bu po\u015fetler, dolduruldu\u011funda po\u015fetin sabit kalmas\u0131n\u0131 sa\u011flayan ve \u00fcr\u00fcn\u00fcn rafta sergilenmesine yard\u0131mc\u0131 olan dik duran bir po\u015fet tasar\u0131m\u0131na sahiptir.<\/li>\n<\/ul>\n\n\n\n<p><\/p>\n\n\n\n<ul class=\"wp-block-list\">\n<li>\u00c7ek Valf Teknolojisi: Dahili \u00e7ek valf teknolojisi, kahvenin tazeli\u011fini ve kalitesini korumak i\u00e7in paketin i\u00e7indeki gaz\u0131 tahliye eder, oksijen ve nemin pakete girmesini \u00f6nler.<\/li>\n<\/ul>\n\n\n\n<p><\/p>\n\n\n\n<ul class=\"wp-block-list\">\n<li>G\u0131daya uygun malzeme: \u00dcr\u00fcn\u00fcn sa\u011fl\u0131k ve g\u00fcvenlik standartlar\u0131n\u0131 kar\u015f\u0131lad\u0131\u011f\u0131ndan ve g\u0131dalar\u0131 paketlemek i\u00e7in g\u00fcvenle kullan\u0131labilece\u011finden emin olmak i\u00e7in g\u0131da s\u0131n\u0131f\u0131 malzeme ile \u00fcretilmi\u015ftir.<\/li>\n<\/ul>\n\n\n\n<p><\/p>\n\n\n\n<ul class=\"wp-block-list\">\n<li>Bask\u0131 \u00d6zelle\u015ftirme: T\u00fcketicileri \u00e7ekmek, marka imaj\u0131n\u0131 ve pazar rekabet g\u00fcc\u00fcn\u00fc art\u0131rmak i\u00e7in marka logosu, \u00fcr\u00fcn bilgileri ve tasar\u0131m dahil olmak \u00fczere m\u00fc\u015fterinin ihtiya\u00e7lar\u0131na g\u00f6re \u00f6zelle\u015ftirilmi\u015f bask\u0131 yap\u0131labilir.<\/li>\n<\/ul>\n\n\n\n<p><\/p>\n\n\n\n<ul class=\"wp-block-list\">\n<li>\u00c7ok i\u015flevlilik: Bu torbalar kahvenin yan\u0131 s\u0131ra at\u0131\u015ft\u0131rmal\u0131klar, kuruyemi\u015fler, \u015fekerler vb. gibi di\u011fer g\u0131da ve g\u0131da d\u0131\u015f\u0131 \u00fcr\u00fcnlerin paketlenmesi i\u00e7in de uygundur.<\/li>\n<\/ul>\n<\/div>\n\n\n\n<div class=\"wp-block-column is-layout-flow wp-block-column-is-layout-flow\">\n<h3 class=\"wp-block-heading\"><\/h3>\n\n\n\n<figure class=\"wp-block-image size-full\"><img fetchpriority=\"high\" decoding=\"async\" width=\"750\" height=\"750\" src=\"https:\/\/hyflexpack.com\/wp-content\/uploads\/2024\/05\/Customized-Coffee-Packages-4.webp\" alt=\"\u00d6zel Kahve Paketleri (1)\" class=\"wp-image-2975\" srcset=\"https:\/\/www.hyflexpack.com\/wp-content\/uploads\/2024\/05\/Customized-Coffee-Packages-4.webp 750w, https:\/\/www.hyflexpack.com\/wp-content\/uploads\/2024\/05\/Customized-Coffee-Packages-4-300x300.webp 300w, https:\/\/www.hyflexpack.com\/wp-content\/uploads\/2024\/05\/Customized-Coffee-Packages-4-150x150.webp 150w, https:\/\/www.hyflexpack.com\/wp-content\/uploads\/2024\/05\/Customized-Coffee-Packages-4-285x285.webp 285w, https:\/\/www.hyflexpack.com\/wp-content\/uploads\/2024\/05\/Customized-Coffee-Packages-4-270x270.webp 270w, https:\/\/www.hyflexpack.com\/wp-content\/uploads\/2024\/05\/Customized-Coffee-Packages-4-540x540.webp 540w, https:\/\/www.hyflexpack.com\/wp-content\/uploads\/2024\/05\/Customized-Coffee-Packages-4-660x660.webp 660w\" sizes=\"(max-width: 750px) 100vw, 750px\" \/><\/figure>\n<\/div>\n<\/div>","protected":false},"excerpt":{"rendered":"<p>Kahve paketlerini ke\u015ffedin G\u0131da ambalaj\u0131 i\u00e7in \u00e7ek valf ile donat\u0131lm\u0131\u015f fermuarl\u0131 po\u015fetler, rahatl\u0131\u011f\u0131 ve i\u015flevselli\u011fi m\u00fckemmel bir \u015fekilde birle\u015ftirir. Kahvenin tazeli\u011fini ve tad\u0131n\u0131 korumak i\u00e7in y\u00fcksek kaliteli malzemelerden yap\u0131lm\u0131\u015ft\u0131r. \u015eimdi bize ula\u015f\u0131n ve birlikte ola\u011fan\u00fcst\u00fc kahve paketleme \u00e7\u00f6z\u00fcmleri yaratal\u0131m!<\/p>\n<h3>Kahve Paketlerinin Avantajlar\u0131<\/h3>\n<ul>\n<li><strong>\u00d6zel Tasar\u0131m<\/strong>: M\u00fc\u015fterinin ihtiya\u00e7lar\u0131n\u0131 kar\u015f\u0131lamak, OEM ve ODM'yi desteklemek i\u00e7in malzeme, boyut ve bask\u0131 deseni \u00f6zelle\u015ftirmesi dahil olmak \u00fczere \u00f6zelle\u015ftirilmi\u015f tasar\u0131m kahve paketleri hizmeti sunuyoruz.<\/li>\n<li><strong>\u00dcretim<\/strong>: Geli\u015fmi\u015f ekipman ve teknoloji ile sipari\u015fleri y\u00fcksek verimlilik ve kalitede \u00fcretebiliyor ve zaman\u0131nda teslim edebiliyoruz.<\/li>\n<li><strong>Kalite Denetimi<\/strong>: \u00dcr\u00fcnlerimizin standartlar\u0131 kar\u015f\u0131lad\u0131\u011f\u0131ndan emin olmak i\u00e7in kalite standartlar\u0131na ve g\u0131da g\u00fcvenli\u011fi gerekliliklerine kesinlikle uyuyoruz.<\/li>\n<li><strong>Teknik Destek Ekibi<\/strong>: Ekibimiz, m\u00fc\u015fterilerimize teknik destek ve 24 saat dan\u0131\u015fmanl\u0131k hizmetleri sunmak i\u00e7in zengin end\u00fcstri deneyimine ve profesyonel bilgiye sahiptir.<\/li>\n<li><strong>\u00dccretsiz \u00d6rnekler<\/strong>: \u00dcr\u00fcnlerimizi de\u011ferlendirmeniz i\u00e7in \u00fccretsiz numune sa\u011fl\u0131yoruz.<\/li>\n<\/ul>\n<p>Huiyang Packaging, m\u00fc\u015fterilerin \u00fcr\u00fcn imajlar\u0131n\u0131 geli\u015ftirmelerine ve pazar rekabet g\u00fcc\u00fcn\u00fc art\u0131rmalar\u0131na yard\u0131mc\u0131 olmak i\u00e7in m\u00fc\u015fterilere y\u00fcksek kaliteli ve \u00f6zelle\u015ftirilmi\u015f kahve paketleri sunmay\u0131 taahh\u00fct eder.<\/p>","protected":false},"featured_media":2972,"comment_status":"open","ping_status":"closed","template":"","meta":[],"product_brand":[],"product_cat":[55],"product_tag":[],"class_list":{"0":"post-2971","1":"product","2":"type-product","3":"status-publish","4":"has-post-thumbnail","6":"product_cat-custom-coffee-packaging","8":"first","9":"instock","10":"shipping-taxable","11":"product-type-simple"},"_links":{"self":[{"href":"https:\/\/www.hyflexpack.com\/tr\/wp-json\/wp\/v2\/product\/2971","targetHints":{"allow":["GET"]}}],"collection":[{"href":"https:\/\/www.hyflexpack.com\/tr\/wp-json\/wp\/v2\/product"}],"about":[{"href":"https:\/\/www.hyflexpack.com\/tr\/wp-json\/wp\/v2\/types\/product"}],"replies":[{"embeddable":true,"href":"https:\/\/www.hyflexpack.com\/tr\/wp-json\/wp\/v2\/comments?post=2971"}],"wp:featuredmedia":[{"embeddable":true,"href":"https:\/\/www.hyflexpack.com\/tr\/wp-json\/wp\/v2\/media\/2972"}],"wp:attachment":[{"href":"https:\/\/www.hyflexpack.com\/tr\/wp-json\/wp\/v2\/media?parent=2971"}],"wp:term":[{"taxonomy":"product_brand","embeddable":true,"href":"https:\/\/www.hyflexpack.com\/tr\/wp-json\/wp\/v2\/product_brand?post=2971"},{"taxonomy":"product_cat","embeddable":true,"href":"https:\/\/www.hyflexpack.com\/tr\/wp-json\/wp\/v2\/product_cat?post=2971"},{"taxonomy":"product_tag","embeddable":true,"href":"https:\/\/www.hyflexpack.com\/tr\/wp-json\/wp\/v2\/product_tag?post=2971"}],"curies":[{"name":"wp","href":"https:\/\/api.w.org\/{rel}","templated":true}]}}