{"id":2960,"date":"2024-05-15T10:11:41","date_gmt":"2024-05-15T10:11:41","guid":{"rendered":"https:\/\/hyflexpack.com\/?post_type=product&#038;p=2960"},"modified":"2025-03-14T06:49:54","modified_gmt":"2025-03-14T06:49:54","slug":"ozel-kahve-paketleme-posetleri","status":"publish","type":"product","link":"https:\/\/www.hyflexpack.com\/tr\/product\/custom-coffee-packaging-bags\/","title":{"rendered":"\u00d6zel Kahve Paketleme Torbalar\u0131 D\u00fcz Tabanl\u0131 Torbalar Tek Y\u00f6nl\u00fc Valflerle Kolay Y\u0131rt\u0131lma"},"content":{"rendered":"<div class=\"wp-block-columns is-layout-flex wp-container-core-columns-is-layout-9d6595d7 wp-block-columns-is-layout-flex\">\n<div class=\"wp-block-column is-layout-flow wp-block-column-is-layout-flow\">\n<h3 class=\"wp-block-heading\">Y\u00fcksek Kaliteli Kahve Paketleme Po\u015fetlerinin \u00d6zellikleri<\/h3>\n\n\n\n<p><\/p>\n\n\n\n<ul class=\"wp-block-list\">\n<li>Kolay Y\u0131rt\u0131labilir Tasar\u0131m: Kahve po\u015fetleri, kahve \u00e7ekirdeklerine veya tozuna kolay eri\u015fim sa\u011flayan, kullan\u0131c\u0131 deneyimini iyile\u015ftiren ve k\u0131r\u0131lmay\u0131 veya kirlenmeyi azaltan kolay y\u0131rt\u0131labilir bir tasar\u0131mla tasarlanm\u0131\u015ft\u0131r.<\/li>\n<\/ul>\n\n\n\n<p><\/p>\n\n\n\n<ul class=\"wp-block-list\">\n<li>Tek Y\u00f6nl\u00fc Valf Fonksiyonu: Kahveyi taze tutmak ve raf \u00f6mr\u00fcn\u00fc uzatmak i\u00e7in tek y\u00f6nl\u00fc bir valf ile donat\u0131lm\u0131\u015ft\u0131r.<\/li>\n<\/ul>\n\n\n\n<p><\/p>\n\n\n\n<ul class=\"wp-block-list\">\n<li>D\u00fcz Tabanl\u0131 Tasar\u0131m: \u00dcr\u00fcnlerin sergilenmesini dengeler, sergileme etkisini art\u0131r\u0131r ve daha b\u00fcy\u00fck bir kapasite sa\u011flar.<\/li>\n<\/ul>\n\n\n\n<p><\/p>\n\n\n\n<ul class=\"wp-block-list\">\n<li>Y\u00fcksek Kaliteli G\u0131da Malzemeleri: G\u0131da g\u00fcvenli\u011fi standartlar\u0131na uygun olarak neme dayan\u0131kl\u0131, oksidasyona dayan\u0131kl\u0131, y\u00fcksek bariyerli, anti-statik ve anti-penetrasyon sa\u011flamak i\u00e7in y\u00fcksek kaliteli malzemelerden yap\u0131lm\u0131\u015ft\u0131r ve kahvenin en iyi durumda kalmas\u0131n\u0131 sa\u011flar.<\/li>\n<\/ul>\n\n\n\n<p><\/p>\n\n\n\n<ul class=\"wp-block-list\">\n<li>Marka Konumland\u0131rma: Daha fazla t\u00fcketici \u00e7ekmek i\u00e7in \u00f6zelle\u015ftirilmi\u015f tasar\u0131m ve bask\u0131 yoluyla marka imaj\u0131n\u0131 ve mesaj\u0131n\u0131 vurgulay\u0131n.<\/li>\n<\/ul>\n\n\n\n<p><\/p>\n\n\n\n<ul class=\"wp-block-list\">\n<li>S\u00fcrd\u00fcr\u00fclebilirlik: \u00c7evre dostu \u00fcr\u00fcnlere y\u00f6nelik t\u00fcketici tercihleri do\u011frultusunda biyolojik olarak par\u00e7alanabilen malzemeler kullanmay\u0131 veya geri d\u00f6n\u00fc\u015ft\u00fcr\u00fclebilir po\u015fetler piyasaya s\u00fcrmeyi d\u00fc\u015f\u00fcn\u00fcn.<\/li>\n<\/ul>\n<\/div>\n\n\n\n<div class=\"wp-block-column is-layout-flow wp-block-column-is-layout-flow\">\n<figure class=\"wp-block-image size-full\"><img fetchpriority=\"high\" decoding=\"async\" width=\"750\" height=\"750\" src=\"https:\/\/hyflexpack.com\/wp-content\/uploads\/2024\/05\/Custom-Coffee-Packaging-Bags-5.webp\" alt=\"\u00d6zel Kahve Paketleme Po\u015fetleri\" class=\"wp-image-2964\" srcset=\"https:\/\/www.hyflexpack.com\/wp-content\/uploads\/2024\/05\/Custom-Coffee-Packaging-Bags-5.webp 750w, https:\/\/www.hyflexpack.com\/wp-content\/uploads\/2024\/05\/Custom-Coffee-Packaging-Bags-5-300x300.webp 300w, https:\/\/www.hyflexpack.com\/wp-content\/uploads\/2024\/05\/Custom-Coffee-Packaging-Bags-5-150x150.webp 150w, https:\/\/www.hyflexpack.com\/wp-content\/uploads\/2024\/05\/Custom-Coffee-Packaging-Bags-5-285x285.webp 285w, https:\/\/www.hyflexpack.com\/wp-content\/uploads\/2024\/05\/Custom-Coffee-Packaging-Bags-5-270x270.webp 270w, https:\/\/www.hyflexpack.com\/wp-content\/uploads\/2024\/05\/Custom-Coffee-Packaging-Bags-5-540x540.webp 540w, https:\/\/www.hyflexpack.com\/wp-content\/uploads\/2024\/05\/Custom-Coffee-Packaging-Bags-5-660x660.webp 660w\" sizes=\"(max-width: 750px) 100vw, 750px\" \/><\/figure>\n<\/div>\n<\/div>\n\n\n\n<div class=\"wp-block-columns is-layout-flex wp-container-core-columns-is-layout-9d6595d7 wp-block-columns-is-layout-flex\">\n<div class=\"wp-block-column is-layout-flow wp-block-column-is-layout-flow\">\n<figure class=\"wp-block-embed is-type-video is-provider-youtube wp-block-embed-youtube wp-embed-aspect-16-9 wp-has-aspect-ratio\"><div class=\"wp-block-embed__wrapper\">\n<iframe title=\"\u00f6zel kahve ambalajlari\" width=\"940\" height=\"529\" src=\"https:\/\/www.youtube.com\/embed\/mcO7TezjD_0?feature=oembed\" frameborder=\"0\" allow=\"accelerometer; autoplay; clipboard-write; encrypted-media; gyroscope; picture-in-picture; web-share\" referrerpolicy=\"strict-origin-when-cross-origin\" allowfullscreen><\/iframe>\n<\/div><\/figure>\n<\/div>\n\n\n\n<div class=\"wp-block-column is-layout-flow wp-block-column-is-layout-flow\">\n<h2 class=\"wp-block-heading\">Markan\u0131z i\u00e7in M\u00fckemmel Kahve Paketleme Po\u015feti \u00c7\u00f6z\u00fcm\u00fc<\/h2>\n\n\n\n<p><\/p>\n\n\n\n<p>T\u0131pk\u0131 kahve \u00e7ekirdekleri, kavurma stilleri ve kahvenin sat\u0131ld\u0131\u011f\u0131 formlar gibi, sekt\u00f6r\u00fcn s\u00fcrekli geli\u015fen kahve sat\u0131\u015f d\u00fcnyas\u0131nda kahve i\u00e7in de bir\u00e7ok farkl\u0131 ambalaj se\u00e7ene\u011fi vard\u0131r. Kahve paketleme se\u00e7enekleri \u015funlar\u0131 i\u00e7erir:<\/p>\n\n\n\n<p><strong>Malzeme Se\u00e7enekleri<\/strong>Uzat\u0131lm\u0131\u015f raf \u00f6mr\u00fcnden \u00e7evre dostu kahve ambalaj\u0131na kadar.<br><strong>Konfig\u00fcrasyonlar<\/strong>: kare tabanl\u0131, dik duran po\u015fetler, k\u00f6r\u00fckl\u00fc po\u015fetler.<br><strong>\u00d6zellikler<\/strong>: hava deli\u011fi, kolay y\u0131rt\u0131labilir, fermuarl\u0131 tekrar kapat\u0131labilir, lamine bariyer.<\/p>\n<\/div>\n<\/div>","protected":false},"excerpt":{"rendered":"<p>Kolay y\u0131rt\u0131labilen tasar\u0131ma, tek y\u00f6nl\u00fc valf i\u015flevine ve d\u00fcz tabanl\u0131 torba \u015fekline sahip \u00f6zel kahve paketleme po\u015fetlerimizi ke\u015ffedin. Kahvenin taze tad\u0131n\u0131 koruyun, kullan\u0131c\u0131 deneyimini geli\u015ftirin ve markan\u0131z\u0131 sergileyin. Benzersiz bir \u00fcr\u00fcn olu\u015fturmak i\u00e7in hizmetinizi \u00f6zelle\u015ftirin, kahve ambalaj\u0131n\u0131z\u0131 \u00f6ne \u00e7\u0131karmak i\u00e7in bizimle ileti\u015fime ge\u00e7in!<\/p>\n<h3>Kahve Paketleme Po\u015fetleri Tedarik\u00e7isinin Avantajlar\u0131<\/h3>\n<ul>\n<li><strong>\u00d6zel Tasar\u0131m<\/strong>: M\u00fc\u015fterilerin ihtiya\u00e7lar\u0131n\u0131 kar\u015f\u0131lamak i\u00e7in malzeme, boyut ve bask\u0131 deseni \u00f6zelle\u015ftirmesi dahil olmak \u00fczere \u00f6zelle\u015ftirilmi\u015f tasar\u0131m kahve paketleme po\u015fetleri hizmeti sa\u011fl\u0131yoruz ve OEM ve ODM'yi destekliyoruz.<\/li>\n<li><strong>\u00dcretim<\/strong>: Geli\u015fmi\u015f ekipman ve teknoloji ile sipari\u015flerin \u00fcretimini y\u00fcksek verimlilik ve y\u00fcksek kalite ile tamamlayabiliyor ve zaman\u0131nda teslim edebiliyoruz.<\/li>\n<li><strong>Kalite Denetimi<\/strong>: \u00dcr\u00fcnlerin standartlar\u0131 kar\u015f\u0131lad\u0131\u011f\u0131ndan emin olmak i\u00e7in kalite standartlar\u0131n\u0131 ve g\u0131da g\u00fcvenli\u011fi gereksinimlerini s\u0131k\u0131 bir \u015fekilde takip edin.<\/li>\n<li><strong>Teknik Destek Ekibi<\/strong>: Ekibimiz zengin end\u00fcstri deneyimine ve profesyonel bilgiye sahiptir ve m\u00fc\u015fterilerimize teknik destek ve 24 saat dan\u0131\u015fmanl\u0131k hizmeti sa\u011flayabilir.<\/li>\n<li><strong>Sertifikasyon\uff1a<\/strong>\u00a0FDA\/BRC\/ISO 9001\/RoHS<\/li>\n<li><strong>\u00dccretsiz \u00d6rnek<\/strong>: \u00dcr\u00fcnleri de\u011ferlendirmeniz i\u00e7in \u00fccretsiz numune hizmeti sa\u011flay\u0131n.<\/li>\n<\/ul>\n<p>Huiyang Packaging, m\u00fc\u015fterilerin \u00fcr\u00fcn imajlar\u0131n\u0131 iyile\u015ftirmelerine ve pazar rekabet g\u00fcc\u00fcn\u00fc art\u0131rmalar\u0131na yard\u0131mc\u0131 olmak i\u00e7in m\u00fc\u015fterilere y\u00fcksek kaliteli ve \u00f6zel kahve paketleme po\u015fetleri sa\u011flamay\u0131 taahh\u00fct eder.<\/p>","protected":false},"featured_media":2966,"comment_status":"open","ping_status":"closed","template":"","meta":[],"product_brand":[],"product_cat":[55],"product_tag":[],"class_list":{"0":"post-2960","1":"product","2":"type-product","3":"status-publish","4":"has-post-thumbnail","6":"product_cat-custom-coffee-packaging","8":"first","9":"instock","10":"shipping-taxable","11":"product-type-simple"},"_links":{"self":[{"href":"https:\/\/www.hyflexpack.com\/tr\/wp-json\/wp\/v2\/product\/2960","targetHints":{"allow":["GET"]}}],"collection":[{"href":"https:\/\/www.hyflexpack.com\/tr\/wp-json\/wp\/v2\/product"}],"about":[{"href":"https:\/\/www.hyflexpack.com\/tr\/wp-json\/wp\/v2\/types\/product"}],"replies":[{"embeddable":true,"href":"https:\/\/www.hyflexpack.com\/tr\/wp-json\/wp\/v2\/comments?post=2960"}],"wp:featuredmedia":[{"embeddable":true,"href":"https:\/\/www.hyflexpack.com\/tr\/wp-json\/wp\/v2\/media\/2966"}],"wp:attachment":[{"href":"https:\/\/www.hyflexpack.com\/tr\/wp-json\/wp\/v2\/media?parent=2960"}],"wp:term":[{"taxonomy":"product_brand","embeddable":true,"href":"https:\/\/www.hyflexpack.com\/tr\/wp-json\/wp\/v2\/product_brand?post=2960"},{"taxonomy":"product_cat","embeddable":true,"href":"https:\/\/www.hyflexpack.com\/tr\/wp-json\/wp\/v2\/product_cat?post=2960"},{"taxonomy":"product_tag","embeddable":true,"href":"https:\/\/www.hyflexpack.com\/tr\/wp-json\/wp\/v2\/product_tag?post=2960"}],"curies":[{"name":"wp","href":"https:\/\/api.w.org\/{rel}","templated":true}]}}