{"id":2947,"date":"2024-05-15T09:00:31","date_gmt":"2024-05-15T09:00:31","guid":{"rendered":"https:\/\/hyflexpack.com\/?post_type=product&#038;p=2947"},"modified":"2025-11-04T09:11:31","modified_gmt":"2025-11-04T09:11:31","slug":"factory-price-juice-packaging-bags","status":"publish","type":"product","link":"https:\/\/www.hyflexpack.com\/tr\/product\/factory-price-juice-packaging-bags\/","title":{"rendered":"Fabrika Fiyat\u0131 Suyu Paketleme Torbalar\u0131 OEM S\u0131v\u0131 \u0130\u00e7ecekler i\u00e7in Stand Up Bacal\u0131 Torbalar"},"content":{"rendered":"<div class=\"wp-block-columns is-layout-flex wp-container-core-columns-is-layout-9d6595d7 wp-block-columns-is-layout-flex\">\n<div class=\"wp-block-column is-layout-flow wp-block-column-is-layout-flow\">\n<h3 class=\"wp-block-heading\">  \u00d6zel Meyve Suyu Ambalaj Torbalar\u0131 \u00d6zellikleri<\/h3>\n\n\n\n<ul class=\"wp-block-list\">\n<li><strong>Tasar\u0131m \u00d6zellikleri:<\/strong> \u00d6zel meyve suyu ambalaj po\u015fetlerimiz, kullan\u0131c\u0131lar\u0131n do\u011frudan i\u00e7meleri i\u00e7in sadece pipet a\u00e7\u0131kl\u0131klar\u0131 ile de\u011fil, ayn\u0131 zamanda benzersiz g\u00f6r\u00fcn\u00fcm \u00f6zellikleri ekleyen ve pazarda daha rekabet\u00e7i hale getiren d\u00fczensiz el kavrama sap\u0131 \u015fekli ile tasarlanm\u0131\u015ft\u0131r.<\/li>\n<\/ul>\n\n\n\n<p><\/p>\n\n\n\n<ul class=\"wp-block-list\">\n<li><strong>Y\u00fcksek Kaliteli Malzeme: <\/strong>\u0130\u00e7ece\u011fin tazeli\u011fini ve kalitesini sa\u011flamak i\u00e7in s\u0131zd\u0131rmaz, nefes alabilen, aside ve alkaliye dayan\u0131kl\u0131 g\u0131da s\u0131n\u0131f\u0131 malzeme se\u00e7in.<\/li>\n<\/ul>\n\n\n\n<p><\/p>\n\n\n\n<ul class=\"wp-block-list\">\n<li><strong>Uygulama Kapsam\u0131:<\/strong> Meyve suyu, \u00e7ay, fonksiyonel i\u00e7ecekler vb. gibi her t\u00fcrl\u00fc s\u0131v\u0131 i\u00e7ecek i\u00e7in uygundur. \u00c7e\u015fitli durumlarda rahatl\u0131kla kullan\u0131labilir.<\/li>\n<\/ul>\n\n\n\n<p><\/p>\n\n\n\n<ul class=\"wp-block-list\">\n<li><strong>Marka Konumland\u0131rma: <\/strong>Daha fazla t\u00fcketici \u00e7ekmek i\u00e7in \u00f6zelle\u015ftirilmi\u015f tasar\u0131m ve bask\u0131 yoluyla marka imaj\u0131n\u0131 ve mesaj\u0131n\u0131 vurgulay\u0131n.<\/li>\n<\/ul>\n\n\n\n<p><\/p>\n\n\n\n<ul class=\"wp-block-list\">\n<li><strong>S\u00fcrd\u00fcr\u00fclebilirlik: <\/strong>T\u00fcketicilerin \u00e7evre dostu \u00fcr\u00fcnlere y\u00f6nelik tercihleri do\u011frultusunda biyolojik olarak par\u00e7alanabilen malzemeler kullanmay\u0131 veya geri d\u00f6n\u00fc\u015ft\u00fcr\u00fclebilir po\u015fetler piyasaya s\u00fcrmeyi d\u00fc\u015f\u00fcn\u00fcn.<\/li>\n<\/ul>\n<\/div>\n\n\n\n<div class=\"wp-block-column is-layout-flow wp-block-column-is-layout-flow\">\n<figure class=\"wp-block-image size-full\"><img fetchpriority=\"high\" decoding=\"async\" width=\"750\" height=\"750\" src=\"https:\/\/www.hyflexpack.com\/wp-content\/uploads\/2024\/05\/Juice-Packaging-Bags-Factory-Price.webp\" alt=\"Meyve Suyu Paketleme Po\u015fetleri-Fabrika-Fiyat\" class=\"wp-image-8006\" srcset=\"https:\/\/www.hyflexpack.com\/wp-content\/uploads\/2024\/05\/Juice-Packaging-Bags-Factory-Price.webp 750w, https:\/\/www.hyflexpack.com\/wp-content\/uploads\/2024\/05\/Juice-Packaging-Bags-Factory-Price-300x300.webp 300w, https:\/\/www.hyflexpack.com\/wp-content\/uploads\/2024\/05\/Juice-Packaging-Bags-Factory-Price-150x150.webp 150w, https:\/\/www.hyflexpack.com\/wp-content\/uploads\/2024\/05\/Juice-Packaging-Bags-Factory-Price-12x12.webp 12w, https:\/\/www.hyflexpack.com\/wp-content\/uploads\/2024\/05\/Juice-Packaging-Bags-Factory-Price-285x285.webp 285w, https:\/\/www.hyflexpack.com\/wp-content\/uploads\/2024\/05\/Juice-Packaging-Bags-Factory-Price-270x270.webp 270w, https:\/\/www.hyflexpack.com\/wp-content\/uploads\/2024\/05\/Juice-Packaging-Bags-Factory-Price-540x540.webp 540w, https:\/\/www.hyflexpack.com\/wp-content\/uploads\/2024\/05\/Juice-Packaging-Bags-Factory-Price-660x660.webp 660w\" sizes=\"(max-width: 750px) 100vw, 750px\" \/><\/figure>\n<\/div>\n<\/div>\n\n\n\n<div class=\"wp-block-columns is-layout-flex wp-container-core-columns-is-layout-9d6595d7 wp-block-columns-is-layout-flex\">\n<div class=\"wp-block-column is-layout-flow wp-block-column-is-layout-flow\">\n<figure class=\"wp-block-image size-full\"><img decoding=\"async\" width=\"750\" height=\"750\" src=\"https:\/\/www.hyflexpack.com\/wp-content\/uploads\/2024\/05\/OEM-Juice-Packaging-Bags-Factory-Price.webp\" alt=\"OEM-Meyve Suyu Paketleme Torbalar\u0131-Fabrika-Fiyat\" class=\"wp-image-8008\" srcset=\"https:\/\/www.hyflexpack.com\/wp-content\/uploads\/2024\/05\/OEM-Juice-Packaging-Bags-Factory-Price.webp 750w, https:\/\/www.hyflexpack.com\/wp-content\/uploads\/2024\/05\/OEM-Juice-Packaging-Bags-Factory-Price-300x300.webp 300w, https:\/\/www.hyflexpack.com\/wp-content\/uploads\/2024\/05\/OEM-Juice-Packaging-Bags-Factory-Price-150x150.webp 150w, https:\/\/www.hyflexpack.com\/wp-content\/uploads\/2024\/05\/OEM-Juice-Packaging-Bags-Factory-Price-12x12.webp 12w, https:\/\/www.hyflexpack.com\/wp-content\/uploads\/2024\/05\/OEM-Juice-Packaging-Bags-Factory-Price-285x285.webp 285w, https:\/\/www.hyflexpack.com\/wp-content\/uploads\/2024\/05\/OEM-Juice-Packaging-Bags-Factory-Price-270x270.webp 270w, https:\/\/www.hyflexpack.com\/wp-content\/uploads\/2024\/05\/OEM-Juice-Packaging-Bags-Factory-Price-540x540.webp 540w, https:\/\/www.hyflexpack.com\/wp-content\/uploads\/2024\/05\/OEM-Juice-Packaging-Bags-Factory-Price-660x660.webp 660w\" sizes=\"(max-width: 750px) 100vw, 750px\" \/><\/figure>\n<\/div>\n\n\n\n<div class=\"wp-block-column is-layout-flow wp-block-column-is-layout-flow\">\n<figure class=\"wp-block-image size-full\"><img decoding=\"async\" width=\"750\" height=\"750\" src=\"https:\/\/www.hyflexpack.com\/wp-content\/uploads\/2024\/05\/OEM-Juice-Packaging-Bags-Factory-Price-2.webp\" alt=\"OEM-Meyve Suyu Paketleme Torbalar\u0131-Fabrika Fiyat\u0131 (2)\" class=\"wp-image-8007\" srcset=\"https:\/\/www.hyflexpack.com\/wp-content\/uploads\/2024\/05\/OEM-Juice-Packaging-Bags-Factory-Price-2.webp 750w, https:\/\/www.hyflexpack.com\/wp-content\/uploads\/2024\/05\/OEM-Juice-Packaging-Bags-Factory-Price-2-300x300.webp 300w, https:\/\/www.hyflexpack.com\/wp-content\/uploads\/2024\/05\/OEM-Juice-Packaging-Bags-Factory-Price-2-150x150.webp 150w, https:\/\/www.hyflexpack.com\/wp-content\/uploads\/2024\/05\/OEM-Juice-Packaging-Bags-Factory-Price-2-12x12.webp 12w, https:\/\/www.hyflexpack.com\/wp-content\/uploads\/2024\/05\/OEM-Juice-Packaging-Bags-Factory-Price-2-285x285.webp 285w, https:\/\/www.hyflexpack.com\/wp-content\/uploads\/2024\/05\/OEM-Juice-Packaging-Bags-Factory-Price-2-270x270.webp 270w, https:\/\/www.hyflexpack.com\/wp-content\/uploads\/2024\/05\/OEM-Juice-Packaging-Bags-Factory-Price-2-540x540.webp 540w, https:\/\/www.hyflexpack.com\/wp-content\/uploads\/2024\/05\/OEM-Juice-Packaging-Bags-Factory-Price-2-660x660.webp 660w\" sizes=\"(max-width: 750px) 100vw, 750px\" \/><\/figure>\n<\/div>\n<\/div>\n\n\n\n<figure class=\"wp-block-embed is-type-video is-provider-youtube wp-block-embed-youtube wp-embed-aspect-16-9 wp-has-aspect-ratio\"><div class=\"wp-block-embed__wrapper\">\n<iframe title=\"\u00dcR\u00dcN TE\u015eHIRI\" width=\"940\" height=\"529\" src=\"https:\/\/www.youtube.com\/embed\/cyyJZsfrEBs?feature=oembed\" frameborder=\"0\" allow=\"accelerometer; autoplay; clipboard-write; encrypted-media; gyroscope; picture-in-picture; web-share\" referrerpolicy=\"strict-origin-when-cross-origin\" allowfullscreen><\/iframe>\n<\/div><\/figure>","protected":false},"excerpt":{"rendered":"<p>Gelene\u011fe meydan okuyun ve yenili\u011fi kucaklay\u0131n! Meyve suyu ak\u0131\u015f\u0131n\u0131z\u0131 daha da kolayla\u015ft\u0131rmak i\u00e7in ayakta duran bir tasar\u0131m\u0131 kullan\u0131\u015fl\u0131 a\u011f\u0131zl\u0131klarla birle\u015ftiren OEM meyve suyu ambalaj po\u015fetlerimizi ke\u015ffedin. D\u00fczensiz sap \u015fekli daha da benzersizdir ve markan\u0131za benzersiz bir g\u00f6r\u00fcn\u00fcm katar. Yenilik i\u00e7in, markan\u0131za taze bir hayat katmak i\u00e7in bizi se\u00e7in!<\/p>\n<h3>Meyve Suyu Paketleme Torbalar\u0131 Tedarik\u00e7isinin Avantajlar\u0131<\/h3>\n<p><!-- wp:list --><\/p>\n<ul><!-- wp:list-item --><\/p>\n<li><strong>\u00d6zel Tasar\u0131m<\/strong>: M\u00fc\u015fterilerin ihtiya\u00e7lar\u0131n\u0131 kar\u015f\u0131lamak i\u00e7in OEM ve ODM'yi destekleyen malzeme, boyut ve bask\u0131 deseni \u00f6zelle\u015ftirmesi dahil olmak \u00fczere \u00f6zelle\u015ftirilmi\u015f tasar\u0131m meyve suyu paketleme po\u015fetleri hizmeti sunuyoruz.<\/li>\n<p><!-- \/wp:list-item --><\/p>\n<p><!-- wp:list-item --><\/p>\n<li><strong>H\u0131zl\u0131 teslimat<\/strong>: Verimli bir \u00fcretim s\u00fcreci ve tedarik zinciri y\u00f6netim sistemi, m\u00fc\u015fterilerin sipari\u015flerine h\u0131zl\u0131 bir \u015fekilde yan\u0131t verebilir ve zaman\u0131nda teslimat sa\u011flayabilir.<\/li>\n<p><!-- \/wp:list-item --><\/p>\n<p><!-- wp:list-item --><\/p>\n<li><strong>Kalite Denetimi<\/strong>: \u00dcr\u00fcnlerin standartlar\u0131 kar\u015f\u0131lad\u0131\u011f\u0131ndan emin olmak i\u00e7in kalite standartlar\u0131n\u0131 ve g\u0131da g\u00fcvenli\u011fi gereksinimlerini s\u0131k\u0131 bir \u015fekilde takip edin.<\/li>\n<p><!-- \/wp:list-item --><\/p>\n<p><!-- wp:list-item --><\/p>\n<li><strong>Teknik Destek Ekibi<\/strong>: Ekibimiz zengin end\u00fcstri deneyimine ve profesyonel bilgiye sahiptir ve m\u00fc\u015fteriler i\u00e7in teknik destek ve 24 saat dan\u0131\u015fmanl\u0131k hizmetleri sa\u011flayabilir.<\/li>\n<p><!-- \/wp:list-item --><\/p>\n<p><!-- wp:list-item --><\/p>\n<li><strong>\u00dccretsiz \u00d6rnek<\/strong>: \u00dcr\u00fcnleri de\u011ferlendirmeniz i\u00e7in \u00fccretsiz numune hizmeti sa\u011flay\u0131n.<\/li>\n<p><!-- \/wp:list-item --><\/ul>\n<p><a href=\"https:\/\/www.hyflexpack.com\/tr\/\"><strong>Huiyang Ambalaj<\/strong> <\/a>m\u00fc\u015fterilerin \u00fcr\u00fcn imajlar\u0131n\u0131 iyile\u015ftirmelerine ve pazar rekabet g\u00fcc\u00fcn\u00fc art\u0131rmalar\u0131na yard\u0131mc\u0131 olmak i\u00e7in m\u00fc\u015fterilere y\u00fcksek kaliteli, \u00f6zel OEM meyve suyu ambalaj po\u015fetleri sa\u011flamay\u0131 taahh\u00fct eder.<\/p>\n<p><!-- \/wp:list --><\/p>","protected":false},"featured_media":2952,"comment_status":"open","ping_status":"closed","template":"","meta":[],"product_brand":[],"product_cat":[51,103],"product_tag":[],"class_list":{"0":"post-2947","1":"product","2":"type-product","3":"status-publish","4":"has-post-thumbnail","6":"product_cat-custom-food-packaging-bags","7":"product_cat-beverage-packaging-bags-supplier","9":"first","10":"instock","11":"shipping-taxable","12":"product-type-simple"},"_links":{"self":[{"href":"https:\/\/www.hyflexpack.com\/tr\/wp-json\/wp\/v2\/product\/2947","targetHints":{"allow":["GET"]}}],"collection":[{"href":"https:\/\/www.hyflexpack.com\/tr\/wp-json\/wp\/v2\/product"}],"about":[{"href":"https:\/\/www.hyflexpack.com\/tr\/wp-json\/wp\/v2\/types\/product"}],"replies":[{"embeddable":true,"href":"https:\/\/www.hyflexpack.com\/tr\/wp-json\/wp\/v2\/comments?post=2947"}],"wp:featuredmedia":[{"embeddable":true,"href":"https:\/\/www.hyflexpack.com\/tr\/wp-json\/wp\/v2\/media\/2952"}],"wp:attachment":[{"href":"https:\/\/www.hyflexpack.com\/tr\/wp-json\/wp\/v2\/media?parent=2947"}],"wp:term":[{"taxonomy":"product_brand","embeddable":true,"href":"https:\/\/www.hyflexpack.com\/tr\/wp-json\/wp\/v2\/product_brand?post=2947"},{"taxonomy":"product_cat","embeddable":true,"href":"https:\/\/www.hyflexpack.com\/tr\/wp-json\/wp\/v2\/product_cat?post=2947"},{"taxonomy":"product_tag","embeddable":true,"href":"https:\/\/www.hyflexpack.com\/tr\/wp-json\/wp\/v2\/product_tag?post=2947"}],"curies":[{"name":"wp","href":"https:\/\/api.w.org\/{rel}","templated":true}]}}