{"id":10036,"date":"2026-04-23T09:20:35","date_gmt":"2026-04-23T09:20:35","guid":{"rendered":"https:\/\/www.hyflexpack.com\/?post_type=product&#038;p=10036"},"modified":"2026-04-23T09:20:39","modified_gmt":"2026-04-23T09:20:39","slug":"wholesale-custom-coffee-bag-packaging","status":"publish","type":"product","link":"https:\/\/www.hyflexpack.com\/tr\/product\/wholesale-custom-coffee-bag-packaging\/","title":{"rendered":"Wholesale Custom Coffee Bag, Stand Up Zipper Coffee Packaging Pouch"},"content":{"rendered":"<div class=\"wp-block-columns is-layout-flex wp-container-core-columns-is-layout-9d6595d7 wp-block-columns-is-layout-flex\">\n<div class=\"wp-block-column is-layout-flow wp-block-column-is-layout-flow\">\n<h2 class=\"wp-block-heading\">Wholesale Custom Coffee Bag Features<\/h2>\n\n\n\n<ul class=\"wp-block-list\">\n<li>Wholesale Coffee Packaging Manufacturer \u2013 factory direct pricing for bulk orders<\/li>\n\n\n\n<li>Stand Up Zipper Coffee Bag \u2013 convenient storage and premium shelf display<\/li>\n\n\n\n<li>Food Grade Laminated Materials \u2013 safe packaging for coffee products<\/li>\n\n\n\n<li>OEM Printing Service \u2013 build strong brand recognition<\/li>\n\n\n\n<li>Flexible MOQ for B2B Buyers \u2013 suitable for growing coffee brands<\/li>\n<\/ul>\n<\/div>\n\n\n\n<div class=\"wp-block-column is-layout-flow wp-block-column-is-layout-flow\">\n<figure class=\"wp-block-image size-full\"><img fetchpriority=\"high\" decoding=\"async\" width=\"1000\" height=\"1000\" src=\"https:\/\/www.hyflexpack.com\/wp-content\/uploads\/2026\/04\/Wholesale-Custom-Coffee-Bag-1.webp\" alt=\"Wholesale Custom Coffee Bag \" class=\"wp-image-10006\" srcset=\"https:\/\/www.hyflexpack.com\/wp-content\/uploads\/2026\/04\/Wholesale-Custom-Coffee-Bag-1.webp 1000w, https:\/\/www.hyflexpack.com\/wp-content\/uploads\/2026\/04\/Wholesale-Custom-Coffee-Bag-1-300x300.webp 300w, https:\/\/www.hyflexpack.com\/wp-content\/uploads\/2026\/04\/Wholesale-Custom-Coffee-Bag-1-150x150.webp 150w, https:\/\/www.hyflexpack.com\/wp-content\/uploads\/2026\/04\/Wholesale-Custom-Coffee-Bag-1-768x768.webp 768w, https:\/\/www.hyflexpack.com\/wp-content\/uploads\/2026\/04\/Wholesale-Custom-Coffee-Bag-1-12x12.webp 12w, https:\/\/www.hyflexpack.com\/wp-content\/uploads\/2026\/04\/Wholesale-Custom-Coffee-Bag-1-285x285.webp 285w, https:\/\/www.hyflexpack.com\/wp-content\/uploads\/2026\/04\/Wholesale-Custom-Coffee-Bag-1-270x270.webp 270w, https:\/\/www.hyflexpack.com\/wp-content\/uploads\/2026\/04\/Wholesale-Custom-Coffee-Bag-1-540x540.webp 540w, https:\/\/www.hyflexpack.com\/wp-content\/uploads\/2026\/04\/Wholesale-Custom-Coffee-Bag-1-660x660.webp 660w\" sizes=\"(max-width: 1000px) 100vw, 1000px\" \/><\/figure>\n<\/div>\n<\/div>","protected":false},"excerpt":{"rendered":"<p>Our wholesale custom coffee bag features a strong laminated structure to maintain freshness and aroma. Ideal for specialty coffee brands looking for professional retail packaging. Get in touch for custom design and factory wholesale prices.<\/p>\n<h2>Advantages of Wholesale Custom Coffee Bags Supplier<\/h2>\n<ul>\n<li><strong>\u00d6zel tasar\u0131m:<\/strong>\u00a0M\u00fc\u015fteri ihtiya\u00e7lar\u0131n\u0131 kar\u015f\u0131lamak i\u00e7in malzeme, boyut ve bask\u0131 deseni \u00f6zelle\u015ftirmesi dahil olmak \u00fczere \u00f6zelle\u015ftirilmi\u015f ambalaj po\u015feti hizmetleri sa\u011fl\u0131yor ve OEM ve ODM'yi destekliyoruz.<\/li>\n<li><strong>\u0130malat:<\/strong>\u00a0Geli\u015fmi\u015f ekipman ve teknoloji ile sipari\u015f \u00fcretimini verimli ve y\u00fcksek kalitede tamamlayabilir ve zaman\u0131nda teslim edebiliriz.<\/li>\n<li><strong>Kalite kontrol:<\/strong>\u00a0\u00dcretim, \u00fcr\u00fcnlerin standartlar\u0131 kar\u015f\u0131lamas\u0131n\u0131 sa\u011flamak i\u00e7in kalite standartlar\u0131na ve g\u0131da g\u00fcvenli\u011fi gerekliliklerine s\u0131k\u0131 s\u0131k\u0131ya ba\u011fl\u0131 olarak ger\u00e7ekle\u015ftirilir.<\/li>\n<li><strong>M\u00fc\u015fteri hizmetleri:<\/strong>\u00a0G\u00fcn\u00fcn 24 saati h\u0131zl\u0131 yan\u0131t ve \u00f6zenli m\u00fc\u015fteri hizmetleri deste\u011fi sa\u011flay\u0131n.<\/li>\n<li><strong>\u00dccretsiz numune:<\/strong>\u00a0\u00dcr\u00fcn\u00fc de\u011ferlendirebilmeniz i\u00e7in \u00fccretsiz numune hizmeti sunmak.<\/li>\n<\/ul>\n<p><strong>Huiyang Ambalaj<\/strong> is committed to providing customers with high-quality wholesale custom coffee bag, helping customers improve their product image and enhance their market competitiveness.<\/p>","protected":false},"featured_media":10006,"comment_status":"closed","ping_status":"closed","template":"","meta":[],"product_brand":[],"product_cat":[55,51],"product_tag":[116],"class_list":{"0":"post-10036","1":"product","2":"type-product","3":"status-publish","4":"has-post-thumbnail","6":"product_cat-custom-coffee-packaging","7":"product_cat-custom-food-packaging-bags","8":"product_tag-stand-up-pouch-manufacturer","10":"first","11":"instock","12":"shipping-taxable","13":"product-type-simple"},"_links":{"self":[{"href":"https:\/\/www.hyflexpack.com\/tr\/wp-json\/wp\/v2\/product\/10036","targetHints":{"allow":["GET"]}}],"collection":[{"href":"https:\/\/www.hyflexpack.com\/tr\/wp-json\/wp\/v2\/product"}],"about":[{"href":"https:\/\/www.hyflexpack.com\/tr\/wp-json\/wp\/v2\/types\/product"}],"replies":[{"embeddable":true,"href":"https:\/\/www.hyflexpack.com\/tr\/wp-json\/wp\/v2\/comments?post=10036"}],"wp:featuredmedia":[{"embeddable":true,"href":"https:\/\/www.hyflexpack.com\/tr\/wp-json\/wp\/v2\/media\/10006"}],"wp:attachment":[{"href":"https:\/\/www.hyflexpack.com\/tr\/wp-json\/wp\/v2\/media?parent=10036"}],"wp:term":[{"taxonomy":"product_brand","embeddable":true,"href":"https:\/\/www.hyflexpack.com\/tr\/wp-json\/wp\/v2\/product_brand?post=10036"},{"taxonomy":"product_cat","embeddable":true,"href":"https:\/\/www.hyflexpack.com\/tr\/wp-json\/wp\/v2\/product_cat?post=10036"},{"taxonomy":"product_tag","embeddable":true,"href":"https:\/\/www.hyflexpack.com\/tr\/wp-json\/wp\/v2\/product_tag?post=10036"}],"curies":[{"name":"wp","href":"https:\/\/api.w.org\/{rel}","templated":true}]}}