{"id":10032,"date":"2026-04-23T09:40:14","date_gmt":"2026-04-23T09:40:14","guid":{"rendered":"https:\/\/www.hyflexpack.com\/?post_type=product&#038;p=10032"},"modified":"2026-04-23T09:40:18","modified_gmt":"2026-04-23T09:40:18","slug":"oem-custom-snack-packaging-bags-factoey","status":"publish","type":"product","link":"https:\/\/www.hyflexpack.com\/tr\/product\/oem-custom-snack-packaging-bags-factoey\/","title":{"rendered":"OEM Custom Snack Packaging Bags, Aluminum Foil Stand Up Zipper Pouch Supplier"},"content":{"rendered":"<div class=\"wp-block-columns is-layout-flex wp-container-core-columns-is-layout-9d6595d7 wp-block-columns-is-layout-flex\">\n<div class=\"wp-block-column is-layout-flow wp-block-column-is-layout-flow\">\n<h2 class=\"wp-block-heading\">OEM Custom Snack Packaging Bags Features<\/h2>\n\n\n\n<ul class=\"wp-block-list\">\n<li><strong>Convenient Stand-Up Design for Retail Display<\/strong>: These <strong>custom snack packaging bags<\/strong> feature a stable stand-up structure with a strong bottom gusset, allowing excellent shelf presentation. The design improves visibility and makes products more attractive in retail environments. <\/li>\n\n\n\n<li><strong>High-Barrier Aluminum Foil Lamination for Freshness<\/strong>: Made from premium laminated aluminum foil, these <strong>custom snack packaging bags<\/strong> provide strong protection against moisture, oxygen, and light, effectively preserving snack crispness and extending shelf life. <\/li>\n\n\n\n<li><strong>Resealable Zipper for Long-Term Freshness<\/strong>: Equipped with a durable zipper closure, the pouch allows easy opening and repeated resealing, helping consumers maintain freshness after each use and improving overall user convenience. <\/li>\n\n\n\n<li><strong>OEM Custom Printing for Strong Brand Identity<\/strong>: We support full OEM customization with up to 10-color gravure printing. Your <strong>custom snack packaging bags<\/strong> can be tailored with logos, graphics, and brand designs to enhance market competitiveness. <\/li>\n\n\n\n<li><strong>Flexible Customization for Different Snack Products<\/strong>: Available in various sizes, thicknesses, materials, and surface finishes (matte, glossy, soft-touch), our packaging solutions fit a wide range of snack applications including chips, biscuits, nuts, and dried foods.<\/li>\n<\/ul>\n<\/div>\n\n\n\n<div class=\"wp-block-column is-layout-flow wp-block-column-is-layout-flow\">\n<figure class=\"wp-block-image size-full\"><img fetchpriority=\"high\" decoding=\"async\" width=\"1000\" height=\"1000\" src=\"https:\/\/www.hyflexpack.com\/wp-content\/uploads\/2026\/04\/OEM-Custom-Snack-Packaging-Bags-1.webp\" alt=\"OEM Custom Snack Packaging Bags\" class=\"wp-image-9998\" srcset=\"https:\/\/www.hyflexpack.com\/wp-content\/uploads\/2026\/04\/OEM-Custom-Snack-Packaging-Bags-1.webp 1000w, https:\/\/www.hyflexpack.com\/wp-content\/uploads\/2026\/04\/OEM-Custom-Snack-Packaging-Bags-1-300x300.webp 300w, https:\/\/www.hyflexpack.com\/wp-content\/uploads\/2026\/04\/OEM-Custom-Snack-Packaging-Bags-1-150x150.webp 150w, https:\/\/www.hyflexpack.com\/wp-content\/uploads\/2026\/04\/OEM-Custom-Snack-Packaging-Bags-1-768x768.webp 768w, https:\/\/www.hyflexpack.com\/wp-content\/uploads\/2026\/04\/OEM-Custom-Snack-Packaging-Bags-1-12x12.webp 12w, https:\/\/www.hyflexpack.com\/wp-content\/uploads\/2026\/04\/OEM-Custom-Snack-Packaging-Bags-1-285x285.webp 285w, https:\/\/www.hyflexpack.com\/wp-content\/uploads\/2026\/04\/OEM-Custom-Snack-Packaging-Bags-1-270x270.webp 270w, https:\/\/www.hyflexpack.com\/wp-content\/uploads\/2026\/04\/OEM-Custom-Snack-Packaging-Bags-1-540x540.webp 540w, https:\/\/www.hyflexpack.com\/wp-content\/uploads\/2026\/04\/OEM-Custom-Snack-Packaging-Bags-1-660x660.webp 660w\" sizes=\"(max-width: 1000px) 100vw, 1000px\" \/><\/figure>\n<\/div>\n<\/div>\n\n\n\n<div class=\"wp-block-columns is-layout-flex wp-container-core-columns-is-layout-9d6595d7 wp-block-columns-is-layout-flex\">\n<div class=\"wp-block-column is-layout-flow wp-block-column-is-layout-flow\">\n<figure class=\"wp-block-image size-full\"><img decoding=\"async\" width=\"1000\" height=\"1000\" src=\"https:\/\/www.hyflexpack.com\/wp-content\/uploads\/2026\/04\/OEM-Custom-Snack-Packaging-Bags-8.webp\" alt=\"OEM Custom Snack Packaging Bags\" class=\"wp-image-10005\" srcset=\"https:\/\/www.hyflexpack.com\/wp-content\/uploads\/2026\/04\/OEM-Custom-Snack-Packaging-Bags-8.webp 1000w, https:\/\/www.hyflexpack.com\/wp-content\/uploads\/2026\/04\/OEM-Custom-Snack-Packaging-Bags-8-300x300.webp 300w, https:\/\/www.hyflexpack.com\/wp-content\/uploads\/2026\/04\/OEM-Custom-Snack-Packaging-Bags-8-150x150.webp 150w, https:\/\/www.hyflexpack.com\/wp-content\/uploads\/2026\/04\/OEM-Custom-Snack-Packaging-Bags-8-768x768.webp 768w, https:\/\/www.hyflexpack.com\/wp-content\/uploads\/2026\/04\/OEM-Custom-Snack-Packaging-Bags-8-12x12.webp 12w, https:\/\/www.hyflexpack.com\/wp-content\/uploads\/2026\/04\/OEM-Custom-Snack-Packaging-Bags-8-285x285.webp 285w, https:\/\/www.hyflexpack.com\/wp-content\/uploads\/2026\/04\/OEM-Custom-Snack-Packaging-Bags-8-270x270.webp 270w, https:\/\/www.hyflexpack.com\/wp-content\/uploads\/2026\/04\/OEM-Custom-Snack-Packaging-Bags-8-540x540.webp 540w, https:\/\/www.hyflexpack.com\/wp-content\/uploads\/2026\/04\/OEM-Custom-Snack-Packaging-Bags-8-660x660.webp 660w\" sizes=\"(max-width: 1000px) 100vw, 1000px\" \/><\/figure>\n<\/div>\n\n\n\n<div class=\"wp-block-column is-layout-flow wp-block-column-is-layout-flow\">\n<figure class=\"wp-block-image size-full\"><img decoding=\"async\" width=\"1000\" height=\"1000\" src=\"https:\/\/www.hyflexpack.com\/wp-content\/uploads\/2026\/04\/OEM-Custom-Snack-Packaging-Bags-7.webp\" alt=\"OEM Custom Snack Packaging Bags\" class=\"wp-image-10004\" srcset=\"https:\/\/www.hyflexpack.com\/wp-content\/uploads\/2026\/04\/OEM-Custom-Snack-Packaging-Bags-7.webp 1000w, https:\/\/www.hyflexpack.com\/wp-content\/uploads\/2026\/04\/OEM-Custom-Snack-Packaging-Bags-7-300x300.webp 300w, https:\/\/www.hyflexpack.com\/wp-content\/uploads\/2026\/04\/OEM-Custom-Snack-Packaging-Bags-7-150x150.webp 150w, https:\/\/www.hyflexpack.com\/wp-content\/uploads\/2026\/04\/OEM-Custom-Snack-Packaging-Bags-7-768x768.webp 768w, https:\/\/www.hyflexpack.com\/wp-content\/uploads\/2026\/04\/OEM-Custom-Snack-Packaging-Bags-7-12x12.webp 12w, https:\/\/www.hyflexpack.com\/wp-content\/uploads\/2026\/04\/OEM-Custom-Snack-Packaging-Bags-7-285x285.webp 285w, https:\/\/www.hyflexpack.com\/wp-content\/uploads\/2026\/04\/OEM-Custom-Snack-Packaging-Bags-7-270x270.webp 270w, https:\/\/www.hyflexpack.com\/wp-content\/uploads\/2026\/04\/OEM-Custom-Snack-Packaging-Bags-7-540x540.webp 540w, https:\/\/www.hyflexpack.com\/wp-content\/uploads\/2026\/04\/OEM-Custom-Snack-Packaging-Bags-7-660x660.webp 660w\" sizes=\"(max-width: 1000px) 100vw, 1000px\" \/><\/figure>\n<\/div>\n<\/div>","protected":false},"excerpt":{"rendered":"<p>Welcome to work with a reliable supplier of custom snack packaging bags. Our aluminum foil stand up zipper pouches provide excellent barrier protection to keep snacks fresh, crispy, and safe. Ideal for OEM snack brands and food manufacturers seeking durable, customizable, and high-quality packaging solutions. Contact us today for factory pricing and fast quotation.<\/p>\n<h3>Advantages of Snack Packaging Bags Supplier<\/h3>\n<ul>\n<li><strong>\u00d6zel Tasar\u0131m:<\/strong>\u00a0M\u00fc\u015fteri ihtiya\u00e7lar\u0131n\u0131 kar\u015f\u0131lamak i\u00e7in malzeme, boyut ve bask\u0131 deseni \u00f6zelle\u015ftirmesi dahil olmak \u00fczere \u00f6zelle\u015ftirilmi\u015f hizmetler sa\u011fl\u0131yor ve OEM ve ODM'yi destekliyoruz.<\/li>\n<li><strong>\u0130malat:<\/strong>\u00a0Geli\u015fmi\u015f ekipman ve teknoloji ile sipari\u015f \u00fcretimini verimli ve y\u00fcksek kalitede tamamlayabilir ve zaman\u0131nda teslim edebiliriz.<\/li>\n<li><strong>Kalite Kontrol\u00fc:<\/strong>\u00a0\u00dcretim, \u00fcr\u00fcnlerin standartlar\u0131 kar\u015f\u0131lamas\u0131n\u0131 sa\u011flamak i\u00e7in kalite standartlar\u0131na ve g\u0131da g\u00fcvenli\u011fi gerekliliklerine s\u0131k\u0131 s\u0131k\u0131ya ba\u011fl\u0131 olarak ger\u00e7ekle\u015ftirilir.<\/li>\n<li><strong>Sertifikasyon\uff1a<\/strong>\u00a0FDA\/BRC\/ISO 9001\/RoHS<\/li>\n<li><strong>M\u00fc\u015fteri Hizmetleri:<\/strong>\u00a024 saat h\u0131zl\u0131 yan\u0131t ve \u00f6zenli m\u00fc\u015fteri hizmetleri deste\u011fi sa\u011flamak.<\/li>\n<li><strong>\u00dccretsiz \u00d6rnek:<\/strong>\u00a0Provide a free sample service for you to evaluate the product.<\/li>\n<\/ul>\n<p><strong>Huiyang Ambalaj<\/strong>\u00a0m\u00fc\u015fterilerine a\u015fa\u011f\u0131dakileri sa\u011flamay\u0131 taahh\u00fct eder\u00a0<strong>g\u0131da s\u0131n\u0131f\u0131<\/strong> <strong class=\"skrollable skrollable-between\" data-start=\"194\" data-end=\"224\"><strong data-start=\"1565\" data-end=\"1596\">custom snack packaging bags<\/strong><\/strong>\u00a0M\u00fc\u015fterilerin \u00fcr\u00fcn imajlar\u0131n\u0131 geli\u015ftirmelerine ve pazar rekabet g\u00fc\u00e7lerini art\u0131rmalar\u0131na yard\u0131mc\u0131 olmak.<\/p>","protected":false},"featured_media":9998,"comment_status":"closed","ping_status":"closed","template":"","meta":[],"product_brand":[],"product_cat":[57],"product_tag":[116,124],"class_list":{"0":"post-10032","1":"product","2":"type-product","3":"status-publish","4":"has-post-thumbnail","6":"product_cat-snack-packaging-bags-wholesale","7":"product_tag-stand-up-pouch-manufacturer","8":"product_tag-zipper-pouch-manufacturer","10":"first","11":"instock","12":"shipping-taxable","13":"product-type-simple"},"_links":{"self":[{"href":"https:\/\/www.hyflexpack.com\/tr\/wp-json\/wp\/v2\/product\/10032","targetHints":{"allow":["GET"]}}],"collection":[{"href":"https:\/\/www.hyflexpack.com\/tr\/wp-json\/wp\/v2\/product"}],"about":[{"href":"https:\/\/www.hyflexpack.com\/tr\/wp-json\/wp\/v2\/types\/product"}],"replies":[{"embeddable":true,"href":"https:\/\/www.hyflexpack.com\/tr\/wp-json\/wp\/v2\/comments?post=10032"}],"wp:featuredmedia":[{"embeddable":true,"href":"https:\/\/www.hyflexpack.com\/tr\/wp-json\/wp\/v2\/media\/9998"}],"wp:attachment":[{"href":"https:\/\/www.hyflexpack.com\/tr\/wp-json\/wp\/v2\/media?parent=10032"}],"wp:term":[{"taxonomy":"product_brand","embeddable":true,"href":"https:\/\/www.hyflexpack.com\/tr\/wp-json\/wp\/v2\/product_brand?post=10032"},{"taxonomy":"product_cat","embeddable":true,"href":"https:\/\/www.hyflexpack.com\/tr\/wp-json\/wp\/v2\/product_cat?post=10032"},{"taxonomy":"product_tag","embeddable":true,"href":"https:\/\/www.hyflexpack.com\/tr\/wp-json\/wp\/v2\/product_tag?post=10032"}],"curies":[{"name":"wp","href":"https:\/\/api.w.org\/{rel}","templated":true}]}}