{"id":10029,"date":"2026-04-23T09:53:39","date_gmt":"2026-04-23T09:53:39","guid":{"rendered":"https:\/\/www.hyflexpack.com\/?post_type=product&#038;p=10029"},"modified":"2026-04-23T09:53:41","modified_gmt":"2026-04-23T09:53:41","slug":"custom-dried-fruit-packaging-bags-bulk","status":"publish","type":"product","link":"https:\/\/www.hyflexpack.com\/tr\/product\/custom-dried-fruit-packaging-bags-bulk\/","title":{"rendered":"Custom Dried Fruit Packaging Bags, Stand Up Zipper Pouch Manufacturer"},"content":{"rendered":"<div class=\"wp-block-columns is-layout-flex wp-container-core-columns-is-layout-9d6595d7 wp-block-columns-is-layout-flex\">\n<div class=\"wp-block-column is-layout-flow wp-block-column-is-layout-flow\">\n<h2 class=\"wp-block-heading\">Custom Dried Fruit Packaging Bags Features<\/h2>\n\n\n\n<ul class=\"wp-block-list\">\n<li>Custom dried fruit packaging bags designed for nuts, raisins, and dried snacks<\/li>\n\n\n\n<li>Stand Up Zipper Dried Fruit Packaging Bags provide resealable convenience<\/li>\n\n\n\n<li>High Barrier Dried Fruit Packaging Bags help preserve flavor and freshness<\/li>\n\n\n\n<li>Custom Printed Dried Fruit Packaging Bags enhance brand recognition<\/li>\n\n\n\n<li>Flexible Size Dried Fruit Packaging Bags suitable for different product weights<\/li>\n<\/ul>\n<\/div>\n\n\n\n<div class=\"wp-block-column is-layout-flow wp-block-column-is-layout-flow\">\n<figure class=\"wp-block-image size-full\"><img fetchpriority=\"high\" decoding=\"async\" width=\"1000\" height=\"1000\" src=\"https:\/\/www.hyflexpack.com\/wp-content\/uploads\/2026\/04\/Wholesale-Dried-Fruit-Packaging-Bags-1.webp\" alt=\"Wholesale Dried Fruit Packaging Bags\" class=\"wp-image-10021\" srcset=\"https:\/\/www.hyflexpack.com\/wp-content\/uploads\/2026\/04\/Wholesale-Dried-Fruit-Packaging-Bags-1.webp 1000w, https:\/\/www.hyflexpack.com\/wp-content\/uploads\/2026\/04\/Wholesale-Dried-Fruit-Packaging-Bags-1-300x300.webp 300w, https:\/\/www.hyflexpack.com\/wp-content\/uploads\/2026\/04\/Wholesale-Dried-Fruit-Packaging-Bags-1-150x150.webp 150w, https:\/\/www.hyflexpack.com\/wp-content\/uploads\/2026\/04\/Wholesale-Dried-Fruit-Packaging-Bags-1-768x768.webp 768w, https:\/\/www.hyflexpack.com\/wp-content\/uploads\/2026\/04\/Wholesale-Dried-Fruit-Packaging-Bags-1-12x12.webp 12w, https:\/\/www.hyflexpack.com\/wp-content\/uploads\/2026\/04\/Wholesale-Dried-Fruit-Packaging-Bags-1-285x285.webp 285w, https:\/\/www.hyflexpack.com\/wp-content\/uploads\/2026\/04\/Wholesale-Dried-Fruit-Packaging-Bags-1-270x270.webp 270w, https:\/\/www.hyflexpack.com\/wp-content\/uploads\/2026\/04\/Wholesale-Dried-Fruit-Packaging-Bags-1-540x540.webp 540w, https:\/\/www.hyflexpack.com\/wp-content\/uploads\/2026\/04\/Wholesale-Dried-Fruit-Packaging-Bags-1-660x660.webp 660w\" sizes=\"(max-width: 1000px) 100vw, 1000px\" \/><\/figure>\n<\/div>\n<\/div>\n\n\n\n<div class=\"wp-block-columns is-layout-flex wp-container-core-columns-is-layout-9d6595d7 wp-block-columns-is-layout-flex\">\n<div class=\"wp-block-column is-layout-flow wp-block-column-is-layout-flow\">\n<figure class=\"wp-block-image size-full\"><img decoding=\"async\" width=\"1000\" height=\"1000\" src=\"https:\/\/www.hyflexpack.com\/wp-content\/uploads\/2026\/04\/Wholesale-Dried-Fruit-Packaging-Bags-2.webp\" alt=\"Wholesale Dried Fruit Packaging Bags\" class=\"wp-image-10022\" srcset=\"https:\/\/www.hyflexpack.com\/wp-content\/uploads\/2026\/04\/Wholesale-Dried-Fruit-Packaging-Bags-2.webp 1000w, https:\/\/www.hyflexpack.com\/wp-content\/uploads\/2026\/04\/Wholesale-Dried-Fruit-Packaging-Bags-2-300x300.webp 300w, https:\/\/www.hyflexpack.com\/wp-content\/uploads\/2026\/04\/Wholesale-Dried-Fruit-Packaging-Bags-2-150x150.webp 150w, https:\/\/www.hyflexpack.com\/wp-content\/uploads\/2026\/04\/Wholesale-Dried-Fruit-Packaging-Bags-2-768x768.webp 768w, https:\/\/www.hyflexpack.com\/wp-content\/uploads\/2026\/04\/Wholesale-Dried-Fruit-Packaging-Bags-2-12x12.webp 12w, https:\/\/www.hyflexpack.com\/wp-content\/uploads\/2026\/04\/Wholesale-Dried-Fruit-Packaging-Bags-2-285x285.webp 285w, https:\/\/www.hyflexpack.com\/wp-content\/uploads\/2026\/04\/Wholesale-Dried-Fruit-Packaging-Bags-2-270x270.webp 270w, https:\/\/www.hyflexpack.com\/wp-content\/uploads\/2026\/04\/Wholesale-Dried-Fruit-Packaging-Bags-2-540x540.webp 540w, https:\/\/www.hyflexpack.com\/wp-content\/uploads\/2026\/04\/Wholesale-Dried-Fruit-Packaging-Bags-2-660x660.webp 660w\" sizes=\"(max-width: 1000px) 100vw, 1000px\" \/><\/figure>\n<\/div>\n\n\n\n<div class=\"wp-block-column is-layout-flow wp-block-column-is-layout-flow\">\n<figure class=\"wp-block-image size-full\"><img decoding=\"async\" width=\"1000\" height=\"1000\" src=\"https:\/\/www.hyflexpack.com\/wp-content\/uploads\/2026\/04\/Wholesale-Dried-Fruit-Packaging-Bags-8.webp\" alt=\"Wholesale Dried Fruit Packaging Bags\" class=\"wp-image-10028\" srcset=\"https:\/\/www.hyflexpack.com\/wp-content\/uploads\/2026\/04\/Wholesale-Dried-Fruit-Packaging-Bags-8.webp 1000w, https:\/\/www.hyflexpack.com\/wp-content\/uploads\/2026\/04\/Wholesale-Dried-Fruit-Packaging-Bags-8-300x300.webp 300w, https:\/\/www.hyflexpack.com\/wp-content\/uploads\/2026\/04\/Wholesale-Dried-Fruit-Packaging-Bags-8-150x150.webp 150w, https:\/\/www.hyflexpack.com\/wp-content\/uploads\/2026\/04\/Wholesale-Dried-Fruit-Packaging-Bags-8-768x768.webp 768w, https:\/\/www.hyflexpack.com\/wp-content\/uploads\/2026\/04\/Wholesale-Dried-Fruit-Packaging-Bags-8-12x12.webp 12w, https:\/\/www.hyflexpack.com\/wp-content\/uploads\/2026\/04\/Wholesale-Dried-Fruit-Packaging-Bags-8-285x285.webp 285w, https:\/\/www.hyflexpack.com\/wp-content\/uploads\/2026\/04\/Wholesale-Dried-Fruit-Packaging-Bags-8-270x270.webp 270w, https:\/\/www.hyflexpack.com\/wp-content\/uploads\/2026\/04\/Wholesale-Dried-Fruit-Packaging-Bags-8-540x540.webp 540w, https:\/\/www.hyflexpack.com\/wp-content\/uploads\/2026\/04\/Wholesale-Dried-Fruit-Packaging-Bags-8-660x660.webp 660w\" sizes=\"(max-width: 1000px) 100vw, 1000px\" \/><\/figure>\n<\/div>\n<\/div>","protected":false},"excerpt":{"rendered":"<p>Our dried fruit packaging bags feature durable laminated plastic with a stand-up zipper design to protect dried fruits from moisture and maintain freshness during storage and transport. Ideal for dried fruit brands and healthy snack suppliers. Contact us now for custom printing and bulk orders.\u00a0<\/p>\n<h3>Kurutulmu\u015f Meyve Paketleme Torbalar\u0131 Tedarik\u00e7isinin Avantajlar\u0131<\/h3>\n<ul>\n<li><strong>\u00d6zel Tasar\u0131m:<\/strong>\u00a0M\u00fc\u015fteri ihtiya\u00e7lar\u0131n\u0131 kar\u015f\u0131lamak i\u00e7in malzeme, boyut ve bask\u0131 deseni \u00f6zelle\u015ftirmesi dahil olmak \u00fczere \u00f6zelle\u015ftirilmi\u015f hizmetler sa\u011fl\u0131yor ve OEM ve ODM'yi destekliyoruz.<\/li>\n<li><strong>\u0130malat:<\/strong>\u00a0Geli\u015fmi\u015f ekipman ve teknoloji ile sipari\u015f \u00fcretimini verimli ve y\u00fcksek kalitede tamamlayabilir ve zaman\u0131nda teslim edebiliriz.<\/li>\n<li><strong>Kalite Kontrol\u00fc:<\/strong>\u00a0\u00dcretim, \u00fcr\u00fcnlerin standartlar\u0131 kar\u015f\u0131lamas\u0131n\u0131 sa\u011flamak i\u00e7in kalite standartlar\u0131na ve g\u0131da g\u00fcvenli\u011fi gerekliliklerine s\u0131k\u0131 s\u0131k\u0131ya ba\u011fl\u0131 olarak ger\u00e7ekle\u015ftirilir.<\/li>\n<li><strong>Sertifikasyon\uff1a<\/strong>\u00a0FDA\/BRC\/ISO 9001\/RoHS<\/li>\n<li><strong>M\u00fc\u015fteri Hizmetleri:<\/strong>\u00a024 saat h\u0131zl\u0131 yan\u0131t ve \u00f6zenli m\u00fc\u015fteri hizmetleri deste\u011fi sa\u011flamak.<\/li>\n<li><strong>\u00dccretsiz \u00d6rnek:<\/strong>\u00a0Provide a free sample service for you to evaluate the product.<\/li>\n<\/ul>\n<p><strong>Huiyang Ambalaj<\/strong>\u00a0m\u00fc\u015fterilerine a\u015fa\u011f\u0131dakileri sa\u011flamay\u0131 taahh\u00fct eder\u00a0<strong>g\u0131da s\u0131n\u0131f\u0131<\/strong>\u00a0<strong class=\"skrollable skrollable-between\" data-start=\"194\" data-end=\"224\">custom dried fruit packaging bags<\/strong>\u00a0M\u00fc\u015fterilerin \u00fcr\u00fcn imajlar\u0131n\u0131 geli\u015ftirmelerine ve pazar rekabet g\u00fc\u00e7lerini art\u0131rmalar\u0131na yard\u0131mc\u0131 olmak.<\/p>","protected":false},"featured_media":10021,"comment_status":"closed","ping_status":"closed","template":"","meta":[],"product_brand":[],"product_cat":[87],"product_tag":[116,124],"class_list":{"0":"post-10029","1":"product","2":"type-product","3":"status-publish","4":"has-post-thumbnail","6":"product_cat-dried-fruit-packaging-bags-wholesale","7":"product_tag-stand-up-pouch-manufacturer","8":"product_tag-zipper-pouch-manufacturer","10":"first","11":"instock","12":"shipping-taxable","13":"product-type-simple"},"_links":{"self":[{"href":"https:\/\/www.hyflexpack.com\/tr\/wp-json\/wp\/v2\/product\/10029","targetHints":{"allow":["GET"]}}],"collection":[{"href":"https:\/\/www.hyflexpack.com\/tr\/wp-json\/wp\/v2\/product"}],"about":[{"href":"https:\/\/www.hyflexpack.com\/tr\/wp-json\/wp\/v2\/types\/product"}],"replies":[{"embeddable":true,"href":"https:\/\/www.hyflexpack.com\/tr\/wp-json\/wp\/v2\/comments?post=10029"}],"wp:featuredmedia":[{"embeddable":true,"href":"https:\/\/www.hyflexpack.com\/tr\/wp-json\/wp\/v2\/media\/10021"}],"wp:attachment":[{"href":"https:\/\/www.hyflexpack.com\/tr\/wp-json\/wp\/v2\/media?parent=10029"}],"wp:term":[{"taxonomy":"product_brand","embeddable":true,"href":"https:\/\/www.hyflexpack.com\/tr\/wp-json\/wp\/v2\/product_brand?post=10029"},{"taxonomy":"product_cat","embeddable":true,"href":"https:\/\/www.hyflexpack.com\/tr\/wp-json\/wp\/v2\/product_cat?post=10029"},{"taxonomy":"product_tag","embeddable":true,"href":"https:\/\/www.hyflexpack.com\/tr\/wp-json\/wp\/v2\/product_tag?post=10029"}],"curies":[{"name":"wp","href":"https:\/\/api.w.org\/{rel}","templated":true}]}}