{"id":9591,"date":"2026-03-23T06:31:44","date_gmt":"2026-03-23T06:31:44","guid":{"rendered":"https:\/\/www.hyflexpack.com\/?post_type=product&#038;p=9591"},"modified":"2026-03-23T06:31:47","modified_gmt":"2026-03-23T06:31:47","slug":"custom-shrimp-crackers-packaging-pouch","status":"publish","type":"product","link":"https:\/\/www.hyflexpack.com\/ro\/product\/custom-shrimp-crackers-packaging-pouch\/","title":{"rendered":"Custom creve\u021bi Crackers ambalare Stand Up aluminiu folie Pouch OEM"},"content":{"rendered":"<div class=\"wp-block-columns is-layout-flex wp-container-core-columns-is-layout-9d6595d7 wp-block-columns-is-layout-flex\">\n<div class=\"wp-block-column is-layout-flow wp-block-column-is-layout-flow\">\n<h2 class=\"wp-block-heading\">Caracteristici ale ambal\u0103rii personalizate a biscui\u021bilor cu creve\u021bi<\/h2>\n\n\n\n<ul class=\"wp-block-list\">\n<li>Punga de ambalare a biscui\u021bilor cu creve\u021bi are straturi laminate din poliester \u0219i folie de aluminiu, oferind o barier\u0103 excelent\u0103 \u00eempotriva umidit\u0103\u021bii, oxigenului \u0219i luminii pentru a men\u021bine crocantul \u0219i aroma.<\/li>\n\n\n\n<li>Punga din folie de aluminiu stand-up permite pungii de ambalaj pentru biscui\u021bi cu creve\u021bi s\u0103 stea \u00een pozi\u021bie vertical\u0103 pentru o mai bun\u0103 expunere pe raft \u0219i depozitare convenabil\u0103.<\/li>\n\n\n\n<li>Punga termosigilat\u0103 cu o crest\u0103tur\u0103 de rupere asigur\u0103 sigilarea sigur\u0103 \u0219i deschiderea u\u0219oar\u0103, p\u0103str\u00e2nd biscui\u021bii cu creve\u021bi proaspe\u021bi \u0219i sporind confortul utilizatorului.<\/li>\n\n\n\n<li>Oferim pungi personalizate pentru ambalarea biscui\u021bilor cu creve\u021bi cu imprimare UV de \u00eenalt\u0103 calitate pentru a v\u0103 prezenta marca \u0219i a atrage consumatorii.<\/li>\n\n\n\n<li>Fabrica noastr\u0103 ofer\u0103 pungi de ambalare pentru biscui\u021bi cu creve\u021bi OEM cu dimensiuni personalizate, imprimare logo personalizat\u0103 \u0219i ambalare cu etichet\u0103 privat\u0103, ideale pentru produc\u0103torii \u0219i distribuitorii de gust\u0103ri.<\/li>\n<\/ul>\n<\/div>\n\n\n\n<div class=\"wp-block-column is-layout-flow wp-block-column-is-layout-flow\">\n<figure class=\"wp-block-image size-full\"><img fetchpriority=\"high\" decoding=\"async\" width=\"1000\" height=\"1000\" src=\"https:\/\/www.hyflexpack.com\/wp-content\/uploads\/2026\/03\/Custom-Shrimp-Crackers-Packaging-1.webp\" alt=\"Ambalaje personalizate pentru creve\u021bi Crackers\" class=\"wp-image-9584\" srcset=\"https:\/\/www.hyflexpack.com\/wp-content\/uploads\/2026\/03\/Custom-Shrimp-Crackers-Packaging-1.webp 1000w, https:\/\/www.hyflexpack.com\/wp-content\/uploads\/2026\/03\/Custom-Shrimp-Crackers-Packaging-1-300x300.webp 300w, https:\/\/www.hyflexpack.com\/wp-content\/uploads\/2026\/03\/Custom-Shrimp-Crackers-Packaging-1-150x150.webp 150w, https:\/\/www.hyflexpack.com\/wp-content\/uploads\/2026\/03\/Custom-Shrimp-Crackers-Packaging-1-768x768.webp 768w, https:\/\/www.hyflexpack.com\/wp-content\/uploads\/2026\/03\/Custom-Shrimp-Crackers-Packaging-1-12x12.webp 12w, https:\/\/www.hyflexpack.com\/wp-content\/uploads\/2026\/03\/Custom-Shrimp-Crackers-Packaging-1-285x285.webp 285w, https:\/\/www.hyflexpack.com\/wp-content\/uploads\/2026\/03\/Custom-Shrimp-Crackers-Packaging-1-270x270.webp 270w, https:\/\/www.hyflexpack.com\/wp-content\/uploads\/2026\/03\/Custom-Shrimp-Crackers-Packaging-1-540x540.webp 540w, https:\/\/www.hyflexpack.com\/wp-content\/uploads\/2026\/03\/Custom-Shrimp-Crackers-Packaging-1-660x660.webp 660w\" sizes=\"(max-width: 1000px) 100vw, 1000px\" \/><\/figure>\n<\/div>\n<\/div>","protected":false},"excerpt":{"rendered":"<p>Punga noastr\u0103 personalizat\u0103 pentru ambalarea biscui\u021bilor cu creve\u021bi din folie de aluminiu este fabricat\u0103 din plastic laminat din aluminiu poliesteric cu imprimare UV pentru un branding vibrant \u0219i un aspect premium. Punga stand-up sigilat\u0103 termic cu o crest\u0103tur\u0103 de rupere asigur\u0103 prospe\u021bimea produsului, oferind \u00een acela\u0219i timp deschidere \u0219i resigilare convenabile. Oferim solu\u021bii de ambalare OEM pentru biscui\u021bi cu creve\u021bi, inclusiv dimensiuni personalizate, imprimare logo personalizat\u0103 \u0219i ambalaje cu etichet\u0103 privat\u0103 pentru m\u0103rci \u0219i produc\u0103tori de gust\u0103ri. Contacta\u021bi-ne ast\u0103zi pentru a ob\u021bine o ofert\u0103 personalizat\u0103 pentru pungile dvs. de ambalare pentru biscui\u021bi cu creve\u021bi.<\/p>\n<h2>Avantajele ambal\u0103rii personalizate de \u00eenalt\u0103 calitate a creve\u021bilor Crackers<\/h2>\n<ul>\n<li><strong>Design personalizat:<\/strong> Oferim servicii personalizate de ambalare a pungilor, inclusiv personalizarea materialelor, dimensiunilor \u0219i modelelor de imprimare pentru a satisface nevoile clien\u021bilor \u0219i sprijinim OEM \u0219i ODM.<\/li>\n<li><strong>Fabricarea:<\/strong> Cu echipamente \u0219i tehnologii avansate, putem finaliza produc\u021bia de comand\u0103 \u00een mod eficient \u0219i de \u00eenalt\u0103 calitate \u0219i putem livra la timp.<\/li>\n<li><strong>Inspec\u021bia calit\u0103\u021bii:<\/strong> Produc\u021bia se realizeaz\u0103 \u00een strict\u0103 conformitate cu standardele de calitate \u0219i cerin\u021bele de siguran\u021b\u0103 alimentar\u0103 pentru a se asigura c\u0103 produsele \u00eendeplinesc standardele.<\/li>\n<li><strong>Serviciul clien\u021bi:<\/strong> Oferi\u021bi un r\u0103spuns rapid \u0219i un serviciu de asisten\u021b\u0103 pentru clien\u021bi atent 24 de ore pe zi.<\/li>\n<li><strong>E\u0219antion gratuit:<\/strong> Furniza\u021bi servicii gratuite de e\u0219antionare pentru a evalua produsul.<\/li>\n<\/ul>\n<p>Huiyang Packaging se angajeaz\u0103 s\u0103 ofere clien\u021bilor ambalaje personalizate de \u00eenalt\u0103 calitate pentru creve\u021bi pentru a ajuta clien\u021bii s\u0103-\u0219i \u00eembun\u0103t\u0103\u021beasc\u0103 imaginea produsului \u0219i s\u0103-\u0219i sporeasc\u0103 competitivitatea pe pia\u021b\u0103.<\/p>","protected":false},"featured_media":9584,"comment_status":"closed","ping_status":"closed","template":"","meta":[],"product_brand":[],"product_cat":[57,51],"product_tag":[116],"class_list":{"0":"post-9591","1":"product","2":"type-product","3":"status-publish","4":"has-post-thumbnail","6":"product_cat-snack-packaging-bags-wholesale","7":"product_cat-custom-food-packaging-bags","8":"product_tag-stand-up-pouch-manufacturer","10":"first","11":"instock","12":"shipping-taxable","13":"product-type-simple"},"_links":{"self":[{"href":"https:\/\/www.hyflexpack.com\/ro\/wp-json\/wp\/v2\/product\/9591","targetHints":{"allow":["GET"]}}],"collection":[{"href":"https:\/\/www.hyflexpack.com\/ro\/wp-json\/wp\/v2\/product"}],"about":[{"href":"https:\/\/www.hyflexpack.com\/ro\/wp-json\/wp\/v2\/types\/product"}],"replies":[{"embeddable":true,"href":"https:\/\/www.hyflexpack.com\/ro\/wp-json\/wp\/v2\/comments?post=9591"}],"wp:featuredmedia":[{"embeddable":true,"href":"https:\/\/www.hyflexpack.com\/ro\/wp-json\/wp\/v2\/media\/9584"}],"wp:attachment":[{"href":"https:\/\/www.hyflexpack.com\/ro\/wp-json\/wp\/v2\/media?parent=9591"}],"wp:term":[{"taxonomy":"product_brand","embeddable":true,"href":"https:\/\/www.hyflexpack.com\/ro\/wp-json\/wp\/v2\/product_brand?post=9591"},{"taxonomy":"product_cat","embeddable":true,"href":"https:\/\/www.hyflexpack.com\/ro\/wp-json\/wp\/v2\/product_cat?post=9591"},{"taxonomy":"product_tag","embeddable":true,"href":"https:\/\/www.hyflexpack.com\/ro\/wp-json\/wp\/v2\/product_tag?post=9591"}],"curies":[{"name":"wp","href":"https:\/\/api.w.org\/{rel}","templated":true}]}}