{"id":9338,"date":"2026-02-26T02:22:40","date_gmt":"2026-02-26T02:22:40","guid":{"rendered":"https:\/\/www.hyflexpack.com\/?post_type=product&#038;p=9338"},"modified":"2026-02-26T02:22:45","modified_gmt":"2026-02-26T02:22:45","slug":"custom-pressure-sensitive-bottle-label","status":"publish","type":"product","link":"https:\/\/www.hyflexpack.com\/ro\/product\/custom-pressure-sensitive-bottle-label\/","title":{"rendered":"Etichete personalizate pentru sticle sensibile la presiune pentru b\u0103uturi OEM \u0219i aprovizionare cu ridicata"},"content":{"rendered":"<div class=\"wp-block-columns is-layout-flex wp-container-core-columns-is-layout-9d6595d7 wp-block-columns-is-layout-flex\">\n<div class=\"wp-block-column is-layout-flow wp-block-column-is-layout-flow\">\n<h2 class=\"wp-block-heading\">Etichete personalizate pentru sticle sensibile la presiune Caracteristici<\/h2>\n\n\n\n<ul class=\"wp-block-list\">\n<li>Etichetele noastre personalizate pentru sticle sensibile la presiune sunt adaptate la dimensiunea, forma, tipul de adeziv \u0219i materialul etichetei pentru a \u00eendeplini diferite cerin\u021be de ambalare a sticlelor de b\u0103uturi.<br><\/li>\n\n\n\n<li>Etichete autoadezive concepute pentru sticle din sticl\u0103, PET \u0219i HDPE, men\u021bin\u00e2nd performan\u021ba \u00een condi\u021bii de frig, umezeal\u0103 \u0219i refrigerare.<br><\/li>\n\n\n\n<li>Produc\u021bie optimizat\u0103 pentru comenzi de volum mare, ideal\u0103 pentru cump\u0103r\u0103tori B2B, distribuitori \u0219i fabrici de \u00eembuteliere.<br><\/li>\n\n\n\n<li>Conceput pentru distribuire lin\u0103 \u0219i plasare precis\u0103 pe ma\u0219ini automate de etichetare de mare vitez\u0103.<\/li>\n<\/ul>\n<\/div>\n\n\n\n<div class=\"wp-block-column is-layout-flow wp-block-column-is-layout-flow\">\n<figure class=\"wp-block-image size-full\"><img fetchpriority=\"high\" decoding=\"async\" width=\"1000\" height=\"1000\" src=\"https:\/\/www.hyflexpack.com\/wp-content\/uploads\/2026\/02\/Custom-Pressure-Sensitive-Bottle-Labels-1.webp\" alt=\"Etichete personalizate sensibile la presiune pentru sticle\" class=\"wp-image-9290\" srcset=\"https:\/\/www.hyflexpack.com\/wp-content\/uploads\/2026\/02\/Custom-Pressure-Sensitive-Bottle-Labels-1.webp 1000w, https:\/\/www.hyflexpack.com\/wp-content\/uploads\/2026\/02\/Custom-Pressure-Sensitive-Bottle-Labels-1-300x300.webp 300w, https:\/\/www.hyflexpack.com\/wp-content\/uploads\/2026\/02\/Custom-Pressure-Sensitive-Bottle-Labels-1-150x150.webp 150w, https:\/\/www.hyflexpack.com\/wp-content\/uploads\/2026\/02\/Custom-Pressure-Sensitive-Bottle-Labels-1-768x768.webp 768w, https:\/\/www.hyflexpack.com\/wp-content\/uploads\/2026\/02\/Custom-Pressure-Sensitive-Bottle-Labels-1-12x12.webp 12w, https:\/\/www.hyflexpack.com\/wp-content\/uploads\/2026\/02\/Custom-Pressure-Sensitive-Bottle-Labels-1-285x285.webp 285w, https:\/\/www.hyflexpack.com\/wp-content\/uploads\/2026\/02\/Custom-Pressure-Sensitive-Bottle-Labels-1-270x270.webp 270w, https:\/\/www.hyflexpack.com\/wp-content\/uploads\/2026\/02\/Custom-Pressure-Sensitive-Bottle-Labels-1-540x540.webp 540w, https:\/\/www.hyflexpack.com\/wp-content\/uploads\/2026\/02\/Custom-Pressure-Sensitive-Bottle-Labels-1-660x660.webp 660w\" sizes=\"(max-width: 1000px) 100vw, 1000px\" \/><\/figure>\n<\/div>\n<\/div>","protected":false},"excerpt":{"rendered":"<p>Etichete personalizate cu ridicata pentru sticle sensibile la presiune pentru toate dimensiunile de sticle de b\u0103uturi. Etichetele sunt imprimate clar, nu sunt u\u0219or de dezlipit, sunt impermeabile \u0219i durabile. Etichetele noastre sensibile la presiune pentru sticle sunt fabricate din materiale de \u00eenalt\u0103 calitate pentru a se asigura c\u0103 r\u0103m\u00e2n clare \u0219i frumoase \u00een orice mediu. OEM\/ODM acceptate. Contacta\u021bi-ne acum!<\/p>\n<h2>Avantajele furnizorului de etichete pentru sticle<\/h2>\n<ul>\n<li><strong>Design personalizat<\/strong>: Oferi\u021bi solu\u021bii personalizate de proiectare pentru a \u00eendeplini diferite specifica\u021bii, dimensiuni \u0219i cerin\u021be de imprimare de p\u00e2n\u0103 la 10 culori \u00een func\u021bie de nevoile clien\u021bilor, sprijini\u021bi personalizarea OEM \u0219i ODM.<\/li>\n<li><strong>Asigurarea calit\u0103\u021bii<\/strong>: Controlul strict al procesului de produc\u021bie, folosind materii prime de \u00eenalt\u0103 calitate \u0219i echipamente de produc\u021bie avansate pentru a asigura o calitate \u0219i o produc\u021bie stabil\u0103 \u0219i fiabil\u0103 a produsului.<\/li>\n<li><strong>Asisten\u021b\u0103 tehnic\u0103 profesional\u0103<\/strong>: Cu echipa tehnic\u0103 experimentat\u0103, oferim asisten\u021b\u0103 tehnic\u0103 profesional\u0103 \u0219i servicii post-v\u00e2nzare pentru a ne asigura c\u0103 nevoile clien\u021bilor sunt solu\u021bionate \u0219i rezolvate cu promptitudine.<\/li>\n<li><strong>Mostr\u0103 gratuit\u0103<\/strong>: Oferi\u021bi servicii gratuite de e\u0219antionare pentru a evalua produsele.<\/li>\n<\/ul>\n<p>Huiyang Packaging este dedicat oferirii de etichete personalizate de \u00eenalt\u0103 calitate pentru sticle, care \u00eembun\u0103t\u0103\u021besc imaginea produsului \u0219i sporesc competitivitatea pe pia\u021b\u0103 pentru clien\u021bii no\u0219tri.<\/p>","protected":false},"featured_media":9290,"comment_status":"closed","ping_status":"closed","template":"","meta":[],"product_brand":[],"product_cat":[90,53],"product_tag":[],"class_list":{"0":"post-9338","1":"product","2":"type-product","3":"status-publish","4":"has-post-thumbnail","6":"product_cat-custom-bottle-label","7":"product_cat-packaging-film-supplier","9":"first","10":"instock","11":"shipping-taxable","12":"product-type-simple"},"_links":{"self":[{"href":"https:\/\/www.hyflexpack.com\/ro\/wp-json\/wp\/v2\/product\/9338","targetHints":{"allow":["GET"]}}],"collection":[{"href":"https:\/\/www.hyflexpack.com\/ro\/wp-json\/wp\/v2\/product"}],"about":[{"href":"https:\/\/www.hyflexpack.com\/ro\/wp-json\/wp\/v2\/types\/product"}],"replies":[{"embeddable":true,"href":"https:\/\/www.hyflexpack.com\/ro\/wp-json\/wp\/v2\/comments?post=9338"}],"wp:featuredmedia":[{"embeddable":true,"href":"https:\/\/www.hyflexpack.com\/ro\/wp-json\/wp\/v2\/media\/9290"}],"wp:attachment":[{"href":"https:\/\/www.hyflexpack.com\/ro\/wp-json\/wp\/v2\/media?parent=9338"}],"wp:term":[{"taxonomy":"product_brand","embeddable":true,"href":"https:\/\/www.hyflexpack.com\/ro\/wp-json\/wp\/v2\/product_brand?post=9338"},{"taxonomy":"product_cat","embeddable":true,"href":"https:\/\/www.hyflexpack.com\/ro\/wp-json\/wp\/v2\/product_cat?post=9338"},{"taxonomy":"product_tag","embeddable":true,"href":"https:\/\/www.hyflexpack.com\/ro\/wp-json\/wp\/v2\/product_tag?post=9338"}],"curies":[{"name":"wp","href":"https:\/\/api.w.org\/{rel}","templated":true}]}}