{"id":9337,"date":"2026-02-26T02:26:06","date_gmt":"2026-02-26T02:26:06","guid":{"rendered":"https:\/\/www.hyflexpack.com\/?post_type=product&#038;p=9337"},"modified":"2026-02-26T02:26:14","modified_gmt":"2026-02-26T02:26:14","slug":"wholesale-bottle-shrink-sleeve-label","status":"publish","type":"product","link":"https:\/\/www.hyflexpack.com\/ro\/product\/wholesale-bottle-shrink-sleeve-label\/","title":{"rendered":"Etichete cu ridicata pentru sticle de b\u0103uturi, OEM \u0219i comenzi de volum mare"},"content":{"rendered":"<div class=\"wp-block-columns is-layout-flex wp-container-core-columns-is-layout-9d6595d7 wp-block-columns-is-layout-flex\">\n<div class=\"wp-block-column is-layout-flow wp-block-column-is-layout-flow\">\n<h2 class=\"wp-block-heading\">Etichete cu ridicata pentru sticle de b\u0103uturi Shrink Sleeve Caracteristici<\/h2>\n\n\n\n<ul class=\"wp-block-list\">\n<li>Etichete cu man\u0219on termocontractibil produse \u00een fabric\u0103, optimizate pentru sticle de b\u0103uturi din ap\u0103, sucuri, b\u0103uturi r\u0103coritoare \u0219i b\u0103uturi func\u021bionale.<\/li>\n<\/ul>\n\n\n\n<ul class=\"wp-block-list\">\n<li>Suport OEM complet, inclusiv op\u021biuni de materiale, dimensiuni ale man\u0219onului, raporturi de contrac\u021bie \u0219i specifica\u021bii de imprimare.<\/li>\n<\/ul>\n\n\n\n<ul class=\"wp-block-list\">\n<li>Capacitatea de produc\u021bie scalabil\u0103 suport\u0103 comenzi mari \u0219i repetate cu calitate \u0219i livrare constante.<\/li>\n<\/ul>\n\n\n\n<ul class=\"wp-block-list\">\n<li>Conceput pentru aplicarea f\u0103r\u0103 probleme pe liniile de \u00eembuteliere \u0219i etichetare de mare vitez\u0103, cu distorsiuni minime.<\/li>\n<\/ul>\n\n\n\n<ul class=\"wp-block-list\">\n<li>Pre\u021buri cu ridicata competitive pentru cump\u0103r\u0103tori B2B, distribuitori \u0219i furnizori de ambalaje pentru b\u0103uturi.<\/li>\n<\/ul>\n<\/div>\n\n\n\n<div class=\"wp-block-column is-layout-flow wp-block-column-is-layout-flow\">\n<figure class=\"wp-block-image size-full\"><img fetchpriority=\"high\" decoding=\"async\" width=\"1000\" height=\"1000\" src=\"https:\/\/www.hyflexpack.com\/wp-content\/uploads\/2026\/02\/Wholesale-Beverage-Bottle-Shrink-Sleeve-Labels-1.webp\" alt=\"Etichete cu ridicata pentru sticle de b\u0103uturi Shrink Sleeve \" class=\"wp-image-9322\" srcset=\"https:\/\/www.hyflexpack.com\/wp-content\/uploads\/2026\/02\/Wholesale-Beverage-Bottle-Shrink-Sleeve-Labels-1.webp 1000w, https:\/\/www.hyflexpack.com\/wp-content\/uploads\/2026\/02\/Wholesale-Beverage-Bottle-Shrink-Sleeve-Labels-1-300x300.webp 300w, https:\/\/www.hyflexpack.com\/wp-content\/uploads\/2026\/02\/Wholesale-Beverage-Bottle-Shrink-Sleeve-Labels-1-150x150.webp 150w, https:\/\/www.hyflexpack.com\/wp-content\/uploads\/2026\/02\/Wholesale-Beverage-Bottle-Shrink-Sleeve-Labels-1-768x768.webp 768w, https:\/\/www.hyflexpack.com\/wp-content\/uploads\/2026\/02\/Wholesale-Beverage-Bottle-Shrink-Sleeve-Labels-1-12x12.webp 12w, https:\/\/www.hyflexpack.com\/wp-content\/uploads\/2026\/02\/Wholesale-Beverage-Bottle-Shrink-Sleeve-Labels-1-285x285.webp 285w, https:\/\/www.hyflexpack.com\/wp-content\/uploads\/2026\/02\/Wholesale-Beverage-Bottle-Shrink-Sleeve-Labels-1-270x270.webp 270w, https:\/\/www.hyflexpack.com\/wp-content\/uploads\/2026\/02\/Wholesale-Beverage-Bottle-Shrink-Sleeve-Labels-1-540x540.webp 540w, https:\/\/www.hyflexpack.com\/wp-content\/uploads\/2026\/02\/Wholesale-Beverage-Bottle-Shrink-Sleeve-Labels-1-660x660.webp 660w\" sizes=\"(max-width: 1000px) 100vw, 1000px\" \/><\/figure>\n<\/div>\n<\/div>","protected":false},"excerpt":{"rendered":"<p>\u00cen calitate de produc\u0103tori experimenta\u021bi de folii pentru etichete contractibile din China, oferim etichete personalizate pentru man\u0219oane contractibile cu imprimare vibrant\u0103, protec\u021bie impermeabil\u0103 \u0219i op\u021biuni de materiale ecologice. Perfect pentru sticle de toate formele \u0219i industriile. Contacta\u021bi-ne ast\u0103zi pentru pre\u021buri exclusive pentru \u00eentreprinderi!<\/p>\n<h2>Avantajele produc\u0103torului de etichete cu man\u0219on retractabil pentru sticle<\/h2>\n<ul>\n<li><strong>Proiectare personalizat\u0103<\/strong>: Oferi\u021bi solu\u021bii personalizate de design \u00een func\u021bie de nevoile clien\u021bilor, \u00eendeplini\u021bi diferite specifica\u021bii, dimensiuni \u0219i imprimare p\u00e2n\u0103 la 10 culori \u0219i\u00a0<a href=\"https:\/\/www.hyflexpack.com\/ro\/ambalaje-flexibile-personalizate\/\"><strong>suport OEM \u0219i ODM<\/strong><\/a>\u00a0personalizare.<\/li>\n<li><strong>Livrare rapid\u0103<\/strong>: Cu o capacitate de produc\u021bie eficient\u0103 \u0219i un sistem de gestionare a lan\u021bului de aprovizionare, putem r\u0103spunde prompt la comenzile clien\u021bilor pentru a asigura livrarea la timp.<\/li>\n<li><strong>Suport complet<\/strong>: O echip\u0103 tehnic\u0103 profesionist\u0103 \u0219i o echip\u0103 de servicii post-v\u00e2nzare ofer\u0103 consultan\u021b\u0103 \u00eenainte de v\u00e2nzare \u0219i asisten\u021b\u0103 post-v\u00e2nzare pentru a oferi suport tehnic \u0219i solu\u021bii pentru clien\u021bi.<\/li>\n<li><strong>Mostr\u0103 gratuit\u0103<\/strong>: Oferi\u021bi un serviciu gratuit de e\u0219antionare pentru a evalua produsele.<\/li>\n<\/ul>\n<p><a href=\"https:\/\/www.hyflexpack.com\/ro\/\"><strong>Ambalaje Huiyang<\/strong><\/a> se angajeaz\u0103 s\u0103 ofere clien\u021bilor etichete de \u00eenalt\u0103 calitate, personalizate, pentru sticle, pentru a le ajuta s\u0103 \u00ee\u0219i \u00eembun\u0103t\u0103\u021beasc\u0103 imaginea produsului \u0219i competitivitatea pe pia\u021b\u0103.<\/p>","protected":false},"featured_media":9322,"comment_status":"closed","ping_status":"closed","template":"","meta":[],"product_brand":[],"product_cat":[84,53],"product_tag":[],"class_list":{"0":"post-9337","1":"product","2":"type-product","3":"status-publish","4":"has-post-thumbnail","6":"product_cat-shrink-sleeve-film","7":"product_cat-packaging-film-supplier","9":"first","10":"instock","11":"shipping-taxable","12":"product-type-simple"},"_links":{"self":[{"href":"https:\/\/www.hyflexpack.com\/ro\/wp-json\/wp\/v2\/product\/9337","targetHints":{"allow":["GET"]}}],"collection":[{"href":"https:\/\/www.hyflexpack.com\/ro\/wp-json\/wp\/v2\/product"}],"about":[{"href":"https:\/\/www.hyflexpack.com\/ro\/wp-json\/wp\/v2\/types\/product"}],"replies":[{"embeddable":true,"href":"https:\/\/www.hyflexpack.com\/ro\/wp-json\/wp\/v2\/comments?post=9337"}],"wp:featuredmedia":[{"embeddable":true,"href":"https:\/\/www.hyflexpack.com\/ro\/wp-json\/wp\/v2\/media\/9322"}],"wp:attachment":[{"href":"https:\/\/www.hyflexpack.com\/ro\/wp-json\/wp\/v2\/media?parent=9337"}],"wp:term":[{"taxonomy":"product_brand","embeddable":true,"href":"https:\/\/www.hyflexpack.com\/ro\/wp-json\/wp\/v2\/product_brand?post=9337"},{"taxonomy":"product_cat","embeddable":true,"href":"https:\/\/www.hyflexpack.com\/ro\/wp-json\/wp\/v2\/product_cat?post=9337"},{"taxonomy":"product_tag","embeddable":true,"href":"https:\/\/www.hyflexpack.com\/ro\/wp-json\/wp\/v2\/product_tag?post=9337"}],"curies":[{"name":"wp","href":"https:\/\/api.w.org\/{rel}","templated":true}]}}