{"id":9336,"date":"2026-02-26T02:45:47","date_gmt":"2026-02-26T02:45:47","guid":{"rendered":"https:\/\/www.hyflexpack.com\/?post_type=product&#038;p=9336"},"modified":"2026-02-26T02:45:51","modified_gmt":"2026-02-26T02:45:51","slug":"custom-shrink-sleeves-for-beverage","status":"publish","type":"product","link":"https:\/\/www.hyflexpack.com\/ro\/product\/custom-shrink-sleeves-for-beverage\/","title":{"rendered":"Man\u0219oane de contrac\u021bie personalizate pentru sticle de b\u0103uturi - Bulk Manufacturing Supply"},"content":{"rendered":"<div class=\"wp-block-columns is-layout-flex wp-container-core-columns-is-layout-9d6595d7 wp-block-columns-is-layout-flex\">\n<div class=\"wp-block-column is-layout-flow wp-block-column-is-layout-flow\">\n<h2 class=\"wp-block-heading\">Caracteristici ale man\u0219oanelor contractibile personalizate pentru b\u0103uturi <\/h2>\n\n\n\n<ul class=\"wp-block-list\">\n<li>Man\u0219oanele noastre de contrac\u021bie personalizate pentru b\u0103uturi sunt adaptate dimensiunilor, grosimii \u0219i raporturilor de contrac\u021bie pentru a se potrivi diferitelor forme de sticle \u0219i cerin\u021belor de ambalare a b\u0103uturilor.<\/li>\n<\/ul>\n\n\n\n<ul class=\"wp-block-list\">\n<li>Optimizat pentru produc\u021bia de volume mari cu pre\u021buri competitive, ideal pentru cump\u0103r\u0103tori B2B, distribuitori \u0219i fabrici de \u00eembuteliere.<\/li>\n<\/ul>\n\n\n\n<ul class=\"wp-block-list\">\n<li>Proiectat pentru un comportament consistent de contrac\u021bie, reduc\u00e2nd ridurile \u0219i alinierea gre\u0219it\u0103 \u00een timpul aplic\u0103rii automate.<\/li>\n<\/ul>\n\n\n\n<ul class=\"wp-block-list\">\n<li>Suport\u0103 imprimarea prin gravur\u0103 cu culori vibrante \u0219i branding clar pe etichetele cu man\u0219on retractabil.<\/li>\n<\/ul>\n\n\n\n<ul class=\"wp-block-list\">\n<li>Selec\u021bia materialelor, personalizarea imprim\u0103rii \u0219i scalabilitatea comenzilor sunt disponibile pentru a satisface nevoile OEM de ambalare a b\u0103uturilor.<\/li>\n<\/ul>\n<\/div>\n\n\n\n<div class=\"wp-block-column is-layout-flow wp-block-column-is-layout-flow\">\n<figure class=\"wp-block-image size-full\"><img fetchpriority=\"high\" decoding=\"async\" width=\"1000\" height=\"1000\" src=\"https:\/\/www.hyflexpack.com\/wp-content\/uploads\/2026\/02\/Custom-Shrink-Sleeves-1.webp\" alt=\"Man\u0219oane contractibile personalizate\" class=\"wp-image-9310\" srcset=\"https:\/\/www.hyflexpack.com\/wp-content\/uploads\/2026\/02\/Custom-Shrink-Sleeves-1.webp 1000w, https:\/\/www.hyflexpack.com\/wp-content\/uploads\/2026\/02\/Custom-Shrink-Sleeves-1-300x300.webp 300w, https:\/\/www.hyflexpack.com\/wp-content\/uploads\/2026\/02\/Custom-Shrink-Sleeves-1-150x150.webp 150w, https:\/\/www.hyflexpack.com\/wp-content\/uploads\/2026\/02\/Custom-Shrink-Sleeves-1-768x768.webp 768w, https:\/\/www.hyflexpack.com\/wp-content\/uploads\/2026\/02\/Custom-Shrink-Sleeves-1-12x12.webp 12w, https:\/\/www.hyflexpack.com\/wp-content\/uploads\/2026\/02\/Custom-Shrink-Sleeves-1-285x285.webp 285w, https:\/\/www.hyflexpack.com\/wp-content\/uploads\/2026\/02\/Custom-Shrink-Sleeves-1-270x270.webp 270w, https:\/\/www.hyflexpack.com\/wp-content\/uploads\/2026\/02\/Custom-Shrink-Sleeves-1-540x540.webp 540w, https:\/\/www.hyflexpack.com\/wp-content\/uploads\/2026\/02\/Custom-Shrink-Sleeves-1-660x660.webp 660w\" sizes=\"(max-width: 1000px) 100vw, 1000px\" \/><\/figure>\n<\/div>\n<\/div>","protected":false},"excerpt":{"rendered":"<p>Man\u0219oanele noastre contractibile personalizate pentru sticle de b\u0103uturi sus\u021bin aprovizionarea \u00een vrac \u0219i sunt concepute pentru aplica\u021bii de ambalare a b\u0103uturilor de volum mare. Produse cu o performan\u021b\u0103 de contrac\u021bie constant\u0103 \u0219i o dimensionare precis\u0103, etichetele noastre pentru man\u0219oane de contrac\u021bie asigur\u0103 o aplicare f\u0103r\u0103 probleme pe liniile automate de \u00eembuteliere. Produc\u021bia direct\u0103 din fabric\u0103 sprijin\u0103 comenzile pe scar\u0103 larg\u0103, termenele de livrare stabile \u0219i imprimarea personalizat\u0103 pentru m\u0103rcile de b\u0103uturi \u0219i furnizorii de ambalaje. Contacta\u021bi-ne ast\u0103zi pentru a ob\u021bine folie termocontractibil\u0103 personalizat\u0103, f\u0103cut\u0103 special pentru dumneavoastr\u0103!<\/p>\n<h2>Avantajele furnizorului de m\u00e2neci contractibile personalizate<\/h2>\n<ul>\n<li><strong>Design personalizat:<\/strong> Oferim servicii personalizate, inclusiv personalizarea materialelor, dimensiunilor \u0219i modelelor de imprimare pentru a r\u0103spunde nevoilor clien\u021bilor \u0219i sprijinim OEM \u0219i ODM.<\/li>\n<li><strong>Fabricarea:<\/strong> Adoptarea unor linii de produc\u021bie compozite avansate la nivel interna\u021bional \u0219i a unor sisteme de control automat pentru a asigura procese de produc\u021bie eficiente \u0219i stabile \u0219i livrarea la timp.<\/li>\n<li><strong>Inspec\u021bia calit\u0103\u021bii:<\/strong> Producerea strict\u0103 \u00een conformitate cu standardele de calitate \u0219i cerin\u021bele de siguran\u021b\u0103 alimentar\u0103 pentru a se asigura c\u0103 produsele \u00eendeplinesc standardele.<\/li>\n<li><strong>Serviciul clien\u021bi:<\/strong> Oferi\u021bi un r\u0103spuns rapid \u0219i un serviciu de asisten\u021b\u0103 pentru clien\u021bi atent 24 de ore pe zi.<\/li>\n<li><strong>Mostre gratuite:<\/strong> Face\u021bi e\u0219antioane de loturi mici pentru ca clien\u021bii s\u0103 le \u00eencerce \u0219i s\u0103 le evalueze.<\/li>\n<\/ul>\n<p>Huiyang Packaging se angajeaz\u0103 s\u0103 furnizeze clien\u021bilor man\u0219oane personalizate de \u00eenalt\u0103 calitate pentru a ajuta clien\u021bii s\u0103 \u00ee\u0219i \u00eembun\u0103t\u0103\u021beasc\u0103 imaginea produsului \u0219i s\u0103 \u00ee\u0219i sporeasc\u0103 competitivitatea pe pia\u021b\u0103.<\/p>","protected":false},"featured_media":9310,"comment_status":"closed","ping_status":"closed","template":"","meta":[],"product_brand":[],"product_cat":[84,53],"product_tag":[],"class_list":{"0":"post-9336","1":"product","2":"type-product","3":"status-publish","4":"has-post-thumbnail","6":"product_cat-shrink-sleeve-film","7":"product_cat-packaging-film-supplier","9":"first","10":"instock","11":"shipping-taxable","12":"product-type-simple"},"_links":{"self":[{"href":"https:\/\/www.hyflexpack.com\/ro\/wp-json\/wp\/v2\/product\/9336","targetHints":{"allow":["GET"]}}],"collection":[{"href":"https:\/\/www.hyflexpack.com\/ro\/wp-json\/wp\/v2\/product"}],"about":[{"href":"https:\/\/www.hyflexpack.com\/ro\/wp-json\/wp\/v2\/types\/product"}],"replies":[{"embeddable":true,"href":"https:\/\/www.hyflexpack.com\/ro\/wp-json\/wp\/v2\/comments?post=9336"}],"wp:featuredmedia":[{"embeddable":true,"href":"https:\/\/www.hyflexpack.com\/ro\/wp-json\/wp\/v2\/media\/9310"}],"wp:attachment":[{"href":"https:\/\/www.hyflexpack.com\/ro\/wp-json\/wp\/v2\/media?parent=9336"}],"wp:term":[{"taxonomy":"product_brand","embeddable":true,"href":"https:\/\/www.hyflexpack.com\/ro\/wp-json\/wp\/v2\/product_brand?post=9336"},{"taxonomy":"product_cat","embeddable":true,"href":"https:\/\/www.hyflexpack.com\/ro\/wp-json\/wp\/v2\/product_cat?post=9336"},{"taxonomy":"product_tag","embeddable":true,"href":"https:\/\/www.hyflexpack.com\/ro\/wp-json\/wp\/v2\/product_tag?post=9336"}],"curies":[{"name":"wp","href":"https:\/\/api.w.org\/{rel}","templated":true}]}}