{"id":9333,"date":"2026-02-26T02:55:42","date_gmt":"2026-02-26T02:55:42","guid":{"rendered":"https:\/\/www.hyflexpack.com\/?post_type=product&#038;p=9333"},"modified":"2026-02-26T02:55:51","modified_gmt":"2026-02-26T02:55:51","slug":"custom-printed-mpet-twist-film-candy","status":"publish","type":"product","link":"https:\/\/www.hyflexpack.com\/ro\/product\/custom-printed-mpet-twist-film-candy\/","title":{"rendered":"Film MPET Twist imprimat personalizat, ambalaj cu un singur strat pentru bomboane \u0219i produse de cofet\u0103rie"},"content":{"rendered":"<div class=\"wp-block-columns is-layout-flex wp-container-core-columns-is-layout-9d6595d7 wp-block-columns-is-layout-flex\">\n<div class=\"wp-block-column is-layout-flow wp-block-column-is-layout-flow\">\n<h2 class=\"wp-block-heading\">De \u00eenalt\u0103 calitate personalizate imprimate MPET Twist Film Caracteristici<\/h2>\n\n\n\n<ul class=\"wp-block-list\">\n<li>Folia noastr\u0103 MPET Twist imprimat\u0103 personalizat este produs\u0103 din PET metalizat cu un singur strat. Aceast\u0103 folie de r\u0103sucire ofer\u0103 o performan\u021b\u0103 puternic\u0103 de fixare a r\u0103sucirii \u0219i o \u00eenf\u0103\u0219urare lin\u0103 pentru ambalarea bomboanelor \u0219i a produselor de cofet\u0103rie.<\/li>\n<\/ul>\n\n\n\n<ul class=\"wp-block-list\">\n<li>Suport\u0103 modele de folii MPET twist imprimate la comand\u0103, cu grafic\u0103 clar\u0103 \u0219i calitate consistent\u0103 a culorilor, ideale pentru ambalarea dulciurilor de marc\u0103.<\/li>\n<\/ul>\n\n\n\n<ul class=\"wp-block-list\">\n<li>Conceput pentru ambalarea \u00een spiral\u0103 a bomboanelor \u0219i dulciurilor, oferind rezisten\u021b\u0103 la umiditate, durabilitate \u0219i performan\u021be stabile de ambalare.<\/li>\n<\/ul>\n<\/div>\n\n\n\n<div class=\"wp-block-column is-layout-flow wp-block-column-is-layout-flow\">\n<figure class=\"wp-block-image size-full\"><img fetchpriority=\"high\" decoding=\"async\" width=\"750\" height=\"750\" src=\"https:\/\/www.hyflexpack.com\/wp-content\/uploads\/2026\/02\/Custom-Printed-MPET-Twist-Film-1.webp\" alt=\"MPET personalizat imprimat Twist Film\" class=\"wp-image-9298\" srcset=\"https:\/\/www.hyflexpack.com\/wp-content\/uploads\/2026\/02\/Custom-Printed-MPET-Twist-Film-1.webp 750w, https:\/\/www.hyflexpack.com\/wp-content\/uploads\/2026\/02\/Custom-Printed-MPET-Twist-Film-1-300x300.webp 300w, https:\/\/www.hyflexpack.com\/wp-content\/uploads\/2026\/02\/Custom-Printed-MPET-Twist-Film-1-150x150.webp 150w, https:\/\/www.hyflexpack.com\/wp-content\/uploads\/2026\/02\/Custom-Printed-MPET-Twist-Film-1-12x12.webp 12w, https:\/\/www.hyflexpack.com\/wp-content\/uploads\/2026\/02\/Custom-Printed-MPET-Twist-Film-1-285x285.webp 285w, https:\/\/www.hyflexpack.com\/wp-content\/uploads\/2026\/02\/Custom-Printed-MPET-Twist-Film-1-270x270.webp 270w, https:\/\/www.hyflexpack.com\/wp-content\/uploads\/2026\/02\/Custom-Printed-MPET-Twist-Film-1-540x540.webp 540w, https:\/\/www.hyflexpack.com\/wp-content\/uploads\/2026\/02\/Custom-Printed-MPET-Twist-Film-1-660x660.webp 660w\" sizes=\"(max-width: 750px) 100vw, 750px\" \/><\/figure>\n<\/div>\n<\/div>","protected":false},"excerpt":{"rendered":"<p>Folia cu r\u0103sucire MPET imprimat\u0103 la comand\u0103 este o solu\u021bie de ambalare cu un singur strat pentru ambalarea cu r\u0103sucire a bomboanelor \u0219i a dulciurilor. Fabricat\u0103 din PET metalizat (MPET), aceast\u0103 folie de r\u0103sucire ofer\u0103 o reten\u021bie excelent\u0103 a r\u0103sucirii, un finisaj metalic lucios \u0219i o performan\u021b\u0103 fiabil\u0103 de barier\u0103 \u00eempotriva umidit\u0103\u021bii. Imprimarea personalizat\u0103 este o metod\u0103 excelent\u0103 de a spori vizibilitatea m\u0103rcii \u0219i atractivitatea la raft \u00een aplica\u021biile de ambalare a bomboanelor. Contacta\u021bi-ne ast\u0103zi \u0219i l\u0103sa\u021bi-ne s\u0103 v\u0103 personaliz\u0103m ambalajul alimentar exclusiv!<\/p>\n<h2>Avantajele de \u00eenalt\u0103 calitate personalizate imprimate MPET Twist Film<\/h2>\n<ul>\n<li><strong>Design personalizat:<\/strong> Oferim servicii personalizate, inclusiv personalizarea materialelor, dimensiunilor \u0219i modelelor de imprimare pentru a r\u0103spunde nevoilor clien\u021bilor \u0219i sprijinim OEM \u0219i ODM.<\/li>\n<li><strong>Fabricarea:<\/strong> Cu echipamente \u0219i tehnologii avansate, putem finaliza produc\u021bia de comand\u0103 \u00een mod eficient \u0219i de \u00eenalt\u0103 calitate, \u0219i putem livra la timp.<\/li>\n<li><strong>Inspec\u021bia calit\u0103\u021bii:<\/strong> Produc\u021bia se realizeaz\u0103 \u00een strict\u0103 conformitate cu standardele de calitate \u0219i cerin\u021bele de siguran\u021b\u0103 alimentar\u0103 pentru a se asigura c\u0103 produsele \u00eendeplinesc standardele.<\/li>\n<li><strong>Serviciul clien\u021bi:<\/strong> 24 de ore pentru a oferi un r\u0103spuns rapid \u0219i un serviciu de asisten\u021b\u0103 pentru clien\u021bi grijuliu.<\/li>\n<li><strong>E\u0219antion gratuit:<\/strong> Furniza\u021bi servicii gratuite de e\u0219antionare pentru a evalua produsul.<\/li>\n<\/ul>\n<p><a href=\"https:\/\/www.hyflexpack.com\/ro\/\"><strong>Ambalaje Huiyang<\/strong><\/a> se angajeaz\u0103 s\u0103 furnizeze clien\u021bilor folii MPET de \u00eenalt\u0103 calitate, personalizate \u0219i imprimate, ajut\u00e2ndu-i s\u0103-\u0219i \u00eembun\u0103t\u0103\u021beasc\u0103 imaginea produsului \u0219i s\u0103-\u0219i sporeasc\u0103 competitivitatea pe pia\u021b\u0103.<\/p>","protected":false},"featured_media":9298,"comment_status":"closed","ping_status":"closed","template":"","meta":[],"product_brand":[],"product_cat":[89,53],"product_tag":[],"class_list":{"0":"post-9333","1":"product","2":"type-product","3":"status-publish","4":"has-post-thumbnail","6":"product_cat-custom-twist-film","7":"product_cat-packaging-film-supplier","9":"first","10":"instock","11":"shipping-taxable","12":"product-type-simple"},"_links":{"self":[{"href":"https:\/\/www.hyflexpack.com\/ro\/wp-json\/wp\/v2\/product\/9333","targetHints":{"allow":["GET"]}}],"collection":[{"href":"https:\/\/www.hyflexpack.com\/ro\/wp-json\/wp\/v2\/product"}],"about":[{"href":"https:\/\/www.hyflexpack.com\/ro\/wp-json\/wp\/v2\/types\/product"}],"replies":[{"embeddable":true,"href":"https:\/\/www.hyflexpack.com\/ro\/wp-json\/wp\/v2\/comments?post=9333"}],"wp:featuredmedia":[{"embeddable":true,"href":"https:\/\/www.hyflexpack.com\/ro\/wp-json\/wp\/v2\/media\/9298"}],"wp:attachment":[{"href":"https:\/\/www.hyflexpack.com\/ro\/wp-json\/wp\/v2\/media?parent=9333"}],"wp:term":[{"taxonomy":"product_brand","embeddable":true,"href":"https:\/\/www.hyflexpack.com\/ro\/wp-json\/wp\/v2\/product_brand?post=9333"},{"taxonomy":"product_cat","embeddable":true,"href":"https:\/\/www.hyflexpack.com\/ro\/wp-json\/wp\/v2\/product_cat?post=9333"},{"taxonomy":"product_tag","embeddable":true,"href":"https:\/\/www.hyflexpack.com\/ro\/wp-json\/wp\/v2\/product_tag?post=9333"}],"curies":[{"name":"wp","href":"https:\/\/api.w.org\/{rel}","templated":true}]}}