{"id":9286,"date":"2026-02-26T02:39:21","date_gmt":"2026-02-26T02:39:21","guid":{"rendered":"https:\/\/www.hyflexpack.com\/?post_type=product&#038;p=9286"},"modified":"2026-02-26T02:39:24","modified_gmt":"2026-02-26T02:39:24","slug":"custom-packaging-film-for-popcorn","status":"publish","type":"product","link":"https:\/\/www.hyflexpack.com\/ro\/product\/custom-packaging-film-for-popcorn\/","title":{"rendered":"Film de ambalare personalizat pentru popcorn, plastic Heat Seal Laminated Roll Film"},"content":{"rendered":"<div class=\"wp-block-columns is-layout-flex wp-container-core-columns-is-layout-9d6595d7 wp-block-columns-is-layout-flex\">\n<div class=\"wp-block-column is-layout-flow wp-block-column-is-layout-flow\">\n<h2 class=\"wp-block-heading\">Folie de ambalare personalizat\u0103 pentru floricele de porumb Caracteristici<\/h2>\n\n\n\n<ul class=\"wp-block-list\">\n<li>Folia noastr\u0103 personalizat\u0103 pentru ambalarea floricelelor de porumb este special dezvoltat\u0103 pentru ambalarea floricelelor de porumb, potrivit\u0103 pentru saci cu pern\u0103 \u0219i ma\u0219ini VFFS (vertical form fill seal).<\/li>\n<\/ul>\n\n\n\n<ul class=\"wp-block-list\">\n<li>Folia de plastic laminat\u0103 \u00een mai multe straturi asigur\u0103 o performan\u021b\u0103 fiabil\u0103 de sigilare termic\u0103 \u0219i o integritate constant\u0103 a sigiliului \u00een timpul ambal\u0103rii de mare vitez\u0103.<\/li>\n<\/ul>\n\n\n\n<ul class=\"wp-block-list\">\n<li>Protejeaz\u0103 eficient floricelele de porumb \u00eempotriva umidit\u0103\u021bii, uleiului \u0219i contamin\u0103rii externe, contribuind la men\u021binerea prospe\u021bimii \u0219i crocantei.<\/li>\n<\/ul>\n\n\n\n<ul class=\"wp-block-list\">\n<li>Optimizat pentru func\u021bionare stabil\u0103 pe ma\u0219inile de ambalat floricele, reduc\u00e2nd risipa de film \u0219i \u00eembun\u0103t\u0103\u021bind eficien\u021ba produc\u021biei.<\/li>\n<\/ul>\n\n\n\n<ul class=\"wp-block-list\">\n<li>Suport\u0103 imprimarea personalizat\u0103 de \u00eenalt\u0103 calitate, cu culori vii \u0219i aderen\u021b\u0103 bun\u0103 a cernelii, ideal\u0103 pentru solu\u021bii de ambalare a popcornului de marc\u0103.<\/li>\n<\/ul>\n<\/div>\n\n\n\n<div class=\"wp-block-column is-layout-flow wp-block-column-is-layout-flow\">\n<figure class=\"wp-block-image size-full\"><img fetchpriority=\"high\" decoding=\"async\" width=\"1000\" height=\"1000\" src=\"https:\/\/www.hyflexpack.com\/wp-content\/uploads\/2026\/02\/Custom-Packaging-Film-for-Popcorn-12.webp\" alt=\"Folie de ambalare personalizat\u0103 pentru popcorn\" class=\"wp-image-9263\" srcset=\"https:\/\/www.hyflexpack.com\/wp-content\/uploads\/2026\/02\/Custom-Packaging-Film-for-Popcorn-12.webp 1000w, https:\/\/www.hyflexpack.com\/wp-content\/uploads\/2026\/02\/Custom-Packaging-Film-for-Popcorn-12-300x300.webp 300w, https:\/\/www.hyflexpack.com\/wp-content\/uploads\/2026\/02\/Custom-Packaging-Film-for-Popcorn-12-150x150.webp 150w, https:\/\/www.hyflexpack.com\/wp-content\/uploads\/2026\/02\/Custom-Packaging-Film-for-Popcorn-12-768x768.webp 768w, https:\/\/www.hyflexpack.com\/wp-content\/uploads\/2026\/02\/Custom-Packaging-Film-for-Popcorn-12-12x12.webp 12w, https:\/\/www.hyflexpack.com\/wp-content\/uploads\/2026\/02\/Custom-Packaging-Film-for-Popcorn-12-285x285.webp 285w, https:\/\/www.hyflexpack.com\/wp-content\/uploads\/2026\/02\/Custom-Packaging-Film-for-Popcorn-12-270x270.webp 270w, https:\/\/www.hyflexpack.com\/wp-content\/uploads\/2026\/02\/Custom-Packaging-Film-for-Popcorn-12-540x540.webp 540w, https:\/\/www.hyflexpack.com\/wp-content\/uploads\/2026\/02\/Custom-Packaging-Film-for-Popcorn-12-660x660.webp 660w\" sizes=\"(max-width: 1000px) 100vw, 1000px\" \/><\/figure>\n<\/div>\n<\/div>\n\n\n\n<p><\/p>","protected":false},"excerpt":{"rendered":"<p>Folia noastr\u0103 personalizat\u0103 pentru ambalarea floricelelor de porumb este fabricat\u0103 din folie de plastic laminat\u0103 cu sigilare termic\u0103, proiectat\u0103 pentru liniile automate de ambalare. Aceast\u0103 folie de \u00eenalt\u0103 performan\u021b\u0103 pentru ambalarea floricelelor de porumb ofer\u0103 o rezisten\u021b\u0103 puternic\u0103 la sigilarea termic\u0103, o rezisten\u021b\u0103 excelent\u0103 la umezeal\u0103 \u0219i gr\u0103simi \u0219i o prelucrabilitate stabil\u0103, cu imprimare personalizat\u0103 disponibil\u0103 pentru a \u00eembun\u0103t\u0103\u021bi prezentarea m\u0103rcii. Contacta\u021bi-ne ast\u0103zi \u0219i l\u0103sa\u021bi-ne s\u0103 v\u0103 personaliz\u0103m ambalajul alimentar exclusiv!<\/p>\n<h2>Avantajele produc\u0103torului de folie pentru ambalarea popcornului\u00a0<\/h2>\n<ul>\n<li><strong>Design personalizat:<\/strong> Oferim servicii personalizate, inclusiv personalizarea materialelor, dimensiunilor \u0219i modelelor de imprimare pentru a r\u0103spunde nevoilor clien\u021bilor \u0219i sprijinim OEM \u0219i ODM.<\/li>\n<li><strong>Fabricarea:<\/strong> Adoptarea unor linii de produc\u021bie compozite avansate la nivel interna\u021bional \u0219i a unor sisteme de control automat pentru a asigura procese de produc\u021bie eficiente \u0219i stabile \u0219i livrarea la timp.<\/li>\n<li><strong>Inspec\u021bia calit\u0103\u021bii:<\/strong> Producerea strict\u0103 \u00een conformitate cu standardele de calitate \u0219i cerin\u021bele de siguran\u021b\u0103 alimentar\u0103 pentru a se asigura c\u0103 produsele \u00eendeplinesc standardele.<\/li>\n<li><strong>Serviciul clien\u021bi:<\/strong> Oferi\u021bi un r\u0103spuns rapid \u0219i un serviciu de asisten\u021b\u0103 pentru clien\u021bi atent 24 de ore pe zi.<\/li>\n<li><strong>Mostre gratuite:<\/strong> Face\u021bi e\u0219antioane de loturi mici pentru ca clien\u021bii s\u0103 le \u00eencerce \u0219i s\u0103 le evalueze.<\/li>\n<\/ul>\n<p>Huiyang Packaging se angajeaz\u0103 s\u0103 furnizeze clien\u021bilor folie de ambalare personalizat\u0103 de \u00eenalt\u0103 calitate pentru popcorn, ajut\u00e2nd clien\u021bii s\u0103-\u0219i \u00eembun\u0103t\u0103\u021beasc\u0103 imaginea produsului \u0219i s\u0103-\u0219i sporeasc\u0103 competitivitatea pe pia\u021b\u0103.<\/p>","protected":false},"featured_media":9263,"comment_status":"closed","ping_status":"closed","template":"","meta":[],"product_brand":[],"product_cat":[53],"product_tag":[],"class_list":{"0":"post-9286","1":"product","2":"type-product","3":"status-publish","4":"has-post-thumbnail","6":"product_cat-packaging-film-supplier","8":"first","9":"instock","10":"shipping-taxable","11":"product-type-simple"},"_links":{"self":[{"href":"https:\/\/www.hyflexpack.com\/ro\/wp-json\/wp\/v2\/product\/9286","targetHints":{"allow":["GET"]}}],"collection":[{"href":"https:\/\/www.hyflexpack.com\/ro\/wp-json\/wp\/v2\/product"}],"about":[{"href":"https:\/\/www.hyflexpack.com\/ro\/wp-json\/wp\/v2\/types\/product"}],"replies":[{"embeddable":true,"href":"https:\/\/www.hyflexpack.com\/ro\/wp-json\/wp\/v2\/comments?post=9286"}],"wp:featuredmedia":[{"embeddable":true,"href":"https:\/\/www.hyflexpack.com\/ro\/wp-json\/wp\/v2\/media\/9263"}],"wp:attachment":[{"href":"https:\/\/www.hyflexpack.com\/ro\/wp-json\/wp\/v2\/media?parent=9286"}],"wp:term":[{"taxonomy":"product_brand","embeddable":true,"href":"https:\/\/www.hyflexpack.com\/ro\/wp-json\/wp\/v2\/product_brand?post=9286"},{"taxonomy":"product_cat","embeddable":true,"href":"https:\/\/www.hyflexpack.com\/ro\/wp-json\/wp\/v2\/product_cat?post=9286"},{"taxonomy":"product_tag","embeddable":true,"href":"https:\/\/www.hyflexpack.com\/ro\/wp-json\/wp\/v2\/product_tag?post=9286"}],"curies":[{"name":"wp","href":"https:\/\/api.w.org\/{rel}","templated":true}]}}