{"id":9215,"date":"2026-02-05T09:10:31","date_gmt":"2026-02-05T09:10:31","guid":{"rendered":"https:\/\/www.hyflexpack.com\/?post_type=product&#038;p=9215"},"modified":"2026-02-05T09:10:36","modified_gmt":"2026-02-05T09:10:36","slug":"custom-printed-fruit-packaging-bags-oem","status":"publish","type":"product","link":"https:\/\/www.hyflexpack.com\/ro\/product\/custom-printed-fruit-packaging-bags-oem\/","title":{"rendered":"Pungi imprimate personalizate pentru ambalarea fructelor - Geam transparent Stand-Up Pouch cu ventila\u021bie"},"content":{"rendered":"<div class=\"wp-block-columns is-layout-flex wp-container-core-columns-is-layout-9d6595d7 wp-block-columns-is-layout-flex\">\n<div class=\"wp-block-column is-layout-flow wp-block-column-is-layout-flow\">\n<h2 class=\"wp-block-heading\">Custom Printed Fruit Packaging Bags Features<\/h2>\n\n\n\n<ul class=\"wp-block-list\">\n<li><strong>Flexible Customization:<\/strong> These <strong>custom printed fruit packaging bag pouch<\/strong> options support multiple sizes, material selections, and logo printing to meet diverse fruit and vegetable packaging requirements.<\/li>\n\n\n\n<li><strong>Multi-Size Stand-Up Design:<\/strong> The stand-up vented pouch structure allows flexible packaging for various fresh produce while delivering strong shelf presence and easy retail display.<\/li>\n\n\n\n<li><strong>Breathable Ventilation:<\/strong> Built with ventilation holes or slots, the stand-up pouch improves airflow, reduces moisture buildup, and helps extend the shelf life of fresh fruits and vegetables.<\/li>\n\n\n\n<li><strong>Fresh Produce Protection:<\/strong> Designed specifically for fresh fruit and vegetable packaging, these bags help maintain product quality during transportation, storage, and retail presentation.<\/li>\n\n\n\n<li><strong>Food-Grade &amp; Eco Options:<\/strong> Made from durable, food-safe materials, these <strong>custom printed fruit packaging bag pouch<\/strong> solutions offer reliable protection with optional eco-friendly packaging structures.<\/li>\n<\/ul>\n<\/div>\n\n\n\n<div class=\"wp-block-column is-layout-flow wp-block-column-is-layout-flow\">\n<figure class=\"wp-block-image size-full\"><img fetchpriority=\"high\" decoding=\"async\" width=\"1024\" height=\"1024\" src=\"https:\/\/www.hyflexpack.com\/wp-content\/uploads\/2026\/02\/Custom-Printed-Fruit-Packaging-Bags-Supplier-2.webp\" alt=\"Custom Printed Fruit Packaging Bags Supplier (2)\" class=\"wp-image-9243\" srcset=\"https:\/\/www.hyflexpack.com\/wp-content\/uploads\/2026\/02\/Custom-Printed-Fruit-Packaging-Bags-Supplier-2.webp 1024w, https:\/\/www.hyflexpack.com\/wp-content\/uploads\/2026\/02\/Custom-Printed-Fruit-Packaging-Bags-Supplier-2-300x300.webp 300w, https:\/\/www.hyflexpack.com\/wp-content\/uploads\/2026\/02\/Custom-Printed-Fruit-Packaging-Bags-Supplier-2-150x150.webp 150w, https:\/\/www.hyflexpack.com\/wp-content\/uploads\/2026\/02\/Custom-Printed-Fruit-Packaging-Bags-Supplier-2-768x768.webp 768w, https:\/\/www.hyflexpack.com\/wp-content\/uploads\/2026\/02\/Custom-Printed-Fruit-Packaging-Bags-Supplier-2-12x12.webp 12w, https:\/\/www.hyflexpack.com\/wp-content\/uploads\/2026\/02\/Custom-Printed-Fruit-Packaging-Bags-Supplier-2-285x285.webp 285w, https:\/\/www.hyflexpack.com\/wp-content\/uploads\/2026\/02\/Custom-Printed-Fruit-Packaging-Bags-Supplier-2-270x270.webp 270w, https:\/\/www.hyflexpack.com\/wp-content\/uploads\/2026\/02\/Custom-Printed-Fruit-Packaging-Bags-Supplier-2-540x540.webp 540w, https:\/\/www.hyflexpack.com\/wp-content\/uploads\/2026\/02\/Custom-Printed-Fruit-Packaging-Bags-Supplier-2-660x660.webp 660w\" sizes=\"(max-width: 1024px) 100vw, 1024px\" \/><\/figure>\n<\/div>\n<\/div>","protected":false},"excerpt":{"rendered":"<p>Designed as multi-size stand-up vented pouches, our custom printed fruit packaging bags keep produce fresh, breathable, and protected. With stable standing, optimized ventilation, and flexible sizing, these bags deliver an efficient and customizable fresh fruit &amp; vegetable packaging solution.<\/p>\n<h2>Advantages of Custom Printed Fruit Packaging Bags<\/h2>\n<ul>\n<li><strong><a href=\"https:\/\/www.hyflexpack.com\/ro\/ambalaje-flexibile-personalizate\/\">Servicii OEM\/ODM<\/a>:<\/strong>\u00a0Oferim servicii personalizate de ambalare a pungilor, inclusiv personalizarea materialelor, dimensiunilor \u0219i modelelor de imprimare pentru a satisface nevoile clien\u021bilor \u0219i sprijinim OEM \u0219i ODM.<\/li>\n<li><strong>Eficient\u0103<\/strong>\u00a0<strong>Fabricarea:<\/strong>\u00a0Cu echipamente \u0219i tehnologii avansate, putem finaliza produc\u021bia de comand\u0103 \u00een mod eficient \u0219i de \u00eenalt\u0103 calitate \u0219i putem livra la timp.<\/li>\n<li><strong>Inspec\u021bia calit\u0103\u021bii:<\/strong>\u00a0Produc\u021bia se realizeaz\u0103 \u00een strict\u0103 conformitate cu standardele de calitate \u0219i cerin\u021bele de siguran\u021b\u0103 alimentar\u0103 pentru a se asigura c\u0103 produsele \u00eendeplinesc standardele.<\/li>\n<li><strong>Asisten\u021b\u0103 pentru clien\u021bi 24\/7:<\/strong>\u00a0Oferi\u021bi un r\u0103spuns rapid \u0219i un serviciu de asisten\u021b\u0103 pentru clien\u021bi atent 24 de ore pe zi.<\/li>\n<li><strong>Design gratuit:<\/strong>\u00a0Profita\u021bi de serviciile noastre gratuite de design pentru logo-uri, etichete \u0219i lucr\u0103ri de art\u0103 pentru a v\u0103 ajuta s\u0103 v\u0103 \u00eembun\u0103t\u0103\u021bi\u021bi ambalajul \u0219i identitatea m\u0103rcii.<\/li>\n<li><strong>Pre\u021b de fabric\u0103<\/strong>: Oferim pre\u021buri de fabric\u0103 competitive pentru ca dvs. s\u0103 ob\u021bine\u021bi valoarea maxim\u0103 pentru comenzile dvs. \u00een vrac.<\/li>\n<li><strong>Cantitatea minim\u0103 de comand\u0103 (MOQ):<\/strong>\u00a0Disponibilitate MOQ flexibil\u0103, care v\u0103 permite s\u0103 \u00eencepe\u021bi cu niveluri de comand\u0103 sc\u0103zute \u0219i s\u0103 le m\u0103ri\u021bi \u00een func\u021bie de necesit\u0103\u021bi.<\/li>\n<li><strong>Mostr\u0103 gratuit\u0103<\/strong>: Oferi\u021bi un serviciu gratuit de e\u0219antionare pentru a evalua produsul.<\/li>\n<\/ul>\n<p><a href=\"https:\/\/www.hyflexpack.com\/ro\/\"><strong>Ambalaje Huiyang<\/strong><\/a>\u00a0is committed to providing customers with high-quality wholesale and customized fruit packaging bags to help them improve their product image and enhance market competitiveness.<\/p>","protected":false},"featured_media":9243,"comment_status":"closed","ping_status":"closed","template":"","meta":[],"product_brand":[],"product_cat":[106],"product_tag":[116,124],"class_list":{"0":"post-9215","1":"product","2":"type-product","3":"status-publish","4":"has-post-thumbnail","6":"product_cat-vegetable-packaging-bags-wholesale","7":"product_tag-stand-up-pouch-manufacturer","8":"product_tag-zipper-pouch-manufacturer","10":"first","11":"instock","12":"shipping-taxable","13":"product-type-simple"},"_links":{"self":[{"href":"https:\/\/www.hyflexpack.com\/ro\/wp-json\/wp\/v2\/product\/9215","targetHints":{"allow":["GET"]}}],"collection":[{"href":"https:\/\/www.hyflexpack.com\/ro\/wp-json\/wp\/v2\/product"}],"about":[{"href":"https:\/\/www.hyflexpack.com\/ro\/wp-json\/wp\/v2\/types\/product"}],"replies":[{"embeddable":true,"href":"https:\/\/www.hyflexpack.com\/ro\/wp-json\/wp\/v2\/comments?post=9215"}],"wp:featuredmedia":[{"embeddable":true,"href":"https:\/\/www.hyflexpack.com\/ro\/wp-json\/wp\/v2\/media\/9243"}],"wp:attachment":[{"href":"https:\/\/www.hyflexpack.com\/ro\/wp-json\/wp\/v2\/media?parent=9215"}],"wp:term":[{"taxonomy":"product_brand","embeddable":true,"href":"https:\/\/www.hyflexpack.com\/ro\/wp-json\/wp\/v2\/product_brand?post=9215"},{"taxonomy":"product_cat","embeddable":true,"href":"https:\/\/www.hyflexpack.com\/ro\/wp-json\/wp\/v2\/product_cat?post=9215"},{"taxonomy":"product_tag","embeddable":true,"href":"https:\/\/www.hyflexpack.com\/ro\/wp-json\/wp\/v2\/product_tag?post=9215"}],"curies":[{"name":"wp","href":"https:\/\/api.w.org\/{rel}","templated":true}]}}