{"id":9127,"date":"2026-01-31T01:44:31","date_gmt":"2026-01-31T01:44:31","guid":{"rendered":"https:\/\/www.hyflexpack.com\/?post_type=product&#038;p=9127"},"modified":"2026-01-31T01:44:39","modified_gmt":"2026-01-31T01:44:39","slug":"custom-dog-treat-packaging-bags-oem-2","status":"publish","type":"product","link":"https:\/\/www.hyflexpack.com\/ro\/product\/custom-dog-treat-packaging-bags-oem-2\/","title":{"rendered":"Private Label Dog Treat pungi de ambalare, Glossy compozit Stand-Up Zipper Pouches cu fereastr\u0103 \u0219i u\u0219or de rupere"},"content":{"rendered":"<div class=\"wp-block-columns is-layout-flex wp-container-core-columns-is-layout-9d6595d7 wp-block-columns-is-layout-flex\">\n<div class=\"wp-block-column is-layout-flow wp-block-column-is-layout-flow\">\n<h2 class=\"wp-block-heading\">Caracteristici ale Private Label Dog Treat Packaging Bags<\/h2>\n\n\n\n<ul class=\"wp-block-list\">\n<li>Premium Shelf Appeal - Finisajul lucios \u0219i fereastra transparent\u0103 fac ca dulciurile dvs. pentru c\u00e2ini s\u0103 fie atractive din punct de vedere vizual.<\/li>\n\n\n\n<li>Material compozit de \u00eenalt\u0103 calitate - protejeaz\u0103 dulciurile pentru c\u00e2ini de umiditate, oxigen \u0219i contaminare.<\/li>\n\n\n\n<li>Fermoar stand-up resigilabil - asigur\u0103 comoditatea pentru clien\u021bi \u0219i men\u021bine prospe\u021bimea produsului.<\/li>\n\n\n\n<li>Crest\u0103tur\u0103 de rupere u\u0219oar\u0103 - Deschidere rapid\u0103 \u0219i f\u0103r\u0103 efort pentru o experien\u021b\u0103 de utilizare mai bun\u0103.<\/li>\n\n\n\n<li>Ideal pentru etichete private \u0219i OEM - Pungi de ambalare pentru tratamente pentru c\u00e2ini complet personalizabile pentru imprimare, dimensiune \u0219i grosime, perfecte pentru diferen\u021bierea m\u0103rcii.<\/li>\n<\/ul>\n<\/div>\n\n\n\n<div class=\"wp-block-column is-layout-flow wp-block-column-is-layout-flow\">\n<figure class=\"wp-block-image size-full\"><img fetchpriority=\"high\" decoding=\"async\" width=\"1000\" height=\"1000\" src=\"https:\/\/www.hyflexpack.com\/wp-content\/uploads\/2026\/01\/Private-Label-Dog-Treat-Packaging-Bags-1.webp\" alt=\"Private Label Dog Treat ambalare pungi\" class=\"wp-image-9109\" srcset=\"https:\/\/www.hyflexpack.com\/wp-content\/uploads\/2026\/01\/Private-Label-Dog-Treat-Packaging-Bags-1.webp 1000w, https:\/\/www.hyflexpack.com\/wp-content\/uploads\/2026\/01\/Private-Label-Dog-Treat-Packaging-Bags-1-300x300.webp 300w, https:\/\/www.hyflexpack.com\/wp-content\/uploads\/2026\/01\/Private-Label-Dog-Treat-Packaging-Bags-1-150x150.webp 150w, https:\/\/www.hyflexpack.com\/wp-content\/uploads\/2026\/01\/Private-Label-Dog-Treat-Packaging-Bags-1-768x768.webp 768w, https:\/\/www.hyflexpack.com\/wp-content\/uploads\/2026\/01\/Private-Label-Dog-Treat-Packaging-Bags-1-12x12.webp 12w, https:\/\/www.hyflexpack.com\/wp-content\/uploads\/2026\/01\/Private-Label-Dog-Treat-Packaging-Bags-1-285x285.webp 285w, https:\/\/www.hyflexpack.com\/wp-content\/uploads\/2026\/01\/Private-Label-Dog-Treat-Packaging-Bags-1-270x270.webp 270w, https:\/\/www.hyflexpack.com\/wp-content\/uploads\/2026\/01\/Private-Label-Dog-Treat-Packaging-Bags-1-540x540.webp 540w, https:\/\/www.hyflexpack.com\/wp-content\/uploads\/2026\/01\/Private-Label-Dog-Treat-Packaging-Bags-1-660x660.webp 660w\" sizes=\"(max-width: 1000px) 100vw, 1000px\" \/><\/figure>\n<\/div>\n<\/div>","protected":false},"excerpt":{"rendered":"<p>Pungile noastre private pentru ambalarea dulciurilor pentru c\u00e2ini au material compozit lucios, pungi stand-up cu fermoar, o fereastr\u0103 transparent\u0103 \u0219i o crest\u0103tur\u0103 u\u0219or de rupt. Complet personalizabile \u00een ceea ce prive\u0219te imprimarea \u0219i dimensiunea, aceste pungi de ambalare pentru gust\u0103ri pentru c\u00e2ini ofer\u0103 o atrac\u021bie excelent\u0103 la raft, protec\u021bie \u00eempotriva prospe\u021bimii \u0219i confort pentru utilizatori pentru cump\u0103r\u0103torii B2B \u0219i proprietarii de m\u0103rci. Contacta\u021bi echipa noastr\u0103 profesional\u0103 acum pentru o ofert\u0103 detaliat\u0103. V\u0103 vom servi din toat\u0103 inima!<\/p>\n<h2>Avantajele Private Label Dog Treat Packaging Bags<\/h2>\n<ul>\n<li>Proiectare personalizat\u0103: Oferim servicii personalizate pentru pungi de ambalare, inclusiv personalizarea materialelor, dimensiunilor \u0219i modelelor de imprimare pentru a satisface nevoile clien\u021bilor \u0219i sus\u021binem OEM \u0219i ODM.<\/li>\n<li>Produc\u021bie: Cu echipamente \u0219i tehnologii avansate, putem finaliza produc\u021bia comenzii \u00een mod eficient \u0219i cu o calitate ridicat\u0103 \u0219i putem livra la timp.<\/li>\n<li>Controlul calit\u0103\u021bii: Produc\u021bia se realizeaz\u0103 \u00een strict\u0103 conformitate cu standardele de calitate \u0219i cerin\u021bele de siguran\u021b\u0103 alimentar\u0103 pentru a se asigura c\u0103 produsele \u00eendeplinesc standardele.<\/li>\n<li>Serviciul clien\u021bi: Oferi\u021bi un r\u0103spuns rapid \u0219i un serviciu de asisten\u021b\u0103 pentru clien\u021bi grijuliu 24 de ore pe zi.<\/li>\n<li>E\u0219antion gratuit: Oferi\u021bi un serviciu de e\u0219antion gratuit pentru a evalua produsul.<\/li>\n<\/ul>\n<p>Huiyang Packaging se angajeaz\u0103 s\u0103 ofere clien\u021bilor Private Label Dog Treat Packaging Bags de \u00eenalt\u0103 calitate, ajut\u00e2nd clien\u021bii s\u0103 \u00eembun\u0103t\u0103\u021beasc\u0103 imaginea produsului \u0219i s\u0103 consolideze competitivitatea pe pia\u021b\u0103.<\/p>","protected":false},"featured_media":9109,"comment_status":"closed","ping_status":"closed","template":"","meta":[],"product_brand":[],"product_cat":[51,56],"product_tag":[116],"class_list":{"0":"post-9127","1":"product","2":"type-product","3":"status-publish","4":"has-post-thumbnail","6":"product_cat-custom-food-packaging-bags","7":"product_cat-custom-pet-food-packaging","8":"product_tag-stand-up-pouch-manufacturer","10":"first","11":"instock","12":"shipping-taxable","13":"product-type-simple"},"_links":{"self":[{"href":"https:\/\/www.hyflexpack.com\/ro\/wp-json\/wp\/v2\/product\/9127","targetHints":{"allow":["GET"]}}],"collection":[{"href":"https:\/\/www.hyflexpack.com\/ro\/wp-json\/wp\/v2\/product"}],"about":[{"href":"https:\/\/www.hyflexpack.com\/ro\/wp-json\/wp\/v2\/types\/product"}],"replies":[{"embeddable":true,"href":"https:\/\/www.hyflexpack.com\/ro\/wp-json\/wp\/v2\/comments?post=9127"}],"wp:featuredmedia":[{"embeddable":true,"href":"https:\/\/www.hyflexpack.com\/ro\/wp-json\/wp\/v2\/media\/9109"}],"wp:attachment":[{"href":"https:\/\/www.hyflexpack.com\/ro\/wp-json\/wp\/v2\/media?parent=9127"}],"wp:term":[{"taxonomy":"product_brand","embeddable":true,"href":"https:\/\/www.hyflexpack.com\/ro\/wp-json\/wp\/v2\/product_brand?post=9127"},{"taxonomy":"product_cat","embeddable":true,"href":"https:\/\/www.hyflexpack.com\/ro\/wp-json\/wp\/v2\/product_cat?post=9127"},{"taxonomy":"product_tag","embeddable":true,"href":"https:\/\/www.hyflexpack.com\/ro\/wp-json\/wp\/v2\/product_tag?post=9127"}],"curies":[{"name":"wp","href":"https:\/\/api.w.org\/{rel}","templated":true}]}}