{"id":9064,"date":"2026-02-26T03:55:04","date_gmt":"2026-02-26T03:55:04","guid":{"rendered":"https:\/\/www.hyflexpack.com\/?post_type=product&#038;p=9064"},"modified":"2026-02-26T03:55:09","modified_gmt":"2026-02-26T03:55:09","slug":"laundry-detergent-pod-packaging-bag-oem","status":"publish","type":"product","link":"https:\/\/www.hyflexpack.com\/ro\/product\/laundry-detergent-pod-packaging-bag-oem\/","title":{"rendered":"Detergent de rufe personalizat Pod ambalare sac, compozit Stand Up Ziplock Pouches"},"content":{"rendered":"<div class=\"wp-block-columns is-layout-flex wp-container-core-columns-is-layout-9d6595d7 wp-block-columns-is-layout-flex\">\n<div class=\"wp-block-column is-layout-flow wp-block-column-is-layout-flow\">\n<h2 class=\"wp-block-heading\">Detergent de rufe personalizat Pod Packaging Bag Caracteristici<\/h2>\n\n\n\n<ul class=\"wp-block-list\">\n<li>Proiectat pentru doze de detergent de rufe, asigur\u00e2nd manipularea sigur\u0103, distribuirea u\u0219oar\u0103 \u0219i integritatea produsului \u00een timpul depozit\u0103rii \u0219i transportului.<\/li>\n\n\n\n<li>Fabricat cu pungi ziplock compozite, oferind o rezisten\u021b\u0103 excelent\u0103 la umiditate, miros \u0219i substan\u021be chimice pentru o durat\u0103 de depozitare \u00eendelungat\u0103.<\/li>\n\n\n\n<li>\u00cenchiderea cu fermoar \u00een picioare permite deschiderea \u0219i resigilarea repetat\u0103, p\u0103str\u00e2nd capsulele de rufe protejate de umiditate \u0219i devers\u0103ri accidentale.<\/li>\n\n\n\n<li>Suport\u0103 dimensiuni, materiale, imprim\u0103ri \u0219i modele de \u00eenchidere personalizate, ajut\u00e2nd m\u0103rcile s\u0103 creeze pungi personalizate unice pentru ambalarea p\u0103st\u0103ilor de detergent de rufe.<\/li>\n\n\n\n<li>Produc\u021bie de \u00eenalt\u0103 calitate, direct din fabric\u0103, cu op\u021biuni MOQ reduse \u0219i termene de execu\u021bie rapide, ideale pentru OEM \u0219i comenzi \u00een vrac.<\/li>\n<\/ul>\n<\/div>\n\n\n\n<div class=\"wp-block-column is-layout-flow wp-block-column-is-layout-flow\">\n<figure class=\"wp-block-image size-full\"><img fetchpriority=\"high\" decoding=\"async\" width=\"1000\" height=\"1000\" src=\"https:\/\/www.hyflexpack.com\/wp-content\/uploads\/2026\/01\/Custom-Laundry-Detergent-Pod-Packaging-1.webp\" alt=\"Ambalaje personalizate de detergent de rufe Pod \" class=\"wp-image-9043\" srcset=\"https:\/\/www.hyflexpack.com\/wp-content\/uploads\/2026\/01\/Custom-Laundry-Detergent-Pod-Packaging-1.webp 1000w, https:\/\/www.hyflexpack.com\/wp-content\/uploads\/2026\/01\/Custom-Laundry-Detergent-Pod-Packaging-1-300x300.webp 300w, https:\/\/www.hyflexpack.com\/wp-content\/uploads\/2026\/01\/Custom-Laundry-Detergent-Pod-Packaging-1-150x150.webp 150w, https:\/\/www.hyflexpack.com\/wp-content\/uploads\/2026\/01\/Custom-Laundry-Detergent-Pod-Packaging-1-768x768.webp 768w, https:\/\/www.hyflexpack.com\/wp-content\/uploads\/2026\/01\/Custom-Laundry-Detergent-Pod-Packaging-1-12x12.webp 12w, https:\/\/www.hyflexpack.com\/wp-content\/uploads\/2026\/01\/Custom-Laundry-Detergent-Pod-Packaging-1-285x285.webp 285w, https:\/\/www.hyflexpack.com\/wp-content\/uploads\/2026\/01\/Custom-Laundry-Detergent-Pod-Packaging-1-270x270.webp 270w, https:\/\/www.hyflexpack.com\/wp-content\/uploads\/2026\/01\/Custom-Laundry-Detergent-Pod-Packaging-1-540x540.webp 540w, https:\/\/www.hyflexpack.com\/wp-content\/uploads\/2026\/01\/Custom-Laundry-Detergent-Pod-Packaging-1-660x660.webp 660w\" sizes=\"(max-width: 1000px) 100vw, 1000px\" \/><\/figure>\n<\/div>\n<\/div>","protected":false},"excerpt":{"rendered":"<p>Punga personalizat\u0103 pentru ambalarea p\u0103st\u0103ilor de detergent de rufe folosind pungi ziplock compozite este conceput\u0103 pentru p\u0103st\u0103ile de rufe \u0219i produsele concentrate de detergent care necesit\u0103 un ambalaj sigur, rezistent la umiditate \u0219i durabil. Aceste pungi stand up cu fermoar pentru p\u0103st\u0103i de detergent de rufe asigur\u0103 o etan\u0219are sigur\u0103, o distribuire u\u0219oar\u0103 \u0219i o imprimare \u0219i dimensionare personalizabile, ideale pentru aplica\u021bii OEM, en-gros \u0219i cu am\u0103nuntul. Contacta\u021bi-ne ast\u0103zi pentru o ofert\u0103. Ne angaj\u0103m s\u0103 oferim o solu\u021bie unic\u0103, ecologic\u0103 \u0219i de \u00eenalt\u0103 calitate pentru ambalarea dezinfectan\u021bilor.<\/p>\n<h2>Avantajele furnizorului de pungi de ambalare pentru sp\u0103l\u0103torie Pod<\/h2>\n<ul>\n<li><strong>Design personalizat:<\/strong>\u00a0Oferim servicii personalizate, inclusiv personalizarea materialelor, dimensiunilor \u0219i modelelor de imprimare pentru a r\u0103spunde nevoilor clien\u021bilor \u0219i sprijinim OEM \u0219i ODM.<\/li>\n<li><strong>Fabricarea:<\/strong>\u00a0Cu echipamente \u0219i tehnologii avansate, putem finaliza produc\u021bia de comand\u0103 \u00een mod eficient \u0219i de \u00eenalt\u0103 calitate, \u0219i putem livra la timp.<\/li>\n<li><strong>Inspec\u021bia calit\u0103\u021bii:<\/strong>\u00a0Produc\u021bia se realizeaz\u0103 \u00een strict\u0103 conformitate cu standardele de calitate \u0219i cerin\u021bele de siguran\u021b\u0103 alimentar\u0103 pentru a se asigura c\u0103 produsele \u00eendeplinesc standardele.<\/li>\n<li><strong>Certificare\uff1a<\/strong>\u00a0FDA\/BRC\/ISO 9001\/RoHS<\/li>\n<li><strong>Serviciul Clien\u021bi:<\/strong>\u00a024 de ore pentru a oferi un r\u0103spuns rapid \u0219i un serviciu de asisten\u021b\u0103 pentru clien\u021bi grijuliu.<\/li>\n<li><strong>Mostr\u0103 gratuit\u0103:<\/strong>\u00a0Oferim un serviciu gratuit de mostre pentru a v\u0103 ajuta s\u0103 evalua\u021bi produsul.<\/li>\n<li><strong class=\"skrollable skrollable-between\" data-start=\"895\" data-end=\"917\">Pre\u021b competitiv:<\/strong>\u00a0Cu o capacitate de produc\u021bie la scar\u0103 larg\u0103 \u0219i un management eficient din punct de vedere al costurilor, oferim pre\u021buri competitive f\u0103r\u0103 a compromite calitatea produselor.<\/li>\n<\/ul>\n<p><a href=\"https:\/\/www.hyflexpack.com\/ro\/\"><strong>Ambalaje Huiyang<\/strong><\/a> se angajeaz\u0103 s\u0103 furnizeze clien\u021bilor pungi \u0219i pungi de ambalare pentru detergen\u021bi de rufe pentru a ajuta clien\u021bii s\u0103-\u0219i \u00eembun\u0103t\u0103\u021beasc\u0103 imaginea produsului \u0219i s\u0103-\u0219i sporeasc\u0103 competitivitatea pe pia\u021b\u0103.<\/p>","protected":false},"featured_media":9043,"comment_status":"closed","ping_status":"closed","template":"","meta":[],"product_brand":[],"product_cat":[52],"product_tag":[116,124],"class_list":{"0":"post-9064","1":"product","2":"type-product","3":"status-publish","4":"has-post-thumbnail","6":"product_cat-custom-daily-chemical-packaging","7":"product_tag-stand-up-pouch-manufacturer","8":"product_tag-zipper-pouch-manufacturer","10":"first","11":"instock","12":"shipping-taxable","13":"product-type-simple"},"_links":{"self":[{"href":"https:\/\/www.hyflexpack.com\/ro\/wp-json\/wp\/v2\/product\/9064","targetHints":{"allow":["GET"]}}],"collection":[{"href":"https:\/\/www.hyflexpack.com\/ro\/wp-json\/wp\/v2\/product"}],"about":[{"href":"https:\/\/www.hyflexpack.com\/ro\/wp-json\/wp\/v2\/types\/product"}],"replies":[{"embeddable":true,"href":"https:\/\/www.hyflexpack.com\/ro\/wp-json\/wp\/v2\/comments?post=9064"}],"wp:featuredmedia":[{"embeddable":true,"href":"https:\/\/www.hyflexpack.com\/ro\/wp-json\/wp\/v2\/media\/9043"}],"wp:attachment":[{"href":"https:\/\/www.hyflexpack.com\/ro\/wp-json\/wp\/v2\/media?parent=9064"}],"wp:term":[{"taxonomy":"product_brand","embeddable":true,"href":"https:\/\/www.hyflexpack.com\/ro\/wp-json\/wp\/v2\/product_brand?post=9064"},{"taxonomy":"product_cat","embeddable":true,"href":"https:\/\/www.hyflexpack.com\/ro\/wp-json\/wp\/v2\/product_cat?post=9064"},{"taxonomy":"product_tag","embeddable":true,"href":"https:\/\/www.hyflexpack.com\/ro\/wp-json\/wp\/v2\/product_tag?post=9064"}],"curies":[{"name":"wp","href":"https:\/\/api.w.org\/{rel}","templated":true}]}}