{"id":9063,"date":"2026-02-26T07:56:01","date_gmt":"2026-02-26T07:56:01","guid":{"rendered":"https:\/\/www.hyflexpack.com\/?post_type=product&#038;p=9063"},"modified":"2026-02-26T07:56:50","modified_gmt":"2026-02-26T07:56:50","slug":"washing-machine-cleaner-packaging-oem","status":"publish","type":"product","link":"https:\/\/www.hyflexpack.com\/ro\/product\/washing-machine-cleaner-packaging-oem\/","title":{"rendered":"Ma\u0219in\u0103 de sp\u0103lat Cleaner ambalare personalizat, compozit Stand Up Ziplock Pouches"},"content":{"rendered":"<div class=\"wp-block-columns is-layout-flex wp-container-core-columns-is-layout-9d6595d7 wp-block-columns-is-layout-flex\">\n<div class=\"wp-block-column is-layout-flow wp-block-column-is-layout-flow\">\n<h2 class=\"wp-block-heading\">Ma\u0219in\u0103 de sp\u0103lat Cleaner Caracteristici de ambalare<\/h2>\n\n\n\n<ul class=\"wp-block-list\">\n<li>Conceput special pentru ambalarea detergen\u021bilor pentru ma\u0219ini de sp\u0103lat, potrivit pentru formule sub form\u0103 de pudr\u0103, tablete \u0219i granule, asigur\u00e2nd o performan\u021b\u0103 stabil\u0103 \u00een timpul depozit\u0103rii \u0219i transportului.<\/li>\n\n\n\n<li>Pungile ziplock de \u00eenalt\u0103 calitate din material compozit ofer\u0103 o barier\u0103 excelent\u0103 \u00eempotriva umezelii, rezisten\u021b\u0103 chimic\u0103 \u0219i durabilitate, fiind ideale pentru produsele de cur\u0103\u021bare de uz casnic \u0219i pentru rufe.<\/li>\n\n\n\n<li>Pungile stand up cu \u00eenchideri puternice cu fermoar permit deschiderea \u0219i sigilarea repetat\u0103, sporind confortul utilizatorului \u0219i protej\u00e2nd \u00een acela\u0219i timp produsele de cur\u0103\u021bare a ma\u0219inii de sp\u0103lat de umiditate \u0219i contaminare.<\/li>\n\n\n\n<li>Sprijini\u021bi dimensiunile, materialele, grosimea \u0219i imprimarea logo-urilor personalizate, ajut\u00e2nd m\u0103rcile s\u0103 creeze ambalaje personalizate diferen\u021biate pentru produsele de cur\u0103\u021bare a ma\u0219inilor de sp\u0103lat, aliniate cu pozi\u021bionarea pe pia\u021b\u0103.<\/li>\n\n\n\n<li>Produc\u021bie direct\u0103 din fabric\u0103 cu control stabil al calit\u0103\u021bii, op\u021biuni MOQ reduse \u0219i termene eficiente pentru pungi ziplock cu ridicata \u0219i proiecte de ambalare OEM.<\/li>\n<\/ul>\n<\/div>\n\n\n\n<div class=\"wp-block-column is-layout-flow wp-block-column-is-layout-flow\">\n<figure class=\"wp-block-image size-full\"><img fetchpriority=\"high\" decoding=\"async\" width=\"1000\" height=\"1000\" src=\"https:\/\/www.hyflexpack.com\/wp-content\/uploads\/2026\/01\/Customized-Washing-Machine-Cleaner-Packaging-1.webp\" alt=\"Ambalare personalizat\u0103 pentru cur\u0103\u021b\u0103toarele de ma\u0219ini de sp\u0103lat \" class=\"wp-image-9052\" srcset=\"https:\/\/www.hyflexpack.com\/wp-content\/uploads\/2026\/01\/Customized-Washing-Machine-Cleaner-Packaging-1.webp 1000w, https:\/\/www.hyflexpack.com\/wp-content\/uploads\/2026\/01\/Customized-Washing-Machine-Cleaner-Packaging-1-300x300.webp 300w, https:\/\/www.hyflexpack.com\/wp-content\/uploads\/2026\/01\/Customized-Washing-Machine-Cleaner-Packaging-1-150x150.webp 150w, https:\/\/www.hyflexpack.com\/wp-content\/uploads\/2026\/01\/Customized-Washing-Machine-Cleaner-Packaging-1-768x768.webp 768w, https:\/\/www.hyflexpack.com\/wp-content\/uploads\/2026\/01\/Customized-Washing-Machine-Cleaner-Packaging-1-12x12.webp 12w, https:\/\/www.hyflexpack.com\/wp-content\/uploads\/2026\/01\/Customized-Washing-Machine-Cleaner-Packaging-1-285x285.webp 285w, https:\/\/www.hyflexpack.com\/wp-content\/uploads\/2026\/01\/Customized-Washing-Machine-Cleaner-Packaging-1-270x270.webp 270w, https:\/\/www.hyflexpack.com\/wp-content\/uploads\/2026\/01\/Customized-Washing-Machine-Cleaner-Packaging-1-540x540.webp 540w, https:\/\/www.hyflexpack.com\/wp-content\/uploads\/2026\/01\/Customized-Washing-Machine-Cleaner-Packaging-1-660x660.webp 660w\" sizes=\"(max-width: 1000px) 100vw, 1000px\" \/><\/figure>\n<\/div>\n<\/div>","protected":false},"excerpt":{"rendered":"<p>Ambalajele noastre personalizate pentru detergen\u021bi pentru ma\u0219ini de sp\u0103lat, concepute cu pungi ziplock compozite stand up, ofer\u0103 o solu\u021bie fiabil\u0103, rezistent\u0103 la umiditate \u0219i la substan\u021be chimice pentru detergen\u021bi pentru ma\u0219ini de sp\u0103lat sub form\u0103 de pudr\u0103, tablete \u0219i granule. Cu structuri flexibile ale materialelor \u0219i op\u021biuni de imprimare personalizate, aceste pungi ziplock stand up pentru detergen\u021bi pentru ma\u0219ini de sp\u0103lat ajut\u0103 m\u0103rcile s\u0103 \u00eembun\u0103t\u0103\u021beasc\u0103 prezen\u021ba la raft, protec\u021bia produselor \u0219i eficien\u021ba ambal\u0103rii pentru aplica\u021bii en-gros \u0219i OEM. Contacta\u021bi-ne ast\u0103zi pentru o ofert\u0103. Ne angaj\u0103m s\u0103 oferim o solu\u021bie unic\u0103, ecologic\u0103 \u0219i de \u00eenalt\u0103 calitate pentru ambalarea dezinfectan\u021bilor.\u00a0<\/p>\n<h2><strong>Avantajele furnizorului de ambalaje pentru cur\u0103\u021barea ma\u0219inii de sp\u0103lat<\/strong><\/h2>\n<ul>\n<li><strong>Design personalizat:<\/strong>\u00a0Oferim servicii personalizate de ambalare a hainelor, inclusiv personalizarea materialului, dimensiunii \u0219i modelului de imprimare pentru a satisface nevoile clien\u021bilor \u0219i pentru a sprijini OEM \u0219i ODM.<\/li>\n<li><strong>Produc\u021bie<\/strong>: Cu echipamente \u0219i tehnologii avansate, putem finaliza produc\u021bia comenzii cu eficien\u021b\u0103 ridicat\u0103 \u0219i calitate ridicat\u0103 \u0219i putem livra la timp.<\/li>\n<li><strong>Inspec\u021bia calit\u0103\u021bii<\/strong>: Respecta\u021bi cu stricte\u021be standardele de calitate \u0219i cerin\u021bele de siguran\u021b\u0103 alimentar\u0103 pentru produc\u021bie, pentru a v\u0103 asigura c\u0103 produsele \u00eendeplinesc standardele.<\/li>\n<li><strong>Serviciul clien\u021bi<\/strong>: 24 de ore pentru a oferi un r\u0103spuns rapid \u0219i un serviciu de asisten\u021b\u0103 pentru clien\u021bi grijuliu.<\/li>\n<li><strong>Mostr\u0103 gratuit\u0103:\u00a0<\/strong>Oferim servicii gratuite de e\u0219antionare pentru a evalua produsele.<\/li>\n<\/ul>\n<p>Huiyang Packaging se angajeaz\u0103 s\u0103 ofere clien\u021bilor saci de ambalare pentru \u00eembr\u0103c\u0103minte personaliza\u021bi, de \u00eenalt\u0103 calitate, pentru a ajuta clien\u021bii s\u0103-\u0219i \u00eembun\u0103t\u0103\u021beasc\u0103 imaginea produsului \u0219i s\u0103 sporeasc\u0103 competitivitatea pe pia\u021b\u0103.<\/p>","protected":false},"featured_media":9052,"comment_status":"closed","ping_status":"closed","template":"","meta":[],"product_brand":[],"product_cat":[52],"product_tag":[116,124],"class_list":{"0":"post-9063","1":"product","2":"type-product","3":"status-publish","4":"has-post-thumbnail","6":"product_cat-custom-daily-chemical-packaging","7":"product_tag-stand-up-pouch-manufacturer","8":"product_tag-zipper-pouch-manufacturer","10":"first","11":"instock","12":"shipping-taxable","13":"product-type-simple"},"_links":{"self":[{"href":"https:\/\/www.hyflexpack.com\/ro\/wp-json\/wp\/v2\/product\/9063","targetHints":{"allow":["GET"]}}],"collection":[{"href":"https:\/\/www.hyflexpack.com\/ro\/wp-json\/wp\/v2\/product"}],"about":[{"href":"https:\/\/www.hyflexpack.com\/ro\/wp-json\/wp\/v2\/types\/product"}],"replies":[{"embeddable":true,"href":"https:\/\/www.hyflexpack.com\/ro\/wp-json\/wp\/v2\/comments?post=9063"}],"wp:featuredmedia":[{"embeddable":true,"href":"https:\/\/www.hyflexpack.com\/ro\/wp-json\/wp\/v2\/media\/9052"}],"wp:attachment":[{"href":"https:\/\/www.hyflexpack.com\/ro\/wp-json\/wp\/v2\/media?parent=9063"}],"wp:term":[{"taxonomy":"product_brand","embeddable":true,"href":"https:\/\/www.hyflexpack.com\/ro\/wp-json\/wp\/v2\/product_brand?post=9063"},{"taxonomy":"product_cat","embeddable":true,"href":"https:\/\/www.hyflexpack.com\/ro\/wp-json\/wp\/v2\/product_cat?post=9063"},{"taxonomy":"product_tag","embeddable":true,"href":"https:\/\/www.hyflexpack.com\/ro\/wp-json\/wp\/v2\/product_tag?post=9063"}],"curies":[{"name":"wp","href":"https:\/\/api.w.org\/{rel}","templated":true}]}}