{"id":9061,"date":"2026-04-30T07:23:05","date_gmt":"2026-04-30T07:23:05","guid":{"rendered":"https:\/\/www.hyflexpack.com\/?post_type=product&#038;p=9061"},"modified":"2026-04-30T07:30:14","modified_gmt":"2026-04-30T07:30:14","slug":"custom-roasted-chicken-packaging-pouch","status":"publish","type":"product","link":"https:\/\/www.hyflexpack.com\/ro\/product\/custom-roasted-chicken-packaging-pouch\/","title":{"rendered":"Custom Roasted Chicken Packaging, Composite Stand Up Ziplock Pouches Manufacturer"},"content":{"rendered":"<div class=\"wp-block-columns is-layout-flex wp-container-core-columns-is-layout-9d6595d7 wp-block-columns-is-layout-flex\">\n<div class=\"wp-block-column is-layout-flow wp-block-column-is-layout-flow\">\n<h2 class=\"wp-block-heading\">Custom Roasted Chicken Packaging Features<\/h2>\n\n\n\n<ul class=\"wp-block-list\">\n<li><strong>Food-Grade Composite Materials for Safe Packaging<\/strong>: This <strong>custom roasted chicken packaging<\/strong> is manufactured with certified food-grade composite materials, ensuring safe direct contact with cooked and roasted chicken products while meeting international food safety standards. <\/li>\n\n\n\n<li><strong>Excellent Oil Resistance for Greasy Food Products<\/strong>: Designed for high-fat applications, these pouches offer superior oil barrier performance, effectively preventing grease leakage and keeping packaging clean, durable, and presentable. <\/li>\n\n\n\n<li><strong>Stand-Up Ziplock Design for Freshness &amp; Convenience<\/strong>: The reinforced stand-up structure improves shelf display, while the durable ziplock closure ensures secure sealing. This allows easy opening and resealing, helping maintain freshness for consumers. <\/li>\n\n\n\n<li><strong>Stable Performance in Chilled &amp; Frozen Conditions<\/strong>: Engineered for cold chain applications, this <strong>custom roasted chicken packaging<\/strong> performs reliably in refrigerated and frozen environments without delamination, cracking, or material failure. <\/li>\n\n\n\n<li><strong>Strong Structure for Transportation &amp; Storage<\/strong>: The multi-layer laminated structure provides excellent strength and puncture resistance, protecting roasted chicken during handling, stacking, and long-distance transportation. <\/li>\n\n\n\n<li><strong>Flexible OEM Customization for Food Brands<\/strong>: We support full customization, including pouch size, material structure, thickness, printing design, and finish options, helping brands create distinctive and market-ready packaging.<\/li>\n<\/ul>\n<\/div>\n\n\n\n<div class=\"wp-block-column is-layout-flow wp-block-column-is-layout-flow\">\n<figure class=\"wp-block-image size-full\"><img fetchpriority=\"high\" decoding=\"async\" width=\"1000\" height=\"1000\" src=\"https:\/\/www.hyflexpack.com\/wp-content\/uploads\/2026\/01\/Custom-Roasted-Chicken-Packaging-1.webp\" alt=\"Custom Roasted Chicken Packaging\" class=\"wp-image-9047\" srcset=\"https:\/\/www.hyflexpack.com\/wp-content\/uploads\/2026\/01\/Custom-Roasted-Chicken-Packaging-1.webp 1000w, https:\/\/www.hyflexpack.com\/wp-content\/uploads\/2026\/01\/Custom-Roasted-Chicken-Packaging-1-300x300.webp 300w, https:\/\/www.hyflexpack.com\/wp-content\/uploads\/2026\/01\/Custom-Roasted-Chicken-Packaging-1-150x150.webp 150w, https:\/\/www.hyflexpack.com\/wp-content\/uploads\/2026\/01\/Custom-Roasted-Chicken-Packaging-1-768x768.webp 768w, https:\/\/www.hyflexpack.com\/wp-content\/uploads\/2026\/01\/Custom-Roasted-Chicken-Packaging-1-12x12.webp 12w, https:\/\/www.hyflexpack.com\/wp-content\/uploads\/2026\/01\/Custom-Roasted-Chicken-Packaging-1-285x285.webp 285w, https:\/\/www.hyflexpack.com\/wp-content\/uploads\/2026\/01\/Custom-Roasted-Chicken-Packaging-1-270x270.webp 270w, https:\/\/www.hyflexpack.com\/wp-content\/uploads\/2026\/01\/Custom-Roasted-Chicken-Packaging-1-540x540.webp 540w, https:\/\/www.hyflexpack.com\/wp-content\/uploads\/2026\/01\/Custom-Roasted-Chicken-Packaging-1-660x660.webp 660w\" sizes=\"(max-width: 1000px) 100vw, 1000px\" \/><\/figure>\n<\/div>\n<\/div>\n\n\n\n<div class=\"wp-block-columns is-layout-flex wp-container-core-columns-is-layout-9d6595d7 wp-block-columns-is-layout-flex\">\n<div class=\"wp-block-column is-layout-flow wp-block-column-is-layout-flow\">\n<figure class=\"wp-block-image size-full\"><img decoding=\"async\" width=\"1000\" height=\"1000\" src=\"https:\/\/www.hyflexpack.com\/wp-content\/uploads\/2026\/01\/Custom-Roasted-Chicken-Packaging-2.webp\" alt=\"Custom Roasted Chicken Packaging\" class=\"wp-image-9048\" srcset=\"https:\/\/www.hyflexpack.com\/wp-content\/uploads\/2026\/01\/Custom-Roasted-Chicken-Packaging-2.webp 1000w, https:\/\/www.hyflexpack.com\/wp-content\/uploads\/2026\/01\/Custom-Roasted-Chicken-Packaging-2-300x300.webp 300w, https:\/\/www.hyflexpack.com\/wp-content\/uploads\/2026\/01\/Custom-Roasted-Chicken-Packaging-2-150x150.webp 150w, https:\/\/www.hyflexpack.com\/wp-content\/uploads\/2026\/01\/Custom-Roasted-Chicken-Packaging-2-768x768.webp 768w, https:\/\/www.hyflexpack.com\/wp-content\/uploads\/2026\/01\/Custom-Roasted-Chicken-Packaging-2-12x12.webp 12w, https:\/\/www.hyflexpack.com\/wp-content\/uploads\/2026\/01\/Custom-Roasted-Chicken-Packaging-2-285x285.webp 285w, https:\/\/www.hyflexpack.com\/wp-content\/uploads\/2026\/01\/Custom-Roasted-Chicken-Packaging-2-270x270.webp 270w, https:\/\/www.hyflexpack.com\/wp-content\/uploads\/2026\/01\/Custom-Roasted-Chicken-Packaging-2-540x540.webp 540w, https:\/\/www.hyflexpack.com\/wp-content\/uploads\/2026\/01\/Custom-Roasted-Chicken-Packaging-2-660x660.webp 660w\" sizes=\"(max-width: 1000px) 100vw, 1000px\" \/><\/figure>\n<\/div>\n\n\n\n<div class=\"wp-block-column is-layout-flow wp-block-column-is-layout-flow\">\n<figure class=\"wp-block-image size-full\"><img decoding=\"async\" width=\"1000\" height=\"1000\" src=\"https:\/\/www.hyflexpack.com\/wp-content\/uploads\/2026\/01\/Custom-Roasted-Chicken-Packaging-4.webp\" alt=\"Custom Roasted Chicken Packaging\" class=\"wp-image-9050\" srcset=\"https:\/\/www.hyflexpack.com\/wp-content\/uploads\/2026\/01\/Custom-Roasted-Chicken-Packaging-4.webp 1000w, https:\/\/www.hyflexpack.com\/wp-content\/uploads\/2026\/01\/Custom-Roasted-Chicken-Packaging-4-300x300.webp 300w, https:\/\/www.hyflexpack.com\/wp-content\/uploads\/2026\/01\/Custom-Roasted-Chicken-Packaging-4-150x150.webp 150w, https:\/\/www.hyflexpack.com\/wp-content\/uploads\/2026\/01\/Custom-Roasted-Chicken-Packaging-4-768x768.webp 768w, https:\/\/www.hyflexpack.com\/wp-content\/uploads\/2026\/01\/Custom-Roasted-Chicken-Packaging-4-12x12.webp 12w, https:\/\/www.hyflexpack.com\/wp-content\/uploads\/2026\/01\/Custom-Roasted-Chicken-Packaging-4-285x285.webp 285w, https:\/\/www.hyflexpack.com\/wp-content\/uploads\/2026\/01\/Custom-Roasted-Chicken-Packaging-4-270x270.webp 270w, https:\/\/www.hyflexpack.com\/wp-content\/uploads\/2026\/01\/Custom-Roasted-Chicken-Packaging-4-540x540.webp 540w, https:\/\/www.hyflexpack.com\/wp-content\/uploads\/2026\/01\/Custom-Roasted-Chicken-Packaging-4-660x660.webp 660w\" sizes=\"(max-width: 1000px) 100vw, 1000px\" \/><\/figure>\n<\/div>\n<\/div>","protected":false},"excerpt":{"rendered":"<p>Welcome to partner with a professional supplier of <strong data-start=\"1759\" data-end=\"1795\">custom roasted chicken packaging<\/strong>. Our composite stand up ziplock pouches offer excellent oil resistance, strong sealing, and reliable performance in chilled and frozen conditions. Ideal for cooked meat brands and OEM projects. Contact us today for factory pricing and fast samples.<\/p>\n<h2>Advantages of Roasted Chicken Packaging Supplier<\/h2>\n<ul>\n<li><strong>Design personalizat:<\/strong> Oferim servicii personalizate de ambalare a pungilor, inclusiv personalizarea materialelor, dimensiunilor \u0219i modelelor de imprimare pentru a satisface nevoile clien\u021bilor \u0219i sprijinim OEM \u0219i ODM.<\/li>\n<li><strong>Fabricarea: <\/strong>Cu echipamente \u0219i tehnologii avansate, putem finaliza produc\u021bia de comand\u0103 \u00een mod eficient \u0219i de \u00eenalt\u0103 calitate \u0219i putem livra la timp.<\/li>\n<li><strong>Inspec\u021bia calit\u0103\u021bii<\/strong>: Produc\u021bia se realizeaz\u0103 \u00een strict\u0103 conformitate cu standardele de calitate \u0219i cerin\u021bele de siguran\u021b\u0103 alimentar\u0103 pentru a se asigura c\u0103 produsele \u00eendeplinesc standardele.<\/li>\n<li><strong>Serviciul clien\u021bi:<\/strong> Oferi\u021bi un r\u0103spuns rapid \u0219i un serviciu de asisten\u021b\u0103 pentru clien\u021bi atent 24 de ore pe zi.<\/li>\n<li><strong>E\u0219antion gratuit<\/strong>: Oferi\u021bi un serviciu gratuit de e\u0219antionare pentru a evalua produsul.<\/li>\n<\/ul>\n<p><strong>Ambalaje Huiyang<\/strong> is committed to providing customers with high-quality custom roast chicken packaging pouch, helping customers improve their product image and enhance their market competitiveness.<\/p>","protected":false},"featured_media":9047,"comment_status":"closed","ping_status":"closed","template":"","meta":[],"product_brand":[],"product_cat":[51,88],"product_tag":[116],"class_list":{"0":"post-9061","1":"product","2":"type-product","3":"status-publish","4":"has-post-thumbnail","6":"product_cat-custom-food-packaging-bags","7":"product_cat-roast-chicken-packaging-bag","8":"product_tag-stand-up-pouch-manufacturer","10":"first","11":"instock","12":"shipping-taxable","13":"product-type-simple"},"_links":{"self":[{"href":"https:\/\/www.hyflexpack.com\/ro\/wp-json\/wp\/v2\/product\/9061","targetHints":{"allow":["GET"]}}],"collection":[{"href":"https:\/\/www.hyflexpack.com\/ro\/wp-json\/wp\/v2\/product"}],"about":[{"href":"https:\/\/www.hyflexpack.com\/ro\/wp-json\/wp\/v2\/types\/product"}],"replies":[{"embeddable":true,"href":"https:\/\/www.hyflexpack.com\/ro\/wp-json\/wp\/v2\/comments?post=9061"}],"wp:featuredmedia":[{"embeddable":true,"href":"https:\/\/www.hyflexpack.com\/ro\/wp-json\/wp\/v2\/media\/9047"}],"wp:attachment":[{"href":"https:\/\/www.hyflexpack.com\/ro\/wp-json\/wp\/v2\/media?parent=9061"}],"wp:term":[{"taxonomy":"product_brand","embeddable":true,"href":"https:\/\/www.hyflexpack.com\/ro\/wp-json\/wp\/v2\/product_brand?post=9061"},{"taxonomy":"product_cat","embeddable":true,"href":"https:\/\/www.hyflexpack.com\/ro\/wp-json\/wp\/v2\/product_cat?post=9061"},{"taxonomy":"product_tag","embeddable":true,"href":"https:\/\/www.hyflexpack.com\/ro\/wp-json\/wp\/v2\/product_tag?post=9061"}],"curies":[{"name":"wp","href":"https:\/\/api.w.org\/{rel}","templated":true}]}}