{"id":9031,"date":"2026-04-30T07:59:14","date_gmt":"2026-04-30T07:59:14","guid":{"rendered":"https:\/\/www.hyflexpack.com\/?post_type=product&#038;p=9031"},"modified":"2026-04-30T07:59:17","modified_gmt":"2026-04-30T07:59:17","slug":"oem-custom-peas-packaging-bags-factory","status":"publish","type":"product","link":"https:\/\/www.hyflexpack.com\/ro\/product\/oem-custom-peas-packaging-bags-factory\/","title":{"rendered":"OEM Custom Peas Packaging Bags Laminated Three Side Seal Heat Seal Pouches Manufacturer"},"content":{"rendered":"<div class=\"wp-block-columns is-layout-flex wp-container-core-columns-is-layout-9d6595d7 wp-block-columns-is-layout-flex\">\n<div class=\"wp-block-column is-layout-flow wp-block-column-is-layout-flow\">\n<h2 class=\"wp-block-heading\">Custom Peas Packaging Bags Features<\/h2>\n\n\n\n<ul class=\"wp-block-list\">\n<li><strong>OEM Branding for Snack &amp; Dry Food Markets<\/strong>: These <strong>Custom Peas Packaging Bags<\/strong> are designed for peas, beans, and dried snacks, supporting full OEM\/private label printing. Ideal for B2B buyers looking to build strong brand identity in retail and wholesale channels. <\/li>\n\n\n\n<li><strong>High-Barrier Laminated Structure for Freshness<\/strong>: Made from premium laminated plastic, these <strong>Custom Peas Packaging Bags<\/strong> provide excellent protection against moisture, oxygen, and external contaminants, keeping peas fresh, dry, and crisp throughout storage and distribution. <\/li>\n\n\n\n<li><strong>Three Side Seal Design for Secure Packaging<\/strong>: The heat seal three side seal structure ensures tight sealing, leak resistance, and reliable performance, reducing product loss during transportation and handling. <\/li>\n\n\n\n<li><strong>Lightweight yet Durable for Efficient Logistics<\/strong>: These laminated pouches are strong yet lightweight, helping reduce shipping costs while maintaining durability for stacking, storage, and long-distance delivery. <\/li>\n\n\n\n<li><strong>Flexible Customization for Various Needs<\/strong>: Available in multiple sizes, thicknesses, and material structures, with options for matte\/glossy finishes to meet different product positioning and packaging requirements. <\/li>\n\n\n\n<li><strong>Factory Direct Supply for Bulk Orders<\/strong>: Manufactured by an experienced packaging factory, ensuring stable production capacity, consistent quality, and reliable global supply for wholesale and OEM projects.<\/li>\n<\/ul>\n<\/div>\n\n\n\n<div class=\"wp-block-column is-layout-flow wp-block-column-is-layout-flow\">\n<figure class=\"wp-block-image size-full\"><img fetchpriority=\"high\" decoding=\"async\" width=\"1000\" height=\"1000\" src=\"https:\/\/www.hyflexpack.com\/wp-content\/uploads\/2026\/01\/OEM-Custom-Peas-Packaging-Bags-3.webp\" alt=\"OEM Custom Peas Packaging Bags\" class=\"wp-image-9018\" srcset=\"https:\/\/www.hyflexpack.com\/wp-content\/uploads\/2026\/01\/OEM-Custom-Peas-Packaging-Bags-3.webp 1000w, https:\/\/www.hyflexpack.com\/wp-content\/uploads\/2026\/01\/OEM-Custom-Peas-Packaging-Bags-3-300x300.webp 300w, https:\/\/www.hyflexpack.com\/wp-content\/uploads\/2026\/01\/OEM-Custom-Peas-Packaging-Bags-3-150x150.webp 150w, https:\/\/www.hyflexpack.com\/wp-content\/uploads\/2026\/01\/OEM-Custom-Peas-Packaging-Bags-3-768x768.webp 768w, https:\/\/www.hyflexpack.com\/wp-content\/uploads\/2026\/01\/OEM-Custom-Peas-Packaging-Bags-3-12x12.webp 12w, https:\/\/www.hyflexpack.com\/wp-content\/uploads\/2026\/01\/OEM-Custom-Peas-Packaging-Bags-3-285x285.webp 285w, https:\/\/www.hyflexpack.com\/wp-content\/uploads\/2026\/01\/OEM-Custom-Peas-Packaging-Bags-3-270x270.webp 270w, https:\/\/www.hyflexpack.com\/wp-content\/uploads\/2026\/01\/OEM-Custom-Peas-Packaging-Bags-3-540x540.webp 540w, https:\/\/www.hyflexpack.com\/wp-content\/uploads\/2026\/01\/OEM-Custom-Peas-Packaging-Bags-3-660x660.webp 660w\" sizes=\"(max-width: 1000px) 100vw, 1000px\" \/><\/figure>\n<\/div>\n<\/div>\n\n\n\n<div class=\"wp-block-columns is-layout-flex wp-container-core-columns-is-layout-9d6595d7 wp-block-columns-is-layout-flex\">\n<div class=\"wp-block-column is-layout-flow wp-block-column-is-layout-flow\">\n<figure class=\"wp-block-image size-full\"><img decoding=\"async\" width=\"1000\" height=\"1000\" src=\"https:\/\/www.hyflexpack.com\/wp-content\/uploads\/2026\/01\/OEM-Custom-Peas-Packaging-Bags-4.webp\" alt=\"\" class=\"wp-image-9019\" srcset=\"https:\/\/www.hyflexpack.com\/wp-content\/uploads\/2026\/01\/OEM-Custom-Peas-Packaging-Bags-4.webp 1000w, https:\/\/www.hyflexpack.com\/wp-content\/uploads\/2026\/01\/OEM-Custom-Peas-Packaging-Bags-4-300x300.webp 300w, https:\/\/www.hyflexpack.com\/wp-content\/uploads\/2026\/01\/OEM-Custom-Peas-Packaging-Bags-4-150x150.webp 150w, https:\/\/www.hyflexpack.com\/wp-content\/uploads\/2026\/01\/OEM-Custom-Peas-Packaging-Bags-4-768x768.webp 768w, https:\/\/www.hyflexpack.com\/wp-content\/uploads\/2026\/01\/OEM-Custom-Peas-Packaging-Bags-4-12x12.webp 12w, https:\/\/www.hyflexpack.com\/wp-content\/uploads\/2026\/01\/OEM-Custom-Peas-Packaging-Bags-4-285x285.webp 285w, https:\/\/www.hyflexpack.com\/wp-content\/uploads\/2026\/01\/OEM-Custom-Peas-Packaging-Bags-4-270x270.webp 270w, https:\/\/www.hyflexpack.com\/wp-content\/uploads\/2026\/01\/OEM-Custom-Peas-Packaging-Bags-4-540x540.webp 540w, https:\/\/www.hyflexpack.com\/wp-content\/uploads\/2026\/01\/OEM-Custom-Peas-Packaging-Bags-4-660x660.webp 660w\" sizes=\"(max-width: 1000px) 100vw, 1000px\" \/><\/figure>\n<\/div>\n\n\n\n<div class=\"wp-block-column is-layout-flow wp-block-column-is-layout-flow\">\n<figure class=\"wp-block-image size-full\"><img decoding=\"async\" width=\"1000\" height=\"1000\" src=\"https:\/\/www.hyflexpack.com\/wp-content\/uploads\/2026\/01\/OEM-Custom-Peas-Packaging-Bags-1.webp\" alt=\"OEM Custom Peas Packaging Bags\" class=\"wp-image-9016\" srcset=\"https:\/\/www.hyflexpack.com\/wp-content\/uploads\/2026\/01\/OEM-Custom-Peas-Packaging-Bags-1.webp 1000w, https:\/\/www.hyflexpack.com\/wp-content\/uploads\/2026\/01\/OEM-Custom-Peas-Packaging-Bags-1-300x300.webp 300w, https:\/\/www.hyflexpack.com\/wp-content\/uploads\/2026\/01\/OEM-Custom-Peas-Packaging-Bags-1-150x150.webp 150w, https:\/\/www.hyflexpack.com\/wp-content\/uploads\/2026\/01\/OEM-Custom-Peas-Packaging-Bags-1-768x768.webp 768w, https:\/\/www.hyflexpack.com\/wp-content\/uploads\/2026\/01\/OEM-Custom-Peas-Packaging-Bags-1-12x12.webp 12w, https:\/\/www.hyflexpack.com\/wp-content\/uploads\/2026\/01\/OEM-Custom-Peas-Packaging-Bags-1-285x285.webp 285w, https:\/\/www.hyflexpack.com\/wp-content\/uploads\/2026\/01\/OEM-Custom-Peas-Packaging-Bags-1-270x270.webp 270w, https:\/\/www.hyflexpack.com\/wp-content\/uploads\/2026\/01\/OEM-Custom-Peas-Packaging-Bags-1-540x540.webp 540w, https:\/\/www.hyflexpack.com\/wp-content\/uploads\/2026\/01\/OEM-Custom-Peas-Packaging-Bags-1-660x660.webp 660w\" sizes=\"(max-width: 1000px) 100vw, 1000px\" \/><\/figure>\n<\/div>\n<\/div>","protected":false},"excerpt":{"rendered":"<p>Welcome to partner with a professional supplier of <strong data-start=\"1684\" data-end=\"1714\">Custom Peas Packaging Bags<\/strong>. Our laminated three side seal pouches offer excellent moisture protection, strong sealing, and durable performance for peas and dried snacks. Ideal for OEM brands and bulk buyers seeking cost-effective and customizable packaging solutions. Contact us today for factory pricing and fast samples.<\/p>\n<h3>Advantages of Peas Packaging Bags Supplier<\/h3>\n<ul>\n<li><strong>Proiectare personalizat\u0103<\/strong>: Oferi\u021bi solu\u021bii personalizate de proiectare, sprijini\u021bi OEM \/ ODM, personalizate cu diferite specifica\u021bii, dimensiuni, modele de imprimare etc.<\/li>\n<li><strong>Asigurarea calit\u0103\u021bii<\/strong>: Controla\u021bi procesul de produc\u021bie \u0219i dispune\u021bi de materiale de \u00eenalt\u0103 calitate \u0219i echipamente avansate pentru a asigura calitatea produselor.<\/li>\n<li><strong>Livrare la timp<\/strong>: Optimizarea procesului de produc\u021bie \u0219i \u00eembun\u0103t\u0103\u021birea eficien\u021bei produc\u021biei pentru a asigura livrarea la timp \u0219i pentru a satisface nevoile urgente ale clien\u021bilor.<\/li>\n<li><strong>Asisten\u021b\u0103 tehnic\u0103 profesional\u0103<\/strong>: Echipa tehnic\u0103 cu experien\u021b\u0103 ofer\u0103 asisten\u021b\u0103 tehnic\u0103 profesional\u0103 \u0219i servicii de consultan\u021b\u0103 post-v\u00e2nzare 24 de ore din 24.<\/li>\n<li><strong>Mostr\u0103 gratuit\u0103<\/strong>: Oferi\u021bi servicii gratuite de e\u0219antionare pentru a evalua produsele.<\/li>\n<\/ul>\n<p><a href=\"https:\/\/www.hyflexpack.com\/ro\/\"><strong>Ambalaje Huiyang<\/strong><\/a> is committed to providing customers with high-quality, custom peas packaging bags \u00a0to help customers improve their product image and enhance market competitiveness.<\/p>","protected":false},"featured_media":9018,"comment_status":"closed","ping_status":"closed","template":"","meta":[],"product_brand":[],"product_cat":[57,51,106],"product_tag":[123],"class_list":{"0":"post-9031","1":"product","2":"type-product","3":"status-publish","4":"has-post-thumbnail","6":"product_cat-snack-packaging-bags-wholesale","7":"product_cat-custom-food-packaging-bags","8":"product_cat-vegetable-packaging-bags-wholesale","9":"product_tag-three-side-seal-pouch-manufacturer","11":"first","12":"instock","13":"shipping-taxable","14":"product-type-simple"},"_links":{"self":[{"href":"https:\/\/www.hyflexpack.com\/ro\/wp-json\/wp\/v2\/product\/9031","targetHints":{"allow":["GET"]}}],"collection":[{"href":"https:\/\/www.hyflexpack.com\/ro\/wp-json\/wp\/v2\/product"}],"about":[{"href":"https:\/\/www.hyflexpack.com\/ro\/wp-json\/wp\/v2\/types\/product"}],"replies":[{"embeddable":true,"href":"https:\/\/www.hyflexpack.com\/ro\/wp-json\/wp\/v2\/comments?post=9031"}],"wp:featuredmedia":[{"embeddable":true,"href":"https:\/\/www.hyflexpack.com\/ro\/wp-json\/wp\/v2\/media\/9018"}],"wp:attachment":[{"href":"https:\/\/www.hyflexpack.com\/ro\/wp-json\/wp\/v2\/media?parent=9031"}],"wp:term":[{"taxonomy":"product_brand","embeddable":true,"href":"https:\/\/www.hyflexpack.com\/ro\/wp-json\/wp\/v2\/product_brand?post=9031"},{"taxonomy":"product_cat","embeddable":true,"href":"https:\/\/www.hyflexpack.com\/ro\/wp-json\/wp\/v2\/product_cat?post=9031"},{"taxonomy":"product_tag","embeddable":true,"href":"https:\/\/www.hyflexpack.com\/ro\/wp-json\/wp\/v2\/product_tag?post=9031"}],"curies":[{"name":"wp","href":"https:\/\/api.w.org\/{rel}","templated":true}]}}