{"id":8623,"date":"2025-12-19T02:59:48","date_gmt":"2025-12-19T02:59:48","guid":{"rendered":"https:\/\/www.hyflexpack.com\/?post_type=product&#038;p=8623"},"modified":"2025-12-31T07:19:16","modified_gmt":"2025-12-31T07:19:16","slug":"wholesale-fruit-puree-pouches-supplier","status":"publish","type":"product","link":"https:\/\/www.hyflexpack.com\/ro\/product\/wholesale-fruit-puree-pouches-supplier\/","title":{"rendered":"Furnizor de pungi de piure de fructe cu ridicata, pung\u0103 de scurgere a lichidului personalizat pentru produse lactate"},"content":{"rendered":"<div class=\"wp-block-columns is-layout-flex wp-container-core-columns-is-layout-9d6595d7 wp-block-columns-is-layout-flex\">\n<div class=\"wp-block-column is-layout-flow wp-block-column-is-layout-flow\">\n<h3 class=\"wp-block-heading\">Wholesale Fruit Puree Pouches Features <\/h3>\n\n\n\n<ul class=\"wp-block-list\">\n<li><strong>Leak-proof, food-grade protection:<\/strong> These wholesale fruit puree pouches are made of food-grade and high-barrier materials.<\/li>\n<\/ul>\n\n\n\n<ul class=\"wp-block-list\">\n<li><strong>Factory-direct supply:<\/strong> Ideal for bulk buyers, distributors, and beverage manufacturers.<\/li>\n<\/ul>\n\n\n\n<ul class=\"wp-block-list\">\n<li><strong>Full customization:<\/strong> Supports OEM\/ODM services, private label printing, and custom sizes.<\/li>\n<\/ul>\n\n\n\n<ul class=\"wp-block-list\">\n<li><strong>Durable, leak-proof design: <\/strong>These designs help to reduce shipping and storage costs.<\/li>\n<\/ul>\n\n\n\n<ul class=\"wp-block-list\">\n<li><strong>Multi-usages:<\/strong> Versatile for juices, smoothies, flavored drinks, and liquid snacks.<\/li>\n<\/ul>\n<\/div>\n\n\n\n<div class=\"wp-block-column is-layout-flow wp-block-column-is-layout-flow\">\n<figure class=\"wp-block-image size-full\"><img fetchpriority=\"high\" decoding=\"async\" width=\"2048\" height=\"2048\" src=\"https:\/\/www.hyflexpack.com\/wp-content\/uploads\/2025\/12\/Wholesale-Custom-Fruit-Puree-Pouches-Manufacturer.webp\" alt=\"Wholesale Custom Fruit Puree Pouches Manufacturer\" class=\"wp-image-8789\" srcset=\"https:\/\/www.hyflexpack.com\/wp-content\/uploads\/2025\/12\/Wholesale-Custom-Fruit-Puree-Pouches-Manufacturer.webp 2048w, https:\/\/www.hyflexpack.com\/wp-content\/uploads\/2025\/12\/Wholesale-Custom-Fruit-Puree-Pouches-Manufacturer-300x300.webp 300w, https:\/\/www.hyflexpack.com\/wp-content\/uploads\/2025\/12\/Wholesale-Custom-Fruit-Puree-Pouches-Manufacturer-150x150.webp 150w, https:\/\/www.hyflexpack.com\/wp-content\/uploads\/2025\/12\/Wholesale-Custom-Fruit-Puree-Pouches-Manufacturer-768x768.webp 768w, https:\/\/www.hyflexpack.com\/wp-content\/uploads\/2025\/12\/Wholesale-Custom-Fruit-Puree-Pouches-Manufacturer-12x12.webp 12w, https:\/\/www.hyflexpack.com\/wp-content\/uploads\/2025\/12\/Wholesale-Custom-Fruit-Puree-Pouches-Manufacturer-285x285.webp 285w, https:\/\/www.hyflexpack.com\/wp-content\/uploads\/2025\/12\/Wholesale-Custom-Fruit-Puree-Pouches-Manufacturer-1600x1600.webp 1600w, https:\/\/www.hyflexpack.com\/wp-content\/uploads\/2025\/12\/Wholesale-Custom-Fruit-Puree-Pouches-Manufacturer-270x270.webp 270w, https:\/\/www.hyflexpack.com\/wp-content\/uploads\/2025\/12\/Wholesale-Custom-Fruit-Puree-Pouches-Manufacturer-540x540.webp 540w, https:\/\/www.hyflexpack.com\/wp-content\/uploads\/2025\/12\/Wholesale-Custom-Fruit-Puree-Pouches-Manufacturer-660x660.webp 660w\" sizes=\"(max-width: 2048px) 100vw, 2048px\" \/><\/figure>\n<\/div>\n<\/div>\n\n\n\n<div class=\"wp-block-columns is-layout-flex wp-container-core-columns-is-layout-9d6595d7 wp-block-columns-is-layout-flex\">\n<div class=\"wp-block-column is-layout-flow wp-block-column-is-layout-flow\">\n<figure class=\"wp-block-image size-full\"><img decoding=\"async\" width=\"1000\" height=\"1000\" src=\"https:\/\/www.hyflexpack.com\/wp-content\/uploads\/2025\/12\/Wholesale-Fruit-Puree-Pouches-Manufacturer-Huiyang-Packaging.webp\" alt=\"Wholesale Fruit Puree Pouches Manufacturer - Huiyang Packaging\" class=\"wp-image-8783\" srcset=\"https:\/\/www.hyflexpack.com\/wp-content\/uploads\/2025\/12\/Wholesale-Fruit-Puree-Pouches-Manufacturer-Huiyang-Packaging.webp 1000w, https:\/\/www.hyflexpack.com\/wp-content\/uploads\/2025\/12\/Wholesale-Fruit-Puree-Pouches-Manufacturer-Huiyang-Packaging-300x300.webp 300w, https:\/\/www.hyflexpack.com\/wp-content\/uploads\/2025\/12\/Wholesale-Fruit-Puree-Pouches-Manufacturer-Huiyang-Packaging-150x150.webp 150w, https:\/\/www.hyflexpack.com\/wp-content\/uploads\/2025\/12\/Wholesale-Fruit-Puree-Pouches-Manufacturer-Huiyang-Packaging-768x768.webp 768w, https:\/\/www.hyflexpack.com\/wp-content\/uploads\/2025\/12\/Wholesale-Fruit-Puree-Pouches-Manufacturer-Huiyang-Packaging-12x12.webp 12w, https:\/\/www.hyflexpack.com\/wp-content\/uploads\/2025\/12\/Wholesale-Fruit-Puree-Pouches-Manufacturer-Huiyang-Packaging-285x285.webp 285w, https:\/\/www.hyflexpack.com\/wp-content\/uploads\/2025\/12\/Wholesale-Fruit-Puree-Pouches-Manufacturer-Huiyang-Packaging-270x270.webp 270w, https:\/\/www.hyflexpack.com\/wp-content\/uploads\/2025\/12\/Wholesale-Fruit-Puree-Pouches-Manufacturer-Huiyang-Packaging-540x540.webp 540w, https:\/\/www.hyflexpack.com\/wp-content\/uploads\/2025\/12\/Wholesale-Fruit-Puree-Pouches-Manufacturer-Huiyang-Packaging-660x660.webp 660w\" sizes=\"(max-width: 1000px) 100vw, 1000px\" \/><\/figure>\n<\/div>\n\n\n\n<div class=\"wp-block-column is-layout-flow wp-block-column-is-layout-flow\">\n<figure class=\"wp-block-image size-full\"><img decoding=\"async\" width=\"1600\" height=\"1600\" src=\"https:\/\/www.hyflexpack.com\/wp-content\/uploads\/2025\/12\/Wholesale-Fruit-Puree-Spout-Pouches.webp\" alt=\"Wholesale Fruit Puree Spout Pouches\" class=\"wp-image-8788\" srcset=\"https:\/\/www.hyflexpack.com\/wp-content\/uploads\/2025\/12\/Wholesale-Fruit-Puree-Spout-Pouches.webp 1600w, https:\/\/www.hyflexpack.com\/wp-content\/uploads\/2025\/12\/Wholesale-Fruit-Puree-Spout-Pouches-300x300.webp 300w, https:\/\/www.hyflexpack.com\/wp-content\/uploads\/2025\/12\/Wholesale-Fruit-Puree-Spout-Pouches-150x150.webp 150w, https:\/\/www.hyflexpack.com\/wp-content\/uploads\/2025\/12\/Wholesale-Fruit-Puree-Spout-Pouches-768x768.webp 768w, https:\/\/www.hyflexpack.com\/wp-content\/uploads\/2025\/12\/Wholesale-Fruit-Puree-Spout-Pouches-12x12.webp 12w, https:\/\/www.hyflexpack.com\/wp-content\/uploads\/2025\/12\/Wholesale-Fruit-Puree-Spout-Pouches-285x285.webp 285w, https:\/\/www.hyflexpack.com\/wp-content\/uploads\/2025\/12\/Wholesale-Fruit-Puree-Spout-Pouches-270x270.webp 270w, https:\/\/www.hyflexpack.com\/wp-content\/uploads\/2025\/12\/Wholesale-Fruit-Puree-Spout-Pouches-540x540.webp 540w, https:\/\/www.hyflexpack.com\/wp-content\/uploads\/2025\/12\/Wholesale-Fruit-Puree-Spout-Pouches-660x660.webp 660w\" sizes=\"(max-width: 1600px) 100vw, 1600px\" \/><\/figure>\n<\/div>\n<\/div>","protected":false},"excerpt":{"rendered":"<p>Bulk manufacturer-direct liquid spout pouch supply for juice. It is made of food-grade material to ensure that the liquid inside won&#8217;t be contaminated. And the leak-proof lamination allows this liquid spout pouch to travel safely in normal, even harsh logistics environments. Bulk supply and OEM\/ODM services are available. Contact us now!<\/p>\n<h3>Advantages of Fruit Puree Pouches<\/h3>\n<ul>\n<li><strong>Design personalizat<\/strong>: Oferi\u021bi solu\u021bii personalizate de proiectare, sprijini\u021bi OEM \/ ODM, personalizate cu diferite specifica\u021bii, dimensiuni, modele de imprimare etc.<\/li>\n<li><strong>Asigurarea calit\u0103\u021bii<\/strong>: Controla\u021bi procesul de produc\u021bie \u0219i dispune\u021bi de materiale de \u00eenalt\u0103 calitate \u0219i echipamente avansate pentru a asigura calitatea produselor.<\/li>\n<li><strong>Livrare la timp<\/strong>: Optimizarea procesului de produc\u021bie \u0219i \u00eembun\u0103t\u0103\u021birea eficien\u021bei produc\u021biei pentru a asigura livrarea la timp \u0219i pentru a satisface nevoile urgente ale clien\u021bilor.<\/li>\n<li><strong>Asisten\u021b\u0103 tehnic\u0103 profesional\u0103<\/strong>: The experienced technical team provides professional technical support and a 24-hour after-sales consulting service.<\/li>\n<li><strong>Mostr\u0103 gratuit\u0103<\/strong>: Oferi\u021bi un serviciu gratuit de e\u0219antionare pentru a evalua produsele.<\/li>\n<\/ul>\n<p>Huiyang Packaging is committed to providing customers with high-quality manufacturer-direct liquid spout pouches to help customers improve their product image and enhance their market competitiveness<\/p>\n<p>&nbsp;<\/p>\n<p>&nbsp;<\/p>","protected":false},"featured_media":8783,"comment_status":"closed","ping_status":"closed","template":"","meta":[],"product_brand":[],"product_cat":[103,51],"product_tag":[115],"class_list":{"0":"post-8623","1":"product","2":"type-product","3":"status-publish","4":"has-post-thumbnail","6":"product_cat-beverage-packaging-bags-supplier","7":"product_cat-custom-food-packaging-bags","8":"product_tag-spout-pouch-manufacturer","10":"first","11":"instock","12":"shipping-taxable","13":"product-type-simple"},"_links":{"self":[{"href":"https:\/\/www.hyflexpack.com\/ro\/wp-json\/wp\/v2\/product\/8623","targetHints":{"allow":["GET"]}}],"collection":[{"href":"https:\/\/www.hyflexpack.com\/ro\/wp-json\/wp\/v2\/product"}],"about":[{"href":"https:\/\/www.hyflexpack.com\/ro\/wp-json\/wp\/v2\/types\/product"}],"replies":[{"embeddable":true,"href":"https:\/\/www.hyflexpack.com\/ro\/wp-json\/wp\/v2\/comments?post=8623"}],"wp:featuredmedia":[{"embeddable":true,"href":"https:\/\/www.hyflexpack.com\/ro\/wp-json\/wp\/v2\/media\/8783"}],"wp:attachment":[{"href":"https:\/\/www.hyflexpack.com\/ro\/wp-json\/wp\/v2\/media?parent=8623"}],"wp:term":[{"taxonomy":"product_brand","embeddable":true,"href":"https:\/\/www.hyflexpack.com\/ro\/wp-json\/wp\/v2\/product_brand?post=8623"},{"taxonomy":"product_cat","embeddable":true,"href":"https:\/\/www.hyflexpack.com\/ro\/wp-json\/wp\/v2\/product_cat?post=8623"},{"taxonomy":"product_tag","embeddable":true,"href":"https:\/\/www.hyflexpack.com\/ro\/wp-json\/wp\/v2\/product_tag?post=8623"}],"curies":[{"name":"wp","href":"https:\/\/api.w.org\/{rel}","templated":true}]}}