{"id":8462,"date":"2025-11-21T03:56:49","date_gmt":"2025-11-21T03:56:49","guid":{"rendered":"https:\/\/www.hyflexpack.com\/?post_type=product&#038;p=8462"},"modified":"2025-12-31T07:33:18","modified_gmt":"2025-12-31T07:33:18","slug":"gummy-candy-pouch-factory-manufacturer","status":"publish","type":"product","link":"https:\/\/www.hyflexpack.com\/ro\/product\/gummy-candy-pouch-factory-manufacturer\/","title":{"rendered":"Gummy Candy Pouch Factory Produc\u0103tor, sac de plastic personalizat pentru gust\u0103ri"},"content":{"rendered":"<div class=\"wp-block-columns is-layout-flex wp-container-core-columns-is-layout-9d6595d7 wp-block-columns-is-layout-flex\">\n<div class=\"wp-block-column is-layout-flow wp-block-column-is-layout-flow\">\n<h2 class=\"wp-block-heading\">Gummy Candy Pouch Caracteristici:<\/h2>\n\n\n\n<p><\/p>\n\n\n\n<ul class=\"wp-block-list\">\n<li><strong>Material PE reciclat ecologic<\/strong>: \u00cen calitate de produc\u0103tor de \u00eencredere de pungi pentru bomboane gumate, folosim PE reciclat pentru a crea pungi stand-up sigure pentru alimente, durabile \u0219i complet reciclabile - ideale pentru m\u0103rcile de bomboane gumate con\u0219tiente de mediul \u00eenconjur\u0103tor.<\/li>\n\n\n\n<li><strong>Imprimare digital\u0103 \u0219i gravur\u0103 premium<\/strong>: Tehnologia de imprimare de \u00eenalt\u0103 defini\u021bie ofer\u0103 culori vii, grafic\u0103 clar\u0103 \u0219i o atrac\u021bie puternic\u0103 la raft, perfect\u0103 pentru ambalajele de dulciuri premium.<\/li>\n\n\n\n<li><strong>Design stand-up func\u021bional cu Ziplock<\/strong>: Aceste pungi au un fund \u00eent\u0103rit pentru stabilitate, o \u00eenchidere sigur\u0103 cu fermoar pentru prospe\u021bime \u0219i ferestre op\u021bionale sau crest\u0103turi de rupere pentru un plus de confort - realizate de un produc\u0103tor profesionist de pungi pentru bomboane gumate.<\/li>\n\n\n\n<li><strong>Aplica\u021bie larg\u0103 pentru gust\u0103ri multiple<\/strong>: Perfect pentru bomboane gumate, ciocolat\u0103, nuci, fursecuri, fructe uscate \u0219i gust\u0103ri mixte - oferind performan\u021be de ambalare versatile pentru diverse linii de produse.<\/li>\n\n\n\n<li><strong>Complet personalizabil pentru branding<\/strong>: Personaliza\u021bi-v\u0103 ambalajul cu dimensiunea preferat\u0103, logo-ul, structura materialului \u0219i finisajul - ideal pentru m\u0103rcile care au nevoie de suport la nivel de produc\u0103tor al fabricii de pungi pentru bomboane gumate.<\/li>\n\n\n\n<li><strong>Furnizor de \u00eencredere cu OEM\/ODM<\/strong>: Oferim servicii OEM \/ ODM, control strict al calit\u0103\u021bii, produc\u021bie profesional\u0103 \u0219i livrare rapid\u0103 pentru a v\u0103 sprijini nevoile de aprovizionare cu ambalaje pe termen lung.<\/li>\n<\/ul>\n<\/div>\n\n\n\n<div class=\"wp-block-column is-layout-flow wp-block-column-is-layout-flow\">\n<figure class=\"wp-block-image size-full\"><img fetchpriority=\"high\" decoding=\"async\" width=\"1000\" height=\"1000\" src=\"https:\/\/www.hyflexpack.com\/wp-content\/uploads\/2025\/11\/Gummy-Candy-Pouch-Factory-Manufacturer-3.webp\" alt=\"Gummy Candy Pouch Factory Produc\u0103tor (3)\" class=\"wp-image-8513\" srcset=\"https:\/\/www.hyflexpack.com\/wp-content\/uploads\/2025\/11\/Gummy-Candy-Pouch-Factory-Manufacturer-3.webp 1000w, https:\/\/www.hyflexpack.com\/wp-content\/uploads\/2025\/11\/Gummy-Candy-Pouch-Factory-Manufacturer-3-300x300.webp 300w, https:\/\/www.hyflexpack.com\/wp-content\/uploads\/2025\/11\/Gummy-Candy-Pouch-Factory-Manufacturer-3-150x150.webp 150w, https:\/\/www.hyflexpack.com\/wp-content\/uploads\/2025\/11\/Gummy-Candy-Pouch-Factory-Manufacturer-3-768x768.webp 768w, https:\/\/www.hyflexpack.com\/wp-content\/uploads\/2025\/11\/Gummy-Candy-Pouch-Factory-Manufacturer-3-12x12.webp 12w, https:\/\/www.hyflexpack.com\/wp-content\/uploads\/2025\/11\/Gummy-Candy-Pouch-Factory-Manufacturer-3-285x285.webp 285w, https:\/\/www.hyflexpack.com\/wp-content\/uploads\/2025\/11\/Gummy-Candy-Pouch-Factory-Manufacturer-3-270x270.webp 270w, https:\/\/www.hyflexpack.com\/wp-content\/uploads\/2025\/11\/Gummy-Candy-Pouch-Factory-Manufacturer-3-540x540.webp 540w, https:\/\/www.hyflexpack.com\/wp-content\/uploads\/2025\/11\/Gummy-Candy-Pouch-Factory-Manufacturer-3-660x660.webp 660w\" sizes=\"(max-width: 1000px) 100vw, 1000px\" \/><\/figure>\n<\/div>\n<\/div>\n\n\n\n<div class=\"wp-block-columns is-layout-flex wp-container-core-columns-is-layout-9d6595d7 wp-block-columns-is-layout-flex\">\n<div class=\"wp-block-column is-layout-flow wp-block-column-is-layout-flow\">\n<figure class=\"wp-block-image size-full\"><img decoding=\"async\" width=\"1000\" height=\"1000\" src=\"https:\/\/www.hyflexpack.com\/wp-content\/uploads\/2025\/11\/Custom-Gummy-Candy-Pouches-Manufacturer-2.webp\" alt=\"Pungi personalizate de bomboane Gummy Produc\u0103tor (2)\" class=\"wp-image-8509\" srcset=\"https:\/\/www.hyflexpack.com\/wp-content\/uploads\/2025\/11\/Custom-Gummy-Candy-Pouches-Manufacturer-2.webp 1000w, https:\/\/www.hyflexpack.com\/wp-content\/uploads\/2025\/11\/Custom-Gummy-Candy-Pouches-Manufacturer-2-300x300.webp 300w, https:\/\/www.hyflexpack.com\/wp-content\/uploads\/2025\/11\/Custom-Gummy-Candy-Pouches-Manufacturer-2-150x150.webp 150w, https:\/\/www.hyflexpack.com\/wp-content\/uploads\/2025\/11\/Custom-Gummy-Candy-Pouches-Manufacturer-2-768x768.webp 768w, https:\/\/www.hyflexpack.com\/wp-content\/uploads\/2025\/11\/Custom-Gummy-Candy-Pouches-Manufacturer-2-12x12.webp 12w, https:\/\/www.hyflexpack.com\/wp-content\/uploads\/2025\/11\/Custom-Gummy-Candy-Pouches-Manufacturer-2-285x285.webp 285w, https:\/\/www.hyflexpack.com\/wp-content\/uploads\/2025\/11\/Custom-Gummy-Candy-Pouches-Manufacturer-2-270x270.webp 270w, https:\/\/www.hyflexpack.com\/wp-content\/uploads\/2025\/11\/Custom-Gummy-Candy-Pouches-Manufacturer-2-540x540.webp 540w, https:\/\/www.hyflexpack.com\/wp-content\/uploads\/2025\/11\/Custom-Gummy-Candy-Pouches-Manufacturer-2-660x660.webp 660w\" sizes=\"(max-width: 1000px) 100vw, 1000px\" \/><\/figure>\n<\/div>\n\n\n\n<div class=\"wp-block-column is-layout-flow wp-block-column-is-layout-flow\">\n<figure class=\"wp-block-image size-full\"><img decoding=\"async\" width=\"1000\" height=\"1000\" src=\"https:\/\/www.hyflexpack.com\/wp-content\/uploads\/2025\/11\/Custom-Gummy-Candy-Pouches-Manufacturer-3.webp\" alt=\"Pungi personalizate de bomboane Gummy Produc\u0103tor (3)\" class=\"wp-image-8510\" srcset=\"https:\/\/www.hyflexpack.com\/wp-content\/uploads\/2025\/11\/Custom-Gummy-Candy-Pouches-Manufacturer-3.webp 1000w, https:\/\/www.hyflexpack.com\/wp-content\/uploads\/2025\/11\/Custom-Gummy-Candy-Pouches-Manufacturer-3-300x300.webp 300w, https:\/\/www.hyflexpack.com\/wp-content\/uploads\/2025\/11\/Custom-Gummy-Candy-Pouches-Manufacturer-3-150x150.webp 150w, https:\/\/www.hyflexpack.com\/wp-content\/uploads\/2025\/11\/Custom-Gummy-Candy-Pouches-Manufacturer-3-768x768.webp 768w, https:\/\/www.hyflexpack.com\/wp-content\/uploads\/2025\/11\/Custom-Gummy-Candy-Pouches-Manufacturer-3-12x12.webp 12w, https:\/\/www.hyflexpack.com\/wp-content\/uploads\/2025\/11\/Custom-Gummy-Candy-Pouches-Manufacturer-3-285x285.webp 285w, https:\/\/www.hyflexpack.com\/wp-content\/uploads\/2025\/11\/Custom-Gummy-Candy-Pouches-Manufacturer-3-270x270.webp 270w, https:\/\/www.hyflexpack.com\/wp-content\/uploads\/2025\/11\/Custom-Gummy-Candy-Pouches-Manufacturer-3-540x540.webp 540w, https:\/\/www.hyflexpack.com\/wp-content\/uploads\/2025\/11\/Custom-Gummy-Candy-Pouches-Manufacturer-3-660x660.webp 660w\" sizes=\"(max-width: 1000px) 100vw, 1000px\" \/><\/figure>\n<\/div>\n<\/div>","protected":false},"excerpt":{"rendered":"<p>Bine a\u021bi venit s\u0103 achizi\u021biona\u021bi ambalajul nostru ecologic pentru gust\u0103ri de la un produc\u0103tor profesionist de fabrici de pungi pentru bomboane gumate. \u00cen calitate de produc\u0103tor de pungi pentru bomboane gumate, oferim pungi PE reciclabile cu imprimare vie \u0219i design ziplock - perfecte pentru bomboane gumate, nuci, pr\u0103jituri \u0219i gust\u0103ri uscate. Personaliza\u021bi-v\u0103 ast\u0103zi ambalajul unic.<\/p>\n<h3>Avantajele produc\u0103torului de bomboane Gummy Pouch<\/h3>\n<ul>\n<li><strong><a href=\"https:\/\/www.hyflexpack.com\/ro\/ambalaje-flexibile-personalizate\/\">Servicii OEM\/ODM<\/a>:<\/strong>\u00a0Oferim servicii personalizate de ambalare a pungilor, inclusiv personalizarea materialelor, dimensiunilor \u0219i modelelor de imprimare pentru a satisface nevoile clien\u021bilor \u0219i sprijinim OEM \u0219i ODM.<\/li>\n<li><strong>Eficient\u0103<\/strong>\u00a0<strong>Fabricarea:<\/strong>\u00a0Cu echipamente \u0219i tehnologii avansate, putem finaliza produc\u021bia de comand\u0103 \u00een mod eficient \u0219i de \u00eenalt\u0103 calitate \u0219i putem livra la timp.<\/li>\n<li><strong>Inspec\u021bia calit\u0103\u021bii:<\/strong>\u00a0Produc\u021bia se realizeaz\u0103 \u00een strict\u0103 conformitate cu standardele de calitate \u0219i cerin\u021bele de siguran\u021b\u0103 alimentar\u0103 pentru a se asigura c\u0103 produsele \u00eendeplinesc standardele.<\/li>\n<li><strong>Asisten\u021b\u0103 pentru clien\u021bi 24\/7:<\/strong>\u00a0Oferi\u021bi un r\u0103spuns rapid \u0219i un serviciu de asisten\u021b\u0103 pentru clien\u021bi atent 24 de ore pe zi.<\/li>\n<li><strong>Design gratuit:<\/strong>\u00a0Profita\u021bi de serviciile noastre gratuite de design pentru logo-uri, etichete \u0219i lucr\u0103ri de art\u0103 pentru a v\u0103 ajuta s\u0103 v\u0103 \u00eembun\u0103t\u0103\u021bi\u021bi ambalajul \u0219i identitatea m\u0103rcii.<\/li>\n<li><strong>Pre\u021b de fabric\u0103<\/strong>: Oferim pre\u021buri de fabric\u0103 competitive pentru ca dvs. s\u0103 ob\u021bine\u021bi valoarea maxim\u0103 pentru comenzile dvs. \u00een vrac.<\/li>\n<li><strong>Cantitatea minim\u0103 de comand\u0103 (MOQ):<\/strong>\u00a0Disponibilitate MOQ flexibil\u0103, care v\u0103 permite s\u0103 \u00eencepe\u021bi cu niveluri de comand\u0103 sc\u0103zute \u0219i s\u0103 le m\u0103ri\u021bi \u00een func\u021bie de necesit\u0103\u021bi.<\/li>\n<li><strong>Mostr\u0103 gratuit\u0103<\/strong>: Oferi\u021bi un serviciu gratuit de e\u0219antionare pentru a evalua produsul.<\/li>\n<\/ul>\n<p><a href=\"https:\/\/www.hyflexpack.com\/ro\/\"><strong>Ambalaje Huiyang<\/strong><\/a> se angajeaz\u0103 s\u0103 ofere clien\u021bilor pungi de bomboane gumate en-gros \u0219i personalizate de \u00eenalt\u0103 calitate pentru a le ajuta s\u0103-\u0219i \u00eembun\u0103t\u0103\u021beasc\u0103 imaginea produsului \u0219i s\u0103 sporeasc\u0103 competitivitatea pe pia\u021b\u0103.<\/p>","protected":false},"featured_media":8511,"comment_status":"closed","ping_status":"closed","template":"","meta":[],"product_brand":[],"product_cat":[51,107,57],"product_tag":[116],"class_list":{"0":"post-8462","1":"product","2":"type-product","3":"status-publish","4":"has-post-thumbnail","6":"product_cat-custom-food-packaging-bags","7":"product_cat-candy-packaging-bags-wholesale","8":"product_cat-snack-packaging-bags-wholesale","9":"product_tag-stand-up-pouch-manufacturer","11":"first","12":"instock","13":"shipping-taxable","14":"product-type-simple"},"_links":{"self":[{"href":"https:\/\/www.hyflexpack.com\/ro\/wp-json\/wp\/v2\/product\/8462","targetHints":{"allow":["GET"]}}],"collection":[{"href":"https:\/\/www.hyflexpack.com\/ro\/wp-json\/wp\/v2\/product"}],"about":[{"href":"https:\/\/www.hyflexpack.com\/ro\/wp-json\/wp\/v2\/types\/product"}],"replies":[{"embeddable":true,"href":"https:\/\/www.hyflexpack.com\/ro\/wp-json\/wp\/v2\/comments?post=8462"}],"wp:featuredmedia":[{"embeddable":true,"href":"https:\/\/www.hyflexpack.com\/ro\/wp-json\/wp\/v2\/media\/8511"}],"wp:attachment":[{"href":"https:\/\/www.hyflexpack.com\/ro\/wp-json\/wp\/v2\/media?parent=8462"}],"wp:term":[{"taxonomy":"product_brand","embeddable":true,"href":"https:\/\/www.hyflexpack.com\/ro\/wp-json\/wp\/v2\/product_brand?post=8462"},{"taxonomy":"product_cat","embeddable":true,"href":"https:\/\/www.hyflexpack.com\/ro\/wp-json\/wp\/v2\/product_cat?post=8462"},{"taxonomy":"product_tag","embeddable":true,"href":"https:\/\/www.hyflexpack.com\/ro\/wp-json\/wp\/v2\/product_tag?post=8462"}],"curies":[{"name":"wp","href":"https:\/\/api.w.org\/{rel}","templated":true}]}}