{"id":8461,"date":"2025-11-21T02:51:15","date_gmt":"2025-11-21T02:51:15","guid":{"rendered":"https:\/\/www.hyflexpack.com\/?post_type=product&#038;p=8461"},"modified":"2025-12-31T07:33:46","modified_gmt":"2025-12-31T07:33:46","slug":"customized-candy-packaging-bags","status":"publish","type":"product","link":"https:\/\/www.hyflexpack.com\/ro\/product\/customized-candy-packaging-bags\/","title":{"rendered":"Pungi personalizate pentru ambalarea bomboanelor, pungi tip\u0103rite digital pentru bomboane gumate"},"content":{"rendered":"<div class=\"wp-block-columns is-layout-flex wp-container-core-columns-is-layout-9d6595d7 wp-block-columns-is-layout-flex\">\n<div class=\"wp-block-column is-layout-flow wp-block-column-is-layout-flow\">\n<h3 class=\"wp-block-heading\">Pungi personalizate pentru ambalare bomboane Caracteristici:<\/h3>\n\n\n\n<ul class=\"wp-block-list\">\n<li><strong>Complet personalizabil cu fereastr\u0103 \u0219i Ziplock:<\/strong> \u00cen calitate de produc\u0103tor profesionist de pungi pentru bomboane gumate stand-up, producem toate tipurile de pungi personalizate pentru ambalarea bomboanelor \u00een orice dimensiune, form\u0103, grosime \u0219i finisaj - mat, lucios, holografic sau cu fereastr\u0103 transparent\u0103 - pentru a afi\u0219a perfect bomboanele gumate pe raftul de v\u00e2nzare cu am\u0103nuntul.<\/li>\n\n\n\n<li><strong>Imprimare digital\u0103 \u0219i gravur\u0103 de \u00eenalt\u0103 defini\u021bie: <\/strong>Imprimarea avansat\u0103 aduce culori str\u0103lucitoare, detalii clare \u0219i prezentarea unei m\u0103rci de \u00eenalt\u0103 calitate - ideal\u0103 pentru ambalaje \u00eendr\u0103zne\u021be de bomboane gumate \u0219i gust\u0103ri.<\/li>\n\n\n\n<li><strong>Structur\u0103 robust\u0103 cu \u00eenchidere resigilabil\u0103:<\/strong> Buzunarul inferior puternic, \u00eent\u0103rit, pentru stabilitate excelent\u0103 \u0219i prezen\u021b\u0103 la raft; fermoarul permite deschiderea repetat\u0103, dar p\u0103streaz\u0103 gumele proaspete \u0219i protejate.<\/li>\n\n\n\n<li><strong>Barier\u0103 ridicat\u0103, materiale de uz alimentar:<\/strong> Fabricat din folii laminate de calitate alimentar\u0103 care previn umezeala, mirosurile \u0219i contaminarea pentru a asigura siguran\u021ba pentru gume, ciocolat\u0103 \u0219i gust\u0103ri mixte.<\/li>\n\n\n\n<li><strong>Op\u021biune reutilizabil\u0103 \u0219i ecologic\u0103:<\/strong> Structurile reutilizabile ale pungii reduc de\u0219eurile, oferind \u00een acela\u0219i timp protec\u021bie durabil\u0103, fiind astfel ideale pentru brandurile care adopt\u0103 ambalaje durabile.<\/li>\n\n\n\n<li><strong>Versatil \u00een mai multe categorii de gust\u0103ri:<\/strong> Este perfect nu numai pentru bomboane gumate, ci \u0219i pentru ciocolat\u0103, nuci, fructe uscate \u0219i alte gust\u0103ri, \u00eendeplinind diverse nevoi personalizate de ambalare a bomboanelor.<\/li>\n<\/ul>\n<\/div>\n\n\n\n<div class=\"wp-block-column is-layout-flow wp-block-column-is-layout-flow\">\n<figure class=\"wp-block-image size-full\"><img fetchpriority=\"high\" decoding=\"async\" width=\"1000\" height=\"1000\" src=\"https:\/\/www.hyflexpack.com\/wp-content\/uploads\/2025\/11\/Customized-Candy-Packaging-Bags-Manufacturer-3.webp\" alt=\"Pungi personalizate pentru ambalarea bomboanelor Produc\u0103tor (3)\" class=\"wp-image-8504\" srcset=\"https:\/\/www.hyflexpack.com\/wp-content\/uploads\/2025\/11\/Customized-Candy-Packaging-Bags-Manufacturer-3.webp 1000w, https:\/\/www.hyflexpack.com\/wp-content\/uploads\/2025\/11\/Customized-Candy-Packaging-Bags-Manufacturer-3-300x300.webp 300w, https:\/\/www.hyflexpack.com\/wp-content\/uploads\/2025\/11\/Customized-Candy-Packaging-Bags-Manufacturer-3-150x150.webp 150w, https:\/\/www.hyflexpack.com\/wp-content\/uploads\/2025\/11\/Customized-Candy-Packaging-Bags-Manufacturer-3-768x768.webp 768w, https:\/\/www.hyflexpack.com\/wp-content\/uploads\/2025\/11\/Customized-Candy-Packaging-Bags-Manufacturer-3-12x12.webp 12w, https:\/\/www.hyflexpack.com\/wp-content\/uploads\/2025\/11\/Customized-Candy-Packaging-Bags-Manufacturer-3-285x285.webp 285w, https:\/\/www.hyflexpack.com\/wp-content\/uploads\/2025\/11\/Customized-Candy-Packaging-Bags-Manufacturer-3-270x270.webp 270w, https:\/\/www.hyflexpack.com\/wp-content\/uploads\/2025\/11\/Customized-Candy-Packaging-Bags-Manufacturer-3-540x540.webp 540w, https:\/\/www.hyflexpack.com\/wp-content\/uploads\/2025\/11\/Customized-Candy-Packaging-Bags-Manufacturer-3-660x660.webp 660w\" sizes=\"(max-width: 1000px) 100vw, 1000px\" \/><\/figure>\n\n\n\n<div class=\"wp-block-columns is-layout-flex wp-container-core-columns-is-layout-9d6595d7 wp-block-columns-is-layout-flex\">\n<div class=\"wp-block-column is-layout-flow wp-block-column-is-layout-flow\"><\/div>\n\n\n\n<div class=\"wp-block-column is-layout-flow wp-block-column-is-layout-flow\"><\/div>\n<\/div>\n<\/div>\n<\/div>\n\n\n\n<div class=\"wp-block-columns is-layout-flex wp-container-core-columns-is-layout-9d6595d7 wp-block-columns-is-layout-flex\">\n<div class=\"wp-block-column is-layout-flow wp-block-column-is-layout-flow\">\n<figure class=\"wp-block-image size-full\"><img decoding=\"async\" width=\"1000\" height=\"1000\" src=\"https:\/\/www.hyflexpack.com\/wp-content\/uploads\/2025\/11\/Gummy-Candy-Packaging-Bags-Manufacturer-2.webp\" alt=\"Gummy Candy Packaging Bags Produc\u0103tor (2)\" class=\"wp-image-8506\" srcset=\"https:\/\/www.hyflexpack.com\/wp-content\/uploads\/2025\/11\/Gummy-Candy-Packaging-Bags-Manufacturer-2.webp 1000w, https:\/\/www.hyflexpack.com\/wp-content\/uploads\/2025\/11\/Gummy-Candy-Packaging-Bags-Manufacturer-2-300x300.webp 300w, https:\/\/www.hyflexpack.com\/wp-content\/uploads\/2025\/11\/Gummy-Candy-Packaging-Bags-Manufacturer-2-150x150.webp 150w, https:\/\/www.hyflexpack.com\/wp-content\/uploads\/2025\/11\/Gummy-Candy-Packaging-Bags-Manufacturer-2-768x768.webp 768w, https:\/\/www.hyflexpack.com\/wp-content\/uploads\/2025\/11\/Gummy-Candy-Packaging-Bags-Manufacturer-2-12x12.webp 12w, https:\/\/www.hyflexpack.com\/wp-content\/uploads\/2025\/11\/Gummy-Candy-Packaging-Bags-Manufacturer-2-285x285.webp 285w, https:\/\/www.hyflexpack.com\/wp-content\/uploads\/2025\/11\/Gummy-Candy-Packaging-Bags-Manufacturer-2-270x270.webp 270w, https:\/\/www.hyflexpack.com\/wp-content\/uploads\/2025\/11\/Gummy-Candy-Packaging-Bags-Manufacturer-2-540x540.webp 540w, https:\/\/www.hyflexpack.com\/wp-content\/uploads\/2025\/11\/Gummy-Candy-Packaging-Bags-Manufacturer-2-660x660.webp 660w\" sizes=\"(max-width: 1000px) 100vw, 1000px\" \/><\/figure>\n<\/div>\n\n\n\n<div class=\"wp-block-column is-layout-flow wp-block-column-is-layout-flow\">\n<figure class=\"wp-block-image size-full\"><img decoding=\"async\" width=\"1000\" height=\"1000\" src=\"https:\/\/www.hyflexpack.com\/wp-content\/uploads\/2025\/11\/Gummy-Candy-Packaging-Bags-Manufacturer-1.webp\" alt=\"Gummy Candy Packaging Bags Produc\u0103tor (1)\" class=\"wp-image-8505\" srcset=\"https:\/\/www.hyflexpack.com\/wp-content\/uploads\/2025\/11\/Gummy-Candy-Packaging-Bags-Manufacturer-1.webp 1000w, https:\/\/www.hyflexpack.com\/wp-content\/uploads\/2025\/11\/Gummy-Candy-Packaging-Bags-Manufacturer-1-300x300.webp 300w, https:\/\/www.hyflexpack.com\/wp-content\/uploads\/2025\/11\/Gummy-Candy-Packaging-Bags-Manufacturer-1-150x150.webp 150w, https:\/\/www.hyflexpack.com\/wp-content\/uploads\/2025\/11\/Gummy-Candy-Packaging-Bags-Manufacturer-1-768x768.webp 768w, https:\/\/www.hyflexpack.com\/wp-content\/uploads\/2025\/11\/Gummy-Candy-Packaging-Bags-Manufacturer-1-12x12.webp 12w, https:\/\/www.hyflexpack.com\/wp-content\/uploads\/2025\/11\/Gummy-Candy-Packaging-Bags-Manufacturer-1-285x285.webp 285w, https:\/\/www.hyflexpack.com\/wp-content\/uploads\/2025\/11\/Gummy-Candy-Packaging-Bags-Manufacturer-1-270x270.webp 270w, https:\/\/www.hyflexpack.com\/wp-content\/uploads\/2025\/11\/Gummy-Candy-Packaging-Bags-Manufacturer-1-540x540.webp 540w, https:\/\/www.hyflexpack.com\/wp-content\/uploads\/2025\/11\/Gummy-Candy-Packaging-Bags-Manufacturer-1-660x660.webp 660w\" sizes=\"(max-width: 1000px) 100vw, 1000px\" \/><\/figure>\n<\/div>\n<\/div>","protected":false},"excerpt":{"rendered":"<p>Bine a\u021bi venit s\u0103 cump\u0103ra\u021bi pungile noastre personalizate pentru ambalarea bomboanelor. Ca produc\u0103tor de pungi pentru bomboane gumate, oferim design gratuit, mostre gratuite, servicii OEM\/ODM \u0219i pre\u021buri en-gros din fabric\u0103. Pungi stand-up ziplock de calitate alimentar\u0103 ideale pentru bomboane gumate, ciocolat\u0103, nuci \u0219i fructe uscate.<\/p>\n<h3>Avantajele produc\u0103torului de pungi pentru ambalarea bomboanelor<\/h3>\n<ul>\n<li><strong><a href=\"https:\/\/www.hyflexpack.com\/ro\/ambalaje-flexibile-personalizate\/\">Servicii OEM\/ODM<\/a>:<\/strong>\u00a0Oferim servicii personalizate de ambalare a pungilor, inclusiv personalizarea materialelor, dimensiunilor \u0219i modelelor de imprimare pentru a satisface nevoile clien\u021bilor \u0219i sprijinim OEM \u0219i ODM.<\/li>\n<li><strong>Eficient\u0103<\/strong>\u00a0<strong>Fabricarea:<\/strong>\u00a0Cu echipamente \u0219i tehnologii avansate, putem finaliza produc\u021bia de comand\u0103 \u00een mod eficient \u0219i de \u00eenalt\u0103 calitate \u0219i putem livra la timp.<\/li>\n<li><strong>Inspec\u021bia calit\u0103\u021bii:<\/strong>\u00a0Produc\u021bia se realizeaz\u0103 \u00een strict\u0103 conformitate cu standardele de calitate \u0219i cerin\u021bele de siguran\u021b\u0103 alimentar\u0103 pentru a se asigura c\u0103 produsele \u00eendeplinesc standardele.<\/li>\n<li><strong>Asisten\u021b\u0103 pentru clien\u021bi 24\/7:<\/strong>\u00a0Oferi\u021bi un r\u0103spuns rapid \u0219i un serviciu de asisten\u021b\u0103 pentru clien\u021bi atent 24 de ore pe zi.<\/li>\n<li><strong>Design gratuit:<\/strong>\u00a0Profita\u021bi de serviciile noastre gratuite de design pentru logo-uri, etichete \u0219i lucr\u0103ri de art\u0103 pentru a v\u0103 ajuta s\u0103 v\u0103 \u00eembun\u0103t\u0103\u021bi\u021bi ambalajul \u0219i identitatea m\u0103rcii.<\/li>\n<li><strong>Pre\u021b de fabric\u0103<\/strong>: Oferim pre\u021buri de fabric\u0103 competitive pentru ca dvs. s\u0103 ob\u021bine\u021bi valoarea maxim\u0103 pentru comenzile dvs. \u00een vrac.<\/li>\n<li><strong>Cantitatea minim\u0103 de comand\u0103 (MOQ):<\/strong>\u00a0Disponibilitate MOQ flexibil\u0103, care v\u0103 permite s\u0103 \u00eencepe\u021bi cu niveluri de comand\u0103 sc\u0103zute \u0219i s\u0103 le m\u0103ri\u021bi \u00een func\u021bie de necesit\u0103\u021bi.<\/li>\n<li><strong>Mostr\u0103 gratuit\u0103<\/strong>: Oferi\u021bi un serviciu gratuit de e\u0219antionare pentru a evalua produsul.<\/li>\n<\/ul>\n<p><a href=\"https:\/\/www.hyflexpack.com\/ro\/\"><strong>Ambalaje Huiyang<\/strong><\/a> se angajeaz\u0103 s\u0103 ofere clien\u021bilor pungi de ambalare pentru bomboane cu ridicata \u0219i personalizate de \u00eenalt\u0103 calitate pentru a le ajuta s\u0103-\u0219i \u00eembun\u0103t\u0103\u021beasc\u0103 imaginea produsului \u0219i s\u0103-\u0219i sporeasc\u0103 competitivitatea pe pia\u021b\u0103.<\/p>","protected":false},"featured_media":8502,"comment_status":"closed","ping_status":"closed","template":"","meta":[],"product_brand":[],"product_cat":[107,51],"product_tag":[116],"class_list":{"0":"post-8461","1":"product","2":"type-product","3":"status-publish","4":"has-post-thumbnail","6":"product_cat-candy-packaging-bags-wholesale","7":"product_cat-custom-food-packaging-bags","8":"product_tag-stand-up-pouch-manufacturer","10":"first","11":"instock","12":"shipping-taxable","13":"product-type-simple"},"_links":{"self":[{"href":"https:\/\/www.hyflexpack.com\/ro\/wp-json\/wp\/v2\/product\/8461","targetHints":{"allow":["GET"]}}],"collection":[{"href":"https:\/\/www.hyflexpack.com\/ro\/wp-json\/wp\/v2\/product"}],"about":[{"href":"https:\/\/www.hyflexpack.com\/ro\/wp-json\/wp\/v2\/types\/product"}],"replies":[{"embeddable":true,"href":"https:\/\/www.hyflexpack.com\/ro\/wp-json\/wp\/v2\/comments?post=8461"}],"wp:featuredmedia":[{"embeddable":true,"href":"https:\/\/www.hyflexpack.com\/ro\/wp-json\/wp\/v2\/media\/8502"}],"wp:attachment":[{"href":"https:\/\/www.hyflexpack.com\/ro\/wp-json\/wp\/v2\/media?parent=8461"}],"wp:term":[{"taxonomy":"product_brand","embeddable":true,"href":"https:\/\/www.hyflexpack.com\/ro\/wp-json\/wp\/v2\/product_brand?post=8461"},{"taxonomy":"product_cat","embeddable":true,"href":"https:\/\/www.hyflexpack.com\/ro\/wp-json\/wp\/v2\/product_cat?post=8461"},{"taxonomy":"product_tag","embeddable":true,"href":"https:\/\/www.hyflexpack.com\/ro\/wp-json\/wp\/v2\/product_tag?post=8461"}],"curies":[{"name":"wp","href":"https:\/\/api.w.org\/{rel}","templated":true}]}}