{"id":8123,"date":"2025-10-25T10:37:59","date_gmt":"2025-10-25T10:37:59","guid":{"rendered":"https:\/\/www.hyflexpack.com\/?post_type=product&#038;p=8123"},"modified":"2026-01-03T09:42:50","modified_gmt":"2026-01-03T09:42:50","slug":"custom-yogurt-pouches-wholesaler","status":"publish","type":"product","link":"https:\/\/www.hyflexpack.com\/ro\/product\/custom-yogurt-pouches-wholesaler\/","title":{"rendered":"Pungi personalizate pentru iaurt cu ridicata pentru b\u0103uturi lichide cu gura de scurgere Produc\u0103tor"},"content":{"rendered":"<div class=\"wp-block-columns is-layout-flex wp-container-core-columns-is-layout-9d6595d7 wp-block-columns-is-layout-flex\">\n<div class=\"wp-block-column is-layout-flow wp-block-column-is-layout-flow\">\n<h2 class=\"wp-block-heading\">Pungi personalizate pentru iaurt Caracteristici:<\/h2>\n\n\n\n<ul class=\"wp-block-list\">\n<li><strong>Pungi personalizate pentru iaurt cu bariere ridicate<\/strong> - Concepute special pentru iaurt, smoothie-uri \u0219i b\u0103uturi lactate, pungile noastre personalizate pentru iaurt dispun de folii laminate multistrat puternice care ofer\u0103 propriet\u0103\u021bi excelente de barier\u0103 \u00eempotriva oxigenului \u0219i a umidit\u0103\u021bii pentru a cre\u0219te durata de depozitare \u0219i aroma produsului.<\/li>\n\n\n\n<li><strong>Construc\u021bie sigur\u0103 \u0219i rezistent\u0103 la scurgeri<\/strong> - Fiecare pung\u0103 are un g\u00e2t de scurgere fiabil \u0219i o structur\u0103 sigilat\u0103 termic, asigur\u00e2nd siguran\u021ba \u00eempotriva scurgerilor \u00een timpul umplerii, expedierii \u0219i depozit\u0103rii - un aspect valoros pentru reducerea pierderilor de produse \u0219i a reclama\u021biilor clien\u021bilor.<\/li>\n\n\n\n<li><strong>Imprimare personalizat\u0103 atr\u0103g\u0103toare <\/strong>- Eviden\u021bia\u021bi marca dvs. de iaurt cu finisaje de imprimare premium precum mat, lucios \u0219i metalic. Facilitatea noastr\u0103 flexibil\u0103 OEM\/ODM v\u0103 permite s\u0103 proiecta\u021bi ambalaje unice pentru pungi care maximizeaz\u0103 vizibilitatea la raft \u0219i recunoa\u0219terea m\u0103rcii.<\/li>\n\n\n\n<li><strong>Mediu \u0219i materiale alimentare <\/strong>- Fabricat din materiale f\u0103r\u0103 BPA, reciclabile \u0219i de calitate alimentar\u0103, care respect\u0103 standardele interna\u021bionale, oferind siguran\u021b\u0103 \u0219i durabilitate \u0219i satisf\u0103c\u00e2nd nevoile consumatorilor eco-con\u0219tiincio\u0219i.<\/li>\n\n\n\n<li><strong>Avantajul v\u00e2nz\u0103rii cu ridicata direct din fabric\u0103 <\/strong>- Deal cu un produc\u0103tor de ambalaje veteran direct pentru a ob\u021bine pre\u021buri competitive, MOQ minim, \u0219i timp de r\u0103spuns rapid \u0219i de a economisi pe costurile de achizi\u021bie, precum \u0219i de a \u00eembun\u0103t\u0103\u021bi eficien\u021ba lan\u021bului de aprovizionare.<\/li>\n\n\n\n<li><strong>Compatibilitate larg\u0103<\/strong> - Satisface ma\u0219inile de umplere automat\u0103 pentru a maximiza eficien\u021ba produc\u021biei pentru produc\u0103torii mari de produse lactate \u0219i b\u0103uturi.<\/li>\n<\/ul>\n<\/div>\n\n\n\n<div class=\"wp-block-column is-layout-flow wp-block-column-is-layout-flow\">\n<figure class=\"wp-block-image size-full\"><img fetchpriority=\"high\" decoding=\"async\" width=\"750\" height=\"750\" src=\"https:\/\/www.hyflexpack.com\/wp-content\/uploads\/2025\/10\/Custom-Yogurt-Pouches-Wholesale-2.webp\" alt=\"Pungi personalizate pentru iaurt cu ridicata (2)\" class=\"wp-image-8199\" srcset=\"https:\/\/www.hyflexpack.com\/wp-content\/uploads\/2025\/10\/Custom-Yogurt-Pouches-Wholesale-2.webp 750w, https:\/\/www.hyflexpack.com\/wp-content\/uploads\/2025\/10\/Custom-Yogurt-Pouches-Wholesale-2-300x300.webp 300w, https:\/\/www.hyflexpack.com\/wp-content\/uploads\/2025\/10\/Custom-Yogurt-Pouches-Wholesale-2-150x150.webp 150w, https:\/\/www.hyflexpack.com\/wp-content\/uploads\/2025\/10\/Custom-Yogurt-Pouches-Wholesale-2-12x12.webp 12w, https:\/\/www.hyflexpack.com\/wp-content\/uploads\/2025\/10\/Custom-Yogurt-Pouches-Wholesale-2-285x285.webp 285w, https:\/\/www.hyflexpack.com\/wp-content\/uploads\/2025\/10\/Custom-Yogurt-Pouches-Wholesale-2-270x270.webp 270w, https:\/\/www.hyflexpack.com\/wp-content\/uploads\/2025\/10\/Custom-Yogurt-Pouches-Wholesale-2-540x540.webp 540w, https:\/\/www.hyflexpack.com\/wp-content\/uploads\/2025\/10\/Custom-Yogurt-Pouches-Wholesale-2-660x660.webp 660w\" sizes=\"(max-width: 750px) 100vw, 750px\" \/><\/figure>\n<\/div>\n<\/div>\n\n\n\n<div class=\"wp-block-columns is-layout-flex wp-container-core-columns-is-layout-9d6595d7 wp-block-columns-is-layout-flex\">\n<div class=\"wp-block-column is-layout-flow wp-block-column-is-layout-flow\">\n<figure class=\"wp-block-image size-full\"><img decoding=\"async\" width=\"750\" height=\"750\" src=\"https:\/\/www.hyflexpack.com\/wp-content\/uploads\/2025\/10\/Custom-Yogurt-Pouches-Wholesale-1.webp\" alt=\"Pungi personalizate pentru iaurt cu ridicata (1)\" class=\"wp-image-8198\" srcset=\"https:\/\/www.hyflexpack.com\/wp-content\/uploads\/2025\/10\/Custom-Yogurt-Pouches-Wholesale-1.webp 750w, https:\/\/www.hyflexpack.com\/wp-content\/uploads\/2025\/10\/Custom-Yogurt-Pouches-Wholesale-1-300x300.webp 300w, https:\/\/www.hyflexpack.com\/wp-content\/uploads\/2025\/10\/Custom-Yogurt-Pouches-Wholesale-1-150x150.webp 150w, https:\/\/www.hyflexpack.com\/wp-content\/uploads\/2025\/10\/Custom-Yogurt-Pouches-Wholesale-1-12x12.webp 12w, https:\/\/www.hyflexpack.com\/wp-content\/uploads\/2025\/10\/Custom-Yogurt-Pouches-Wholesale-1-285x285.webp 285w, https:\/\/www.hyflexpack.com\/wp-content\/uploads\/2025\/10\/Custom-Yogurt-Pouches-Wholesale-1-270x270.webp 270w, https:\/\/www.hyflexpack.com\/wp-content\/uploads\/2025\/10\/Custom-Yogurt-Pouches-Wholesale-1-540x540.webp 540w, https:\/\/www.hyflexpack.com\/wp-content\/uploads\/2025\/10\/Custom-Yogurt-Pouches-Wholesale-1-660x660.webp 660w\" sizes=\"(max-width: 750px) 100vw, 750px\" \/><\/figure>\n<\/div>\n\n\n\n<div class=\"wp-block-column is-layout-flow wp-block-column-is-layout-flow\">\n<figure class=\"wp-block-image size-full\"><img decoding=\"async\" width=\"750\" height=\"750\" src=\"https:\/\/www.hyflexpack.com\/wp-content\/uploads\/2025\/10\/Custom-Yogurt-Pouches-Wholesale-3.webp\" alt=\"Pungi de iaurt personalizate cu ridicata (3)\" class=\"wp-image-8200\" srcset=\"https:\/\/www.hyflexpack.com\/wp-content\/uploads\/2025\/10\/Custom-Yogurt-Pouches-Wholesale-3.webp 750w, https:\/\/www.hyflexpack.com\/wp-content\/uploads\/2025\/10\/Custom-Yogurt-Pouches-Wholesale-3-300x300.webp 300w, https:\/\/www.hyflexpack.com\/wp-content\/uploads\/2025\/10\/Custom-Yogurt-Pouches-Wholesale-3-150x150.webp 150w, https:\/\/www.hyflexpack.com\/wp-content\/uploads\/2025\/10\/Custom-Yogurt-Pouches-Wholesale-3-12x12.webp 12w, https:\/\/www.hyflexpack.com\/wp-content\/uploads\/2025\/10\/Custom-Yogurt-Pouches-Wholesale-3-285x285.webp 285w, https:\/\/www.hyflexpack.com\/wp-content\/uploads\/2025\/10\/Custom-Yogurt-Pouches-Wholesale-3-270x270.webp 270w, https:\/\/www.hyflexpack.com\/wp-content\/uploads\/2025\/10\/Custom-Yogurt-Pouches-Wholesale-3-540x540.webp 540w, https:\/\/www.hyflexpack.com\/wp-content\/uploads\/2025\/10\/Custom-Yogurt-Pouches-Wholesale-3-660x660.webp 660w\" sizes=\"(max-width: 750px) 100vw, 750px\" \/><\/figure>\n<\/div>\n<\/div>","protected":false},"excerpt":{"rendered":"<p>noastre <strong data-start=\"52\" data-end=\"77\">pungi de iaurt personalizate<\/strong> sunt prev\u0103zute cu gura de scurgere, imprimare personalizat\u0103 vie \u0219i materiale laminate durabile pentru a proteja prospe\u021bimea. Ca o <strong data-start=\"187\" data-end=\"220\">China iaurt pungi furnizor<\/strong>, oferim servicii OEM \/ ODM, MOQ sc\u0103zut \u0219i livrare rapid\u0103 direct din fabric\u0103 la pre\u021buri competitive.<\/p>\n<h3>Avantajele distribuitorului en-gros de pungi personalizate pentru iaurt<\/h3>\n<ul>\n<li><strong>Proiectare personalizat\u0103<\/strong>: Oferim servicii personalizate de design pentru pungi de suc, inclusiv personalizarea materialului, dimensiunii \u0219i modelului de imprimare pentru a satisface nevoile clien\u021bilor, sus\u021bin\u00e2nd at\u00e2t OEM, c\u00e2t \u0219i ODM.<\/li>\n<li><strong>Livrare rapid\u0103<\/strong>: Un proces de produc\u021bie eficient \u0219i un sistem de gestionare a lan\u021bului de aprovizionare pot r\u0103spunde rapid la comenzile clien\u021bilor \u0219i pot asigura livrarea la timp.<\/li>\n<li><strong>Inspec\u021bia calit\u0103\u021bii<\/strong>: Respecta\u021bi cu stricte\u021be standardele de calitate \u0219i cerin\u021bele de siguran\u021b\u0103 alimentar\u0103 pentru a v\u0103 asigura c\u0103 produsele \u00eendeplinesc standardele.<\/li>\n<li><strong>Echipa de asisten\u021b\u0103 tehnic\u0103<\/strong>: Echipa noastr\u0103 se m\u00e2ndre\u0219te cu o bogat\u0103 experien\u021b\u0103 \u00een industrie \u0219i expertiz\u0103 profesional\u0103, oferind clien\u021bilor no\u0219tri asisten\u021b\u0103 tehnic\u0103 \u0219i servicii de consultan\u021b\u0103 24 de ore din 24.<\/li>\n<li><strong>Mostr\u0103 gratuit\u0103<\/strong>: Oferi\u021bi un serviciu gratuit de e\u0219antionare pentru a evalua produsele.<\/li>\n<li><strong class=\"skrollable skrollable-between\" data-start=\"760\" data-end=\"772\">MOQ sc\u0103zut:<\/strong>\u00a0Suport\u0103m cantit\u0103\u021bi minime reduse de comand\u0103, ajut\u00e2nd clien\u021bii s\u0103 \u00ee\u0219i \u00eenceap\u0103 proiectele \u00een mod flexibil \u0219i s\u0103 reduc\u0103 presiunea asupra stocurilor.<\/li>\n<li><strong class=\"skrollable skrollable-between\" data-start=\"895\" data-end=\"917\">Pre\u021b competitiv:<\/strong>\u00a0Cu o capacitate de produc\u021bie la scar\u0103 larg\u0103 \u0219i un management eficient din punct de vedere al costurilor, oferim pre\u021buri competitive f\u0103r\u0103 a compromite calitatea produselor.<\/li>\n<\/ul>\n<p><a href=\"https:\/\/www.hyflexpack.com\/ro\/\"><strong>Ambalaje Huiyang<\/strong><\/a>\u00a0se angajeaz\u0103 s\u0103 furnizeze clien\u021bilor pungi de suc de \u00eenalt\u0103 calitate, cu ridicata, pentru a ajuta clien\u021bii s\u0103-\u0219i \u00eembun\u0103t\u0103\u021beasc\u0103 imaginea produsului \u0219i s\u0103 sporeasc\u0103 competitivitatea pe pia\u021b\u0103.<\/p>","protected":false},"featured_media":8199,"comment_status":"closed","ping_status":"closed","template":"","meta":[],"product_brand":[],"product_cat":[103,51],"product_tag":[115],"class_list":{"0":"post-8123","1":"product","2":"type-product","3":"status-publish","4":"has-post-thumbnail","6":"product_cat-beverage-packaging-bags-supplier","7":"product_cat-custom-food-packaging-bags","8":"product_tag-spout-pouch-manufacturer","10":"first","11":"instock","12":"shipping-taxable","13":"product-type-simple"},"_links":{"self":[{"href":"https:\/\/www.hyflexpack.com\/ro\/wp-json\/wp\/v2\/product\/8123","targetHints":{"allow":["GET"]}}],"collection":[{"href":"https:\/\/www.hyflexpack.com\/ro\/wp-json\/wp\/v2\/product"}],"about":[{"href":"https:\/\/www.hyflexpack.com\/ro\/wp-json\/wp\/v2\/types\/product"}],"replies":[{"embeddable":true,"href":"https:\/\/www.hyflexpack.com\/ro\/wp-json\/wp\/v2\/comments?post=8123"}],"wp:featuredmedia":[{"embeddable":true,"href":"https:\/\/www.hyflexpack.com\/ro\/wp-json\/wp\/v2\/media\/8199"}],"wp:attachment":[{"href":"https:\/\/www.hyflexpack.com\/ro\/wp-json\/wp\/v2\/media?parent=8123"}],"wp:term":[{"taxonomy":"product_brand","embeddable":true,"href":"https:\/\/www.hyflexpack.com\/ro\/wp-json\/wp\/v2\/product_brand?post=8123"},{"taxonomy":"product_cat","embeddable":true,"href":"https:\/\/www.hyflexpack.com\/ro\/wp-json\/wp\/v2\/product_cat?post=8123"},{"taxonomy":"product_tag","embeddable":true,"href":"https:\/\/www.hyflexpack.com\/ro\/wp-json\/wp\/v2\/product_tag?post=8123"}],"curies":[{"name":"wp","href":"https:\/\/api.w.org\/{rel}","templated":true}]}}