{"id":7792,"date":"2025-10-12T19:46:29","date_gmt":"2025-10-12T19:46:29","guid":{"rendered":"https:\/\/www.hyflexpack.com\/?post_type=product&#038;p=7792"},"modified":"2026-01-03T09:45:27","modified_gmt":"2026-01-03T09:45:27","slug":"custom-stand-up-coffee-pouches-supplier","status":"publish","type":"product","link":"https:\/\/www.hyflexpack.com\/ro\/product\/custom-stand-up-coffee-pouches-supplier\/","title":{"rendered":"Custom Stand Up Coffee Pouches Producator - pungi de cafea laminate cu bariere \u00eenalte"},"content":{"rendered":"<div class=\"wp-block-columns is-layout-flex wp-container-core-columns-is-layout-9d6595d7 wp-block-columns-is-layout-flex\">\n<div class=\"wp-block-column is-layout-flow wp-block-column-is-layout-flow\">\n<h3 class=\"wp-block-heading\">Features Of Custom Stand Up Coffee Pouches<\/h3>\n\n\n\n<ul class=\"wp-block-list\">\n<li>Customizable Packaging\uff1a We offer comprehensive customization for your private label and wholesale needs, allowing full control over size, material structure, and high-definition printing.<\/li>\n<\/ul>\n\n\n\n<ul class=\"wp-block-list\">\n<li>High Barrier Protection\uff1a The pouches utilize specialized high-barrier composite films designed to efficiently block oxygen, moisture, and light. <\/li>\n<\/ul>\n\n\n\n<ul class=\"wp-block-list\">\n<li>Durable Material\uff1a Constructed from premium laminated composite films, the packaging provides excellent mechanical strength and puncture resistance.<\/li>\n<\/ul>\n\n\n\n<ul class=\"wp-block-list\">\n<li>Multiple Sizes\uff1a We provide a full spectrum of size options, ranging from convenient 50g sample packs to efficient 5kg bulk solutions. <\/li>\n<\/ul>\n<\/div>\n\n\n\n<div class=\"wp-block-column is-layout-flow wp-block-column-is-layout-flow\">\n<figure class=\"wp-block-image size-full\"><img fetchpriority=\"high\" decoding=\"async\" width=\"750\" height=\"750\" src=\"https:\/\/www.hyflexpack.com\/wp-content\/uploads\/2025\/09\/Custom-Stand-Up-Coffee-Pouches-1.webp\" alt=\"Suport personalizat pentru pungi de cafea\" class=\"wp-image-7770\" srcset=\"https:\/\/www.hyflexpack.com\/wp-content\/uploads\/2025\/09\/Custom-Stand-Up-Coffee-Pouches-1.webp 750w, https:\/\/www.hyflexpack.com\/wp-content\/uploads\/2025\/09\/Custom-Stand-Up-Coffee-Pouches-1-300x300.webp 300w, https:\/\/www.hyflexpack.com\/wp-content\/uploads\/2025\/09\/Custom-Stand-Up-Coffee-Pouches-1-150x150.webp 150w, https:\/\/www.hyflexpack.com\/wp-content\/uploads\/2025\/09\/Custom-Stand-Up-Coffee-Pouches-1-12x12.webp 12w, https:\/\/www.hyflexpack.com\/wp-content\/uploads\/2025\/09\/Custom-Stand-Up-Coffee-Pouches-1-285x285.webp 285w, https:\/\/www.hyflexpack.com\/wp-content\/uploads\/2025\/09\/Custom-Stand-Up-Coffee-Pouches-1-270x270.webp 270w, https:\/\/www.hyflexpack.com\/wp-content\/uploads\/2025\/09\/Custom-Stand-Up-Coffee-Pouches-1-540x540.webp 540w, https:\/\/www.hyflexpack.com\/wp-content\/uploads\/2025\/09\/Custom-Stand-Up-Coffee-Pouches-1-660x660.webp 660w\" sizes=\"(max-width: 750px) 100vw, 750px\" \/><\/figure>\n<\/div>\n<\/div>\n\n\n\n<p><\/p>","protected":false},"excerpt":{"rendered":"<p>Our laminated stand up coffee pouches are designed for coffee roasters, distributors, and private label brands. Made from composite plastic film with high barrier performance, these bags effectively protect coffee from moisture, oxygen, and light to maintain freshness. Free sample available. Contact us today for a quote.\u00a0<\/p>\n<h3>Advantages of High Quality Custom Stand Up Coffee Pouches<\/h3>\n<ul>\n<li>Proiectare personalizat\u0103: Oferim servicii personalizate pentru pungi de ambalare, inclusiv personalizarea materialelor, dimensiunilor \u0219i modelelor de imprimare pentru a satisface nevoile clien\u021bilor \u0219i sus\u021binem OEM \u0219i ODM.<\/li>\n<li>Production efficiency: With advanced equipment and technology, we can complete order production efficiently and with high quality, and deliver on time.<\/li>\n<li>Controlul calit\u0103\u021bii: Produc\u021bia se realizeaz\u0103 \u00een strict\u0103 conformitate cu standardele de calitate \u0219i cerin\u021bele de siguran\u021b\u0103 alimentar\u0103 pentru a se asigura c\u0103 produsele \u00eendeplinesc standardele.<\/li>\n<li>Serviciul clien\u021bi: Oferi\u021bi un r\u0103spuns rapid \u0219i un serviciu de asisten\u021b\u0103 pentru clien\u021bi grijuliu 24 de ore pe zi.<\/li>\n<\/ul>\n<p>Huiyang Packaging is committed to providing customers with high-quality custom stand up coffee pouches, helping customers improve their product image and enhance their market competitiveness. We are providing one-stop, environmentally friendly, and high-quality packaging solutions as well.<\/p>","protected":false},"featured_media":7770,"comment_status":"open","ping_status":"closed","template":"","meta":[],"product_brand":[],"product_cat":[55],"product_tag":[116],"class_list":{"0":"post-7792","1":"product","2":"type-product","3":"status-publish","4":"has-post-thumbnail","6":"product_cat-custom-coffee-packaging","7":"product_tag-stand-up-pouch-manufacturer","9":"first","10":"instock","11":"shipping-taxable","12":"product-type-simple"},"_links":{"self":[{"href":"https:\/\/www.hyflexpack.com\/ro\/wp-json\/wp\/v2\/product\/7792","targetHints":{"allow":["GET"]}}],"collection":[{"href":"https:\/\/www.hyflexpack.com\/ro\/wp-json\/wp\/v2\/product"}],"about":[{"href":"https:\/\/www.hyflexpack.com\/ro\/wp-json\/wp\/v2\/types\/product"}],"replies":[{"embeddable":true,"href":"https:\/\/www.hyflexpack.com\/ro\/wp-json\/wp\/v2\/comments?post=7792"}],"wp:featuredmedia":[{"embeddable":true,"href":"https:\/\/www.hyflexpack.com\/ro\/wp-json\/wp\/v2\/media\/7770"}],"wp:attachment":[{"href":"https:\/\/www.hyflexpack.com\/ro\/wp-json\/wp\/v2\/media?parent=7792"}],"wp:term":[{"taxonomy":"product_brand","embeddable":true,"href":"https:\/\/www.hyflexpack.com\/ro\/wp-json\/wp\/v2\/product_brand?post=7792"},{"taxonomy":"product_cat","embeddable":true,"href":"https:\/\/www.hyflexpack.com\/ro\/wp-json\/wp\/v2\/product_cat?post=7792"},{"taxonomy":"product_tag","embeddable":true,"href":"https:\/\/www.hyflexpack.com\/ro\/wp-json\/wp\/v2\/product_tag?post=7792"}],"curies":[{"name":"wp","href":"https:\/\/api.w.org\/{rel}","templated":true}]}}