{"id":7646,"date":"2025-08-29T02:52:47","date_gmt":"2025-08-29T02:52:47","guid":{"rendered":"https:\/\/www.hyflexpack.com\/?post_type=product&#038;p=7646"},"modified":"2026-01-03T09:57:41","modified_gmt":"2026-01-03T09:57:41","slug":"oem-juice-pouches-wholesale","status":"publish","type":"product","link":"https:\/\/www.hyflexpack.com\/ro\/product\/oem-juice-pouches-wholesale\/","title":{"rendered":"OEM Juice Pouches cu ridicata, personalizat Flat Bottom Spout pungi din folie de aluminiu"},"content":{"rendered":"<div class=\"wp-block-columns is-layout-flex wp-container-core-columns-is-layout-9d6595d7 wp-block-columns-is-layout-flex\">\n<div class=\"wp-block-column is-layout-flow wp-block-column-is-layout-flow\">\n<h2 class=\"wp-block-heading\">Pungi de suc de \u00eenalt\u0103 calitate Caracteristici cu ridicata:<\/h2>\n\n\n\n<ul class=\"wp-block-list\">\n<li><strong>Design cu gura de scurgere vertical\u0103<\/strong>: Potrivit pentru resigilare \u0219i turnare, ideal pentru ambalarea b\u0103uturilor cu capacitate mare pentru a spori confortul utilizatorului.<\/li>\n\n\n\n<li><strong>Imprimare personalizat\u0103 a m\u0103rcii<\/strong>: Potrivit pentru logo-uri de marc\u0103, propriile modele personalizate \u0219i afi\u0219area ambalajelor de afaceri pentru a spori atrac\u021bia la raft.<\/li>\n\n\n\n<li><strong>Material de pung\u0103 compozit din folie de aluminiu:<\/strong> Men\u021bine \u00een mod corespunz\u0103tor prospe\u021bimea, gustul \u0219i aroma sucului, oferind \u00een acela\u0219i timp rezisten\u021b\u0103 la umiditate, lumin\u0103 \u0219i oxidare.<\/li>\n\n\n\n<li><strong>Durabil \u0219i flexibil:<\/strong> Material rezistent potrivit pentru produc\u021bia de mas\u0103, ambalarea la export \u0219i transportul pe distan\u021be lungi.<\/li>\n\n\n\n<li><strong>Potrivit pentru angrosi\u0219ti \u0219i m\u0103rci<\/strong>: Dezvoltat special pentru companiile de sucuri cu etichet\u0103 proprie, fabricile de b\u0103uturi \u0219i angrosi\u0219tii de pungi de suc pentru a satisface nevoile de cump\u0103rare \u00een vrac.<\/li>\n\n\n\n<li><strong>Design de stabilitate cu fund plat<\/strong>: Fundul plat evit\u0103 r\u0103sturnarea, fiind u\u0219or de expus \u0219i de depozitat stivuite.<\/li>\n\n\n\n<li><strong>Ecologic \u0219i economic<\/strong>: Solu\u021bia de ambalare ecologic\u0103, reciclabil\u0103, economise\u0219te costurile, respect\u00e2nd \u00een acela\u0219i timp reglement\u0103rile de mediu.<\/li>\n\n\n\n<li><strong>Garan\u021bie furnizor garantat\u0103<\/strong>: Produs de o fabric\u0103 profesionist\u0103 de fabricare a pungilor cu gura de scurgere cu fund plat din China, asigurat de \u00eenalt\u0103 calitate \u0219i uniformitate pentru aplica\u021bii de afaceri.<\/li>\n<\/ul>\n<\/div>\n\n\n\n<div class=\"wp-block-column is-layout-flow wp-block-column-is-layout-flow\">\n<figure class=\"wp-block-image size-full\"><img fetchpriority=\"high\" decoding=\"async\" width=\"750\" height=\"750\" src=\"https:\/\/www.hyflexpack.com\/wp-content\/uploads\/2025\/09\/Juice-Pouches-Wholesale-Manufacturer-3.webp\" alt=\"Pungi de suc Produc\u0103tor cu ridicata (3)\" class=\"wp-image-7660\" srcset=\"https:\/\/www.hyflexpack.com\/wp-content\/uploads\/2025\/09\/Juice-Pouches-Wholesale-Manufacturer-3.webp 750w, https:\/\/www.hyflexpack.com\/wp-content\/uploads\/2025\/09\/Juice-Pouches-Wholesale-Manufacturer-3-300x300.webp 300w, https:\/\/www.hyflexpack.com\/wp-content\/uploads\/2025\/09\/Juice-Pouches-Wholesale-Manufacturer-3-150x150.webp 150w, https:\/\/www.hyflexpack.com\/wp-content\/uploads\/2025\/09\/Juice-Pouches-Wholesale-Manufacturer-3-12x12.webp 12w, https:\/\/www.hyflexpack.com\/wp-content\/uploads\/2025\/09\/Juice-Pouches-Wholesale-Manufacturer-3-285x285.webp 285w, https:\/\/www.hyflexpack.com\/wp-content\/uploads\/2025\/09\/Juice-Pouches-Wholesale-Manufacturer-3-270x270.webp 270w, https:\/\/www.hyflexpack.com\/wp-content\/uploads\/2025\/09\/Juice-Pouches-Wholesale-Manufacturer-3-540x540.webp 540w, https:\/\/www.hyflexpack.com\/wp-content\/uploads\/2025\/09\/Juice-Pouches-Wholesale-Manufacturer-3-660x660.webp 660w\" sizes=\"(max-width: 750px) 100vw, 750px\" \/><\/figure>\n<\/div>\n<\/div>\n\n\n\n<div class=\"wp-block-columns is-layout-flex wp-container-core-columns-is-layout-9d6595d7 wp-block-columns-is-layout-flex\">\n<div class=\"wp-block-column is-layout-flow wp-block-column-is-layout-flow\">\n<figure class=\"wp-block-image size-full\"><img decoding=\"async\" width=\"750\" height=\"750\" src=\"https:\/\/www.hyflexpack.com\/wp-content\/uploads\/2025\/09\/Juice-Pouches-Wholesale-Manufacturer-2.webp\" alt=\"Pungi de suc Produc\u0103tor cu ridicata (2)\" class=\"wp-image-7659\" srcset=\"https:\/\/www.hyflexpack.com\/wp-content\/uploads\/2025\/09\/Juice-Pouches-Wholesale-Manufacturer-2.webp 750w, https:\/\/www.hyflexpack.com\/wp-content\/uploads\/2025\/09\/Juice-Pouches-Wholesale-Manufacturer-2-300x300.webp 300w, https:\/\/www.hyflexpack.com\/wp-content\/uploads\/2025\/09\/Juice-Pouches-Wholesale-Manufacturer-2-150x150.webp 150w, https:\/\/www.hyflexpack.com\/wp-content\/uploads\/2025\/09\/Juice-Pouches-Wholesale-Manufacturer-2-12x12.webp 12w, https:\/\/www.hyflexpack.com\/wp-content\/uploads\/2025\/09\/Juice-Pouches-Wholesale-Manufacturer-2-285x285.webp 285w, https:\/\/www.hyflexpack.com\/wp-content\/uploads\/2025\/09\/Juice-Pouches-Wholesale-Manufacturer-2-270x270.webp 270w, https:\/\/www.hyflexpack.com\/wp-content\/uploads\/2025\/09\/Juice-Pouches-Wholesale-Manufacturer-2-540x540.webp 540w, https:\/\/www.hyflexpack.com\/wp-content\/uploads\/2025\/09\/Juice-Pouches-Wholesale-Manufacturer-2-660x660.webp 660w\" sizes=\"(max-width: 750px) 100vw, 750px\" \/><\/figure>\n<\/div>\n\n\n\n<div class=\"wp-block-column is-layout-flow wp-block-column-is-layout-flow\">\n<figure class=\"wp-block-image size-full\"><img decoding=\"async\" width=\"750\" height=\"750\" src=\"https:\/\/www.hyflexpack.com\/wp-content\/uploads\/2025\/09\/Juice-Pouches-Wholesale-Manufacturer-1.webp\" alt=\"Pungi de suc Produc\u0103tor cu ridicata (1)\" class=\"wp-image-7658\" srcset=\"https:\/\/www.hyflexpack.com\/wp-content\/uploads\/2025\/09\/Juice-Pouches-Wholesale-Manufacturer-1.webp 750w, https:\/\/www.hyflexpack.com\/wp-content\/uploads\/2025\/09\/Juice-Pouches-Wholesale-Manufacturer-1-300x300.webp 300w, https:\/\/www.hyflexpack.com\/wp-content\/uploads\/2025\/09\/Juice-Pouches-Wholesale-Manufacturer-1-150x150.webp 150w, https:\/\/www.hyflexpack.com\/wp-content\/uploads\/2025\/09\/Juice-Pouches-Wholesale-Manufacturer-1-12x12.webp 12w, https:\/\/www.hyflexpack.com\/wp-content\/uploads\/2025\/09\/Juice-Pouches-Wholesale-Manufacturer-1-285x285.webp 285w, https:\/\/www.hyflexpack.com\/wp-content\/uploads\/2025\/09\/Juice-Pouches-Wholesale-Manufacturer-1-270x270.webp 270w, https:\/\/www.hyflexpack.com\/wp-content\/uploads\/2025\/09\/Juice-Pouches-Wholesale-Manufacturer-1-540x540.webp 540w, https:\/\/www.hyflexpack.com\/wp-content\/uploads\/2025\/09\/Juice-Pouches-Wholesale-Manufacturer-1-660x660.webp 660w\" sizes=\"(max-width: 750px) 100vw, 750px\" \/><\/figure>\n<\/div>\n<\/div>","protected":false},"excerpt":{"rendered":"<p>Pungi de suc \u00een vrac premium en-gros cu imprimare personalizat\u0103. Pungile cu gura de scurgere din folie de aluminiu ofer\u0103 o durat\u0103 de depozitare extins\u0103 \u0219i o protec\u021bie superioar\u0103 a b\u0103uturii. Solu\u021bii de ambalare unice, ecologice \u0219i de \u00eenalt\u0103 calitate. Contacta\u021bi-ne pentru o ofert\u0103.<\/p>\n<h3>Avantajele angrosistului de pungi pentru sucuri<\/h3>\n<ul>\n<li><strong>Proiectare personalizat\u0103<\/strong>: Oferim servicii personalizate de design pentru pungi de suc, inclusiv materiale, dimensiuni \u0219i personalizarea modelului de imprimare pentru a satisface nevoile clien\u021bilor, sus\u021bin\u00e2nd OEM \u0219i ODM.<\/li>\n<li><strong>Livrare rapid\u0103<\/strong>: Un proces de produc\u021bie eficient \u0219i un sistem de gestionare a lan\u021bului de aprovizionare pot r\u0103spunde rapid la comenzile clien\u021bilor \u0219i pot asigura livrarea la timp.<\/li>\n<li><strong>Inspec\u021bia calit\u0103\u021bii<\/strong>: Respecta\u021bi cu stricte\u021be standardele de calitate \u0219i cerin\u021bele de siguran\u021b\u0103 alimentar\u0103 pentru a v\u0103 asigura c\u0103 produsele \u00eendeplinesc standardele.<\/li>\n<li><strong>Echipa de asisten\u021b\u0103 tehnic\u0103<\/strong>: Echipa noastr\u0103 are o experien\u021b\u0103 bogat\u0103 \u00een industrie \u0219i cuno\u0219tin\u021be profesionale \u0219i poate oferi asisten\u021b\u0103 tehnic\u0103 \u0219i servicii de consultan\u021b\u0103 24 de ore din 24 pentru clien\u021bi.<\/li>\n<li><strong>Mostr\u0103 gratuit\u0103<\/strong>: Oferi\u021bi un serviciu gratuit de e\u0219antionare pentru a evalua produsele.<\/li>\n<li><strong class=\"skrollable skrollable-between\" data-start=\"760\" data-end=\"772\">MOQ sc\u0103zut:<\/strong>\u00a0Suport\u0103m cantit\u0103\u021bi minime reduse de comand\u0103, ajut\u00e2nd clien\u021bii s\u0103 \u00ee\u0219i \u00eenceap\u0103 proiectele \u00een mod flexibil \u0219i s\u0103 reduc\u0103 presiunea asupra stocurilor.<\/li>\n<li><strong class=\"skrollable skrollable-between\" data-start=\"895\" data-end=\"917\">Pre\u021b competitiv:<\/strong>\u00a0Cu o capacitate de produc\u021bie la scar\u0103 larg\u0103 \u0219i un management eficient din punct de vedere al costurilor, oferim pre\u021buri competitive f\u0103r\u0103 a compromite calitatea produselor.<\/li>\n<\/ul>\n<p><a href=\"https:\/\/www.hyflexpack.com\/ro\/\"><strong>Ambalaje Huiyang<\/strong><\/a> se angajeaz\u0103 s\u0103 furnizeze clien\u021bilor pungi de suc personalizate de \u00eenalt\u0103 calitate, pentru a ajuta clien\u021bii s\u0103-\u0219i \u00eembun\u0103t\u0103\u021beasc\u0103 imaginea produsului \u0219i s\u0103 sporeasc\u0103 competitivitatea pe pia\u021b\u0103.<\/p>","protected":false},"featured_media":7660,"comment_status":"open","ping_status":"closed","template":"","meta":[],"product_brand":[],"product_cat":[103],"product_tag":[115],"class_list":{"0":"post-7646","1":"product","2":"type-product","3":"status-publish","4":"has-post-thumbnail","6":"product_cat-beverage-packaging-bags-supplier","7":"product_tag-spout-pouch-manufacturer","9":"first","10":"instock","11":"shipping-taxable","12":"product-type-simple"},"_links":{"self":[{"href":"https:\/\/www.hyflexpack.com\/ro\/wp-json\/wp\/v2\/product\/7646","targetHints":{"allow":["GET"]}}],"collection":[{"href":"https:\/\/www.hyflexpack.com\/ro\/wp-json\/wp\/v2\/product"}],"about":[{"href":"https:\/\/www.hyflexpack.com\/ro\/wp-json\/wp\/v2\/types\/product"}],"replies":[{"embeddable":true,"href":"https:\/\/www.hyflexpack.com\/ro\/wp-json\/wp\/v2\/comments?post=7646"}],"wp:featuredmedia":[{"embeddable":true,"href":"https:\/\/www.hyflexpack.com\/ro\/wp-json\/wp\/v2\/media\/7660"}],"wp:attachment":[{"href":"https:\/\/www.hyflexpack.com\/ro\/wp-json\/wp\/v2\/media?parent=7646"}],"wp:term":[{"taxonomy":"product_brand","embeddable":true,"href":"https:\/\/www.hyflexpack.com\/ro\/wp-json\/wp\/v2\/product_brand?post=7646"},{"taxonomy":"product_cat","embeddable":true,"href":"https:\/\/www.hyflexpack.com\/ro\/wp-json\/wp\/v2\/product_cat?post=7646"},{"taxonomy":"product_tag","embeddable":true,"href":"https:\/\/www.hyflexpack.com\/ro\/wp-json\/wp\/v2\/product_tag?post=7646"}],"curies":[{"name":"wp","href":"https:\/\/api.w.org\/{rel}","templated":true}]}}