{"id":7645,"date":"2025-08-29T02:00:54","date_gmt":"2025-08-29T02:00:54","guid":{"rendered":"https:\/\/www.hyflexpack.com\/?post_type=product&#038;p=7645"},"modified":"2026-01-03T09:58:04","modified_gmt":"2026-01-03T09:58:04","slug":"custom-juice-spout-pouch-wholesaler","status":"publish","type":"product","link":"https:\/\/www.hyflexpack.com\/ro\/product\/custom-juice-spout-pouch-wholesaler\/","title":{"rendered":"Custom Juice Spout Pouch Wholesaler, folie de aluminiu sac de ambalare cu proiectare dovada scurgere"},"content":{"rendered":"<div class=\"wp-block-columns is-layout-flex wp-container-core-columns-is-layout-9d6595d7 wp-block-columns-is-layout-flex\">\n<div class=\"wp-block-column is-layout-flow wp-block-column-is-layout-flow\">\n<h2 class=\"wp-block-heading\">Cu ridicata Juice Spout Pouch Caracteristici:<\/h2>\n\n\n\n<ul class=\"wp-block-list\">\n<li><strong>Design personalizat pentru po\u0219eta cu gura de scurgere a sucului<\/strong>: Designul actualizat al duzei faciliteaz\u0103 consumul \u0219i turnarea, potrivit pentru suc de mango, smoothie-uri, b\u0103uturi energizante \u0219i diverse b\u0103uturi lichide.<\/li>\n\n\n\n<li><strong>Performan\u021b\u0103 ridicat\u0103 de barier\u0103 a ambalajelor din folie de aluminiu<\/strong>: Pungile noastre pentru sucuri au o structur\u0103 compozit\u0103 din folie de aluminiu care blocheaz\u0103 eficient lumina, umiditatea \u0219i oxigenul, prelungind durata de valabilitate a b\u0103uturilor.<\/li>\n\n\n\n<li><strong>Rezistent la scurgeri \u0219i durabil:<\/strong>  Tehnologia fiabil\u0103 de etan\u0219are \u0219i construc\u021bia \u00eent\u0103rit\u0103 a pungii asigur\u0103 transportul \u00een siguran\u021b\u0103, fiind de \u00eencredere pentru angrosi\u0219tii de pungi cu gura de scurgere a sucului.<\/li>\n\n\n\n<li><strong>Personalizare flexibil\u0103<\/strong>: Alege\u021bi din diferite specifica\u021bii, tipuri de guri de scurgere \u0219i modele de imprimare. Suport\u0103 personalizarea logo-ului m\u0103rcii, OEM \u0219i ODM.<\/li>\n\n\n\n<li><strong>Ecologic \u0219i eficient din punct de vedere al costurilor<\/strong>: Huiyang Packaging ofer\u0103 solu\u021bii durabile \u0219i economice, ajut\u00e2nd produc\u0103torii de sucuri s\u0103 reduc\u0103 costurile \u00een timp ce \u00eendeplinesc standardele de mediu.<\/li>\n\n\n\n<li><strong>Ideal pentru ambalarea sucurilor de volum mare:<\/strong> Potrivit pentru m\u0103rcile \u0219i distribuitorii de b\u0103uturi, \u00eendeplinind cerin\u021bele de ambalare pentru produc\u021bia la scar\u0103 comercial\u0103.<\/li>\n<\/ul>\n<\/div>\n\n\n\n<div class=\"wp-block-column is-layout-flow wp-block-column-is-layout-flow\">\n<figure class=\"wp-block-image size-full\"><img fetchpriority=\"high\" decoding=\"async\" width=\"750\" height=\"750\" src=\"https:\/\/www.hyflexpack.com\/wp-content\/uploads\/2025\/08\/Custom-Wholesale-Juice-Spout-Pouches-5.webp\" alt=\"Personalizat cu ridicata sucuri Spout Pouches\" class=\"wp-image-7639\" srcset=\"https:\/\/www.hyflexpack.com\/wp-content\/uploads\/2025\/08\/Custom-Wholesale-Juice-Spout-Pouches-5.webp 750w, https:\/\/www.hyflexpack.com\/wp-content\/uploads\/2025\/08\/Custom-Wholesale-Juice-Spout-Pouches-5-300x300.webp 300w, https:\/\/www.hyflexpack.com\/wp-content\/uploads\/2025\/08\/Custom-Wholesale-Juice-Spout-Pouches-5-150x150.webp 150w, https:\/\/www.hyflexpack.com\/wp-content\/uploads\/2025\/08\/Custom-Wholesale-Juice-Spout-Pouches-5-12x12.webp 12w, https:\/\/www.hyflexpack.com\/wp-content\/uploads\/2025\/08\/Custom-Wholesale-Juice-Spout-Pouches-5-285x285.webp 285w, https:\/\/www.hyflexpack.com\/wp-content\/uploads\/2025\/08\/Custom-Wholesale-Juice-Spout-Pouches-5-270x270.webp 270w, https:\/\/www.hyflexpack.com\/wp-content\/uploads\/2025\/08\/Custom-Wholesale-Juice-Spout-Pouches-5-540x540.webp 540w, https:\/\/www.hyflexpack.com\/wp-content\/uploads\/2025\/08\/Custom-Wholesale-Juice-Spout-Pouches-5-660x660.webp 660w\" sizes=\"(max-width: 750px) 100vw, 750px\" \/><\/figure>\n<\/div>\n<\/div>\n\n\n\n<div class=\"wp-block-columns is-layout-flex wp-container-core-columns-is-layout-9d6595d7 wp-block-columns-is-layout-flex\">\n<div class=\"wp-block-column is-layout-flow wp-block-column-is-layout-flow\">\n<figure class=\"wp-block-image size-full\"><img decoding=\"async\" width=\"750\" height=\"750\" src=\"https:\/\/www.hyflexpack.com\/wp-content\/uploads\/2025\/08\/Custom-Wholesale-Juice-Spout-Pouches-2.webp\" alt=\"Personalizat cu ridicata sucuri Spout Pouches\" class=\"wp-image-7636\" srcset=\"https:\/\/www.hyflexpack.com\/wp-content\/uploads\/2025\/08\/Custom-Wholesale-Juice-Spout-Pouches-2.webp 750w, https:\/\/www.hyflexpack.com\/wp-content\/uploads\/2025\/08\/Custom-Wholesale-Juice-Spout-Pouches-2-300x300.webp 300w, https:\/\/www.hyflexpack.com\/wp-content\/uploads\/2025\/08\/Custom-Wholesale-Juice-Spout-Pouches-2-150x150.webp 150w, https:\/\/www.hyflexpack.com\/wp-content\/uploads\/2025\/08\/Custom-Wholesale-Juice-Spout-Pouches-2-12x12.webp 12w, https:\/\/www.hyflexpack.com\/wp-content\/uploads\/2025\/08\/Custom-Wholesale-Juice-Spout-Pouches-2-285x285.webp 285w, https:\/\/www.hyflexpack.com\/wp-content\/uploads\/2025\/08\/Custom-Wholesale-Juice-Spout-Pouches-2-270x270.webp 270w, https:\/\/www.hyflexpack.com\/wp-content\/uploads\/2025\/08\/Custom-Wholesale-Juice-Spout-Pouches-2-540x540.webp 540w, https:\/\/www.hyflexpack.com\/wp-content\/uploads\/2025\/08\/Custom-Wholesale-Juice-Spout-Pouches-2-660x660.webp 660w\" sizes=\"(max-width: 750px) 100vw, 750px\" \/><figcaption class=\"wp-element-caption\">Juice Spout Pouch personalizat cu Stand up<\/figcaption><\/figure>\n<\/div>\n\n\n\n<div class=\"wp-block-column is-layout-flow wp-block-column-is-layout-flow\">\n<figure class=\"wp-block-image size-full\"><img decoding=\"async\" width=\"750\" height=\"750\" src=\"https:\/\/www.hyflexpack.com\/wp-content\/uploads\/2025\/08\/Custom-Wholesale-Juice-Spout-Pouches-3.webp\" alt=\"Personalizat cu ridicata sucuri Spout Pouches\" class=\"wp-image-7637\" srcset=\"https:\/\/www.hyflexpack.com\/wp-content\/uploads\/2025\/08\/Custom-Wholesale-Juice-Spout-Pouches-3.webp 750w, https:\/\/www.hyflexpack.com\/wp-content\/uploads\/2025\/08\/Custom-Wholesale-Juice-Spout-Pouches-3-300x300.webp 300w, https:\/\/www.hyflexpack.com\/wp-content\/uploads\/2025\/08\/Custom-Wholesale-Juice-Spout-Pouches-3-150x150.webp 150w, https:\/\/www.hyflexpack.com\/wp-content\/uploads\/2025\/08\/Custom-Wholesale-Juice-Spout-Pouches-3-12x12.webp 12w, https:\/\/www.hyflexpack.com\/wp-content\/uploads\/2025\/08\/Custom-Wholesale-Juice-Spout-Pouches-3-285x285.webp 285w, https:\/\/www.hyflexpack.com\/wp-content\/uploads\/2025\/08\/Custom-Wholesale-Juice-Spout-Pouches-3-270x270.webp 270w, https:\/\/www.hyflexpack.com\/wp-content\/uploads\/2025\/08\/Custom-Wholesale-Juice-Spout-Pouches-3-540x540.webp 540w, https:\/\/www.hyflexpack.com\/wp-content\/uploads\/2025\/08\/Custom-Wholesale-Juice-Spout-Pouches-3-660x660.webp 660w\" sizes=\"(max-width: 750px) 100vw, 750px\" \/><figcaption class=\"wp-element-caption\">Design cu gura de scurgere<\/figcaption><\/figure>\n<\/div>\n<\/div>","protected":false},"excerpt":{"rendered":"<p>\u00cenv\u0103\u021ba\u021bi s\u0103 cunoa\u0219te\u021bi pungile noastre de \u00eenalt\u0103 calitate, personalizate cu ridicata, realizate din folie de aluminiu laminat\u0103 durabil\u0103, ideale pentru ambalarea \u00een vrac a b\u0103uturilor. Conceput pentru cump\u0103r\u0103torii de afaceri care au nevoie de o protec\u021bie puternic\u0103 de barier\u0103 \u0219i de o distribuire convenabil\u0103 a duzei. Contacta\u021bi-ne ast\u0103zi pentru o ofert\u0103. Ne angaj\u0103m s\u0103 oferim solu\u021bii de ambalare unice, ecologice \u0219i de \u00eenalt\u0103 calitate.\u00a0<\/p>\n<h3>Avantajele angrosistului Juice Spout Pouch<\/h3>\n<ul>\n<li><strong>Proiectare personalizat\u0103<\/strong>: Oferim servicii personalizate de design pentru pungi de suc, inclusiv personalizarea materialului, dimensiunii \u0219i modelului de imprimare pentru a satisface nevoile clien\u021bilor, sus\u021bin\u00e2nd OEM \u0219i ODM.<\/li>\n<li><strong>Livrare rapid\u0103<\/strong>: Un proces de produc\u021bie eficient \u0219i un sistem de gestionare a lan\u021bului de aprovizionare pot r\u0103spunde rapid la comenzile clien\u021bilor \u0219i pot asigura livrarea la timp.<\/li>\n<li><strong>Inspec\u021bia calit\u0103\u021bii<\/strong>: Respecta\u021bi cu stricte\u021be standardele de calitate \u0219i cerin\u021bele de siguran\u021b\u0103 alimentar\u0103 pentru a v\u0103 asigura c\u0103 produsele \u00eendeplinesc standardele.<\/li>\n<li><strong>Echipa de asisten\u021b\u0103 tehnic\u0103<\/strong>: Echipa noastr\u0103 are o experien\u021b\u0103 bogat\u0103 \u00een industrie \u0219i cuno\u0219tin\u021be profesionale \u0219i poate oferi asisten\u021b\u0103 tehnic\u0103 \u0219i servicii de consultan\u021b\u0103 24 de ore din 24 pentru clien\u021bi.<\/li>\n<li><strong>Mostr\u0103 gratuit\u0103<\/strong>: Oferi\u021bi un serviciu gratuit de e\u0219antionare pentru a evalua produsele.<\/li>\n<li><strong data-start=\"760\" data-end=\"772\">MOQ sc\u0103zut:<\/strong> Suport\u0103m cantit\u0103\u021bi minime reduse de comand\u0103, ajut\u00e2nd clien\u021bii s\u0103 \u00ee\u0219i \u00eenceap\u0103 proiectele \u00een mod flexibil \u0219i s\u0103 reduc\u0103 presiunea asupra stocurilor.<\/li>\n<li><strong data-start=\"895\" data-end=\"917\">Pre\u021b competitiv:<\/strong> Cu o capacitate de produc\u021bie la scar\u0103 larg\u0103 \u0219i un management eficient din punct de vedere al costurilor, oferim pre\u021buri competitive f\u0103r\u0103 a compromite calitatea produselor.<\/li>\n<\/ul>\n<p><span style=\"color: #3366ff\"><a style=\"color: #3366ff\" href=\"https:\/\/www.hyflexpack.com\/ro\/\"><strong>Ambalaje Huiyang<\/strong><\/a> <\/span>se angajeaz\u0103 s\u0103 furnizeze clien\u021bilor pungi cu gura de scurgere a sucului de \u00eenalt\u0103 calitate, personalizate, pentru a ajuta clien\u021bii s\u0103-\u0219i \u00eembun\u0103t\u0103\u021beasc\u0103 imaginea produsului \u0219i s\u0103 sporeasc\u0103 competitivitatea pe pia\u021b\u0103.<\/p>","protected":false},"featured_media":7635,"comment_status":"open","ping_status":"closed","template":"","meta":[],"product_brand":[],"product_cat":[103],"product_tag":[115],"class_list":{"0":"post-7645","1":"product","2":"type-product","3":"status-publish","4":"has-post-thumbnail","6":"product_cat-beverage-packaging-bags-supplier","7":"product_tag-spout-pouch-manufacturer","9":"first","10":"instock","11":"shipping-taxable","12":"product-type-simple"},"_links":{"self":[{"href":"https:\/\/www.hyflexpack.com\/ro\/wp-json\/wp\/v2\/product\/7645","targetHints":{"allow":["GET"]}}],"collection":[{"href":"https:\/\/www.hyflexpack.com\/ro\/wp-json\/wp\/v2\/product"}],"about":[{"href":"https:\/\/www.hyflexpack.com\/ro\/wp-json\/wp\/v2\/types\/product"}],"replies":[{"embeddable":true,"href":"https:\/\/www.hyflexpack.com\/ro\/wp-json\/wp\/v2\/comments?post=7645"}],"wp:featuredmedia":[{"embeddable":true,"href":"https:\/\/www.hyflexpack.com\/ro\/wp-json\/wp\/v2\/media\/7635"}],"wp:attachment":[{"href":"https:\/\/www.hyflexpack.com\/ro\/wp-json\/wp\/v2\/media?parent=7645"}],"wp:term":[{"taxonomy":"product_brand","embeddable":true,"href":"https:\/\/www.hyflexpack.com\/ro\/wp-json\/wp\/v2\/product_brand?post=7645"},{"taxonomy":"product_cat","embeddable":true,"href":"https:\/\/www.hyflexpack.com\/ro\/wp-json\/wp\/v2\/product_cat?post=7645"},{"taxonomy":"product_tag","embeddable":true,"href":"https:\/\/www.hyflexpack.com\/ro\/wp-json\/wp\/v2\/product_tag?post=7645"}],"curies":[{"name":"wp","href":"https:\/\/api.w.org\/{rel}","templated":true}]}}