{"id":7629,"date":"2025-08-29T10:27:22","date_gmt":"2025-08-29T10:27:22","guid":{"rendered":"https:\/\/www.hyflexpack.com\/?post_type=product&#038;p=7629"},"modified":"2026-01-03T09:57:00","modified_gmt":"2026-01-03T09:57:00","slug":"custom-detergent-packaging-bag-supplier","status":"publish","type":"product","link":"https:\/\/www.hyflexpack.com\/ro\/product\/custom-detergent-packaging-bag-supplier\/","title":{"rendered":"Detergent personalizat ambalaj sac furnizor, Stand Up col\u021b Spout Pouchfor lichid"},"content":{"rendered":"<div class=\"wp-block-columns is-layout-flex wp-container-core-columns-is-layout-9d6595d7 wp-block-columns-is-layout-flex\">\n<div class=\"wp-block-column is-layout-flow wp-block-column-is-layout-flow\">\n<h2 class=\"wp-block-heading\">Detergent personalizat ambalare sac Caracteristici:<\/h2>\n\n\n\n<ul class=\"wp-block-list\">\n<li><strong>Rezistent la scurgeri \u0219i durabil<\/strong>: Construit\u0103 din folii laminate rezistente, aceast\u0103 pung\u0103 cu gura de scurgere asigur\u0103 depozitarea f\u0103r\u0103 scurgeri atunci c\u00e2nd este transportat\u0103 \u0219i manipulat\u0103.<\/li>\n\n\n\n<li><strong>Op\u021biuni personalizabile<\/strong>: Oferite \u00eentr-o gam\u0103 de dimensiuni (500ml-2L) cu stiluri imprimate personalizate, sporind vizibilitatea m\u0103rcii \u0219i ambalarea detergentului lichid personalizat.<\/li>\n\n\n\n<li><strong>Design convenabil pentru gura de scurgere<\/strong>: Design simplu pentru umplerea f\u0103r\u0103 efort, ideal pentru lichidele de rufe de uz casnic \u0219i balsamurile de rufe.<\/li>\n\n\n\n<li><strong>Protec\u021bie de \u00eenalt\u0103 barier\u0103<\/strong>: \u00cempotriva apei, oxigenului \u0219i contamin\u0103rii externe, asigur\u00e2nd prospe\u021bimea \u0219i eficien\u021ba detergentului.<\/li>\n\n\n\n<li><strong>Ecologic \u0219i cu costuri reduse<\/strong>: Spre deosebire de sticlele rigide, punga de reumplere consum\u0103 mai pu\u021bin material, costuri de transport \u0219i amprent\u0103 ecologic\u0103.<\/li>\n\n\n\n<li><strong>Avantajul aprovizion\u0103rii \u00een vrac:<\/strong> Potrivit pentru distribuitorii \u0219i produc\u0103torii care au nevoie de produc\u021bie \u00een vrac, aprovizionare fiabil\u0103 \u0219i garan\u021bie de calitate uniform\u0103.<\/li>\n\n\n\n<li><strong>Furnizor de \u00eencredere:<\/strong> Fabricat de un furnizor profesionist de pungi personalizate pentru ambalarea detergen\u021bilor, cu materiale de calitate excelent\u0103 \u0219i o garan\u021bie de servicii de ambalare de \u00eencredere.<\/li>\n\n\n\n<li><strong>Potrivit pentru rafturi \u0219i pentru v\u00e2nzarea cu am\u0103nuntul: <\/strong>Fundul plat \u0219i designul stand-up maximizeaz\u0103 expunerea pe raft, depozitarea \u0219i densitatea stivuirii.<\/li>\n\n\n\n<li><strong>Utilizare multifunc\u021bional\u0103:<\/strong> Adecvat pentru utilizarea cu balsamuri de rufe, detergen\u021bi lichizi \u0219i alte lichide de cur\u0103\u021bat acas\u0103.<\/li>\n<\/ul>\n<\/div>\n\n\n\n<div class=\"wp-block-column is-layout-flow wp-block-column-is-layout-flow\">\n<figure class=\"wp-block-image size-full\"><img fetchpriority=\"high\" decoding=\"async\" width=\"750\" height=\"750\" src=\"https:\/\/www.hyflexpack.com\/wp-content\/uploads\/2025\/09\/Custom-Detergent-Packaging-Bag-Supplier-2.webp\" alt=\"Detergent personalizat de ambalare sac furnizor (2)\" class=\"wp-image-7681\" srcset=\"https:\/\/www.hyflexpack.com\/wp-content\/uploads\/2025\/09\/Custom-Detergent-Packaging-Bag-Supplier-2.webp 750w, https:\/\/www.hyflexpack.com\/wp-content\/uploads\/2025\/09\/Custom-Detergent-Packaging-Bag-Supplier-2-300x300.webp 300w, https:\/\/www.hyflexpack.com\/wp-content\/uploads\/2025\/09\/Custom-Detergent-Packaging-Bag-Supplier-2-150x150.webp 150w, https:\/\/www.hyflexpack.com\/wp-content\/uploads\/2025\/09\/Custom-Detergent-Packaging-Bag-Supplier-2-12x12.webp 12w, https:\/\/www.hyflexpack.com\/wp-content\/uploads\/2025\/09\/Custom-Detergent-Packaging-Bag-Supplier-2-285x285.webp 285w, https:\/\/www.hyflexpack.com\/wp-content\/uploads\/2025\/09\/Custom-Detergent-Packaging-Bag-Supplier-2-270x270.webp 270w, https:\/\/www.hyflexpack.com\/wp-content\/uploads\/2025\/09\/Custom-Detergent-Packaging-Bag-Supplier-2-540x540.webp 540w, https:\/\/www.hyflexpack.com\/wp-content\/uploads\/2025\/09\/Custom-Detergent-Packaging-Bag-Supplier-2-660x660.webp 660w\" sizes=\"(max-width: 750px) 100vw, 750px\" \/><\/figure>\n<\/div>\n<\/div>\n\n\n\n<div class=\"wp-block-columns is-layout-flex wp-container-core-columns-is-layout-9d6595d7 wp-block-columns-is-layout-flex\">\n<div class=\"wp-block-column is-layout-flow wp-block-column-is-layout-flow\">\n<figure class=\"wp-block-image size-full\"><img decoding=\"async\" width=\"750\" height=\"750\" src=\"https:\/\/www.hyflexpack.com\/wp-content\/uploads\/2024\/06\/Factory-Price-Liquid-Pouch-3.webp\" alt=\"Fabrica de pre\u021b lichid Pouch\" class=\"wp-image-4612\" srcset=\"https:\/\/www.hyflexpack.com\/wp-content\/uploads\/2024\/06\/Factory-Price-Liquid-Pouch-3.webp 750w, https:\/\/www.hyflexpack.com\/wp-content\/uploads\/2024\/06\/Factory-Price-Liquid-Pouch-3-300x300.webp 300w, https:\/\/www.hyflexpack.com\/wp-content\/uploads\/2024\/06\/Factory-Price-Liquid-Pouch-3-150x150.webp 150w, https:\/\/www.hyflexpack.com\/wp-content\/uploads\/2024\/06\/Factory-Price-Liquid-Pouch-3-12x12.webp 12w, https:\/\/www.hyflexpack.com\/wp-content\/uploads\/2024\/06\/Factory-Price-Liquid-Pouch-3-285x285.webp 285w, https:\/\/www.hyflexpack.com\/wp-content\/uploads\/2024\/06\/Factory-Price-Liquid-Pouch-3-270x270.webp 270w, https:\/\/www.hyflexpack.com\/wp-content\/uploads\/2024\/06\/Factory-Price-Liquid-Pouch-3-540x540.webp 540w, https:\/\/www.hyflexpack.com\/wp-content\/uploads\/2024\/06\/Factory-Price-Liquid-Pouch-3-660x660.webp 660w\" sizes=\"(max-width: 750px) 100vw, 750px\" \/><\/figure>\n<\/div>\n\n\n\n<div class=\"wp-block-column is-layout-flow wp-block-column-is-layout-flow\">\n<figure class=\"wp-block-image size-full\"><img decoding=\"async\" width=\"358\" height=\"358\" src=\"https:\/\/www.hyflexpack.com\/wp-content\/uploads\/2024\/06\/Factory-Price-Liquid-Pouch-4.webp\" alt=\"Fabrica de pre\u021b lichid Pouch\" class=\"wp-image-4613\" srcset=\"https:\/\/www.hyflexpack.com\/wp-content\/uploads\/2024\/06\/Factory-Price-Liquid-Pouch-4.webp 358w, https:\/\/www.hyflexpack.com\/wp-content\/uploads\/2024\/06\/Factory-Price-Liquid-Pouch-4-300x300.webp 300w, https:\/\/www.hyflexpack.com\/wp-content\/uploads\/2024\/06\/Factory-Price-Liquid-Pouch-4-150x150.webp 150w, https:\/\/www.hyflexpack.com\/wp-content\/uploads\/2024\/06\/Factory-Price-Liquid-Pouch-4-12x12.webp 12w, https:\/\/www.hyflexpack.com\/wp-content\/uploads\/2024\/06\/Factory-Price-Liquid-Pouch-4-285x285.webp 285w, https:\/\/www.hyflexpack.com\/wp-content\/uploads\/2024\/06\/Factory-Price-Liquid-Pouch-4-270x270.webp 270w\" sizes=\"(max-width: 358px) 100vw, 358px\" \/><\/figure>\n<\/div>\n<\/div>","protected":false},"excerpt":{"rendered":"<p>Pung\u0103 cu gura de scurgere personalizat\u0103 de \u00eenalt\u0103 calitate pentru balsam de rufe fabricat\u0103 din folie laminat\u0103 durabil\u0103. Conceput\u0103 cu un g\u00e2t de scurgere etan\u0219 \u0219i o sigilare termic\u0103 puternic\u0103, aceast\u0103 pung\u0103 pentru ambalarea detergentului lichid este ecologic\u0103, u\u0219oar\u0103 \u0219i perfect\u0103 pentru solu\u021bii flexibile de reumplere. Contacta\u021bi-ne ast\u0103zi pentru o ofert\u0103. Ne angaj\u0103m s\u0103 oferim solu\u021bii de ambalare unice, ecologice \u0219i de \u00eenalt\u0103 calitate.\u00a0<\/p>\n<h3>Avantajele furnizorului de pungi pentru ambalarea detergen\u021bilor<\/h3>\n<ul>\n<li><strong>Proiectare personalizat\u0103<\/strong>: Oferim servicii personalizate de design pentru pungi pentru lichide, sprijinind OEM \u0219i ODM, afi\u0219\u00e2nd logo-ul m\u0103rcii \u0219i informa\u021bii despre produs pentru a spori con\u0219tientizarea m\u0103rcii \u0219i atractivitatea pe pia\u021b\u0103.<\/li>\n<li><strong>Varietate de modele<\/strong>: O varietate de modele \u0219i dimensiuni sunt disponibile pentru a satisface nevoile diferi\u021bilor clien\u021bi, oferind solu\u021bii de ambalare adecvate pentru o varietate de produse lichide de sp\u0103lat vase.<\/li>\n<li><strong>Serviciul clien\u021bi<\/strong>: Oferi\u021bi un r\u0103spuns rapid \u0219i un serviciu de asisten\u021b\u0103 pentru clien\u021bi atent 24 de ore pe zi.<\/li>\n<li><strong>Asigurarea calit\u0103\u021bii<\/strong>: Un sistem strict de control al calit\u0103\u021bii pentru a asigura calitatea \u00eenalt\u0103 \u0219i consecven\u021ba fiec\u0103rui sac.<\/li>\n<li><strong>Rentabil<\/strong>: \u00cen compara\u021bie cu formele tradi\u021bionale de ambalare, designul pungii este mai rentabil, reduc\u00e2nd costurile de ambalare, transport \u0219i depozitare \u0219i \u00eembun\u0103t\u0103\u021bind rentabilitatea.<\/li>\n<li><strong>Mostr\u0103 gratuit\u0103<\/strong>: Oferim un serviciu gratuit de e\u0219antionare pentru a v\u0103 evalua produsul.<\/li>\n<\/ul>\n<p><a href=\"https:\/\/www.hyflexpack.com\/ro\/\"><strong>Ambalaje Huiyang<\/strong><\/a> se angajeaz\u0103 s\u0103 ofere clien\u021bilor pungi personalizate de \u00eenalt\u0103 calitate pentru ambalarea detergen\u021bilor, pentru a ajuta clien\u021bii s\u0103-\u0219i \u00eembun\u0103t\u0103\u021beasc\u0103 imaginea produsului \u0219i s\u0103 sporeasc\u0103 competitivitatea pe pia\u021b\u0103.<\/p>","protected":false},"featured_media":7682,"comment_status":"open","ping_status":"closed","template":"","meta":[],"product_brand":[],"product_cat":[52],"product_tag":[115],"class_list":{"0":"post-7629","1":"product","2":"type-product","3":"status-publish","4":"has-post-thumbnail","6":"product_cat-custom-daily-chemical-packaging","7":"product_tag-spout-pouch-manufacturer","9":"first","10":"instock","11":"shipping-taxable","12":"product-type-simple"},"_links":{"self":[{"href":"https:\/\/www.hyflexpack.com\/ro\/wp-json\/wp\/v2\/product\/7629","targetHints":{"allow":["GET"]}}],"collection":[{"href":"https:\/\/www.hyflexpack.com\/ro\/wp-json\/wp\/v2\/product"}],"about":[{"href":"https:\/\/www.hyflexpack.com\/ro\/wp-json\/wp\/v2\/types\/product"}],"replies":[{"embeddable":true,"href":"https:\/\/www.hyflexpack.com\/ro\/wp-json\/wp\/v2\/comments?post=7629"}],"wp:featuredmedia":[{"embeddable":true,"href":"https:\/\/www.hyflexpack.com\/ro\/wp-json\/wp\/v2\/media\/7682"}],"wp:attachment":[{"href":"https:\/\/www.hyflexpack.com\/ro\/wp-json\/wp\/v2\/media?parent=7629"}],"wp:term":[{"taxonomy":"product_brand","embeddable":true,"href":"https:\/\/www.hyflexpack.com\/ro\/wp-json\/wp\/v2\/product_brand?post=7629"},{"taxonomy":"product_cat","embeddable":true,"href":"https:\/\/www.hyflexpack.com\/ro\/wp-json\/wp\/v2\/product_cat?post=7629"},{"taxonomy":"product_tag","embeddable":true,"href":"https:\/\/www.hyflexpack.com\/ro\/wp-json\/wp\/v2\/product_tag?post=7629"}],"curies":[{"name":"wp","href":"https:\/\/api.w.org\/{rel}","templated":true}]}}