{"id":7573,"date":"2025-11-04T08:55:55","date_gmt":"2025-11-04T08:55:55","guid":{"rendered":"https:\/\/www.hyflexpack.com\/?post_type=product&#038;p=7573"},"modified":"2025-11-04T08:56:55","modified_gmt":"2025-11-04T08:56:55","slug":"oem-vacuum-food-packaging-bags","status":"publish","type":"product","link":"https:\/\/www.hyflexpack.com\/ro\/product\/oem-vacuum-food-packaging-bags\/","title":{"rendered":"OEM din plastic vid alimente pungi de ambalare pentru fructe \u0219i legume"},"content":{"rendered":"<div class=\"wp-block-columns is-layout-flex wp-container-core-columns-is-layout-9d6595d7 wp-block-columns-is-layout-flex\">\n<div class=\"wp-block-column is-layout-flow wp-block-column-is-layout-flow\">\n<h2 class=\"wp-block-heading\">Caracteristici ale sacului de ambalare a alimentelor cu vid din plastic OEM<\/h2>\n\n\n\n<ul class=\"wp-block-list\">\n<li>Pungile noastre OEM pentru ambalarea alimentelor \u00een vid ofer\u0103 o barier\u0103 superioar\u0103 de protec\u021bie \u00eempotriva oxigenului \u0219i umidit\u0103\u021bii, ceea ce le face ideale pentru ambalarea alimentelor \u00een vid.<\/li>\n\n\n\n<li>Pungile de ambalare \u00een vid imprimate personalizat \u00eembun\u0103t\u0103\u021besc imaginea de marc\u0103 \u0219i vizibilitatea produselor.<\/li>\n\n\n\n<li>Pungile transparente de ambalare \u00een vid \u00eembun\u0103t\u0103\u021besc expunerea \u0219i comercializarea produselor.<\/li>\n\n\n\n<li>Construc\u021bia multistrat durabil\u0103 asigur\u0103 o etan\u0219are \u00een vid chiar \u0219i sub presiune ridicat\u0103.<\/li>\n\n\n\n<li>Potrivit pentru depozitarea legumelor, fructelor, c\u0103rnii, fructelor de mare, nucilor \u0219i produselor uscate, prelungindu-le durata de depozitare.<\/li>\n<\/ul>\n<\/div>\n\n\n\n<div class=\"wp-block-column is-layout-flow wp-block-column-is-layout-flow\">\n<figure class=\"wp-block-image size-full\"><img fetchpriority=\"high\" decoding=\"async\" width=\"750\" height=\"750\" src=\"https:\/\/www.hyflexpack.com\/wp-content\/uploads\/2025\/08\/wholesale-vacuum-food-packaging-bags-custom-printed-transparent-1.jpg\" alt=\" OEM plastic vid alimente ambalare sac\" class=\"wp-image-7574\" srcset=\"https:\/\/www.hyflexpack.com\/wp-content\/uploads\/2025\/08\/wholesale-vacuum-food-packaging-bags-custom-printed-transparent-1.jpg 750w, https:\/\/www.hyflexpack.com\/wp-content\/uploads\/2025\/08\/wholesale-vacuum-food-packaging-bags-custom-printed-transparent-1-300x300.jpg 300w, https:\/\/www.hyflexpack.com\/wp-content\/uploads\/2025\/08\/wholesale-vacuum-food-packaging-bags-custom-printed-transparent-1-150x150.jpg 150w, https:\/\/www.hyflexpack.com\/wp-content\/uploads\/2025\/08\/wholesale-vacuum-food-packaging-bags-custom-printed-transparent-1-12x12.jpg 12w, https:\/\/www.hyflexpack.com\/wp-content\/uploads\/2025\/08\/wholesale-vacuum-food-packaging-bags-custom-printed-transparent-1-285x285.jpg 285w, https:\/\/www.hyflexpack.com\/wp-content\/uploads\/2025\/08\/wholesale-vacuum-food-packaging-bags-custom-printed-transparent-1-270x270.jpg 270w, https:\/\/www.hyflexpack.com\/wp-content\/uploads\/2025\/08\/wholesale-vacuum-food-packaging-bags-custom-printed-transparent-1-540x540.jpg 540w, https:\/\/www.hyflexpack.com\/wp-content\/uploads\/2025\/08\/wholesale-vacuum-food-packaging-bags-custom-printed-transparent-1-660x660.jpg 660w\" sizes=\"(max-width: 750px) 100vw, 750px\" \/><\/figure>\n<\/div>\n<\/div>","protected":false},"excerpt":{"rendered":"<p>Pungile noastre OEM de plastic pentru ambalarea alimentelor \u00een vid pentru fructe \u0219i legume sunt concepute pentru a p\u0103stra produsele proaspete crocante, aromate \u0219i bine protejate \u00een timpul depozit\u0103rii \u0219i transportului. Fabricate din materiale compozite multistrat durabile, aceste pungi de vid ofer\u0103 propriet\u0103\u021bi excelente de barier\u0103 \u00eempotriva umidit\u0103\u021bii, oxigenului \u0219i mirosurilor, contribuind la prelungirea duratei de valabilitate a fructelor \u0219i legumelor proaspete. fie c\u0103 ave\u021bi nevoie de pungi de vid transparente pentru afi\u0219area clar\u0103 a produselor sau ambalaje imprimate personalizate pentru branding, solu\u021biile noastre pot fi adaptate cerin\u021belor dvs. de afaceri. Cu etan\u0219are puternic\u0103 \u0219i rezisten\u021b\u0103 la perforare, aceste pungi sunt ideale pentru ambalarea merelor, fructelor de p\u0103dure, frunzelor verzi, morcovilor, ardeilor \u0219i multe altele. Contacta\u021bi-ne ast\u0103zi pentru o ofert\u0103, ne angaj\u0103m s\u0103 oferim solu\u021bii unice de ambalare ecologice \u0219i de \u00eenalt\u0103 calitate. Avantajele de \u00eenalt\u0103 calitate OEM din plastic de ambalare \u00een vid a alimentelor sac \u25cf Design personalizat: Oferim servicii personalizate pentru pungi de ambalare, inclusiv personalizarea materialelor, dimensiunilor \u0219i modelelor de imprimare pentru a satisface nevoile clien\u021bilor \u0219i sus\u021binem OEM \u0219i ODM. \u25cf Produc\u021bie: Cu echipamente \u0219i tehnologii avansate, putem finaliza produc\u021bia comenzii \u00een mod eficient \u0219i cu o calitate ridicat\u0103 \u0219i putem livra la timp. \u25cf Inspec\u021bia calit\u0103\u021bii: Produc\u021bia se realizeaz\u0103 \u00een strict\u0103 conformitate cu standardele de calitate \u0219i cerin\u021bele de siguran\u021b\u0103 alimentar\u0103 pentru a ne asigura c\u0103 produsele \u00eendeplinesc standardele. \u25cf Servicii pentru clien\u021bi: Oferim un r\u0103spuns rapid \u0219i un suport atent pentru serviciul clien\u021bi 24 de ore pe zi. \u25cf E\u0219antion gratuit: Furniza\u021bi servicii gratuite de e\u0219antionare pentru a evalua produsul Huiyang Packaging se angajeaz\u0103 s\u0103 furnizeze clien\u021bilor OEM de \u00eenalt\u0103 calitate din plastic pentru ambalare \u00een vid a produselor alimentare Bag, ajut\u00e2nd clien\u021bii s\u0103-\u0219i \u00eembun\u0103t\u0103\u021beasc\u0103 imaginea produsului \u0219i s\u0103-\u0219i sporeasc\u0103 competitivitatea pe pia\u021b\u0103.<\/p>","protected":false},"featured_media":7574,"comment_status":"open","ping_status":"closed","template":"","meta":[],"product_brand":[],"product_cat":[51,108],"product_tag":[],"class_list":{"0":"post-7573","1":"product","2":"type-product","3":"status-publish","4":"has-post-thumbnail","6":"product_cat-custom-food-packaging-bags","7":"product_cat-vacuum-pouches-wholesale","9":"first","10":"instock","11":"shipping-taxable","12":"product-type-simple"},"_links":{"self":[{"href":"https:\/\/www.hyflexpack.com\/ro\/wp-json\/wp\/v2\/product\/7573","targetHints":{"allow":["GET"]}}],"collection":[{"href":"https:\/\/www.hyflexpack.com\/ro\/wp-json\/wp\/v2\/product"}],"about":[{"href":"https:\/\/www.hyflexpack.com\/ro\/wp-json\/wp\/v2\/types\/product"}],"replies":[{"embeddable":true,"href":"https:\/\/www.hyflexpack.com\/ro\/wp-json\/wp\/v2\/comments?post=7573"}],"wp:featuredmedia":[{"embeddable":true,"href":"https:\/\/www.hyflexpack.com\/ro\/wp-json\/wp\/v2\/media\/7574"}],"wp:attachment":[{"href":"https:\/\/www.hyflexpack.com\/ro\/wp-json\/wp\/v2\/media?parent=7573"}],"wp:term":[{"taxonomy":"product_brand","embeddable":true,"href":"https:\/\/www.hyflexpack.com\/ro\/wp-json\/wp\/v2\/product_brand?post=7573"},{"taxonomy":"product_cat","embeddable":true,"href":"https:\/\/www.hyflexpack.com\/ro\/wp-json\/wp\/v2\/product_cat?post=7573"},{"taxonomy":"product_tag","embeddable":true,"href":"https:\/\/www.hyflexpack.com\/ro\/wp-json\/wp\/v2\/product_tag?post=7573"}],"curies":[{"name":"wp","href":"https:\/\/api.w.org\/{rel}","templated":true}]}}