{"id":7549,"date":"2025-08-30T08:19:18","date_gmt":"2025-08-30T08:19:18","guid":{"rendered":"https:\/\/www.hyflexpack.com\/?post_type=product&#038;p=7549"},"modified":"2025-10-23T08:22:49","modified_gmt":"2025-10-23T08:22:49","slug":"custom-laundry-powder-packaging-bag","status":"publish","type":"product","link":"https:\/\/www.hyflexpack.com\/ro\/product\/custom-laundry-powder-packaging-bag\/","title":{"rendered":"Personalizat tip\u0103rit Sp\u0103l\u0103torie Powder Packaging Bag cu ridicata - Laminated Back-Seal Pouch"},"content":{"rendered":"<div class=\"wp-block-columns is-layout-flex wp-container-core-columns-is-layout-9d6595d7 wp-block-columns-is-layout-flex\">\n<div class=\"wp-block-column is-layout-flow wp-block-column-is-layout-flow\">\n<h2 class=\"wp-block-heading\">Personalizate imprimate Sp\u0103l\u0103torie pulbere ambalaj sac Caracteristici:<\/h2>\n\n\n\n<ul class=\"wp-block-list\">\n<li>noastre <strong>Personalizate imprimate Sp\u0103l\u0103torie pulbere pungi de ambalare<\/strong>: Imprimarea de \u00eenalt\u0103 calitate spore\u0219te atractivitatea la raft \u0219i promoveaz\u0103 marca dvs. de detergent \u00een pie\u021bele angro \u00een vrac.<\/li>\n\n\n\n<li><strong>Folie laminat\u0103 rezistent\u0103 la umezeal\u0103 \u0219i bariere \u00eempotriva mirosurilor<\/strong>: Structura pungii cu sigiliu din spate laminat\u0103 cu c\u0103ldur\u0103 multistrat men\u021bine pudra de rufe proasp\u0103t\u0103 \u00een timpul transportului \u0219i depozit\u0103rii.<\/li>\n\n\n\n<li><strong>Design durabil al pungii cu sigiliu din spate<\/strong>: Sigilarea puternic\u0103 asigur\u0103 p\u0103strarea intact\u0103 a pungilor pentru ambalarea detergen\u021bilor \u00een vrac \u00een timpul distribu\u021biei \u00een volume mari.<\/li>\n\n\n\n<li><strong>Solu\u021bie rentabil\u0103 pentru comer\u021bul cu ridicata<\/strong>\uff1a Ideal personalizat imprimate rufe pulbere ambalare saci alegere furnizor pentru produc\u021bia pe scar\u0103 larg\u0103 cu pre\u021buri competitive.<\/li>\n\n\n\n<li><strong>Op\u021biuni de materiale ecologice<\/strong>: Oferi\u021bi pungi personalizate de ambalare a detergen\u021bilor reciclabile sau biodegradabile pentru a respecta reglement\u0103rile de mediu \u0219i cererea clien\u021bilor.<\/li>\n\n\n\n<li>Ca un <strong>Produc\u0103tor de pungi de ambalare chimic\u0103 zilnic\u0103<\/strong>, oferim solu\u021bii personalizate pentru nevoile dumneavoastr\u0103 de ambalare a detergen\u021bilor.<\/li>\n<\/ul>\n<\/div>\n\n\n\n<div class=\"wp-block-column is-layout-flow wp-block-column-is-layout-flow\">\n<figure class=\"wp-block-image size-full\"><img fetchpriority=\"high\" decoding=\"async\" width=\"750\" height=\"750\" src=\"https:\/\/www.hyflexpack.com\/wp-content\/uploads\/2025\/08\/Custom-printed-laundry-powder-pouch.webp\" alt=\"Pulbere de rufe personalizate sac de ambalare\" class=\"wp-image-7534\" srcset=\"https:\/\/www.hyflexpack.com\/wp-content\/uploads\/2025\/08\/Custom-printed-laundry-powder-pouch.webp 750w, https:\/\/www.hyflexpack.com\/wp-content\/uploads\/2025\/08\/Custom-printed-laundry-powder-pouch-300x300.webp 300w, https:\/\/www.hyflexpack.com\/wp-content\/uploads\/2025\/08\/Custom-printed-laundry-powder-pouch-150x150.webp 150w, https:\/\/www.hyflexpack.com\/wp-content\/uploads\/2025\/08\/Custom-printed-laundry-powder-pouch-12x12.webp 12w, https:\/\/www.hyflexpack.com\/wp-content\/uploads\/2025\/08\/Custom-printed-laundry-powder-pouch-285x285.webp 285w, https:\/\/www.hyflexpack.com\/wp-content\/uploads\/2025\/08\/Custom-printed-laundry-powder-pouch-270x270.webp 270w, https:\/\/www.hyflexpack.com\/wp-content\/uploads\/2025\/08\/Custom-printed-laundry-powder-pouch-540x540.webp 540w, https:\/\/www.hyflexpack.com\/wp-content\/uploads\/2025\/08\/Custom-printed-laundry-powder-pouch-660x660.webp 660w\" sizes=\"(max-width: 750px) 100vw, 750px\" \/><\/figure>\n<\/div>\n<\/div>\n\n\n\n<div class=\"wp-block-columns is-layout-flex wp-container-core-columns-is-layout-9d6595d7 wp-block-columns-is-layout-flex\">\n<div class=\"wp-block-column is-layout-flow wp-block-column-is-layout-flow\">\n<figure class=\"wp-block-image size-full\"><img decoding=\"async\" width=\"750\" height=\"750\" src=\"https:\/\/www.hyflexpack.com\/wp-content\/uploads\/2025\/08\/Back-seal-laminated-detergent-bag.webp\" alt=\"Pung\u0103 de detergent laminat\u0103 cu sigiliu spate\" class=\"wp-image-7529\" srcset=\"https:\/\/www.hyflexpack.com\/wp-content\/uploads\/2025\/08\/Back-seal-laminated-detergent-bag.webp 750w, https:\/\/www.hyflexpack.com\/wp-content\/uploads\/2025\/08\/Back-seal-laminated-detergent-bag-300x300.webp 300w, https:\/\/www.hyflexpack.com\/wp-content\/uploads\/2025\/08\/Back-seal-laminated-detergent-bag-150x150.webp 150w, https:\/\/www.hyflexpack.com\/wp-content\/uploads\/2025\/08\/Back-seal-laminated-detergent-bag-12x12.webp 12w, https:\/\/www.hyflexpack.com\/wp-content\/uploads\/2025\/08\/Back-seal-laminated-detergent-bag-285x285.webp 285w, https:\/\/www.hyflexpack.com\/wp-content\/uploads\/2025\/08\/Back-seal-laminated-detergent-bag-270x270.webp 270w, https:\/\/www.hyflexpack.com\/wp-content\/uploads\/2025\/08\/Back-seal-laminated-detergent-bag-540x540.webp 540w, https:\/\/www.hyflexpack.com\/wp-content\/uploads\/2025\/08\/Back-seal-laminated-detergent-bag-660x660.webp 660w\" sizes=\"(max-width: 750px) 100vw, 750px\" \/><\/figure>\n<\/div>\n\n\n\n<div class=\"wp-block-column is-layout-flow wp-block-column-is-layout-flow\">\n<figure class=\"wp-block-image size-full\"><img decoding=\"async\" width=\"750\" height=\"750\" src=\"https:\/\/www.hyflexpack.com\/wp-content\/uploads\/2025\/08\/Detergent-packaging-pouch-supplier.webp\" alt=\"Furnizor de pungi pentru ambalarea detergen\u021bilor\" class=\"wp-image-7537\" srcset=\"https:\/\/www.hyflexpack.com\/wp-content\/uploads\/2025\/08\/Detergent-packaging-pouch-supplier.webp 750w, https:\/\/www.hyflexpack.com\/wp-content\/uploads\/2025\/08\/Detergent-packaging-pouch-supplier-300x300.webp 300w, https:\/\/www.hyflexpack.com\/wp-content\/uploads\/2025\/08\/Detergent-packaging-pouch-supplier-150x150.webp 150w, https:\/\/www.hyflexpack.com\/wp-content\/uploads\/2025\/08\/Detergent-packaging-pouch-supplier-12x12.webp 12w, https:\/\/www.hyflexpack.com\/wp-content\/uploads\/2025\/08\/Detergent-packaging-pouch-supplier-285x285.webp 285w, https:\/\/www.hyflexpack.com\/wp-content\/uploads\/2025\/08\/Detergent-packaging-pouch-supplier-270x270.webp 270w, https:\/\/www.hyflexpack.com\/wp-content\/uploads\/2025\/08\/Detergent-packaging-pouch-supplier-540x540.webp 540w, https:\/\/www.hyflexpack.com\/wp-content\/uploads\/2025\/08\/Detergent-packaging-pouch-supplier-660x660.webp 660w\" sizes=\"(max-width: 750px) 100vw, 750px\" \/><\/figure>\n<\/div>\n<\/div>","protected":false},"excerpt":{"rendered":"<p>Pungile noastre tip\u0103rite en-gros personalizate pentru ambalarea prafului de rufe sunt concepute pentru nevoile de ambalare \u00een vrac a detergen\u021bilor. Fabricate din materiale laminate de \u00eenalt\u0103 calitate, aceste pungi cu sigiliu pe spate ofer\u0103 o protec\u021bie excelent\u0103 \u00eempotriva umezelii \u0219i mirosurilor, asigur\u00e2ndu-se c\u0103 produsul dvs. r\u0103m\u00e2ne proasp\u0103t \u00een timpul depozit\u0103rii \u0219i transportului. Construc\u021bia termosudabil\u0103 asigur\u0103 o \u00eenchidere sigur\u0103, iar op\u021biunile de imprimare personalizabile contribuie la cre\u0219terea vizibilit\u0103\u021bii m\u0103rcii dumneavoastr\u0103. Ne angaj\u0103m s\u0103 oferim solu\u021bii unice de ambalare ecologice \u0219i de \u00eenalt\u0103 calitate.<\/p>\n<h3>Avantajele produc\u0103torului de pungi de ambalare pentru praf de rufe<\/h3>\n<ul>\n<li><strong>Servicii OEM\/ODM:<\/strong> Oferim servicii personalizate de ambalare a pungilor, inclusiv personalizarea materialelor, dimensiunilor \u0219i modelelor de imprimare pentru a satisface nevoile clien\u021bilor \u0219i sprijinim OEM \u0219i ODM.<\/li>\n<li><strong> Eficient\u0103<\/strong>\u00a0<strong>Fabricarea:<\/strong> Cu echipamente \u0219i tehnologii avansate, putem finaliza produc\u021bia de comand\u0103 \u00een mod eficient \u0219i de \u00eenalt\u0103 calitate \u0219i putem livra la timp.<\/li>\n<li><strong>Inspec\u021bia calit\u0103\u021bii:<\/strong> Produc\u021bia se realizeaz\u0103 \u00een strict\u0103 conformitate cu standardele de calitate \u0219i cerin\u021bele de siguran\u021b\u0103 alimentar\u0103 pentru a se asigura c\u0103 produsele \u00eendeplinesc standardele.<\/li>\n<li><strong>Asisten\u021b\u0103 pentru clien\u021bi 24\/7:<\/strong> Oferi\u021bi un r\u0103spuns rapid \u0219i un serviciu de asisten\u021b\u0103 pentru clien\u021bi atent 24 de ore pe zi.<\/li>\n<li><strong>Design gratuit:<\/strong> Profita\u021bi de serviciile noastre gratuite de design pentru logo-uri, etichete \u0219i lucr\u0103ri de art\u0103 pentru a v\u0103 ajuta s\u0103 v\u0103 \u00eembun\u0103t\u0103\u021bi\u021bi ambalajul \u0219i identitatea m\u0103rcii.<\/li>\n<li><strong>Pre\u021b de fabric\u0103<\/strong>: Oferim pre\u021buri de fabric\u0103 competitive pentru ca dvs. s\u0103 ob\u021bine\u021bi valoarea maxim\u0103 pentru comenzile dvs. \u00een vrac.<\/li>\n<li><strong>Cantitatea minim\u0103 de comand\u0103 (MOQ):<\/strong> Disponibilitate MOQ flexibil\u0103, care v\u0103 permite s\u0103 \u00eencepe\u021bi cu niveluri de comand\u0103 sc\u0103zute \u0219i s\u0103 le m\u0103ri\u021bi \u00een func\u021bie de necesit\u0103\u021bi.<\/li>\n<li><strong>Mostr\u0103 gratuit\u0103<\/strong>: Oferi\u021bi servicii gratuite de e\u0219antionare pentru a evalua produsul.<\/li>\n<\/ul>\n<p><a href=\"https:\/\/www.hyflexpack.com\/ro\/\"><strong>Ambalaje Huiyang<\/strong><\/a> se angajeaz\u0103 s\u0103 ofere clien\u021bilor pungi de ambalare pentru praf de rufe cu imprimare personalizat\u0103 de \u00eenalt\u0103 calitate, cu ridicata, pentru a le ajuta s\u0103-\u0219i \u00eembun\u0103t\u0103\u021beasc\u0103 imaginea produsului \u0219i s\u0103-\u0219i sporeasc\u0103 competitivitatea pe pia\u021b\u0103.<\/p>","protected":false},"featured_media":7532,"comment_status":"open","ping_status":"closed","template":"","meta":[],"product_brand":[],"product_cat":[52],"product_tag":[],"class_list":{"0":"post-7549","1":"product","2":"type-product","3":"status-publish","4":"has-post-thumbnail","6":"product_cat-custom-daily-chemical-packaging","8":"first","9":"instock","10":"shipping-taxable","11":"product-type-simple"},"_links":{"self":[{"href":"https:\/\/www.hyflexpack.com\/ro\/wp-json\/wp\/v2\/product\/7549","targetHints":{"allow":["GET"]}}],"collection":[{"href":"https:\/\/www.hyflexpack.com\/ro\/wp-json\/wp\/v2\/product"}],"about":[{"href":"https:\/\/www.hyflexpack.com\/ro\/wp-json\/wp\/v2\/types\/product"}],"replies":[{"embeddable":true,"href":"https:\/\/www.hyflexpack.com\/ro\/wp-json\/wp\/v2\/comments?post=7549"}],"wp:featuredmedia":[{"embeddable":true,"href":"https:\/\/www.hyflexpack.com\/ro\/wp-json\/wp\/v2\/media\/7532"}],"wp:attachment":[{"href":"https:\/\/www.hyflexpack.com\/ro\/wp-json\/wp\/v2\/media?parent=7549"}],"wp:term":[{"taxonomy":"product_brand","embeddable":true,"href":"https:\/\/www.hyflexpack.com\/ro\/wp-json\/wp\/v2\/product_brand?post=7549"},{"taxonomy":"product_cat","embeddable":true,"href":"https:\/\/www.hyflexpack.com\/ro\/wp-json\/wp\/v2\/product_cat?post=7549"},{"taxonomy":"product_tag","embeddable":true,"href":"https:\/\/www.hyflexpack.com\/ro\/wp-json\/wp\/v2\/product_tag?post=7549"}],"curies":[{"name":"wp","href":"https:\/\/api.w.org\/{rel}","templated":true}]}}