{"id":7393,"date":"2025-11-04T08:46:18","date_gmt":"2025-11-04T08:46:18","guid":{"rendered":"https:\/\/www.hyflexpack.com\/?post_type=product&#038;p=7393"},"modified":"2026-01-03T09:38:37","modified_gmt":"2026-01-03T09:38:37","slug":"medical-product-packaging-bags-bulk","status":"publish","type":"product","link":"https:\/\/www.hyflexpack.com\/ro\/product\/medical-product-packaging-bags-bulk\/","title":{"rendered":"Comer\u021b cu ridicata Resealable Medical Product Packaging Bags Custom First Aid Zipper Pouches pentru comenzi \u00een vrac OEM"},"content":{"rendered":"<div class=\"wp-block-columns is-layout-flex wp-container-core-columns-is-layout-9d6595d7 wp-block-columns-is-layout-flex\">\n<div class=\"wp-block-column is-layout-flow wp-block-column-is-layout-flow\">\n<h2 class=\"wp-block-heading\">Caracteristici ale pungilor de ambalare a produselor medicale cu ridicata<\/h2>\n\n\n\n<ul class=\"wp-block-list\">\n<li>Pungile noastre pentru ambalarea produselor medicale accept\u0103 comenzi OEM \u0219i \u00een vrac - pentru clien\u021bi de marc\u0103, distribuitori medicali, kituri corporative etc.<\/li>\n\n\n\n<li>Design durabil cu fermoar - resigilabil pentru a p\u0103stra con\u021binutul curat \u0219i igienic.<\/li>\n\n\n\n<li>Suport pentru imprimare de \u00eenalt\u0103 calitate - LOGO de marc\u0103 personalizabil, model \u0219i instruc\u021biuni.<\/li>\n\n\n\n<li>Material de grad medical - materialul \u00eendepline\u0219te standardele de siguran\u021b\u0103 \u0219i poate intra \u00een contact direct cu articole medicale.<\/li>\n<\/ul>\n<\/div>\n\n\n\n<div class=\"wp-block-column is-layout-flow wp-block-column-is-layout-flow\">\n<figure class=\"wp-block-image size-full\"><img fetchpriority=\"high\" decoding=\"async\" width=\"750\" height=\"750\" src=\"https:\/\/www.hyflexpack.com\/wp-content\/uploads\/2025\/07\/Wholesale-Medical-Product-Packaging-Bags-1.webp\" alt=\"Pungile de ambalare a produselor medicale cu ridicata \" class=\"wp-image-7407\" srcset=\"https:\/\/www.hyflexpack.com\/wp-content\/uploads\/2025\/07\/Wholesale-Medical-Product-Packaging-Bags-1.webp 750w, https:\/\/www.hyflexpack.com\/wp-content\/uploads\/2025\/07\/Wholesale-Medical-Product-Packaging-Bags-1-300x300.webp 300w, https:\/\/www.hyflexpack.com\/wp-content\/uploads\/2025\/07\/Wholesale-Medical-Product-Packaging-Bags-1-150x150.webp 150w, https:\/\/www.hyflexpack.com\/wp-content\/uploads\/2025\/07\/Wholesale-Medical-Product-Packaging-Bags-1-12x12.webp 12w, https:\/\/www.hyflexpack.com\/wp-content\/uploads\/2025\/07\/Wholesale-Medical-Product-Packaging-Bags-1-285x285.webp 285w, https:\/\/www.hyflexpack.com\/wp-content\/uploads\/2025\/07\/Wholesale-Medical-Product-Packaging-Bags-1-270x270.webp 270w, https:\/\/www.hyflexpack.com\/wp-content\/uploads\/2025\/07\/Wholesale-Medical-Product-Packaging-Bags-1-540x540.webp 540w, https:\/\/www.hyflexpack.com\/wp-content\/uploads\/2025\/07\/Wholesale-Medical-Product-Packaging-Bags-1-660x660.webp 660w\" sizes=\"(max-width: 750px) 100vw, 750px\" \/><\/figure>\n<\/div>\n<\/div>","protected":false},"excerpt":{"rendered":"<p>Suntem un produc\u0103tor profesionist de ambalaje flexibile, oferind pungi personalizate pentru ambalarea produselor medicale, potrivite pentru mini truse de prim ajutor. Sprijinind personalizarea OEM \u0219i achizi\u021bionarea \u00een vrac, pungile sunt resigilabile \u0219i potrivite pentru depozitarea consumabilelor de prim ajutor, cum ar fi bilele de bumbac cu alcool, bumbacul absorbant \u0219i bandajele. Contacta\u021bi-ne ast\u0103zi pentru o ofert\u0103. Ne angaj\u0103m s\u0103 oferim solu\u021bii unice de ambalare ecologice \u0219i de \u00eenalt\u0103 calitate. Avantajele sacilor de ambalare a produselor medicale de \u00eenalt\u0103 calitate cu ridicata \u25cfDesign personalizat: Oferim servicii personalizate pentru pungi de ambalare, inclusiv personalizarea materialelor, dimensiunilor \u0219i modelelor de imprimare pentru a satisface nevoile clien\u021bilor \u0219i sus\u021binem OEM \u0219i ODM. \u25cf Produc\u021bie: Cu echipamente \u0219i tehnologii avansate, putem finaliza produc\u021bia comenzii \u00een mod eficient \u0219i cu o calitate ridicat\u0103 \u0219i putem livra la timp. \u25cf Inspec\u021bia calit\u0103\u021bii: Produc\u021bia se realizeaz\u0103 \u00een strict\u0103 conformitate cu standardele de calitate \u0219i cerin\u021bele de siguran\u021b\u0103 alimentar\u0103 pentru a ne asigura c\u0103 produsele \u00eendeplinesc standardele. \u25cf Servicii pentru clien\u021bi: Oferi\u021bi un r\u0103spuns rapid \u0219i un suport atent pentru serviciul clien\u021bi 24 de ore pe zi. \u25cf E\u0219antion gratuit: Furniza\u021bi servicii gratuite de e\u0219antionare pentru a evalua produsul. Huiyang Packaging se angajeaz\u0103 s\u0103 furnizeze clien\u021bilor pungi de ambalare pentru produse medicale cu ridicata de \u00eenalt\u0103 calitate pentru a ajuta clien\u021bii s\u0103-\u0219i \u00eembun\u0103t\u0103\u021beasc\u0103 imaginea produsului \u0219i s\u0103-\u0219i sporeasc\u0103 competitivitatea pe pia\u021b\u0103.<\/p>","protected":false},"featured_media":7407,"comment_status":"open","ping_status":"closed","template":"","meta":[],"product_brand":[],"product_cat":[52],"product_tag":[116,124],"class_list":{"0":"post-7393","1":"product","2":"type-product","3":"status-publish","4":"has-post-thumbnail","6":"product_cat-custom-daily-chemical-packaging","7":"product_tag-stand-up-pouch-manufacturer","8":"product_tag-zipper-pouch-manufacturer","10":"first","11":"instock","12":"shipping-taxable","13":"product-type-simple"},"_links":{"self":[{"href":"https:\/\/www.hyflexpack.com\/ro\/wp-json\/wp\/v2\/product\/7393","targetHints":{"allow":["GET"]}}],"collection":[{"href":"https:\/\/www.hyflexpack.com\/ro\/wp-json\/wp\/v2\/product"}],"about":[{"href":"https:\/\/www.hyflexpack.com\/ro\/wp-json\/wp\/v2\/types\/product"}],"replies":[{"embeddable":true,"href":"https:\/\/www.hyflexpack.com\/ro\/wp-json\/wp\/v2\/comments?post=7393"}],"wp:featuredmedia":[{"embeddable":true,"href":"https:\/\/www.hyflexpack.com\/ro\/wp-json\/wp\/v2\/media\/7407"}],"wp:attachment":[{"href":"https:\/\/www.hyflexpack.com\/ro\/wp-json\/wp\/v2\/media?parent=7393"}],"wp:term":[{"taxonomy":"product_brand","embeddable":true,"href":"https:\/\/www.hyflexpack.com\/ro\/wp-json\/wp\/v2\/product_brand?post=7393"},{"taxonomy":"product_cat","embeddable":true,"href":"https:\/\/www.hyflexpack.com\/ro\/wp-json\/wp\/v2\/product_cat?post=7393"},{"taxonomy":"product_tag","embeddable":true,"href":"https:\/\/www.hyflexpack.com\/ro\/wp-json\/wp\/v2\/product_tag?post=7393"}],"curies":[{"name":"wp","href":"https:\/\/api.w.org\/{rel}","templated":true}]}}