{"id":7366,"date":"2025-11-03T17:30:15","date_gmt":"2025-11-03T17:30:15","guid":{"rendered":"https:\/\/www.hyflexpack.com\/?post_type=product&#038;p=7366"},"modified":"2025-11-03T17:30:26","modified_gmt":"2025-11-03T17:30:26","slug":"custom-printed-shrink-sleeves","status":"publish","type":"product","link":"https:\/\/www.hyflexpack.com\/ro\/product\/custom-printed-shrink-sleeves\/","title":{"rendered":"Man\u0219oane retractabile imprimate personalizate pentru sticle, cutii \u0219i containere"},"content":{"rendered":"<div class=\"wp-block-columns is-layout-flex wp-container-core-columns-is-layout-9d6595d7 wp-block-columns-is-layout-flex\">\n<div class=\"wp-block-column is-layout-flow wp-block-column-is-layout-flow\">\n<h2 class=\"wp-block-heading\">Custom Shrink Sleeves Features:<\/h2>\n\n\n\n<ul class=\"wp-block-list\">\n<li>360\u00b0 Full-Body Printing for Maximum Brand Exposure\u3002<\/li>\n\n\n\n<li>Perfect Fit for Irregular Shapes and Curved Surfaces.<\/li>\n\n\n\n<li>Eco-Friendly Material &amp; Sustainable Printing Options.<\/li>\n\n\n\n<li>Enhanced Anti-Counterfeit Protection &amp; Label Stability.<\/li>\n<\/ul>\n<\/div>\n\n\n\n<div class=\"wp-block-column is-layout-flow wp-block-column-is-layout-flow\">\n<figure class=\"wp-block-image size-full\"><img fetchpriority=\"high\" decoding=\"async\" width=\"750\" height=\"750\" src=\"https:\/\/www.hyflexpack.com\/wp-content\/uploads\/2025\/07\/OEM-PVC-PET-Shrink-Film-Roll-1.webp\" alt=\"OEM PVC PET Shrink Film Roll\" class=\"wp-image-7374\" srcset=\"https:\/\/www.hyflexpack.com\/wp-content\/uploads\/2025\/07\/OEM-PVC-PET-Shrink-Film-Roll-1.webp 750w, https:\/\/www.hyflexpack.com\/wp-content\/uploads\/2025\/07\/OEM-PVC-PET-Shrink-Film-Roll-1-300x300.webp 300w, https:\/\/www.hyflexpack.com\/wp-content\/uploads\/2025\/07\/OEM-PVC-PET-Shrink-Film-Roll-1-150x150.webp 150w, https:\/\/www.hyflexpack.com\/wp-content\/uploads\/2025\/07\/OEM-PVC-PET-Shrink-Film-Roll-1-12x12.webp 12w, https:\/\/www.hyflexpack.com\/wp-content\/uploads\/2025\/07\/OEM-PVC-PET-Shrink-Film-Roll-1-285x285.webp 285w, https:\/\/www.hyflexpack.com\/wp-content\/uploads\/2025\/07\/OEM-PVC-PET-Shrink-Film-Roll-1-270x270.webp 270w, https:\/\/www.hyflexpack.com\/wp-content\/uploads\/2025\/07\/OEM-PVC-PET-Shrink-Film-Roll-1-540x540.webp 540w, https:\/\/www.hyflexpack.com\/wp-content\/uploads\/2025\/07\/OEM-PVC-PET-Shrink-Film-Roll-1-660x660.webp 660w\" sizes=\"(max-width: 750px) 100vw, 750px\" \/><\/figure>\n<\/div>\n<\/div>","protected":false},"excerpt":{"rendered":"<p>Enhance your product packaging with custom printed heat-shrink sleeves, designed to fit bottles, cans, and uniquely shaped containers. Ideal for food, beverages, cosmetics, supplements, and industrial applications, these sleeves support 360\u00b0 full-body printing with high-resolution graphics to maximize brand visibility. Available in eco-friendly materials such as PETG, OPS, or PVC, supporting sustainability goals. Low MOQ available to meet diverse customization needs for brands of all sizes. Contact us today to get custom heat shrink film made just for you!\u00a0<\/p>\n<h3>Advantages of Shrink Sleeves Supplier<\/h3>\n<ul>\n<li><strong>Design personalizat:<\/strong>\u00a0Oferim servicii personalizate, inclusiv personalizarea materialelor, dimensiunilor \u0219i modelelor de imprimare pentru a r\u0103spunde nevoilor clien\u021bilor \u0219i sprijinim OEM \u0219i ODM.<\/li>\n<li><strong>Fabricarea:<\/strong>\u00a0Cu echipamente \u0219i tehnologii avansate, putem finaliza produc\u021bia de comand\u0103 \u00een mod eficient \u0219i de \u00eenalt\u0103 calitate, \u0219i putem livra la timp.<\/li>\n<li><strong>Inspec\u021bia calit\u0103\u021bii:<\/strong>\u00a0Produc\u021bia se realizeaz\u0103 \u00een strict\u0103 conformitate cu standardele de calitate \u0219i cerin\u021bele de siguran\u021b\u0103 alimentar\u0103 pentru a se asigura c\u0103 produsele \u00eendeplinesc standardele.<\/li>\n<li><strong>Certificare\uff1a<\/strong>\u00a0FDA\/BRC\/ISO 9001\/RoHS<\/li>\n<li><strong>Serviciul Clien\u021bi:<\/strong>\u00a024 de ore pentru a oferi un r\u0103spuns rapid \u0219i un serviciu de asisten\u021b\u0103 pentru clien\u021bi grijuliu.<\/li>\n<li><strong>Mostr\u0103 gratuit\u0103:<\/strong>\u00a0Oferim un serviciu gratuit de mostre pentru a v\u0103 ajuta s\u0103 evalua\u021bi produsul.<\/li>\n<li><strong class=\"skrollable skrollable-between\" data-start=\"895\" data-end=\"917\">Pre\u021b competitiv:<\/strong>\u00a0Cu o capacitate de produc\u021bie la scar\u0103 larg\u0103 \u0219i un management eficient din punct de vedere al costurilor, oferim pre\u021buri competitive f\u0103r\u0103 a compromite calitatea produselor.<\/li>\n<\/ul>\n<p><a href=\"https:\/\/www.hyflexpack.com\/ro\/\"><strong>Ambalaje Huiyang<\/strong><\/a> is committed to providing customers with shrink sleeves\u00a0to help customers improve their product image and enhance their market competitiveness.<\/p>","protected":false},"featured_media":7374,"comment_status":"open","ping_status":"closed","template":"","meta":[],"product_brand":[],"product_cat":[84,53],"product_tag":[],"class_list":{"0":"post-7366","1":"product","2":"type-product","3":"status-publish","4":"has-post-thumbnail","6":"product_cat-shrink-sleeve-film","7":"product_cat-packaging-film-supplier","9":"first","10":"instock","11":"shipping-taxable","12":"product-type-simple"},"_links":{"self":[{"href":"https:\/\/www.hyflexpack.com\/ro\/wp-json\/wp\/v2\/product\/7366","targetHints":{"allow":["GET"]}}],"collection":[{"href":"https:\/\/www.hyflexpack.com\/ro\/wp-json\/wp\/v2\/product"}],"about":[{"href":"https:\/\/www.hyflexpack.com\/ro\/wp-json\/wp\/v2\/types\/product"}],"replies":[{"embeddable":true,"href":"https:\/\/www.hyflexpack.com\/ro\/wp-json\/wp\/v2\/comments?post=7366"}],"wp:featuredmedia":[{"embeddable":true,"href":"https:\/\/www.hyflexpack.com\/ro\/wp-json\/wp\/v2\/media\/7374"}],"wp:attachment":[{"href":"https:\/\/www.hyflexpack.com\/ro\/wp-json\/wp\/v2\/media?parent=7366"}],"wp:term":[{"taxonomy":"product_brand","embeddable":true,"href":"https:\/\/www.hyflexpack.com\/ro\/wp-json\/wp\/v2\/product_brand?post=7366"},{"taxonomy":"product_cat","embeddable":true,"href":"https:\/\/www.hyflexpack.com\/ro\/wp-json\/wp\/v2\/product_cat?post=7366"},{"taxonomy":"product_tag","embeddable":true,"href":"https:\/\/www.hyflexpack.com\/ro\/wp-json\/wp\/v2\/product_tag?post=7366"}],"curies":[{"name":"wp","href":"https:\/\/api.w.org\/{rel}","templated":true}]}}