{"id":7067,"date":"2025-06-06T02:02:55","date_gmt":"2025-06-06T02:02:55","guid":{"rendered":"https:\/\/www.hyflexpack.com\/?post_type=product&#038;p=7067"},"modified":"2026-01-07T08:20:42","modified_gmt":"2026-01-07T08:20:42","slug":"350g-oatmeal-packaging-supplier","status":"publish","type":"product","link":"https:\/\/www.hyflexpack.com\/ro\/product\/350g-oatmeal-packaging-supplier\/","title":{"rendered":"350g fulgi de ov\u0103z Furnizor de ambalaje, sac personalizat cu fermoar - fereastr\u0103 transparent\u0103, material compozit ecologic"},"content":{"rendered":"<div class=\"wp-block-columns is-layout-flex wp-container-core-columns-is-layout-9d6595d7 wp-block-columns-is-layout-flex\">\n<div class=\"wp-block-column is-layout-flow wp-block-column-is-layout-flow\">\n<h2 class=\"wp-block-heading\">Caracteristici ale Oat Powder Zipper Bag personalizat<\/h2>\n\n\n\n<ul class=\"wp-block-list\">\n<li>Inspec\u021bia calit\u0103\u021bii ferestrei transparente - fereastr\u0103 PET de calitate alimentar\u0103 + strat de film cu transparen\u021b\u0103 ridicat\u0103, verificarea vizual\u0103 a calit\u0103\u021bii pulberii \u00eenainte de deschidere<\/li>\n\n\n\n<li>Design ecologic cu circuit \u00eenchis - Material compozit reciclabil 80%, \u00een conformitate cu Directiva UE privind ambalajele (PPWD)<\/li>\n\n\n\n<li>Structura de etan\u0219are consolidat\u0103 - fermoar anti-alunecare cu dou\u0103 piste + structur\u0103 compozit\u0103, rezisten\u021ba la umiditate este 30% mai mare dec\u00e2t modelele conven\u021bionale de pe pia\u021b\u0103<\/li>\n<\/ul>\n<\/div>\n\n\n\n<div class=\"wp-block-column is-layout-flow wp-block-column-is-layout-flow\">\n<figure class=\"wp-block-image size-full\"><img fetchpriority=\"high\" decoding=\"async\" width=\"750\" height=\"750\" src=\"https:\/\/www.hyflexpack.com\/wp-content\/uploads\/2025\/05\/Oat-Powder-Zipper-Bag-Custom-1.webp\" alt=\"Furnizor de ambalaje de fulgi de ov\u0103z-Huiyang Packaging\" class=\"wp-image-7050\" srcset=\"https:\/\/www.hyflexpack.com\/wp-content\/uploads\/2025\/05\/Oat-Powder-Zipper-Bag-Custom-1.webp 750w, https:\/\/www.hyflexpack.com\/wp-content\/uploads\/2025\/05\/Oat-Powder-Zipper-Bag-Custom-1-300x300.webp 300w, https:\/\/www.hyflexpack.com\/wp-content\/uploads\/2025\/05\/Oat-Powder-Zipper-Bag-Custom-1-150x150.webp 150w, https:\/\/www.hyflexpack.com\/wp-content\/uploads\/2025\/05\/Oat-Powder-Zipper-Bag-Custom-1-12x12.webp 12w, https:\/\/www.hyflexpack.com\/wp-content\/uploads\/2025\/05\/Oat-Powder-Zipper-Bag-Custom-1-285x285.webp 285w, https:\/\/www.hyflexpack.com\/wp-content\/uploads\/2025\/05\/Oat-Powder-Zipper-Bag-Custom-1-270x270.webp 270w, https:\/\/www.hyflexpack.com\/wp-content\/uploads\/2025\/05\/Oat-Powder-Zipper-Bag-Custom-1-540x540.webp 540w, https:\/\/www.hyflexpack.com\/wp-content\/uploads\/2025\/05\/Oat-Powder-Zipper-Bag-Custom-1-660x660.webp 660w\" sizes=\"(max-width: 750px) 100vw, 750px\" \/><\/figure>\n<\/div>\n<\/div>\n\n\n\n<p><\/p>","protected":false},"excerpt":{"rendered":"<p>\u00cen calitate de furnizor de \u00eencredere de ambalaje pentru fulgi de ov\u0103z, oferim pungi cu fermoar personalizate de 350 g realizate din materiale compozite ecologice. Dispun\u00e2nd de o fereastr\u0103 transparent\u0103 pentru vizibilitate \u0219i prospe\u021bime, pungile noastre sunt ideale pentru m\u0103rcile care caut\u0103 solu\u021bii durabile, atractive \u0219i func\u021bionale de ambalare a fulgilor de ov\u0103z.<\/p>\n<h3>Avantajele furnizorului de ambalaje 350g Oatmeal<\/h3>\n<ul>\n<li><strong>Proiectare personalizat\u0103<\/strong>: Oferi\u021bi solu\u021bii personalizate de proiectare, sprijini\u021bi OEM \/ ODM, personalizate cu diferite specifica\u021bii, dimensiuni, modele de imprimare etc.<\/li>\n<li><strong>Asigurarea calit\u0103\u021bii<\/strong>: Controla\u021bi procesul de produc\u021bie \u0219i dispune\u021bi de materiale de \u00eenalt\u0103 calitate \u0219i echipamente avansate pentru a asigura calitatea produselor.<\/li>\n<li><strong>Livrare la timp<\/strong>: Optimizarea procesului de produc\u021bie \u0219i \u00eembun\u0103t\u0103\u021birea eficien\u021bei produc\u021biei pentru a asigura livrarea la timp \u0219i pentru a satisface nevoile urgente ale clien\u021bilor.<\/li>\n<li><strong>Asisten\u021b\u0103 tehnic\u0103 profesional\u0103<\/strong>: Echipa tehnic\u0103 cu experien\u021b\u0103 ofer\u0103 asisten\u021b\u0103 tehnic\u0103 profesional\u0103 \u0219i servicii de consultan\u021b\u0103 post-v\u00e2nzare 24 de ore din 24.<\/li>\n<li><strong>Mostr\u0103 gratuit\u0103<\/strong>: Oferi\u021bi servicii gratuite de e\u0219antionare pentru a evalua produsele.<\/li>\n<\/ul>","protected":false},"featured_media":7050,"comment_status":"open","ping_status":"closed","template":"","meta":[],"product_brand":[],"product_cat":[97],"product_tag":[116,124],"class_list":{"0":"post-7067","1":"product","2":"type-product","3":"status-publish","4":"has-post-thumbnail","6":"product_cat-cereal-packaging-bags","7":"product_tag-stand-up-pouch-manufacturer","8":"product_tag-zipper-pouch-manufacturer","10":"first","11":"instock","12":"shipping-taxable","13":"product-type-simple"},"_links":{"self":[{"href":"https:\/\/www.hyflexpack.com\/ro\/wp-json\/wp\/v2\/product\/7067","targetHints":{"allow":["GET"]}}],"collection":[{"href":"https:\/\/www.hyflexpack.com\/ro\/wp-json\/wp\/v2\/product"}],"about":[{"href":"https:\/\/www.hyflexpack.com\/ro\/wp-json\/wp\/v2\/types\/product"}],"replies":[{"embeddable":true,"href":"https:\/\/www.hyflexpack.com\/ro\/wp-json\/wp\/v2\/comments?post=7067"}],"wp:featuredmedia":[{"embeddable":true,"href":"https:\/\/www.hyflexpack.com\/ro\/wp-json\/wp\/v2\/media\/7050"}],"wp:attachment":[{"href":"https:\/\/www.hyflexpack.com\/ro\/wp-json\/wp\/v2\/media?parent=7067"}],"wp:term":[{"taxonomy":"product_brand","embeddable":true,"href":"https:\/\/www.hyflexpack.com\/ro\/wp-json\/wp\/v2\/product_brand?post=7067"},{"taxonomy":"product_cat","embeddable":true,"href":"https:\/\/www.hyflexpack.com\/ro\/wp-json\/wp\/v2\/product_cat?post=7067"},{"taxonomy":"product_tag","embeddable":true,"href":"https:\/\/www.hyflexpack.com\/ro\/wp-json\/wp\/v2\/product_tag?post=7067"}],"curies":[{"name":"wp","href":"https:\/\/api.w.org\/{rel}","templated":true}]}}