{"id":6950,"date":"2025-05-27T06:57:19","date_gmt":"2025-05-27T06:57:19","guid":{"rendered":"https:\/\/www.hyflexpack.com\/?post_type=product&#038;p=6950"},"modified":"2026-01-07T08:43:35","modified_gmt":"2026-01-07T08:43:35","slug":"oem-frozen-food-pouches-factory","status":"publish","type":"product","link":"https:\/\/www.hyflexpack.com\/ro\/product\/oem-frozen-food-pouches-factory\/","title":{"rendered":"OEM Frozen Food Pouches Factory, plastic reciclat Stand Up Pouch cu fermoar"},"content":{"rendered":"<div class=\"wp-block-columns is-layout-flex wp-container-core-columns-is-layout-9d6595d7 wp-block-columns-is-layout-flex\">\n<div class=\"wp-block-column is-layout-flow wp-block-column-is-layout-flow\">\n<h2 class=\"wp-block-heading\">Caracteristici ale pungilor pentru alimente congelate OEM<\/h2>\n\n\n\n<ul class=\"wp-block-list\">\n<li>Punga noastr\u0103 de plastic pentru alimente congelate OEM &amp; ODM este fabricat\u0103 din plastic reciclat de calitate alimentar\u0103.<\/li>\n\n\n\n<li>Designul cu fermoar autoportant economise\u0219te spa\u021biu de depozitare \u0219i de raft \u0219i este mai atr\u0103g\u0103tor pentru afi\u0219are. Fermoar sigilat: rezistent la umiditate \u0219i la scurgeri, p\u0103streaz\u0103 prospe\u021bimea pentru o perioad\u0103 lung\u0103 de timp, suport\u0103 deschiderea \u0219i \u00eenchiderea repetat\u0103 \u0219i prelunge\u0219te durata de valabilitate a alimentelor.<\/li>\n\n\n\n<li>Personalizare profund\u0103 OEM\/ODM pentru a satisface nevoile personalizate. Acesta poate fi adaptat la o varietate de alimente congelate (cum ar fi orez glutinos, \u00eenghe\u021bat\u0103, mese gata de consum) \u0219i r\u0103spunde \u00een mod flexibil la schimb\u0103rile pie\u021bei.<\/li>\n\n\n\n<li>Performan\u021b\u0103 profesional\u0103 de congelare, rezisten\u021b\u0103 la temperaturi sc\u0103zute de -30 \u2103: materialul este flexibil \u0219i rezistent la \u00eenghe\u021b, f\u0103r\u0103 fisuri fragile sau deform\u0103ri. Proprietate de barier\u0103 ridicat\u0103: izoleaz\u0103 vaporii de ap\u0103 \u0219i oxigenul pentru a se asigura c\u0103 gustul \u0219i nutri\u021bia alimentelor nu sunt pierdute.<\/li>\n\n\n\n<li>Rentabilitate ridicat\u0103 \u0219i garan\u021bie de certificare, furnizare direct\u0103 din fabric\u0103: reduce\u021bi costurile intermediare \u0219i ave\u021bi avantaje semnificative de pre\u021b. Respect\u0103 standardele de calitate alimentar\u0103 FDA\/BRC, este sigur \u0219i fiabil \u0219i nu are griji pe pia\u021ba global\u0103.<\/li>\n<\/ul>\n<\/div>\n\n\n\n<div class=\"wp-block-column is-layout-flow wp-block-column-is-layout-flow\">\n<figure class=\"wp-block-image size-full\"><img fetchpriority=\"high\" decoding=\"async\" width=\"750\" height=\"750\" src=\"https:\/\/www.hyflexpack.com\/wp-content\/uploads\/2025\/05\/OEM-ODM-Plastic-Frozen-Food-Pouch-1.jpg\" alt=\"OEM Fabrica de pungi pentru alimente congelate\" class=\"wp-image-6946\" srcset=\"https:\/\/www.hyflexpack.com\/wp-content\/uploads\/2025\/05\/OEM-ODM-Plastic-Frozen-Food-Pouch-1.jpg 750w, https:\/\/www.hyflexpack.com\/wp-content\/uploads\/2025\/05\/OEM-ODM-Plastic-Frozen-Food-Pouch-1-300x300.jpg 300w, https:\/\/www.hyflexpack.com\/wp-content\/uploads\/2025\/05\/OEM-ODM-Plastic-Frozen-Food-Pouch-1-150x150.jpg 150w, https:\/\/www.hyflexpack.com\/wp-content\/uploads\/2025\/05\/OEM-ODM-Plastic-Frozen-Food-Pouch-1-12x12.jpg 12w, https:\/\/www.hyflexpack.com\/wp-content\/uploads\/2025\/05\/OEM-ODM-Plastic-Frozen-Food-Pouch-1-285x285.jpg 285w, https:\/\/www.hyflexpack.com\/wp-content\/uploads\/2025\/05\/OEM-ODM-Plastic-Frozen-Food-Pouch-1-270x270.jpg 270w, https:\/\/www.hyflexpack.com\/wp-content\/uploads\/2025\/05\/OEM-ODM-Plastic-Frozen-Food-Pouch-1-540x540.jpg 540w, https:\/\/www.hyflexpack.com\/wp-content\/uploads\/2025\/05\/OEM-ODM-Plastic-Frozen-Food-Pouch-1-660x660.jpg 660w\" sizes=\"(max-width: 750px) 100vw, 750px\" \/><\/figure>\n<\/div>\n<\/div>\n\n\n\n<p><\/p>","protected":false},"excerpt":{"rendered":"<p>Suntem o fabric\u0103 experimentat\u0103 de produc\u021bie de pungi pentru alimente congelate OEM, oferind solu\u021bii de pungi congelate de calitate alimentar\u0103 cu suport pentru personalizare. Suntem, de asemenea, un furnizor profesionist de pungi stand-up reciclabile ecologice, care sunt utilizate pe scar\u0103 larg\u0103 \u00een alimente congelate, legume congelate, produse acvatice \u0219i a\u0219a mai departe. Suport OEM \/ ODM cu livrare stabil\u0103, bun venit pentru a ob\u021bine o cota\u021bie \u0219i mostre!<\/p>\n<h3>Avantajele furnizorului de pungi pentru alimente congelate OEM<\/h3>\n<ul>\n<li><strong>Design personalizat<\/strong>: Oferi\u021bi solu\u021bii personalizate de proiectare pentru a \u00eendeplini diferite specifica\u021bii, dimensiuni \u0219i cerin\u021be de imprimare de p\u00e2n\u0103 la 10 culori \u00een func\u021bie de nevoile clien\u021bilor, sprijini\u021bi personalizarea OEM \u0219i ODM.<\/li>\n<li><strong>Asigurarea calit\u0103\u021bii<\/strong>: Controlul strict al procesului de produc\u021bie, folosind materii prime de \u00eenalt\u0103 calitate \u0219i echipamente de produc\u021bie avansate pentru a asigura o calitate stabil\u0103 \u0219i fiabil\u0103 a produsului.<\/li>\n<li><strong>Asisten\u021b\u0103 tehnic\u0103 profesional\u0103<\/strong>: Cu o echip\u0103 tehnic\u0103 experimentat\u0103, oferim asisten\u021b\u0103 tehnic\u0103 profesional\u0103 \u0219i servicii post-v\u00e2nzare pentru a ne asigura c\u0103 nevoile clien\u021bilor sunt solu\u021bionate \u0219i rezolvate cu promptitudine.<\/li>\n<li><strong>Mostr\u0103 gratuit\u0103<\/strong>: Oferi\u021bi un serviciu gratuit de e\u0219antionare pentru a evalua produsele.<\/li>\n<\/ul>\n<p><strong>Ambalaje Huiyang<\/strong> este dedicat\u0103 oferirii de pungi personalizate, de \u00eenalt\u0103 calitate, pentru alimente congelate, care \u00eembun\u0103t\u0103\u021besc imaginea produsului \u0219i sporesc competitivitatea pe pia\u021b\u0103 pentru clien\u021bii no\u0219tri.<\/p>\n<p>&nbsp;<\/p>","protected":false},"featured_media":6946,"comment_status":"open","ping_status":"closed","template":"","meta":[],"product_brand":[],"product_cat":[60],"product_tag":[116,124],"class_list":{"0":"post-6950","1":"product","2":"type-product","3":"status-publish","4":"has-post-thumbnail","6":"product_cat-custom-frozen-food-packaging","7":"product_tag-stand-up-pouch-manufacturer","8":"product_tag-zipper-pouch-manufacturer","10":"first","11":"instock","12":"shipping-taxable","13":"product-type-simple"},"_links":{"self":[{"href":"https:\/\/www.hyflexpack.com\/ro\/wp-json\/wp\/v2\/product\/6950","targetHints":{"allow":["GET"]}}],"collection":[{"href":"https:\/\/www.hyflexpack.com\/ro\/wp-json\/wp\/v2\/product"}],"about":[{"href":"https:\/\/www.hyflexpack.com\/ro\/wp-json\/wp\/v2\/types\/product"}],"replies":[{"embeddable":true,"href":"https:\/\/www.hyflexpack.com\/ro\/wp-json\/wp\/v2\/comments?post=6950"}],"wp:featuredmedia":[{"embeddable":true,"href":"https:\/\/www.hyflexpack.com\/ro\/wp-json\/wp\/v2\/media\/6946"}],"wp:attachment":[{"href":"https:\/\/www.hyflexpack.com\/ro\/wp-json\/wp\/v2\/media?parent=6950"}],"wp:term":[{"taxonomy":"product_brand","embeddable":true,"href":"https:\/\/www.hyflexpack.com\/ro\/wp-json\/wp\/v2\/product_brand?post=6950"},{"taxonomy":"product_cat","embeddable":true,"href":"https:\/\/www.hyflexpack.com\/ro\/wp-json\/wp\/v2\/product_cat?post=6950"},{"taxonomy":"product_tag","embeddable":true,"href":"https:\/\/www.hyflexpack.com\/ro\/wp-json\/wp\/v2\/product_tag?post=6950"}],"curies":[{"name":"wp","href":"https:\/\/api.w.org\/{rel}","templated":true}]}}