{"id":6658,"date":"2025-05-26T17:45:59","date_gmt":"2025-05-26T17:45:59","guid":{"rendered":"https:\/\/www.hyflexpack.com\/?post_type=product&#038;p=6658"},"modified":"2025-05-26T17:46:02","modified_gmt":"2025-05-26T17:46:02","slug":"custom-bopp-cold-seal-film-packaging","status":"publish","type":"product","link":"https:\/\/www.hyflexpack.com\/ro\/product\/custom-bopp-cold-seal-film-packaging\/","title":{"rendered":"Ambalaje personalizate Bopp Cold Seal Film pentru ciocolat\u0103 \u0219i gust\u0103ri, ambalaje din folie de aluminiu"},"content":{"rendered":"<div class=\"wp-block-columns is-layout-flex wp-container-core-columns-is-layout-9d6595d7 wp-block-columns-is-layout-flex\">\n<div class=\"wp-block-column is-layout-flow wp-block-column-is-layout-flow\">\n<h2 class=\"wp-block-heading\">Caracteristici ale ambalajului Bopp Cold Seal Film<\/h2>\n\n\n\n<ul class=\"wp-block-list\">\n<li><strong>Performan\u021b\u0103 ridicat\u0103 a barierelor<\/strong>: Baz\u00e2ndu-ne pe cuno\u0219tin\u021bele noastre de specialitate \u00een materie de produc\u021bie \u00een calitate de companie produc\u0103toare de ambalaje din folie de aluminiu, utiliz\u0103m procesul de laminare a foliei de aluminiu pentru a produce un nivel ridicat de performan\u021b\u0103 de barier\u0103 la umiditate \u0219i oxigen (WVTR &lt;1g\/m\u00b2-24h), care poate \u00eembun\u0103t\u0103\u021bi semnificativ durata de depozitare a ciocolatei, nucilor \u0219i a altor gust\u0103ri \u0219i le poate \u00eempiedica s\u0103 se \u00eenmoaie prin absorb\u021bia de umiditate.<\/li>\n\n\n\n<li><strong>Tehnologie de etan\u0219are la rece, eficien\u021b\u0103 ridicat\u0103 \u0219i economisire a energiei<\/strong>: Acest ambalaj de film de etan\u0219are la rece din BOPP utilizeaz\u0103 tehnologia de etan\u0219are prin presiune la rece, care \u00eencepe stratul adeziv de etan\u0219are la rece prin presiune mecanic\u0103, f\u0103r\u0103 a fi nevoie de dispozitive de \u00eenc\u0103lzire, pentru a evita distrugerea alimentelor la temperaturi ridicate (de exemplu, topirea ciocolatei) \u0219i este potrivit pentru linii de produc\u021bie de mare vitez\u0103 de peste 200 de metri\/minut, ceea ce reprezint\u0103 o mare economie de energie \u0219i o reducere a consumului.<\/li>\n\n\n\n<li><strong>Protec\u021bie excep\u021bional\u0103<\/strong>: Structura compozit\u0103 ofer\u0103 o protec\u021bie excelent\u0103 \u00eempotriva umezelii, prafului \u0219i ruperii \u0219i, cu un succes excelent, p\u0103streaz\u0103 integritatea produsului pe parcursul transportului \u0219i depozit\u0103rii, constituind astfel o solu\u021bie foarte eficient\u0103 de ambalare cu film BOPP sigilat la rece.<\/li>\n\n\n\n<li><strong>Op\u021biuni ecologice pentru durabilitate: <\/strong>Fiind un lider \u00een produc\u021bia de ambalaje din folie de aluminiu, promov\u0103m materiale biodegradabile sau reciclabile personalizate \u0219i oferim diferite grosimi ale foliei pentru a ne ajuta clien\u021bii s\u0103 reduc\u0103 de\u0219eurile de materiale, s\u0103 \u00ee\u0219i reduc\u0103 amprenta de carbon \u0219i s\u0103 respecte reglement\u0103rile interna\u021bionale de mediu.<\/li>\n\n\n\n<li><strong>Economisire convenabil\u0103 a spa\u021biului \u0219i depozitare<\/strong>: Laminatele din folie de aluminiu sigilate la rece din aceast\u0103 gam\u0103 sunt disponibile sub form\u0103 de role, care sunt u\u0219or de manevrat \u0219i depozitat, cu economie de spa\u021biu \u00een depozitare \u0219i cele mai potrivite pentru diverse aplica\u021bii de ambalare.<\/li>\n<\/ul>\n<\/div>\n\n\n\n<div class=\"wp-block-column is-layout-flow wp-block-column-is-layout-flow\">\n<figure class=\"wp-block-image size-full\"><img fetchpriority=\"high\" decoding=\"async\" width=\"750\" height=\"750\" src=\"https:\/\/www.hyflexpack.com\/wp-content\/uploads\/2025\/04\/Wholesale-Aluminum-Foil-Cold-Seal-Film5.webp\" alt=\"Personalizat Bopp Cold Seal Film de ambalare pentru ciocolat\u0103\" class=\"wp-image-6656\" srcset=\"https:\/\/www.hyflexpack.com\/wp-content\/uploads\/2025\/04\/Wholesale-Aluminum-Foil-Cold-Seal-Film5.webp 750w, https:\/\/www.hyflexpack.com\/wp-content\/uploads\/2025\/04\/Wholesale-Aluminum-Foil-Cold-Seal-Film5-300x300.webp 300w, https:\/\/www.hyflexpack.com\/wp-content\/uploads\/2025\/04\/Wholesale-Aluminum-Foil-Cold-Seal-Film5-150x150.webp 150w, https:\/\/www.hyflexpack.com\/wp-content\/uploads\/2025\/04\/Wholesale-Aluminum-Foil-Cold-Seal-Film5-12x12.webp 12w, https:\/\/www.hyflexpack.com\/wp-content\/uploads\/2025\/04\/Wholesale-Aluminum-Foil-Cold-Seal-Film5-285x285.webp 285w, https:\/\/www.hyflexpack.com\/wp-content\/uploads\/2025\/04\/Wholesale-Aluminum-Foil-Cold-Seal-Film5-270x270.webp 270w, https:\/\/www.hyflexpack.com\/wp-content\/uploads\/2025\/04\/Wholesale-Aluminum-Foil-Cold-Seal-Film5-540x540.webp 540w, https:\/\/www.hyflexpack.com\/wp-content\/uploads\/2025\/04\/Wholesale-Aluminum-Foil-Cold-Seal-Film5-660x660.webp 660w\" sizes=\"(max-width: 750px) 100vw, 750px\" \/><\/figure>\n<\/div>\n<\/div>\n\n\n\n<p><\/p>","protected":false},"excerpt":{"rendered":"<p>Explora\u021bi ambalajele personalizate din folie BOPP cu sigilare la rece pentru ciocolat\u0103 \u0219i produse snack. Acest ambalaj din folie de aluminiu asigur\u0103 siguran\u021ba alimentelor, spore\u0219te atractivitatea la raft \u0219i suport\u0103 imprimarea color. Este rezistent la umiditate \u0219i durabil, potrivit pentru liniile de produc\u021bie automatizate, suport\u0103 personalizarea dimensiunilor \u0219i r\u0103spunde nevoilor produc\u021biei de mas\u0103. Contacta\u021bi-ne ast\u0103zi \u0219i permite\u021bi-ne s\u0103 v\u0103 personaliz\u0103m ambalajul alimentar exclusiv!<\/p>\n<h3>Avantajele furnizorului de ambalaje Bopp Cold Seal Film<\/h3>\n<ul>\n<li>Proiectare personalizat\u0103: Oferim servicii personalizate, inclusiv personalizarea materialelor, dimensiunilor \u0219i modelelor de imprimare pentru a satisface nevoile clien\u021bilor \u0219i sus\u021binem OEM \u0219i ODM.<\/li>\n<li>Produc\u021bie: Adoptarea unor linii de produc\u021bie compozite avansate la nivel interna\u021bional \u0219i a unor sisteme de control automat pentru a asigura procese de produc\u021bie eficiente \u0219i stabile \u0219i livr\u0103ri la timp.<\/li>\n<li>Inspec\u021bia calit\u0103\u021bii: Producerea strict\u0103 \u00een conformitate cu standardele de calitate \u0219i cerin\u021bele de siguran\u021b\u0103 alimentar\u0103 pentru a se asigura c\u0103 produsele \u00eendeplinesc standardele.<\/li>\n<li>Serviciul clien\u021bi: Oferi\u021bi un r\u0103spuns rapid \u0219i un serviciu de asisten\u021b\u0103 pentru clien\u021bi grijuliu 24 de ore pe zi.<\/li>\n<li>E\u0219antioane gratuite: Face\u021bi e\u0219antioane de loturi mici pentru ca clien\u021bii s\u0103 le \u00eencerce \u0219i s\u0103 le evalueze.<\/li>\n<\/ul>\n<p><strong>Ambalaje Huiyang<\/strong> se angajeaz\u0103 s\u0103 furnizeze clien\u021bilor ambalaje de film BOPP cu sigiliu la rece de \u00eenalt\u0103 calitate pentru a ajuta clien\u021bii s\u0103-\u0219i \u00eembun\u0103t\u0103\u021beasc\u0103 imaginea produsului \u0219i s\u0103-\u0219i sporeasc\u0103 competitivitatea pe pia\u021b\u0103.<\/p>","protected":false},"featured_media":6656,"comment_status":"open","ping_status":"closed","template":"","meta":[],"product_brand":[],"product_cat":[86,53],"product_tag":[],"class_list":{"0":"post-6658","1":"product","2":"type-product","3":"status-publish","4":"has-post-thumbnail","6":"product_cat-cold-seal-film","7":"product_cat-packaging-film-supplier","9":"first","10":"instock","11":"shipping-taxable","12":"product-type-simple"},"_links":{"self":[{"href":"https:\/\/www.hyflexpack.com\/ro\/wp-json\/wp\/v2\/product\/6658","targetHints":{"allow":["GET"]}}],"collection":[{"href":"https:\/\/www.hyflexpack.com\/ro\/wp-json\/wp\/v2\/product"}],"about":[{"href":"https:\/\/www.hyflexpack.com\/ro\/wp-json\/wp\/v2\/types\/product"}],"replies":[{"embeddable":true,"href":"https:\/\/www.hyflexpack.com\/ro\/wp-json\/wp\/v2\/comments?post=6658"}],"wp:featuredmedia":[{"embeddable":true,"href":"https:\/\/www.hyflexpack.com\/ro\/wp-json\/wp\/v2\/media\/6656"}],"wp:attachment":[{"href":"https:\/\/www.hyflexpack.com\/ro\/wp-json\/wp\/v2\/media?parent=6658"}],"wp:term":[{"taxonomy":"product_brand","embeddable":true,"href":"https:\/\/www.hyflexpack.com\/ro\/wp-json\/wp\/v2\/product_brand?post=6658"},{"taxonomy":"product_cat","embeddable":true,"href":"https:\/\/www.hyflexpack.com\/ro\/wp-json\/wp\/v2\/product_cat?post=6658"},{"taxonomy":"product_tag","embeddable":true,"href":"https:\/\/www.hyflexpack.com\/ro\/wp-json\/wp\/v2\/product_tag?post=6658"}],"curies":[{"name":"wp","href":"https:\/\/api.w.org\/{rel}","templated":true}]}}