{"id":6565,"date":"2025-04-09T19:11:27","date_gmt":"2025-04-09T19:11:27","guid":{"rendered":"https:\/\/www.hyflexpack.com\/?post_type=product&#038;p=6565"},"modified":"2025-04-09T19:11:30","modified_gmt":"2025-04-09T19:11:30","slug":"custom-halloween-chip-bags","status":"publish","type":"product","link":"https:\/\/www.hyflexpack.com\/ro\/product\/custom-halloween-chip-bags\/","title":{"rendered":"Personalizat Halloween Chip pungi din plastic folie de aluminiu Mini Sachet Bag"},"content":{"rendered":"<div class=\"wp-block-columns is-layout-flex wp-container-core-columns-is-layout-9d6595d7 wp-block-columns-is-layout-flex\">\n<div class=\"wp-block-column is-layout-flow wp-block-column-is-layout-flow\">\n<h2 class=\"wp-block-heading\">Caracteristici ale pungi personalizate de Halloween Chip<\/h2>\n\n\n\n<ul class=\"wp-block-list\">\n<li>Pungile noastre personalizate de Halloween folosesc o structur\u0103 compozit\u0103 multistrat din plastic + folie de aluminiu pentru a oferi propriet\u0103\u021bi excelente de rezisten\u021b\u0103 la umiditate \u0219i oxigen, men\u021bin\u00e2nd gust\u0103rile proaspete \u0219i crocante. 2. Elementele clasice de Halloween, cum ar fi dovlecii, fantomele, liliecii etc. pot fi imprimate, suport\u00e2nd imprimarea color de \u00eenalt\u0103 defini\u021bie, cu efecte vizuale remarcabile. 3. Tehnologia de etan\u0219are termic\u0103 sigileaz\u0103 ferm pentru a preveni scurgerile de aer \u0219i umiditate, asigur\u00e2nd siguran\u021ba transportului. 4. Diferite dimensiuni pot fi personalizate, iar o varietate de op\u021biuni de grosime sus\u021bin designul imprim\u0103rii modelului. 5. Potrivit pentru toate tipurile de chipsuri de cartofi, ambalaje de alimente umflate \u0219i gust\u0103ri cu nuci.<\/li>\n<\/ul>\n<\/div>\n\n\n\n<div class=\"wp-block-column is-layout-flow wp-block-column-is-layout-flow\">\n<figure class=\"wp-block-image size-full\"><img fetchpriority=\"high\" decoding=\"async\" width=\"750\" height=\"750\" src=\"https:\/\/www.hyflexpack.com\/wp-content\/uploads\/2025\/03\/Custom-Halloween-Chip-Bags-1.webp\" alt=\"Pungi personalizate de Halloween Chip\" class=\"wp-image-6538\" srcset=\"https:\/\/www.hyflexpack.com\/wp-content\/uploads\/2025\/03\/Custom-Halloween-Chip-Bags-1.webp 750w, https:\/\/www.hyflexpack.com\/wp-content\/uploads\/2025\/03\/Custom-Halloween-Chip-Bags-1-300x300.webp 300w, https:\/\/www.hyflexpack.com\/wp-content\/uploads\/2025\/03\/Custom-Halloween-Chip-Bags-1-150x150.webp 150w, https:\/\/www.hyflexpack.com\/wp-content\/uploads\/2025\/03\/Custom-Halloween-Chip-Bags-1-12x12.webp 12w, https:\/\/www.hyflexpack.com\/wp-content\/uploads\/2025\/03\/Custom-Halloween-Chip-Bags-1-285x285.webp 285w, https:\/\/www.hyflexpack.com\/wp-content\/uploads\/2025\/03\/Custom-Halloween-Chip-Bags-1-270x270.webp 270w, https:\/\/www.hyflexpack.com\/wp-content\/uploads\/2025\/03\/Custom-Halloween-Chip-Bags-1-540x540.webp 540w, https:\/\/www.hyflexpack.com\/wp-content\/uploads\/2025\/03\/Custom-Halloween-Chip-Bags-1-660x660.webp 660w\" sizes=\"(max-width: 750px) 100vw, 750px\" \/><\/figure>\n<\/div>\n<\/div>","protected":false},"excerpt":{"rendered":"<p>Pungile noastre personalizate pentru jetoane de Halloween sunt ambalaje exclusive pentru s\u0103rb\u0103tori, concepute special pentru Halloween. Acestea sunt realizate dintr-un material compozit plastic + folie de aluminiu, care este at\u00e2t frumos, c\u00e2t \u0219i practic. Ambalajul mini este convenabil pentru distribuirea la petreceri, iar stratul de folie de aluminiu previne \u00een mod eficient umiditatea \u0219i blocheaz\u0103 prospe\u021bimea, men\u021bin\u00e2nd chipsurile crocante. Suport\u0103 imprimarea color a temelor de Halloween (dovleci, fantome etc.) \u0219i poate fi personalizat \u00een ceea ce prive\u0219te dimensiunea \u0219i metodele de \u00eenchidere. Nu numai c\u0103 \u00eendepline\u0219te standardele de siguran\u021b\u0103 alimentar\u0103, dar creeaz\u0103, de asemenea, puncte de marketing de s\u0103rb\u0103tori pentru m\u0103rci. Este o alegere atr\u0103g\u0103toare pentru gust\u0103rile de la petrecerile de Halloween \u0219i suvenirurile de dulciuri! Contacta\u021bi-ne ast\u0103zi pentru o ofert\u0103. Ne angaj\u0103m s\u0103 oferim solu\u021bii unice de ambalare ecologice \u0219i de \u00eenalt\u0103 calitate. Avantajele pungilor personalizate de cipuri de Halloween de \u00eenalt\u0103 calitate \u25cfDesign personalizat: Oferim servicii personalizate pentru pungi de ambalare, inclusiv personalizarea materialului, dimensiunii \u0219i modelului de imprimare pentru a satisface nevoile clien\u021bilor \u0219i sus\u021binem OEM \u0219i ODM. \u25cf Produc\u021bie: Cu echipamente \u0219i tehnologii avansate, putem finaliza produc\u021bia comenzii \u00een mod eficient \u0219i cu o calitate ridicat\u0103 \u0219i putem livra la timp. \u25cf Inspec\u021bia calit\u0103\u021bii: Produc\u021bia se realizeaz\u0103 \u00een strict\u0103 conformitate cu standardele de calitate \u0219i cerin\u021bele de siguran\u021b\u0103 alimentar\u0103 pentru a ne asigura c\u0103 produsele \u00eendeplinesc standardele. \u25cf Servicii pentru clien\u021bi: Oferi\u021bi un r\u0103spuns rapid \u0219i un suport atent pentru serviciul clien\u021bi 24 de ore pe zi. \u25cf E\u0219antion gratuit: Furniza\u021bi servicii gratuite de e\u0219antionare pentru a evalua produsul. Huiyang Packaging se angajeaz\u0103 s\u0103 furnizeze clien\u021bilor pungi personalizate Halloween Chip de \u00eenalt\u0103 calitate pentru a ajuta clien\u021bii s\u0103-\u0219i \u00eembun\u0103t\u0103\u021beasc\u0103 imaginea produsului \u0219i s\u0103-\u0219i sporeasc\u0103 competitivitatea pe pia\u021b\u0103.<\/p>","protected":false},"featured_media":6538,"comment_status":"open","ping_status":"closed","template":"","meta":[],"product_brand":[],"product_cat":[57],"product_tag":[],"class_list":{"0":"post-6565","1":"product","2":"type-product","3":"status-publish","4":"has-post-thumbnail","6":"product_cat-snack-packaging-bags-wholesale","8":"first","9":"instock","10":"shipping-taxable","11":"product-type-simple"},"_links":{"self":[{"href":"https:\/\/www.hyflexpack.com\/ro\/wp-json\/wp\/v2\/product\/6565","targetHints":{"allow":["GET"]}}],"collection":[{"href":"https:\/\/www.hyflexpack.com\/ro\/wp-json\/wp\/v2\/product"}],"about":[{"href":"https:\/\/www.hyflexpack.com\/ro\/wp-json\/wp\/v2\/types\/product"}],"replies":[{"embeddable":true,"href":"https:\/\/www.hyflexpack.com\/ro\/wp-json\/wp\/v2\/comments?post=6565"}],"wp:featuredmedia":[{"embeddable":true,"href":"https:\/\/www.hyflexpack.com\/ro\/wp-json\/wp\/v2\/media\/6538"}],"wp:attachment":[{"href":"https:\/\/www.hyflexpack.com\/ro\/wp-json\/wp\/v2\/media?parent=6565"}],"wp:term":[{"taxonomy":"product_brand","embeddable":true,"href":"https:\/\/www.hyflexpack.com\/ro\/wp-json\/wp\/v2\/product_brand?post=6565"},{"taxonomy":"product_cat","embeddable":true,"href":"https:\/\/www.hyflexpack.com\/ro\/wp-json\/wp\/v2\/product_cat?post=6565"},{"taxonomy":"product_tag","embeddable":true,"href":"https:\/\/www.hyflexpack.com\/ro\/wp-json\/wp\/v2\/product_tag?post=6565"}],"curies":[{"name":"wp","href":"https:\/\/api.w.org\/{rel}","templated":true}]}}