{"id":6524,"date":"2025-04-10T18:49:33","date_gmt":"2025-04-10T18:49:33","guid":{"rendered":"https:\/\/www.hyflexpack.com\/?post_type=product&#038;p=6524"},"modified":"2025-04-10T18:49:57","modified_gmt":"2025-04-10T18:49:57","slug":"oem-heat-pvc-shrink-film-supplier","status":"publish","type":"product","link":"https:\/\/www.hyflexpack.com\/ro\/product\/oem-heat-pvc-shrink-film-supplier\/","title":{"rendered":"OEM c\u0103ldur\u0103 PVC Shrink Film imprimat cu performan\u021be excelente populare"},"content":{"rendered":"<div class=\"wp-block-columns is-layout-flex wp-container-core-columns-is-layout-9d6595d7 wp-block-columns-is-layout-flex\">\n<div class=\"wp-block-column is-layout-flow wp-block-column-is-layout-flow\">\n<h2 class=\"wp-block-heading\">Caracteristici ale OEM Heat PVC Shrink Film<\/h2>\n\n\n\n<ul class=\"wp-block-list\">\n<li>Despre produsele noastre OEM Heat PVC Shrink Film sunt realizate din material PVC, care are o bun\u0103 tenacitate \u0219i performan\u021b\u0103 de contrac\u021bie termic\u0103. Atunci c\u00e2nd este expus la c\u0103ldur\u0103, se contract\u0103 rapid \u0219i se potrive\u0219te bine produsului, oferind o protec\u021bie solid\u0103 pentru produs.<\/li>\n\n\n\n<li>Personalizare excelent\u0103: Sprijini\u021bi personalizarea OEM, se poate efectua imprimarea de \u00eenalt\u0103 calitate, fie c\u0103 este vorba de modele rafinate, logo-uri complexe sau informa\u021bii text detaliate, acestea pot fi prezentate cu exactitate pentru a satisface nevoile diverse de personalizare ale diferi\u021bilor clien\u021bi \u0219i pentru a ajuta la formarea imaginii de brand.<\/li>\n\n\n\n<li>Considera\u021bii privind mediul: Furnizarea de op\u021biuni ecologice, asigur\u00e2nd \u00een acela\u0219i timp performan\u021ba produsului, minimizarea impactului asupra mediului, respectarea conceptelor actuale de protec\u021bie a mediului \u0219i a cerin\u021belor aferente \u0219i contribu\u021bia la dezvoltarea durabil\u0103.<\/li>\n<\/ul>\n<\/div>\n\n\n\n<div class=\"wp-block-column is-layout-flow wp-block-column-is-layout-flow\">\n<figure class=\"wp-block-image size-full\"><img fetchpriority=\"high\" decoding=\"async\" width=\"750\" height=\"750\" src=\"https:\/\/www.hyflexpack.com\/wp-content\/uploads\/2025\/03\/OEM-Heat-PVC-Shrink-Film-1.webp\" alt=\"OEM c\u0103ldur\u0103 PVC Shrink Film\" class=\"wp-image-6515\" srcset=\"https:\/\/www.hyflexpack.com\/wp-content\/uploads\/2025\/03\/OEM-Heat-PVC-Shrink-Film-1.webp 750w, https:\/\/www.hyflexpack.com\/wp-content\/uploads\/2025\/03\/OEM-Heat-PVC-Shrink-Film-1-300x300.webp 300w, https:\/\/www.hyflexpack.com\/wp-content\/uploads\/2025\/03\/OEM-Heat-PVC-Shrink-Film-1-150x150.webp 150w, https:\/\/www.hyflexpack.com\/wp-content\/uploads\/2025\/03\/OEM-Heat-PVC-Shrink-Film-1-12x12.webp 12w, https:\/\/www.hyflexpack.com\/wp-content\/uploads\/2025\/03\/OEM-Heat-PVC-Shrink-Film-1-285x285.webp 285w, https:\/\/www.hyflexpack.com\/wp-content\/uploads\/2025\/03\/OEM-Heat-PVC-Shrink-Film-1-270x270.webp 270w, https:\/\/www.hyflexpack.com\/wp-content\/uploads\/2025\/03\/OEM-Heat-PVC-Shrink-Film-1-540x540.webp 540w, https:\/\/www.hyflexpack.com\/wp-content\/uploads\/2025\/03\/OEM-Heat-PVC-Shrink-Film-1-660x660.webp 660w\" sizes=\"(max-width: 750px) 100vw, 750px\" \/><\/figure>\n<\/div>\n<\/div>\n\n\n\n<p><\/p>","protected":false},"excerpt":{"rendered":"<p>Filmul nostru OEM Heat PVC Shrink este fabricat din PVC de \u00eenalt\u0103 calitate, cu o bun\u0103 flexibilitate \u0219i stabilitate. Are o gam\u0103 larg\u0103 de aplica\u021bii \u0219i poate fi utilizat pentru ambalare \u00eentr-o varietate de industrii, cum ar fi alimente, necesit\u0103\u021bi zilnice \u0219i produse electronice. Are o eficien\u021b\u0103 ridicat\u0103 de imprimare \u0219i poate prezenta cu acurate\u021be modele complexe \u0219i text clar pentru a satisface diverse nevoi de personalizare. Are performan\u021be excelente de protec\u021bie, \u00eenvele\u0219te bine produsul, previne eficient praful, umiditatea \u0219i zg\u00e2rieturile pentru a asigura integritatea produsului. \u00cen acela\u0219i timp, ofer\u0103 op\u021biuni ecologice, care nu numai c\u0103 \u00eendeplinesc func\u021biile de ambalare, dar iau \u00een considerare \u0219i cerin\u021bele de mediu, oferind solu\u021bii durabile \u0219i de \u00eenalt\u0103 calitate pentru ambalarea produselor dumneavoastr\u0103. Contacta\u021bi-ne ast\u0103zi \u0219i l\u0103sa\u021bi-ne s\u0103 v\u0103 personaliz\u0103m ambalajul alimentar exclusiv! \u25cf Proiectare personalizat\u0103: Oferim servicii personalizate, inclusiv personalizarea materialelor, dimensiunilor \u0219i modelelor de imprimare pentru a satisface nevoile clien\u021bilor, \u0219i sus\u021binem OEM \u0219i ODM. \u25cf Produc\u021bie: Adopt\u0103m linii de produc\u021bie compozite avansate la nivel interna\u021bional \u0219i sisteme de control automat pentru a asigura procese de produc\u021bie eficiente \u0219i stabile \u0219i livrarea la timp. \u25cf Inspec\u021bia calit\u0103\u021bii: Producerea strict\u0103 \u00een conformitate cu standardele de calitate \u0219i cerin\u021bele de siguran\u021b\u0103 alimentar\u0103 pentru a se asigura c\u0103 produsele \u00eendeplinesc standardele. \u25cf Servicii pentru clien\u021bi: Oferi\u021bi un r\u0103spuns rapid \u0219i un serviciu de asisten\u021b\u0103 pentru clien\u021bi grijuliu 24 de ore pe zi. \u25cf E\u0219antioane gratuite: Face\u021bi e\u0219antioane de loturi mici pentru ca clien\u021bii s\u0103 \u00eencerce \u0219i s\u0103 evalueze Huiyang Packaging se angajeaz\u0103 s\u0103 ofere clien\u021bilor o calitate superioar\u0103 OEM Heat PVC Shrink Film pentru a ajuta clien\u021bii s\u0103-\u0219i \u00eembun\u0103t\u0103\u021beasc\u0103 imaginea produsului \u0219i s\u0103-\u0219i sporeasc\u0103 competitivitatea pe pia\u021b\u0103.<\/p>","protected":false},"featured_media":6515,"comment_status":"open","ping_status":"closed","template":"","meta":[],"product_brand":[],"product_cat":[84,53],"product_tag":[],"class_list":{"0":"post-6524","1":"product","2":"type-product","3":"status-publish","4":"has-post-thumbnail","6":"product_cat-shrink-sleeve-film","7":"product_cat-packaging-film-supplier","9":"first","10":"instock","11":"shipping-taxable","12":"product-type-simple"},"_links":{"self":[{"href":"https:\/\/www.hyflexpack.com\/ro\/wp-json\/wp\/v2\/product\/6524","targetHints":{"allow":["GET"]}}],"collection":[{"href":"https:\/\/www.hyflexpack.com\/ro\/wp-json\/wp\/v2\/product"}],"about":[{"href":"https:\/\/www.hyflexpack.com\/ro\/wp-json\/wp\/v2\/types\/product"}],"replies":[{"embeddable":true,"href":"https:\/\/www.hyflexpack.com\/ro\/wp-json\/wp\/v2\/comments?post=6524"}],"wp:featuredmedia":[{"embeddable":true,"href":"https:\/\/www.hyflexpack.com\/ro\/wp-json\/wp\/v2\/media\/6515"}],"wp:attachment":[{"href":"https:\/\/www.hyflexpack.com\/ro\/wp-json\/wp\/v2\/media?parent=6524"}],"wp:term":[{"taxonomy":"product_brand","embeddable":true,"href":"https:\/\/www.hyflexpack.com\/ro\/wp-json\/wp\/v2\/product_brand?post=6524"},{"taxonomy":"product_cat","embeddable":true,"href":"https:\/\/www.hyflexpack.com\/ro\/wp-json\/wp\/v2\/product_cat?post=6524"},{"taxonomy":"product_tag","embeddable":true,"href":"https:\/\/www.hyflexpack.com\/ro\/wp-json\/wp\/v2\/product_tag?post=6524"}],"curies":[{"name":"wp","href":"https:\/\/api.w.org\/{rel}","templated":true}]}}