{"id":6423,"date":"2025-03-14T10:09:17","date_gmt":"2025-03-14T10:09:17","guid":{"rendered":"https:\/\/www.hyflexpack.com\/?post_type=product&#038;p=6423"},"modified":"2025-03-14T10:09:19","modified_gmt":"2025-03-14T10:09:19","slug":"custom-coffee-bean-bags-wholesale","status":"publish","type":"product","link":"https:\/\/www.hyflexpack.com\/ro\/product\/custom-coffee-bean-bags-wholesale\/","title":{"rendered":"Pungi personalizate de cafea cu ridicata Kraft Paper Bag Plastic Stand Up cu supap\u0103"},"content":{"rendered":"<div class=\"wp-block-columns is-layout-flex wp-container-core-columns-is-layout-9d6595d7 wp-block-columns-is-layout-flex\">\n<div class=\"wp-block-column is-layout-flow wp-block-column-is-layout-flow\">\n<h2 class=\"wp-block-heading\">Caracteristici ale sacilor de boabe de cafea personalizate cu valv\u0103<\/h2>\n\n\n\n<ul class=\"wp-block-list\">\n<li>Materiale ecologice: Sacul nostru personalizat de cafea cu valv\u0103 este fabricat din polietilen\u0103 de \u00eenalt\u0103 densitate (HDPE) de calitate alimentar\u0103 sau folie de aluminiu \u0219i h\u00e2rtie kraft pentru a asigura etan\u0219eitatea \u0219i durabilitatea sacului. <\/li>\n\n\n\n<li>Punga este echipat\u0103 cu o supap\u0103 de aer pentru a facilita controlul presiunii aerului \u00een timpul prepar\u0103rii \u0219i pentru a asigura aroma \u0219i solubilitatea boabelor de cafea. <\/li>\n\n\n\n<li>Sigiliu cu fermoar: Sigiliul cu fermoar \u00eencorporat este convenabil pentru deschiderea sigiliului de mai multe ori pentru a men\u021bine cafeaua uscat\u0103 \u0219i sigur\u0103. <\/li>\n\n\n\n<li>Oferi\u021bi o varietate de modele de pungi: Personaliza\u021bi tipul de pung\u0103 \u00een func\u021bie de pozi\u021bionarea pe pia\u021b\u0103.<\/li>\n<\/ul>\n<\/div>\n\n\n\n<div class=\"wp-block-column is-layout-flow wp-block-column-is-layout-flow\">\n<figure class=\"wp-block-image size-full\"><img fetchpriority=\"high\" decoding=\"async\" width=\"750\" height=\"750\" src=\"https:\/\/www.hyflexpack.com\/wp-content\/uploads\/2025\/03\/3424.jpg\" alt=\"Cafea personalizat\u0103 Bean Bag cu valv\u0103\" class=\"wp-image-6403\" srcset=\"https:\/\/www.hyflexpack.com\/wp-content\/uploads\/2025\/03\/3424.jpg 750w, https:\/\/www.hyflexpack.com\/wp-content\/uploads\/2025\/03\/3424-300x300.jpg 300w, https:\/\/www.hyflexpack.com\/wp-content\/uploads\/2025\/03\/3424-150x150.jpg 150w, https:\/\/www.hyflexpack.com\/wp-content\/uploads\/2025\/03\/3424-12x12.jpg 12w, https:\/\/www.hyflexpack.com\/wp-content\/uploads\/2025\/03\/3424-285x285.jpg 285w, https:\/\/www.hyflexpack.com\/wp-content\/uploads\/2025\/03\/3424-270x270.jpg 270w, https:\/\/www.hyflexpack.com\/wp-content\/uploads\/2025\/03\/3424-540x540.jpg 540w, https:\/\/www.hyflexpack.com\/wp-content\/uploads\/2025\/03\/3424-660x660.jpg 660w\" sizes=\"(max-width: 750px) 100vw, 750px\" \/><\/figure>\n<\/div>\n<\/div>\n\n\n\n<p><\/p>","protected":false},"excerpt":{"rendered":"<p>Afla\u021bi despre punga noastr\u0103 personalizat\u0103 pentru boabe de cafea cu supap\u0103. Fabricat din plastic, h\u00e2rtie kraft \u0219i folie de aluminiu, acesta ofer\u0103 propriet\u0103\u021bi bune de barier\u0103 pentru pung\u0103. Designul fundului plat are stabilitate \u0219i rezisten\u021b\u0103 excelente, potrivite pentru o varietate de produse, inclusiv cafea. Suprafa\u021ba este tratat\u0103 cu plastic compozit, care este rezistent la umiditate, rezistent la abraziune \u0219i durabil. Acest ambalaj poate fi adaptat pentru a satisface nevoile specifice ale companiei pentru brand, func\u021bie sau aspect. Contacta\u021bi-ne ast\u0103zi pentru o ofert\u0103. Ne angaj\u0103m s\u0103 oferim solu\u021bii unice de ambalare ecologice \u0219i de \u00eenalt\u0103 calitate.<\/p>\n<h2>Avantajele comer\u021bului cu ridicata personalizat de pungi de boabe de cafea<\/h2>\n<ul>\n<li>Proiectare personalizat\u0103: Oferim servicii personalizate pentru pungi de ambalare, inclusiv personalizarea materialelor, dimensiunilor \u0219i modelelor de imprimare pentru a satisface nevoile clien\u021bilor \u0219i sus\u021binem OEM \u0219i ODM.<\/li>\n<li>Produc\u021bie: Cu echipamente \u0219i tehnologii avansate, putem finaliza produc\u021bia comenzii \u00een mod eficient \u0219i cu o calitate ridicat\u0103 \u0219i putem livra la timp. \u25cf Inspec\u021bia calit\u0103\u021bii: Produc\u021bia este realizat\u0103 \u00een strict\u0103 conformitate cu standardele de calitate \u0219i cerin\u021bele de siguran\u021b\u0103 alimentar\u0103 pentru a ne asigura c\u0103 produsele \u00eendeplinesc standardele.<\/li>\n<li>Serviciul clien\u021bi: Oferi\u021bi un r\u0103spuns rapid \u0219i un serviciu de asisten\u021b\u0103 pentru clien\u021bi grijuliu 24 de ore pe zi.<\/li>\n<li>E\u0219antion gratuit: Oferi\u021bi un serviciu de e\u0219antion gratuit pentru a evalua produsul.<\/li>\n<\/ul>\n<p>Huiyang Packaging se angajeaz\u0103 s\u0103 furnizeze clien\u021bilor pungi de cafea personalizate de \u00eenalt\u0103 calitate cu supape, ajut\u00e2ndu-i pe clien\u021bi s\u0103-\u0219i \u00eembun\u0103t\u0103\u021beasc\u0103 imaginea produsului \u0219i s\u0103-\u0219i sporeasc\u0103 competitivitatea pe pia\u021b\u0103.<\/p>","protected":false},"featured_media":6403,"comment_status":"open","ping_status":"closed","template":"","meta":[],"product_brand":[],"product_cat":[55],"product_tag":[83],"class_list":{"0":"post-6423","1":"product","2":"type-product","3":"status-publish","4":"has-post-thumbnail","6":"product_cat-custom-coffee-packaging","7":"product_tag-coffee-bags-with-valve-wholesale","9":"first","10":"instock","11":"shipping-taxable","12":"product-type-simple"},"_links":{"self":[{"href":"https:\/\/www.hyflexpack.com\/ro\/wp-json\/wp\/v2\/product\/6423","targetHints":{"allow":["GET"]}}],"collection":[{"href":"https:\/\/www.hyflexpack.com\/ro\/wp-json\/wp\/v2\/product"}],"about":[{"href":"https:\/\/www.hyflexpack.com\/ro\/wp-json\/wp\/v2\/types\/product"}],"replies":[{"embeddable":true,"href":"https:\/\/www.hyflexpack.com\/ro\/wp-json\/wp\/v2\/comments?post=6423"}],"wp:featuredmedia":[{"embeddable":true,"href":"https:\/\/www.hyflexpack.com\/ro\/wp-json\/wp\/v2\/media\/6403"}],"wp:attachment":[{"href":"https:\/\/www.hyflexpack.com\/ro\/wp-json\/wp\/v2\/media?parent=6423"}],"wp:term":[{"taxonomy":"product_brand","embeddable":true,"href":"https:\/\/www.hyflexpack.com\/ro\/wp-json\/wp\/v2\/product_brand?post=6423"},{"taxonomy":"product_cat","embeddable":true,"href":"https:\/\/www.hyflexpack.com\/ro\/wp-json\/wp\/v2\/product_cat?post=6423"},{"taxonomy":"product_tag","embeddable":true,"href":"https:\/\/www.hyflexpack.com\/ro\/wp-json\/wp\/v2\/product_tag?post=6423"}],"curies":[{"name":"wp","href":"https:\/\/api.w.org\/{rel}","templated":true}]}}