{"id":6363,"date":"2025-03-01T06:30:35","date_gmt":"2025-03-01T06:30:35","guid":{"rendered":"https:\/\/www.hyflexpack.com\/?post_type=product&#038;p=6363"},"modified":"2025-10-23T08:17:19","modified_gmt":"2025-10-23T08:17:19","slug":"custom-heat-seal-bags","status":"publish","type":"product","link":"https:\/\/www.hyflexpack.com\/ro\/product\/custom-heat-seal-bags\/","title":{"rendered":"Personalizat c\u0103ldur\u0103 sigiliu pungi, cookie-uri de ciocolat\u0103 de ambalare Side Gusset Pouch furnizor"},"content":{"rendered":"<div class=\"wp-block-columns is-layout-flex wp-container-core-columns-is-layout-9d6595d7 wp-block-columns-is-layout-flex\">\n<div class=\"wp-block-column is-layout-flow wp-block-column-is-layout-flow\">\n<h3 class=\"wp-block-heading\">Features of Custom Heat Seal Bags<\/h3>\n\n\n\n<ul class=\"wp-block-list\">\n<li><strong>Side Gusset Design<\/strong>: Side gusset design is one of the characteristics that distinguish custom heat seal bags, which provides extra space, and the bags can hold more products, unlike traditional bags, the side pocket design can simply increase the storage capacity, enhance the stability and appearance of the packaging.<\/li>\n\n\n\n<li><strong>Handle Design<\/strong>: The custom chocolate cookies packaging bag comes with a practical handle, satisfying the demands of contemporary life and being convenient to carry and use on the move.<\/li>\n\n\n\n<li><strong>Heat Sealing Function<\/strong>: It has an open mouth, which can be easily utilized using the heat sealing machine for self-sealing by customers. Customers can self-seal the bags when needed to retain the freshness and safety of food, especially in the case of bulk packaging or frequent opening.<\/li>\n\n\n\n<li><strong>High-Quality Heat Seal Material<\/strong>: The heat seal bags are made of high-quality composite materials, and the heat sealing process provides the bags with tight sealing, tear, and abrasion resistance to ensure the safety of chocolate cookies and other foods during storage and transportation.<\/li>\n\n\n\n<li><strong>Environmental Protection and Sustainability<\/strong>: We only use recyclable materials that meet environmental standards, and we consistently design green packaging solutions to reduce the use of plastics and support brands in their green transformation, in line with international environmental standards.<\/li>\n\n\n\n<li><strong>Variety of Sizes and Flexibility<\/strong>: As a chocolate cookies packaging supplier, we provide our customers with bags of different sizes and capacities, according to varied packaging needs.<\/li>\n<\/ul>\n<\/div>\n\n\n\n<div class=\"wp-block-column is-layout-flow wp-block-column-is-layout-flow\">\n<figure class=\"wp-block-image size-full\"><img fetchpriority=\"high\" decoding=\"async\" width=\"750\" height=\"750\" src=\"https:\/\/www.hyflexpack.com\/wp-content\/uploads\/2025\/03\/Custom-Chocolate-Cookies-Bag-2.webp\" alt=\"Custom-Chocolate-Cookies-Bag-2\" class=\"wp-image-6375\" srcset=\"https:\/\/www.hyflexpack.com\/wp-content\/uploads\/2025\/03\/Custom-Chocolate-Cookies-Bag-2.webp 750w, https:\/\/www.hyflexpack.com\/wp-content\/uploads\/2025\/03\/Custom-Chocolate-Cookies-Bag-2-300x300.webp 300w, https:\/\/www.hyflexpack.com\/wp-content\/uploads\/2025\/03\/Custom-Chocolate-Cookies-Bag-2-150x150.webp 150w, https:\/\/www.hyflexpack.com\/wp-content\/uploads\/2025\/03\/Custom-Chocolate-Cookies-Bag-2-12x12.webp 12w, https:\/\/www.hyflexpack.com\/wp-content\/uploads\/2025\/03\/Custom-Chocolate-Cookies-Bag-2-285x285.webp 285w, https:\/\/www.hyflexpack.com\/wp-content\/uploads\/2025\/03\/Custom-Chocolate-Cookies-Bag-2-270x270.webp 270w, https:\/\/www.hyflexpack.com\/wp-content\/uploads\/2025\/03\/Custom-Chocolate-Cookies-Bag-2-540x540.webp 540w, https:\/\/www.hyflexpack.com\/wp-content\/uploads\/2025\/03\/Custom-Chocolate-Cookies-Bag-2-660x660.webp 660w\" sizes=\"(max-width: 750px) 100vw, 750px\" \/><\/figure>\n<\/div>\n<\/div>\n\n\n\n<p><\/p>","protected":false},"excerpt":{"rendered":"<p>Huiyang Packaging offers custom chocolate chip cookie packaging bags that are side pocket design with carry handle &amp; heat seal self-seal function. Eco-friendly material to enhance brand image. Contact us today for free samples of custom heat seal bags!<\/p>\n<h3>Specification of Heat Seal Bags<\/h3>\n<p>Material: PLA, BOPP PE, PP, EVOH, etc<br \/>Dimensiune: Personalizate disponibile<br \/>Type: Side Gusset Pouch\uff0c Back Seal Bag with Carry Handle<br \/>Culoare: Personalizat<br \/>Custom Order: <a href=\"https:\/\/www.hyflexpack.com\/ro\/ambalaje-flexibile-personalizate\/\"><strong>Accept OEM &amp; ODM<\/strong><\/a><br \/>Manipularea suprafe\u021belor: Imprimare prin gravur\u0103<br \/>Certificare: Certificat ISO, BRC, FDA<br \/>Mostr\u0103 gratuit\u0103: Suport<br \/>MOQ: 10000psc<\/p>","protected":false},"featured_media":6374,"comment_status":"open","ping_status":"closed","template":"","meta":[],"product_brand":[],"product_cat":[57],"product_tag":[],"class_list":{"0":"post-6363","1":"product","2":"type-product","3":"status-publish","4":"has-post-thumbnail","6":"product_cat-snack-packaging-bags-wholesale","8":"first","9":"instock","10":"shipping-taxable","11":"product-type-simple"},"_links":{"self":[{"href":"https:\/\/www.hyflexpack.com\/ro\/wp-json\/wp\/v2\/product\/6363","targetHints":{"allow":["GET"]}}],"collection":[{"href":"https:\/\/www.hyflexpack.com\/ro\/wp-json\/wp\/v2\/product"}],"about":[{"href":"https:\/\/www.hyflexpack.com\/ro\/wp-json\/wp\/v2\/types\/product"}],"replies":[{"embeddable":true,"href":"https:\/\/www.hyflexpack.com\/ro\/wp-json\/wp\/v2\/comments?post=6363"}],"wp:featuredmedia":[{"embeddable":true,"href":"https:\/\/www.hyflexpack.com\/ro\/wp-json\/wp\/v2\/media\/6374"}],"wp:attachment":[{"href":"https:\/\/www.hyflexpack.com\/ro\/wp-json\/wp\/v2\/media?parent=6363"}],"wp:term":[{"taxonomy":"product_brand","embeddable":true,"href":"https:\/\/www.hyflexpack.com\/ro\/wp-json\/wp\/v2\/product_brand?post=6363"},{"taxonomy":"product_cat","embeddable":true,"href":"https:\/\/www.hyflexpack.com\/ro\/wp-json\/wp\/v2\/product_cat?post=6363"},{"taxonomy":"product_tag","embeddable":true,"href":"https:\/\/www.hyflexpack.com\/ro\/wp-json\/wp\/v2\/product_tag?post=6363"}],"curies":[{"name":"wp","href":"https:\/\/api.w.org\/{rel}","templated":true}]}}