{"id":6360,"date":"2025-09-09T09:13:17","date_gmt":"2025-09-09T09:13:17","guid":{"rendered":"https:\/\/www.hyflexpack.com\/?post_type=product&#038;p=6360"},"modified":"2026-01-03T09:53:51","modified_gmt":"2026-01-03T09:53:51","slug":"custom-mexican-chip-bags-supplier","status":"publish","type":"product","link":"https:\/\/www.hyflexpack.com\/ro\/product\/custom-mexican-chip-bags-supplier\/","title":{"rendered":"Custom Mexico Potato Chip Bags, Laminated Stand Up Pouch With Zipper"},"content":{"rendered":"<div class=\"wp-block-columns is-layout-flex wp-container-core-columns-is-layout-9d6595d7 wp-block-columns-is-layout-flex\">\n<div class=\"wp-block-column is-layout-flow wp-block-column-is-layout-flow\">\n<h2 class=\"wp-block-heading\">Custom Mexican Chip Bags Features:<\/h2>\n\n\n\n<ul class=\"wp-block-list\">\n<li><strong>Prietenos cu mediul<\/strong>: employs biodegradable or recyclable material, conveying a sense of environmental protection, and it meets international environmental protection standards.<\/li>\n\n\n\n<li><strong>Food-Grade High-Barrier Materials:<\/strong> Made from composite materials of PET, PE, and Aluminum foil, they provide moisture-proof water resistance, oxidation resistance and are anti-static etc. IT KEEP THE CHAPTER OF THE POTATO CHIPS, SNACKS SEPARATE FROM THE REST OF THE BAG!<\/li>\n\n\n\n<li><strong>Zipper Seal Design<\/strong>: With a zipper seal design, the bag can be opened and closed many times, keeping it dry while keeping air and pests out, can also be reused.Zipper is a conveninet way.<\/li>\n\n\n\n<li><strong>Various Bag Styles<\/strong>: Customisable bag styles according to market positioning needs: stand-up pouches, flat bottom bags or unique pouch shape, which meet all your snack packaging requirements.<\/li>\n\n\n\n<li><strong>Custom Printing Services:<\/strong> A variety of mediums are available to enable high quality printing and promote product branding for Mexican chip bags to be custom; This high quality will keep your product on top and keep bottom line sales up!<\/li>\n\n\n\n<li><strong>Wholesale Zipper Bag Supply<\/strong>: Factory-direct wholesale stand-up bags with zippers support bulk purchasing and OEM\/ODM customization to reduce costs.<\/li>\n\n\n\n<li><strong>Suitable for International Markets<\/strong>: Durable bag construction meets export standards, ideal for cross-border shipping and global distribution.<\/li>\n\n\n\n<li><strong>Sustainable &amp; Cost-Effective:<\/strong> Provides eco-friendly, economical one-stop packaging solutions balancing sustainability and commercial profitability.<\/li>\n<\/ul>\n<\/div>\n\n\n\n<div class=\"wp-block-column is-layout-flow wp-block-column-is-layout-flow\">\n<figure class=\"wp-block-image size-full\"><img fetchpriority=\"high\" decoding=\"async\" width=\"750\" height=\"750\" src=\"https:\/\/www.hyflexpack.com\/wp-content\/uploads\/2025\/09\/Custom-Mexican-Chip-Bags-Supplier-2.jpg\" alt=\"Custom Mexican Chip Bags Supplier (2)\" class=\"wp-image-7674\" srcset=\"https:\/\/www.hyflexpack.com\/wp-content\/uploads\/2025\/09\/Custom-Mexican-Chip-Bags-Supplier-2.jpg 750w, https:\/\/www.hyflexpack.com\/wp-content\/uploads\/2025\/09\/Custom-Mexican-Chip-Bags-Supplier-2-300x300.jpg 300w, https:\/\/www.hyflexpack.com\/wp-content\/uploads\/2025\/09\/Custom-Mexican-Chip-Bags-Supplier-2-150x150.jpg 150w, https:\/\/www.hyflexpack.com\/wp-content\/uploads\/2025\/09\/Custom-Mexican-Chip-Bags-Supplier-2-12x12.jpg 12w, https:\/\/www.hyflexpack.com\/wp-content\/uploads\/2025\/09\/Custom-Mexican-Chip-Bags-Supplier-2-285x285.jpg 285w, https:\/\/www.hyflexpack.com\/wp-content\/uploads\/2025\/09\/Custom-Mexican-Chip-Bags-Supplier-2-270x270.jpg 270w, https:\/\/www.hyflexpack.com\/wp-content\/uploads\/2025\/09\/Custom-Mexican-Chip-Bags-Supplier-2-540x540.jpg 540w, https:\/\/www.hyflexpack.com\/wp-content\/uploads\/2025\/09\/Custom-Mexican-Chip-Bags-Supplier-2-660x660.jpg 660w\" sizes=\"(max-width: 750px) 100vw, 750px\" \/><\/figure>\n<\/div>\n<\/div>\n\n\n\n<p><\/p>","protected":false},"excerpt":{"rendered":"<p>Custom Mexican chip bags made from eco-friendly, food-grade composite films. High-barrier, moisture-proof, and anti-oxidation design keeps food fresh. Widened bottom ensures stability and capacity. One-stop sustainable, high-quality packaging solutions.<\/p>\n<h3>Advantages of Mexican Chip Bags Supplier<\/h3>\n<ul>\n<li><strong>Proiectare personalizat\u0103<\/strong>: Oferi\u021bi solu\u021bii personalizate de proiectare, sprijini\u021bi OEM \/ ODM, personalizate cu diferite specifica\u021bii, dimensiuni, modele de imprimare etc.<\/li>\n<li><strong>Asigurarea calit\u0103\u021bii<\/strong>: Controla\u021bi procesul de produc\u021bie \u0219i dispune\u021bi de materiale de \u00eenalt\u0103 calitate \u0219i echipamente avansate pentru a asigura calitatea produselor.<\/li>\n<li><strong>Livrare la timp<\/strong>: Optimizarea procesului de produc\u021bie \u0219i \u00eembun\u0103t\u0103\u021birea eficien\u021bei produc\u021biei pentru a asigura livrarea la timp \u0219i pentru a satisface nevoile urgente ale clien\u021bilor.<\/li>\n<li><strong>Asisten\u021b\u0103 tehnic\u0103 profesional\u0103<\/strong>: Echipa tehnic\u0103 cu experien\u021b\u0103 ofer\u0103 asisten\u021b\u0103 tehnic\u0103 profesional\u0103 \u0219i servicii de consultan\u021b\u0103 post-v\u00e2nzare 24 de ore din 24.<\/li>\n<li><strong>Mostr\u0103 gratuit\u0103<\/strong>: Oferi\u021bi servicii gratuite de e\u0219antionare pentru a evalua produsele.<\/li>\n<\/ul>\n<p>Huiyang Packaging is committed to providing customers with high-quality and custom dried fruit packaging to help customers improve their product image and enhance market competitiveness. \u00a0<\/p>","protected":false},"featured_media":6325,"comment_status":"open","ping_status":"closed","template":"","meta":[],"product_brand":[],"product_cat":[57,96,51],"product_tag":[116,124],"class_list":{"0":"post-6360","1":"product","2":"type-product","3":"status-publish","4":"has-post-thumbnail","6":"product_cat-snack-packaging-bags-wholesale","7":"product_cat-chocolate-packaging-bags","8":"product_cat-custom-food-packaging-bags","9":"product_tag-stand-up-pouch-manufacturer","10":"product_tag-zipper-pouch-manufacturer","12":"first","13":"instock","14":"shipping-taxable","15":"product-type-simple"},"_links":{"self":[{"href":"https:\/\/www.hyflexpack.com\/ro\/wp-json\/wp\/v2\/product\/6360","targetHints":{"allow":["GET"]}}],"collection":[{"href":"https:\/\/www.hyflexpack.com\/ro\/wp-json\/wp\/v2\/product"}],"about":[{"href":"https:\/\/www.hyflexpack.com\/ro\/wp-json\/wp\/v2\/types\/product"}],"replies":[{"embeddable":true,"href":"https:\/\/www.hyflexpack.com\/ro\/wp-json\/wp\/v2\/comments?post=6360"}],"wp:featuredmedia":[{"embeddable":true,"href":"https:\/\/www.hyflexpack.com\/ro\/wp-json\/wp\/v2\/media\/6325"}],"wp:attachment":[{"href":"https:\/\/www.hyflexpack.com\/ro\/wp-json\/wp\/v2\/media?parent=6360"}],"wp:term":[{"taxonomy":"product_brand","embeddable":true,"href":"https:\/\/www.hyflexpack.com\/ro\/wp-json\/wp\/v2\/product_brand?post=6360"},{"taxonomy":"product_cat","embeddable":true,"href":"https:\/\/www.hyflexpack.com\/ro\/wp-json\/wp\/v2\/product_cat?post=6360"},{"taxonomy":"product_tag","embeddable":true,"href":"https:\/\/www.hyflexpack.com\/ro\/wp-json\/wp\/v2\/product_tag?post=6360"}],"curies":[{"name":"wp","href":"https:\/\/api.w.org\/{rel}","templated":true}]}}